{"id":1259340,"date":"2026-04-20T10:10:55","date_gmt":"2026-04-20T07:10:55","guid":{"rendered":"https:\/\/www.etoro.com\/copytrader\/risk-warnings\/"},"modified":"2026-04-30T09:14:28","modified_gmt":"2026-04-30T06:14:28","slug":"risk-warnings","status":"publish","type":"page","link":"https:\/\/www.etoro.com\/sv\/copytrader\/risk-warnings\/","title":{"rendered":"Risks Associated with Social Trading (Copy Trading)"},"content":{"rendered":"\n<section class=\"wp-block-group wp-block-group-boxed wp-block-group-small-bottom-padding\"><div class=\"wp-block-group-inner is-layout-flow wp-block-group-is-layout-flow\">\n<div class=\"wp-block-columns are-vertically-aligned-top wp-block-columns-1 is-layout-flex wp-container-core-columns-is-layout-1 wp-block-columns-is-layout-flex\">\n<div class=\"wp-block-column is-layout-flow wp-block-column-is-layout-flow\">\n<p>eToro Group Ltd. och dess n\u00e4rst\u00e5ende bolag tillhandah\u00e5ller funktioner f\u00f6r social handel som g\u00f6r att du kan interagera med, f\u00f6lja och kopiera andra handlare (\u201dFunktioner f\u00f6r social handel\u201d), inklusive Copy Trader\u2122, Smart Portfolios, rankningar samt communityverktyg.<\/p>\n\n\n\n<p>\u00c4ven om dessa funktioner kan hj\u00e4lpa dig att uppt\u00e4cka investeringsstrategier kan de inneb\u00e4ra risker. Du b\u00f6r noga \u00f6verv\u00e4ga f\u00f6ljande innan du anv\u00e4nder dem:<\/p>\n<\/div>\n<\/div>\n\n\n\n<div class=\"wp-block-columns are-vertically-aligned-top wp-block-columns-1 is-layout-flex wp-container-core-columns-is-layout-2 wp-block-columns-is-layout-flex\">\n<div class=\"wp-block-column is-layout-flow wp-block-column-is-layout-flow\">\n<div class=\"wp-block-etoro-simple-collapsable-item-list\">\n<div class=\"wp-block-etoro-simple-collapsable-item\"><div class=\"wp-block-etoro-simple-collapsable-item-heading\">1. Du \u00e4r fullt ansvarig f\u00f6r dina beslut<\/div><div class=\"wp-block-etoro-simple-collapsable-item-content-wrapper\"><div class=\"wp-block-etoro-simple-collapsable-item-content\">\n<p>Copy Trading baseras p\u00e5 ditt val att f\u00f6lja eller kopiera andra handlare.<\/p>\n\n\n\n<ul class=\"wp-block-list wp-block-list wp-block-list-circle\">\n<li>Du m\u00e5ste ta h\u00e4nsyn till din ekonomiska situation, investeringsm\u00e5l och risktolerans.<\/li>\n\n\n\n<li>eToro tillhandah\u00e5ller inte investeringsr\u00e5dgivning.<\/li>\n\n\n\n<li>Alla beslut som du fattar baserat p\u00e5 plattformsinformation sker p\u00e5 din egen risk.<\/li>\n<\/ul>\n\n\n\n<p>Du b\u00f6r alltid g\u00f6ra din egen analys innan du investerar.<\/p>\n<\/div><\/div><\/div>\n\n\n\n<div class=\"wp-block-etoro-simple-collapsable-item\"><div class=\"wp-block-etoro-simple-collapsable-item-heading\">2. Risker med automatiserad handel<\/div><div class=\"wp-block-etoro-simple-collapsable-item-content-wrapper\"><div class=\"wp-block-etoro-simple-collapsable-item-content\">\n<p>N\u00e4r du kopierar en handlare eller Smart Portfolio:<\/p>\n\n\n\n<ul class=\"wp-block-list wp-block-list wp-block-list-circle\">\n<li>Aff\u00e4rer verkst\u00e4lls automatiskt p\u00e5 ditt konto utan din inblandning.<\/li>\n\n\n\n<li>Positioner \u00f6ppnas, \u00e4ndras och st\u00e4ngs i realtid baserat p\u00e5 den kopierade handlarens \u00e5tg\u00e4rder.<\/li>\n<\/ul>\n\n\n\n<p>Detta inneb\u00e4r:<\/p>\n\n\n\n<ul class=\"wp-block-list wp-block-list wp-block-list-circle\">\n<li>Du kanske inte har kontroll \u00f6ver timing eller priss\u00e4ttning.<\/li>\n\n\n\n<li>Marknadsf\u00f6rh\u00e5llanden (t.ex. volatilitet, glidning, likviditet) kan leda till andra resultat \u00e4n den handlare eller Smart Portfolio du kopierar.<\/li>\n\n\n\n<li>Du kan f\u00f6rlora pengar som allokerats till kopiering.<\/li>\n<\/ul>\n<\/div><\/div><\/div>\n\n\n\n<div class=\"wp-block-etoro-simple-collapsable-item\"><div class=\"wp-block-etoro-simple-collapsable-item-heading\">3. Exponering mot CFD:er och kryptotillg\u00e5ngar<\/div><div class=\"wp-block-etoro-simple-collapsable-item-content-wrapper\"><div class=\"wp-block-etoro-simple-collapsable-item-content\">\n<p>N\u00e4r du kopierar en handlare eller Smart Portfolio kan du uts\u00e4ttas f\u00f6r komplexa och h\u00f6griskinstrument som:<\/p>\n\n\n\n<ul class=\"wp-block-list wp-block-list wp-block-list-circle\">\n<li><strong>CFD:er (Contracts for Difference)<\/strong>\n<ul class=\"wp-block-list wp-block-list wp-block-list-circle\">\n<li>Involverar ofta h\u00e4vst\u00e5ng, vilket kan f\u00f6rst\u00e4rka b\u00e5de vinster och f\u00f6rluster.<\/li>\n\n\n\n<li>Priserna kan r\u00f6ra sig snabbt, vilket \u00f6kar risken f\u00f6r betydande f\u00f6rluster.<\/li>\n\n\n\n<li>Du \u00e4ger inte den underliggande tillg\u00e5ngen.<\/li>\n<\/ul>\n<\/li>\n\n\n\n<li><strong>Kryptotillg\u00e5ngar:<\/strong>\n<ul class=\"wp-block-list wp-block-list wp-block-list-circle\">\n<li>Mycket volatila och kan genomg\u00e5 extrema prissv\u00e4ngningar.<\/li>\n\n\n\n<li>Kan vara f\u00f6rem\u00e5l f\u00f6r l\u00e5g likviditet, marknadsmanipulation eller os\u00e4kerhet i lagstiftningen.<\/li>\n<\/ul>\n<\/li>\n<\/ul>\n\n\n\n<p>\u00c4ven om du inte aktivt v\u00e4ljer dessa tillg\u00e5ngar, inneb\u00e4r kopiering av en handlare eller Smart Portfolio att du automatiskt exponeras f\u00f6r de instrument de handlar med.<\/p>\n<\/div><\/div><\/div>\n\n\n\n<div class=\"wp-block-etoro-simple-collapsable-item\"><div class=\"wp-block-etoro-simple-collapsable-item-heading\">4. Skillnader i avkastning<\/div><div class=\"wp-block-etoro-simple-collapsable-item-content-wrapper\"><div class=\"wp-block-etoro-simple-collapsable-item-content\">\n<p>Din avkastning kan skilja sig fr\u00e5n den handlare eller Smart Portfolio du kopierar p\u00e5 grund av faktorer som:<\/p>\n\n\n\n<ul class=\"wp-block-list wp-block-list wp-block-list-circle\">\n<li>Ins\u00e4ttningar eller uttag fr\u00e5n den kopierade positionen.<\/li>\n\n\n\n<li>Marknadsf\u00f6rh\u00e5llanden och skillnader ordergenomf\u00f6rande.<\/li>\n<\/ul>\n<\/div><\/div><\/div>\n\n\n\n<div class=\"wp-block-etoro-simple-collapsable-item\"><div class=\"wp-block-etoro-simple-collapsable-item-heading\">5. Tidigare resultat \u00e4r inte en tillf\u00f6rlitlig indikator<\/div><div class=\"wp-block-etoro-simple-collapsable-item-content-wrapper\"><div class=\"wp-block-etoro-simple-collapsable-item-content\">\n<p>Statistik som:<\/p>\n\n\n\n<ul class=\"wp-block-list wp-block-list wp-block-list-circle\">\n<li>Riskpo\u00e4ng.<\/li>\n\n\n\n<li>Historisk avkastning.<\/li>\n\n\n\n<li>Portf\u00f6ljdata \u00e4r inte en garanti f\u00f6r framtida resultat.<\/li>\n<\/ul>\n\n\n\n<p>De faktiska utfallen kan variera kraftigt p\u00e5 grund av f\u00f6r\u00e4ndrade marknadsf\u00f6rh\u00e5llanden och investerarbeteende.<\/p>\n<\/div><\/div><\/div>\n\n\n\n<div class=\"wp-block-etoro-simple-collapsable-item\"><div class=\"wp-block-etoro-simple-collapsable-item-heading\">6. Inga garantier f\u00f6r genomf\u00f6rande eller riskkontroller<\/div><div class=\"wp-block-etoro-simple-collapsable-item-content-wrapper\"><div class=\"wp-block-etoro-simple-collapsable-item-content\">\n<ul class=\"wp-block-list wp-block-list wp-block-list-circle\">\n<li>Stop Loss-mekanismer (inklusive Copy Stop Loss) \u00e4r inte garanterade.<\/li>\n\n\n\n<li>Aff\u00e4rer kanske inte genomf\u00f6rs till det f\u00f6rv\u00e4ntade priset.<\/li>\n\n\n\n<li>F\u00f6rluster kan \u00f6verstiga f\u00f6rv\u00e4ntningarna p\u00e5 grund av marknadsgap eller volatilitet.<\/li>\n<\/ul>\n<\/div><\/div><\/div>\n\n\n\n<div class=\"wp-block-etoro-simple-collapsable-item\"><div class=\"wp-block-etoro-simple-collapsable-item-heading\">7. Handlare du kopierar \u00e4r inte finansiella r\u00e5dgivare<\/div><div class=\"wp-block-etoro-simple-collapsable-item-content-wrapper\"><div class=\"wp-block-etoro-simple-collapsable-item-content\">\n<ul class=\"wp-block-list wp-block-list wp-block-list-circle\">\n<li>Andra anv\u00e4ndare kan dela \u00e5sikter eller strategier, men de \u00e4r inte n\u00f6dv\u00e4ndigtvis kvalificerade eller opartiska.<\/li>\n\n\n\n<li>Information som delas p\u00e5 plattformen ska inte ses som professionell finansiell r\u00e5dgivning.<\/li>\n<\/ul>\n\n\n\n<p>Betrakta alltid inneh\u00e5ll f\u00f6r social handel som en utg\u00e5ngspunkt f\u00f6r vidare analys \u2013 inte en rekommendation.<\/p>\n<\/div><\/div><\/div>\n\n\n\n<div class=\"wp-block-etoro-simple-collapsable-item\"><div class=\"wp-block-etoro-simple-collapsable-item-heading\">8. Strategi- och beteenderisk<\/div><div class=\"wp-block-etoro-simple-collapsable-item-content-wrapper\"><div class=\"wp-block-etoro-simple-collapsable-item-content\">\n<p>Copy Trading beror helt p\u00e5 vilken handlare eller Smart Portfolio du f\u00f6ljer:<\/p>\n\n\n\n<ul class=\"wp-block-list wp-block-list wp-block-list-circle\">\n<li>Deras strategi kan \u00e4ndras utan f\u00f6rvarning.<\/li>\n\n\n\n<li>De kan ta en h\u00f6gre risk \u00e4n du f\u00f6rv\u00e4ntar dig.<\/li>\n\n\n\n<li>K\u00e4nslom\u00e4ssiga eller inkonsekventa beslut kan p\u00e5verka avkastningen.<\/li>\n<\/ul>\n\n\n\n<p>Dessutom:<\/p>\n\n\n\n<ul class=\"wp-block-list wp-block-list wp-block-list-circle\">\n<li>Att koncentrera pengarna i en enda handlare \u00f6kar risken.<\/li>\n\n\n\n<li>Diversifiering eliminerar inte f\u00f6rluster.<\/li>\n<\/ul>\n<\/div><\/div><\/div>\n\n\n\n<div class=\"wp-block-etoro-simple-collapsable-item\"><div class=\"wp-block-etoro-simple-collapsable-item-heading\">9. Copy Trading \u00e4r inte ett s\u00e4krare s\u00e4tt att investera<\/div><div class=\"wp-block-etoro-simple-collapsable-item-content-wrapper\"><div class=\"wp-block-etoro-simple-collapsable-item-content\">\n<p>Kopieringshandel kan hj\u00e4lpa till med diversifiering och minska behov av aktiva handelsbeslut, men:<\/p>\n\n\n\n<ul class=\"wp-block-list wp-block-list wp-block-list-circle\">\n<li>Dina resultat beror p\u00e5 vilka handlare eller Smart Portfolio du kopierar.<\/li>\n\n\n\n<li>Du f\u00f6rblir fullt ansvarigt f\u00f6r eventuella f\u00f6rluster.<\/li>\n<\/ul>\n<\/div><\/div><\/div>\n\n\n\n<div class=\"wp-block-etoro-simple-collapsable-item\"><div class=\"wp-block-etoro-simple-collapsable-item-heading\">10. G\u00f6r din egen due diligence<\/div><div class=\"wp-block-etoro-simple-collapsable-item-content-wrapper\"><div class=\"wp-block-etoro-simple-collapsable-item-content\">\n<p>Innan du kopierar en handlare eller Smart Portfolio, granska:<\/p>\n\n\n\n<ul class=\"wp-block-list wp-block-list wp-block-list-circle\">\n<li>Deras riskpo\u00e4ng.<\/li>\n\n\n\n<li>Handelshistorik och strategi.<\/li>\n\n\n\n<li>Portf\u00f6ljens sammans\u00e4ttning.<\/li>\n\n\n\n<li>Aktivitet och kommunikation (t.ex. inl\u00e4gg, uppdateringar).<\/li>\n<\/ul>\n\n\n\n<p>\u00c4ven med den h\u00e4r informationen finns det inga garantier f\u00f6r att du lyckas.<\/p>\n<\/div><\/div><\/div>\n<\/div>\n\n\n\n<hr class=\"wp-block-separator wp-block-separator-color-dark-grey wp-block-separator-spaces-medium wp-block-separator-weight-1\"\/>\n<\/div>\n<\/div>\n<\/div><\/section>\n","protected":false},"excerpt":{"rendered":"<p>eToro Group Ltd. och dess n\u00e4rst\u00e5ende bolag tillhandah\u00e5ller funktioner f\u00f6r social handel som g\u00f6r att du kan interagera med, f\u00f6lja och kopiera andra handlare (\u201dFunktioner f\u00f6r social handel\u201d), inklusive Copy Trader\u2122, Smart Portfolios, rankningar samt communityverktyg. \u00c4ven om dessa funktioner kan hj\u00e4lpa dig att uppt\u00e4cka investeringsstrategier kan de inneb\u00e4ra risker. Du b\u00f6r noga \u00f6verv\u00e4ga f\u00f6ljande&hellip;<\/p>\n","protected":false},"author":158,"featured_media":0,"parent":34710,"menu_order":0,"comment_status":"closed","ping_status":"closed","template":"","meta":{"_acf_changed":true,"inline_featured_image":false,"sticky_cta_settings":"","footnotes":""},"asset_type":[],"class_list":["post-1259340","page","type-page","status-publish","hentry"],"acf":[],"yoast_head":"<title>Risker f\u00f6rknippade med social handel (Copy Trading)<\/title>\n<meta name=\"description\" content=\"L\u00e4r dig om riskerna f\u00f6rknippade med social handel och kopieringshandel, inklusive CFD:er, kryptotillg\u00e5ngar, skillnader i avkastning samt due diligence.\" \/>\n<meta name=\"robots\" content=\"index, follow, max-snippet:-1, max-image-preview:large, max-video-preview:-1\" \/>\n<link rel=\"canonical\" href=\"https:\/\/www.etoro.com\/sv\/wp-json\/wp\/v2\/pages\/1259340\" \/>\n<meta property=\"og:locale\" content=\"sv_SE\" \/>\n<meta property=\"og:type\" content=\"article\" \/>\n<meta property=\"og:title\" content=\"Risker f\u00f6rknippade med social handel (Copy Trading)\" \/>\n<meta property=\"og:description\" content=\"L\u00e4r dig om riskerna f\u00f6rknippade med social handel och kopieringshandel, inklusive CFD:er, kryptotillg\u00e5ngar, skillnader i avkastning samt due diligence.\" \/>\n<meta property=\"og:url\" content=\"https:\/\/www.etoro.com\/sv\/wp-json\/wp\/v2\/pages\/1259340\" \/>\n<meta property=\"og:site_name\" content=\"eToro\" \/>\n<meta property=\"article:publisher\" content=\"https:\/\/www.facebook.com\/eToro\/\" \/>\n<meta property=\"article:modified_time\" content=\"2026-04-30T06:14:28+00:00\" \/>\n<meta property=\"og:image\" content=\"https:\/\/www.etoro.com\/wp-content\/uploads\/2019\/12\/etoro_logo_social_share1.png\" \/>\n\t<meta property=\"og:image:width\" content=\"240\" \/>\n\t<meta property=\"og:image:height\" content=\"240\" \/>\n\t<meta property=\"og:image:type\" content=\"image\/png\" \/>\n<meta name=\"twitter:card\" content=\"summary_large_image\" \/>\n<meta name=\"twitter:site\" content=\"@eToro\" \/>\n<meta name=\"twitter:label1\" content=\"Est. reading time\" \/>\n\t<meta name=\"twitter:data1\" content=\"3 minutes\" \/>\n<script type=\"application\/ld+json\" class=\"yoast-schema-graph\">{\"@context\":\"https:\/\/schema.org\",\"@graph\":[{\"@type\":\"WebPage\",\"@id\":\"https:\/\/www.etoro.com\/sv\/copytrader\/risk-warnings\/\",\"url\":\"https:\/\/www.etoro.com\/sv\/copytrader\/risk-warnings\/\",\"name\":\"Risker f\u00f6rknippade med social handel (Copy Trading)\",\"isPartOf\":{\"@id\":\"https:\/\/www.etoro.com\/sv\/#website\"},\"datePublished\":\"2026-04-20T07:10:55+00:00\",\"dateModified\":\"2026-04-30T06:14:28+00:00\",\"description\":\"L\u00e4r dig om riskerna f\u00f6rknippade med social handel och kopieringshandel, inklusive CFD:er, kryptotillg\u00e5ngar, skillnader i avkastning samt due diligence.\",\"breadcrumb\":{\"@id\":\"https:\/\/www.etoro.com\/sv\/copytrader\/risk-warnings\/#breadcrumb\"},\"inLanguage\":\"sv\",\"potentialAction\":[{\"@type\":\"ReadAction\",\"target\":[\"https:\/\/www.etoro.com\/sv\/copytrader\/risk-warnings\/\"]}]},{\"@type\":\"BreadcrumbList\",\"@id\":\"https:\/\/www.etoro.com\/sv\/copytrader\/risk-warnings\/#breadcrumb\",\"itemListElement\":[{\"@type\":\"ListItem\",\"position\":1,\"name\":\"Hem\",\"item\":\"https:\/\/www.etoro.com\/sv\/\"},{\"@type\":\"ListItem\",\"position\":2,\"name\":\"CopyTrader\",\"item\":\"https:\/\/www.etoro.com\/sv\/copytrader\/\"},{\"@type\":\"ListItem\",\"position\":3,\"name\":\"Risks Associated with Social Trading (Copy Trading)\"}]},{\"@type\":\"WebSite\",\"@id\":\"https:\/\/www.etoro.com\/sv\/#website\",\"url\":\"https:\/\/www.etoro.com\/sv\/\",\"name\":\"eToro\",\"description\":\"\",\"publisher\":{\"@id\":\"https:\/\/www.etoro.com\/sv\/#organization\"},\"potentialAction\":[{\"@type\":\"SearchAction\",\"target\":{\"@type\":\"EntryPoint\",\"urlTemplate\":\"https:\/\/www.etoro.com\/sv\/?s={search_term_string}\"},\"query-input\":{\"@type\":\"PropertyValueSpecification\",\"valueRequired\":true,\"valueName\":\"search_term_string\"}}],\"inLanguage\":\"sv\"},[]]}<\/script>","yoast_head_json":{"title":"Risker f\u00f6rknippade med social handel (Copy Trading)","description":"L\u00e4r dig om riskerna f\u00f6rknippade med social handel och kopieringshandel, inklusive CFD:er, kryptotillg\u00e5ngar, skillnader i avkastning samt due diligence.","robots":{"index":"index","follow":"follow","max-snippet":"max-snippet:-1","max-image-preview":"max-image-preview:large","max-video-preview":"max-video-preview:-1"},"canonical":"https:\/\/www.etoro.com\/sv\/wp-json\/wp\/v2\/pages\/1259340","og_locale":"sv_SE","og_type":"article","og_title":"Risker f\u00f6rknippade med social handel (Copy Trading)","og_description":"L\u00e4r dig om riskerna f\u00f6rknippade med social handel och kopieringshandel, inklusive CFD:er, kryptotillg\u00e5ngar, skillnader i avkastning samt due diligence.","og_url":"https:\/\/www.etoro.com\/sv\/wp-json\/wp\/v2\/pages\/1259340","og_site_name":"eToro","article_publisher":"https:\/\/www.facebook.com\/eToro\/","article_modified_time":"2026-04-30T06:14:28+00:00","og_image":[{"width":240,"height":240,"url":"https:\/\/www.etoro.com\/wp-content\/uploads\/2019\/12\/etoro_logo_social_share1.png","type":"image\/png"}],"twitter_card":"summary_large_image","twitter_site":"@eToro","twitter_misc":{"Est. reading time":"3 minutes"},"schema":{"@context":"https:\/\/schema.org","@graph":[{"@type":"WebPage","@id":"https:\/\/www.etoro.com\/sv\/copytrader\/risk-warnings\/","url":"https:\/\/www.etoro.com\/sv\/copytrader\/risk-warnings\/","name":"Risker f\u00f6rknippade med social handel (Copy Trading)","isPartOf":{"@id":"https:\/\/www.etoro.com\/sv\/#website"},"datePublished":"2026-04-20T07:10:55+00:00","dateModified":"2026-04-30T06:14:28+00:00","description":"L\u00e4r dig om riskerna f\u00f6rknippade med social handel och kopieringshandel, inklusive CFD:er, kryptotillg\u00e5ngar, skillnader i avkastning samt due diligence.","breadcrumb":{"@id":"https:\/\/www.etoro.com\/sv\/copytrader\/risk-warnings\/#breadcrumb"},"inLanguage":"sv","potentialAction":[{"@type":"ReadAction","target":["https:\/\/www.etoro.com\/sv\/copytrader\/risk-warnings\/"]}]},{"@type":"BreadcrumbList","@id":"https:\/\/www.etoro.com\/sv\/copytrader\/risk-warnings\/#breadcrumb","itemListElement":[{"@type":"ListItem","position":1,"name":"Hem","item":"https:\/\/www.etoro.com\/sv\/"},{"@type":"ListItem","position":2,"name":"CopyTrader","item":"https:\/\/www.etoro.com\/sv\/copytrader\/"},{"@type":"ListItem","position":3,"name":"Risks Associated with Social Trading (Copy Trading)"}]},{"@type":"WebSite","@id":"https:\/\/www.etoro.com\/sv\/#website","url":"https:\/\/www.etoro.com\/sv\/","name":"eToro","description":"","publisher":{"@id":"https:\/\/www.etoro.com\/sv\/#organization"},"potentialAction":[{"@type":"SearchAction","target":{"@type":"EntryPoint","urlTemplate":"https:\/\/www.etoro.com\/sv\/?s={search_term_string}"},"query-input":{"@type":"PropertyValueSpecification","valueRequired":true,"valueName":"search_term_string"}}],"inLanguage":"sv"},[]]}},"_links":{"self":[{"href":"https:\/\/www.etoro.com\/sv\/wp-json\/wp\/v2\/pages\/1259340"}],"collection":[{"href":"https:\/\/www.etoro.com\/sv\/wp-json\/wp\/v2\/pages"}],"about":[{"href":"https:\/\/www.etoro.com\/sv\/wp-json\/wp\/v2\/types\/page"}],"author":[{"embeddable":true,"href":"https:\/\/www.etoro.com\/sv\/wp-json\/wp\/v2\/users\/158"}],"replies":[{"embeddable":true,"href":"https:\/\/www.etoro.com\/sv\/wp-json\/wp\/v2\/comments?post=1259340"}],"version-history":[{"count":0,"href":"https:\/\/www.etoro.com\/sv\/wp-json\/wp\/v2\/pages\/1259340\/revisions"}],"up":[{"embeddable":true,"href":"https:\/\/www.etoro.com\/sv\/wp-json\/wp\/v2\/pages\/34710"}],"wp:attachment":[{"href":"https:\/\/www.etoro.com\/sv\/wp-json\/wp\/v2\/media?parent=1259340"}],"wp:term":[{"taxonomy":"asset_type","embeddable":true,"href":"https:\/\/www.etoro.com\/sv\/wp-json\/wp\/v2\/asset_type?post=1259340"}],"curies":[{"name":"wp","href":"https:\/\/api.w.org\/{rel}","templated":true}]}}