{"id":151950,"date":"2020-08-30T17:19:38","date_gmt":"2020-08-30T14:19:38","guid":{"rendered":"http:\/\/www.etoro.com\/stocks\/stock-split\/"},"modified":"2021-05-27T15:11:00","modified_gmt":"2021-05-27T12:11:00","slug":"stock-split","status":"publish","type":"page","link":"https:\/\/www.etoro.com\/sv\/stocks\/stock-split\/","title":{"rendered":"Guide \u2013 aktiesplit: Vad det \u00e4r och hur det fungerar p\u00e5 eToro"},"content":{"rendered":"<p>&nbsp;<\/p>\n<p>En aktiesplit \u00e4r ett ganska vanligt fenomen p\u00e5 <a href=\"https:\/\/www.etoro.com\/sv\/discover\/markets\">marknader<\/a> och f\u00f6rekommer p\u00e5 olika b\u00f6rser runt om i v\u00e4rlden och vid olika tidpunkter. Den h\u00e4r guiden hj\u00e4lper dig att f\u00f6rst\u00e5 vad <a href=\"https:\/\/www.etoro.com\/sv\/discover\/markets\/stocks\">aktie<\/a>split \u00e4r, hur de p\u00e5verkar dina aktiepositioner och hur eToro hanterar dem p\u00e5 <a href=\"https:\/\/www.etoro.com\/sv\/trading\/platforms\/\">plattformen<\/a>.<\/p>\n<h2>Vad \u00e4r en aktiesplit?<\/h2>\n<p>En aktiesplit \u00e4r en ganska sj\u00e4lvf\u00f6rklarande term. Ett f\u00f6retag delar upp sina enskilda aktier i mindre delar till ett visst delningsf\u00f6rh\u00e5llande. Till exempel, om ett f\u00f6retag tillk\u00e4nnager en aktiesplit p\u00e5 fem f\u00f6r en, och varje nuvarande f\u00f6retagsaktie v\u00e4rderas till 400 dollar, skulle aktiekursen sjunka till en femtedel av det, eller 80 dollar, efter delningen. Under en s\u00e5dan h\u00e4ndelse multipliceras varje aktie\u00e4gares nuvarande antal aktier baserat p\u00e5 delningsf\u00f6rh\u00e5llandet.<\/p>\n<h2>Varf\u00f6r delas aktier?<\/h2>\n<p>Det finns flera sk\u00e4l till varf\u00f6r ett f\u00f6retag beslutar om en aktiesplit. H\u00e4r \u00e4r n\u00e5gra punkter att k\u00e4nna till om orsakerna till att aktierna delas upp:<\/p>\n<p>&nbsp;<\/p>\n<ul>\n<li><b>F\u00f6r att locka privata investerare: Vissa investerare vill helst inte investera i vissa aktier om priset p\u00e5 en enskild aktie \u00e4r f\u00f6r h\u00f6gt. En split s\u00e4nker priset p\u00e5 aktierna i omlopp, vilket g\u00f6r det m\u00f6jligt f\u00f6r fler investerare att k\u00f6pa aktier. Medan m\u00e5nga institutionella investerare fortfarande k\u00f6per uteslutande hela aktier, v\u00e4ljer m\u00e5nga privata investerare att <a href=\"https:\/\/www.etoro.com\/sv\/stocks\/\">k\u00f6pa delar av aktier<\/a> genom innovativa handels- och investeringsplattformar, som eToro.\u00a0<\/b><\/li>\n<\/ul>\n<ul>\n<li>St\u00f6rre likviditet: Ju st\u00f6rre antal aktier som finns p\u00e5 marknaden, desto st\u00f6rre \u00e4r potentialen f\u00f6r likviditet. Fler aktier kan inneb\u00e4ra fler transaktioner och mer pengar byter \u00e4gare.<\/li>\n<\/ul>\n<ul>\n<li>Psykologisk priss\u00e4ttning: Analytiker s\u00e4ger ofta att en viss aktie \u00e4r \u201d\u00f6verv\u00e4rderad\u201d, vilket inneb\u00e4r att dess nuvarande pris representerar k\u00e4nslan p\u00e5 marknaden snarare \u00e4n dess faktiska v\u00e4rde. Att dela upp en aktie s\u00e4nker priset avsev\u00e4rt, vilket ger den psykologiska effekten att aktiekursen \u00e4r mer realistisk.<\/li>\n<\/ul>\n<ul>\n<li>N\u00e4r g\u00f6rs en aktiesplit? Det finns ingen fast formel. Vissa f\u00f6retag delar upp sitt aktiepris vartannat \u00e5r, f\u00f6rutsatt att de visar konstant tillv\u00e4xt, medan andra v\u00e4grar att dela sina aktier, oavsett hur h\u00f6gt priset f\u00f6r varje enskild aktie kl\u00e4ttrar. N\u00e4r det kommer till val av tidpunkt till\u00e5ter f\u00f6retag vanligtvis minst n\u00e5gra veckor mellan tillk\u00e4nnagivandet och den faktiska uppdelningen.<\/li>\n<\/ul>\n<p>&nbsp;<\/p>\n<p><img loading=\"lazy\" decoding=\"async\" class=\"alignnone size-full wp-image-151271\" style=\"color: inherit; font-family: inherit; font-size: 24px;\" src=\"\/wp-content\/uploads\/2020\/08\/IMG1.jpg\" alt=\"Why do Stocks Split?\" width=\"1920\" height=\"827\" srcset=\"https:\/\/www.etoro.com\/wp-content\/uploads\/2020\/08\/IMG1.jpg 1920w, https:\/\/www.etoro.com\/wp-content\/uploads\/2020\/08\/IMG1-300x129.jpg 300w, https:\/\/www.etoro.com\/wp-content\/uploads\/2020\/08\/IMG1-1024x441.jpg 1024w, https:\/\/www.etoro.com\/wp-content\/uploads\/2020\/08\/IMG1-768x331.jpg 768w, https:\/\/www.etoro.com\/wp-content\/uploads\/2020\/08\/IMG1-1536x662.jpg 1536w\" sizes=\"(max-width: 1920px) 100vw, 1920px\" \/><\/p>\n<h3>Hur m\u00e5nga g\u00e5nger kan en aktie delas upp?<\/h3>\n<p>Teoretiskt sett hur m\u00e5nga g\u00e5nger som helst. F\u00f6retag kan dela upp sina aktier s\u00e5 m\u00e5nga g\u00e5nger de vill. Mellan 1987\u20132003 delade till exempel teknikj\u00e4tten Microsoft sin aktie nio g\u00e5nger. Men eftersom det \u00e4r pappersarbete och byr\u00e5krati involverat kommer f\u00f6retag troligen bara att dela upp aktier n\u00e4r de anser att det \u00e4r ett bra beslut i r\u00e4tt tid f\u00f6r f\u00f6retaget.<\/p>\n<h3><img loading=\"lazy\" decoding=\"async\" class=\"alignnone size-full wp-image-151294\" style=\"font-size: 14px;\" src=\"\/wp-content\/uploads\/2020\/08\/IMG2.jpg\" alt=\"How many Times can a Stock Split? \" width=\"1920\" height=\"585\" srcset=\"https:\/\/www.etoro.com\/wp-content\/uploads\/2020\/08\/IMG2.jpg 1920w, https:\/\/www.etoro.com\/wp-content\/uploads\/2020\/08\/IMG2-300x91.jpg 300w, https:\/\/www.etoro.com\/wp-content\/uploads\/2020\/08\/IMG2-1024x312.jpg 1024w, https:\/\/www.etoro.com\/wp-content\/uploads\/2020\/08\/IMG2-768x234.jpg 768w, https:\/\/www.etoro.com\/wp-content\/uploads\/2020\/08\/IMG2-1536x468.jpg 1536w\" sizes=\"(max-width: 1920px) 100vw, 1920px\" \/><\/h3>\n<h3>Aktiekurser och index<\/h3>\n<p>Ibland kan en aktiesplit p\u00e5verka ett helt index. Till exempel ber\u00e4knas viktningen inom <a href=\"https:\/\/www.etoro.com\/sv\/markets\/dj30\">DJ30-indexet<\/a> baserat p\u00e5 aktiekursen. Detta inneb\u00e4r att en akties proportionella del av indexet minskar avsev\u00e4rt om den delas upp. Apples aktiesplit 2020 gjorde till exempel att aktien gick fr\u00e5n att vara den h\u00f6gst viktade aktien i DJ30 till att falla \u00e4nda ner till nummer 16.<\/p>\n<h3><img loading=\"lazy\" decoding=\"async\" class=\"alignnone size-full wp-image-151317\" style=\"font-size: 14px;\" src=\"\/wp-content\/uploads\/2020\/08\/IMG3.jpg\" alt=\"Apple stock split\" width=\"1920\" height=\"585\" srcset=\"https:\/\/www.etoro.com\/wp-content\/uploads\/2020\/08\/IMG3.jpg 1920w, https:\/\/www.etoro.com\/wp-content\/uploads\/2020\/08\/IMG3-300x91.jpg 300w, https:\/\/www.etoro.com\/wp-content\/uploads\/2020\/08\/IMG3-1024x312.jpg 1024w, https:\/\/www.etoro.com\/wp-content\/uploads\/2020\/08\/IMG3-768x234.jpg 768w, https:\/\/www.etoro.com\/wp-content\/uploads\/2020\/08\/IMG3-1536x468.jpg 1536w\" sizes=\"(max-width: 1920px) 100vw, 1920px\" \/><\/h3>\n<h2>Hur p\u00e5verkas aktiekursen av en aktiesplit?<\/h2>\n<p>Naturligtvis finns det inget garanterat resultat f\u00f6r en aktiesplit. V\u00e4rdet p\u00e5 varje enskild aktie delas upp, men f\u00f6retagets \u00f6vergripande b\u00f6rsv\u00e4rde f\u00f6rblir detsamma. Historiskt sett har dock aktiesplittar vanligtvis varit positiva f\u00f6r f\u00f6retaget, \u00e5tminstone p\u00e5 kort sikt.<\/p>\n<p>Enligt Bespoke Investment Group har de genomsnittliga prisf\u00f6r\u00e4ndringarna f\u00f6r aktier i f\u00f6retag som tillk\u00e4nnagivit en aktiesplit mellan 2015\u20132020 \u00f6kat ytterligare 2,3 procent fr\u00e5n det att aktiesplitten tillk\u00e4nnagavs till tidpunkten n\u00e4r den \u00e4gde rum. Dessutom \u00f6vertr\u00e4ffade n\u00e4stan 70 procent av dessa aktier <a href=\"https:\/\/www.etoro.com\/sv\/markets\/spx500\">S&amp;P 500-indexet<\/a> under den tiden. \u00c4ven om den genomsnittliga aktien ocks\u00e5 f\u00f6ll 0,3 procent omedelbart efter uppdelningen, \u00f6kade dessa f\u00f6retag i genomsnitt 9,8 procent \u00e5ret efter.<\/p>\n<p>Trots ovanst\u00e5ende \u00e4r det viktigt att notera att det finns m\u00e5nga faktorer som kan p\u00e5verka en aktiekurs, och beslutet att dela upp en aktie kan sammanfalla med andra faktorer som potentiellt kan f\u00e5 en aktiekurs att g\u00e5 upp. S\u00e5 \u00e4ven om det tidigare resultatet \u00e4r positivt, kanske det inte \u00e4r en p\u00e5litlig indikator.<\/p>\n<h2>Vad \u00e4r en omv\u00e4nd aktiesplit?<\/h2>\n<p>En omv\u00e4nd aktiesplit \u00e4r motsatsen till en aktiesplit. I en omv\u00e4nd split konsoliderar f\u00f6retaget aktier, vilket minskar det totala antalet aktier. Till exempel, om ett visst f\u00f6retag tillk\u00e4nnager en omv\u00e4nd split p\u00e5 fyra f\u00f6r en, och varje aktie f\u00f6r n\u00e4rvarande \u00e4r v\u00e4rd 50 dollar, skulle den nya aktiekursen vara 200 dollar och en aktie\u00e4gare som har \u00e5tta aktier skulle nu ha tv\u00e5.<\/p>\n<p><img loading=\"lazy\" decoding=\"async\" class=\"wp-image-151340 aligncenter\" src=\"\/wp-content\/uploads\/2020\/08\/Split.gif\" alt=\"What is a Reverse Stock Split?\" width=\"641\" height=\"639\" \/><\/p>\n<h3>Hur p\u00e5verkar en omv\u00e4nd aktiesplit handlare och investerare?<\/h3>\n<p>Till skillnad fr\u00e5n en normal aktiesplit, d\u00e4r antalet aktier helt enkelt multipliceras med delningsf\u00f6rh\u00e5llandet, kan en omv\u00e4nd split inneb\u00e4ra att en aktie\u00e4gare f\u00e5r andelar av en aktie. Om en aktieinnehavare till exempel har fem aktier och den omv\u00e4nda aktiesplitten \u00e4r fyraf\u00f6r en, kommer innehavaren att ha 1,25 aktier. I det h\u00e4r fallet likviderar de flesta f\u00f6retag helt enkelt andelen av aktien och ger aktie\u00e4garna skillnaden i kontanter. Om en s\u00e5dan h\u00e4ndelse skulle intr\u00e4ffa p\u00e5verkas dock inte positionerna p\u00e5 eToro, eftersom det \u00e4r m\u00f6jligt att \u00e4ga andelar av aktier p\u00e5 eToro.<\/p>\n<h2>Hur fungerar aktiesplittar p\u00e5 eToro?<\/h2>\n<p>P\u00e5 eToro finns m\u00e5nga handlare och investerare som anv\u00e4nder plattformen f\u00f6r att <a href=\"https:\/\/www.etoro.com\/sv\/stocks\/\">investera i aktier med 0 % provision<\/a>. Eftersom vi erbjuder s\u00e5 m\u00e5nga aktier \u00e4r aktiesplittar inget nytt f\u00f6r eToro och vi har hanterat dem tidigare.<\/p>\n<p>N\u00e4r en s\u00e5dan marknadsh\u00e4ndelse intr\u00e4ffar skapar eToro en smidig process f\u00f6r att till\u00e4mpa delningsf\u00f6rh\u00e5llandet p\u00e5 alla relaterade siffror. F\u00f6r\u00e4ndringen till\u00e4mpas p\u00e5 det totala antalet enheter och det genomsnittliga eller nuvarande priset. V\u00e4rdet p\u00e5 varje position f\u00f6r\u00e4ndras dock inte.<\/p>\n<p>Om en omv\u00e4nd aktiesplit intr\u00e4ffar inneb\u00e4r detta att en position som tidigare bestod av hela aktier, nu kan ha andelar av aktier. Det totala v\u00e4rdet p\u00e5 positionen f\u00f6r\u00e4ndras dock inte p\u00e5 grund av splitten.<\/p>\n<p>eToro kan kommunicera med sina anv\u00e4ndare i f\u00f6rv\u00e4g f\u00f6r att meddela dem om en f\u00f6rest\u00e5ende split och om n\u00e5gon \u00e5tg\u00e4rd kr\u00e4vs fr\u00e5n deras sida \u2013 \u00e4ven om det \u00e4r mycket osannolikt att det kommer att beh\u00f6vas.<\/p>\n<p style=\"text-align: center;\"><a class=\"e-cta\" href=\"https:\/\/www.etoro.com\/sv\/accounts\/sign-up?funnelFromId=51\" target=\"_blank\" rel=\"noopener noreferrer\">B\u00f6rja investera<\/a><\/p>\n<hr \/>\n<p><em>Noll provision \u00e4r tillg\u00e4ngligt f\u00f6r kunder till eToro (Europe) Ltd, eToro (UK) Ltd och eToro AUS Capital Pty Ltd (AFSL 491139).<\/em><\/p>\n<p><em>F\u00f6r kunder till eToro AUS \u00e4r endast aktier som handlas p\u00e5 amerikanska b\u00f6rser tillg\u00e4ngliga som underliggande tillg\u00e5ngar och utan provision. Dessa aktier erbjuds via eToro Service (ARSN 637 489 466) som drivs av eToro Asset Management Limited ABN 51 122 005 396 AFSL 319 738 och marknadsf\u00f6rs av eToro AUS Capital Limited CAR 001281634. L\u00e4s produktinformationen och guiden f\u00f6r finansiella tj\u00e4nster innan du best\u00e4mmer dig f\u00f6r att handla med oss. Alla andra aktier erbjuds som derivat och provision tillkommer.<\/em><\/p>\n<p><em>Noll provision g\u00e4ller inte korta positioner eller positioner med h\u00e4vst\u00e5ng. Noll provision inneb\u00e4r att ingen m\u00e4klaravgift debiteras n\u00e4r positionen \u00f6ppnas eller st\u00e4ngs. Andra avgifter kan tillkomma.\u00a0<a href=\"https:\/\/www.etoro.com\/sv\/trading\/market-hours-fees\/?category=stocks\/\">Klicka h\u00e4r<\/a>\u00a0f\u00f6r ytterligare information om avgifter. Ditt kapital l\u00f6per risk.<\/em><\/p>\n","protected":false},"excerpt":{"rendered":"<p>&nbsp; En aktiesplit \u00e4r ett ganska vanligt fenomen p\u00e5 marknader och f\u00f6rekommer p\u00e5 olika b\u00f6rser runt om i v\u00e4rlden och vid olika tidpunkter. Den h\u00e4r guiden hj\u00e4lper dig att f\u00f6rst\u00e5 vad aktiesplit \u00e4r, hur de p\u00e5verkar dina aktiepositioner och hur eToro hanterar dem p\u00e5 plattformen. Vad \u00e4r en aktiesplit? En aktiesplit \u00e4r en ganska sj\u00e4lvf\u00f6rklarande&hellip;<\/p>\n","protected":false},"author":32,"featured_media":220222,"parent":58956,"menu_order":579,"comment_status":"closed","ping_status":"closed","template":"","meta":{"_acf_changed":false,"inline_featured_image":false,"sticky_cta_settings":"","footnotes":""},"asset_type":[],"class_list":["post-151950","page","type-page","status-publish","has-post-thumbnail","hentry"],"acf":[],"yoast_head":"<title>Guide \u2013 aktiesplit: Allt du beh\u00f6ver veta | eToro<\/title>\n<meta name=\"description\" content=\"En aktiesplit \u00e4r en marknadsh\u00e4ndelse d\u00e4r ett f\u00f6retag delar upp enskilda aktier i mindre delar. L\u00e4s om varf\u00f6r detta g\u00f6rs och hur det hanteras p\u00e5 eToro.\" \/>\n<meta name=\"robots\" content=\"index, follow, max-snippet:-1, max-image-preview:large, max-video-preview:-1\" \/>\n<link rel=\"canonical\" href=\"https:\/\/www.etoro.com\/sv\/wp-json\/wp\/v2\/pages\/151950\" \/>\n<meta property=\"og:locale\" content=\"sv_SE\" \/>\n<meta property=\"og:type\" content=\"article\" \/>\n<meta property=\"og:title\" content=\"Guide \u2013 aktiesplit: Allt du beh\u00f6ver veta | eToro\" \/>\n<meta property=\"og:description\" content=\"En aktiesplit \u00e4r en marknadsh\u00e4ndelse d\u00e4r ett f\u00f6retag delar upp enskilda aktier i mindre delar. L\u00e4s om varf\u00f6r detta g\u00f6rs och hur det hanteras p\u00e5 eToro.\" \/>\n<meta property=\"og:url\" content=\"https:\/\/www.etoro.com\/sv\/wp-json\/wp\/v2\/pages\/151950\" \/>\n<meta property=\"og:site_name\" content=\"eToro\" \/>\n<meta property=\"article:publisher\" content=\"https:\/\/www.facebook.com\/eToro\/\" \/>\n<meta property=\"article:modified_time\" content=\"2021-05-27T12:11:00+00:00\" \/>\n<meta property=\"og:image\" content=\"https:\/\/www.etoro.com\/wp-content\/uploads\/2021\/05\/1200x630_3182.jpg\" \/>\n\t<meta property=\"og:image:width\" content=\"1200\" \/>\n\t<meta property=\"og:image:height\" content=\"630\" \/>\n\t<meta property=\"og:image:type\" content=\"image\/jpeg\" \/>\n<meta name=\"twitter:card\" content=\"summary_large_image\" \/>\n<meta name=\"twitter:site\" content=\"@eToro\" \/>\n<meta name=\"twitter:label1\" content=\"Est. reading time\" \/>\n\t<meta name=\"twitter:data1\" content=\"6 minutes\" \/>\n<script type=\"application\/ld+json\" class=\"yoast-schema-graph\">{\"@context\":\"https:\/\/schema.org\",\"@graph\":[{\"@type\":\"WebPage\",\"@id\":\"https:\/\/www.etoro.com\/sv\/stocks\/stock-split\/\",\"url\":\"https:\/\/www.etoro.com\/sv\/stocks\/stock-split\/\",\"name\":\"Guide \u2013 aktiesplit: Allt du beh\u00f6ver veta | eToro\",\"isPartOf\":{\"@id\":\"https:\/\/www.etoro.com\/sv\/#website\"},\"primaryImageOfPage\":{\"@id\":\"https:\/\/www.etoro.com\/sv\/stocks\/stock-split\/#primaryimage\"},\"image\":{\"@id\":\"https:\/\/www.etoro.com\/sv\/stocks\/stock-split\/#primaryimage\"},\"thumbnailUrl\":\"https:\/\/www.etoro.com\/wp-content\/uploads\/2021\/05\/1200x630_3182.jpg\",\"datePublished\":\"2020-08-30T14:19:38+00:00\",\"dateModified\":\"2021-05-27T12:11:00+00:00\",\"description\":\"En aktiesplit \u00e4r en marknadsh\u00e4ndelse d\u00e4r ett f\u00f6retag delar upp enskilda aktier i mindre delar. L\u00e4s om varf\u00f6r detta g\u00f6rs och hur det hanteras p\u00e5 eToro.\",\"breadcrumb\":{\"@id\":\"https:\/\/www.etoro.com\/sv\/stocks\/stock-split\/#breadcrumb\"},\"inLanguage\":\"sv\",\"potentialAction\":[{\"@type\":\"ReadAction\",\"target\":[\"https:\/\/www.etoro.com\/sv\/stocks\/stock-split\/\"]}]},{\"@type\":\"ImageObject\",\"inLanguage\":\"sv\",\"@id\":\"https:\/\/www.etoro.com\/sv\/stocks\/stock-split\/#primaryimage\",\"url\":\"https:\/\/www.etoro.com\/wp-content\/uploads\/2021\/05\/1200x630_3182.jpg\",\"contentUrl\":\"https:\/\/www.etoro.com\/wp-content\/uploads\/2021\/05\/1200x630_3182.jpg\",\"width\":1200,\"height\":630},{\"@type\":\"BreadcrumbList\",\"@id\":\"https:\/\/www.etoro.com\/sv\/stocks\/stock-split\/#breadcrumb\",\"itemListElement\":[{\"@type\":\"ListItem\",\"position\":1,\"name\":\"Hem\",\"item\":\"https:\/\/www.etoro.com\/sv\/\"},{\"@type\":\"ListItem\",\"position\":2,\"name\":\"Aktier\",\"item\":\"https:\/\/www.etoro.com\/sv\/stocks\/\"},{\"@type\":\"ListItem\",\"position\":3,\"name\":\"Guide \u2013 aktiesplit: Vad det \u00e4r och hur det fungerar p\u00e5 eToro\"}]},{\"@type\":\"WebSite\",\"@id\":\"https:\/\/www.etoro.com\/sv\/#website\",\"url\":\"https:\/\/www.etoro.com\/sv\/\",\"name\":\"eToro\",\"description\":\"\",\"publisher\":{\"@id\":\"https:\/\/www.etoro.com\/sv\/#organization\"},\"potentialAction\":[{\"@type\":\"SearchAction\",\"target\":{\"@type\":\"EntryPoint\",\"urlTemplate\":\"https:\/\/www.etoro.com\/sv\/?s={search_term_string}\"},\"query-input\":{\"@type\":\"PropertyValueSpecification\",\"valueRequired\":true,\"valueName\":\"search_term_string\"}}],\"inLanguage\":\"sv\"},[]]}<\/script>","yoast_head_json":{"title":"Guide \u2013 aktiesplit: Allt du beh\u00f6ver veta | eToro","description":"En aktiesplit \u00e4r en marknadsh\u00e4ndelse d\u00e4r ett f\u00f6retag delar upp enskilda aktier i mindre delar. L\u00e4s om varf\u00f6r detta g\u00f6rs och hur det hanteras p\u00e5 eToro.","robots":{"index":"index","follow":"follow","max-snippet":"max-snippet:-1","max-image-preview":"max-image-preview:large","max-video-preview":"max-video-preview:-1"},"canonical":"https:\/\/www.etoro.com\/sv\/wp-json\/wp\/v2\/pages\/151950","og_locale":"sv_SE","og_type":"article","og_title":"Guide \u2013 aktiesplit: Allt du beh\u00f6ver veta | eToro","og_description":"En aktiesplit \u00e4r en marknadsh\u00e4ndelse d\u00e4r ett f\u00f6retag delar upp enskilda aktier i mindre delar. L\u00e4s om varf\u00f6r detta g\u00f6rs och hur det hanteras p\u00e5 eToro.","og_url":"https:\/\/www.etoro.com\/sv\/wp-json\/wp\/v2\/pages\/151950","og_site_name":"eToro","article_publisher":"https:\/\/www.facebook.com\/eToro\/","article_modified_time":"2021-05-27T12:11:00+00:00","og_image":[{"width":1200,"height":630,"url":"https:\/\/www.etoro.com\/wp-content\/uploads\/2021\/05\/1200x630_3182.jpg","type":"image\/jpeg"}],"twitter_card":"summary_large_image","twitter_site":"@eToro","twitter_misc":{"Est. reading time":"6 minutes"},"schema":{"@context":"https:\/\/schema.org","@graph":[{"@type":"WebPage","@id":"https:\/\/www.etoro.com\/sv\/stocks\/stock-split\/","url":"https:\/\/www.etoro.com\/sv\/stocks\/stock-split\/","name":"Guide \u2013 aktiesplit: Allt du beh\u00f6ver veta | eToro","isPartOf":{"@id":"https:\/\/www.etoro.com\/sv\/#website"},"primaryImageOfPage":{"@id":"https:\/\/www.etoro.com\/sv\/stocks\/stock-split\/#primaryimage"},"image":{"@id":"https:\/\/www.etoro.com\/sv\/stocks\/stock-split\/#primaryimage"},"thumbnailUrl":"https:\/\/www.etoro.com\/wp-content\/uploads\/2021\/05\/1200x630_3182.jpg","datePublished":"2020-08-30T14:19:38+00:00","dateModified":"2021-05-27T12:11:00+00:00","description":"En aktiesplit \u00e4r en marknadsh\u00e4ndelse d\u00e4r ett f\u00f6retag delar upp enskilda aktier i mindre delar. L\u00e4s om varf\u00f6r detta g\u00f6rs och hur det hanteras p\u00e5 eToro.","breadcrumb":{"@id":"https:\/\/www.etoro.com\/sv\/stocks\/stock-split\/#breadcrumb"},"inLanguage":"sv","potentialAction":[{"@type":"ReadAction","target":["https:\/\/www.etoro.com\/sv\/stocks\/stock-split\/"]}]},{"@type":"ImageObject","inLanguage":"sv","@id":"https:\/\/www.etoro.com\/sv\/stocks\/stock-split\/#primaryimage","url":"https:\/\/www.etoro.com\/wp-content\/uploads\/2021\/05\/1200x630_3182.jpg","contentUrl":"https:\/\/www.etoro.com\/wp-content\/uploads\/2021\/05\/1200x630_3182.jpg","width":1200,"height":630},{"@type":"BreadcrumbList","@id":"https:\/\/www.etoro.com\/sv\/stocks\/stock-split\/#breadcrumb","itemListElement":[{"@type":"ListItem","position":1,"name":"Hem","item":"https:\/\/www.etoro.com\/sv\/"},{"@type":"ListItem","position":2,"name":"Aktier","item":"https:\/\/www.etoro.com\/sv\/stocks\/"},{"@type":"ListItem","position":3,"name":"Guide \u2013 aktiesplit: Vad det \u00e4r och hur det fungerar p\u00e5 eToro"}]},{"@type":"WebSite","@id":"https:\/\/www.etoro.com\/sv\/#website","url":"https:\/\/www.etoro.com\/sv\/","name":"eToro","description":"","publisher":{"@id":"https:\/\/www.etoro.com\/sv\/#organization"},"potentialAction":[{"@type":"SearchAction","target":{"@type":"EntryPoint","urlTemplate":"https:\/\/www.etoro.com\/sv\/?s={search_term_string}"},"query-input":{"@type":"PropertyValueSpecification","valueRequired":true,"valueName":"search_term_string"}}],"inLanguage":"sv"},[]]}},"_links":{"self":[{"href":"https:\/\/www.etoro.com\/sv\/wp-json\/wp\/v2\/pages\/151950"}],"collection":[{"href":"https:\/\/www.etoro.com\/sv\/wp-json\/wp\/v2\/pages"}],"about":[{"href":"https:\/\/www.etoro.com\/sv\/wp-json\/wp\/v2\/types\/page"}],"author":[{"embeddable":true,"href":"https:\/\/www.etoro.com\/sv\/wp-json\/wp\/v2\/users\/32"}],"replies":[{"embeddable":true,"href":"https:\/\/www.etoro.com\/sv\/wp-json\/wp\/v2\/comments?post=151950"}],"version-history":[{"count":0,"href":"https:\/\/www.etoro.com\/sv\/wp-json\/wp\/v2\/pages\/151950\/revisions"}],"up":[{"embeddable":true,"href":"https:\/\/www.etoro.com\/sv\/wp-json\/wp\/v2\/pages\/58956"}],"wp:featuredmedia":[{"embeddable":true,"href":"https:\/\/www.etoro.com\/sv\/wp-json\/wp\/v2\/media\/220222"}],"wp:attachment":[{"href":"https:\/\/www.etoro.com\/sv\/wp-json\/wp\/v2\/media?parent=151950"}],"wp:term":[{"taxonomy":"asset_type","embeddable":true,"href":"https:\/\/www.etoro.com\/sv\/wp-json\/wp\/v2\/asset_type?post=151950"}],"curies":[{"name":"wp","href":"https:\/\/api.w.org\/{rel}","templated":true}]}}