{"id":167965,"date":"2020-10-15T10:30:40","date_gmt":"2020-10-15T07:30:40","guid":{"rendered":"http:\/\/www.etoro.com\/investing\/insurance\/"},"modified":"2025-04-23T02:56:54","modified_gmt":"2025-04-22T23:56:54","slug":"insurance","status":"publish","type":"page","link":"https:\/\/www.etoro.com\/sv\/investing\/insurance\/","title":{"rendered":"F\u00f6rs\u00e4kring"},"content":{"rendered":"\n<section class=\"wp-block-group wp-block-group-boxed has-white-background-color has-background\"><div class=\"wp-block-group-inner is-layout-flow wp-block-group-is-layout-flow\">\n<div class=\"wp-block-columns are-vertically-aligned-top wp-block-columns-1 is-layout-flex wp-container-core-columns-is-layout-1 wp-block-columns-is-layout-flex\">\n<div class=\"wp-block-column is-layout-flow wp-block-column-is-layout-flow\">\n<h2 class=\"wp-block-heading\">F\u00f6rs\u00e4kring<\/h2>\n\n\n\n<p>Vissa eToro-enheter erbjuder ber\u00e4ttigade kunder kostnadsfria f\u00f6rs\u00e4kringar som k\u00f6pts fr\u00e5n Lloyd&#8217;s of London, en av v\u00e4rldens ledande leverant\u00f6rer av specialistf\u00f6rs\u00e4kringar, som ger t\u00e4ckning p\u00e5 upp till 1 miljon EUR, AUD eller USD (beroende p\u00e5 region).<\/p>\n\n\n\n<p><strong>Den kostnadsfria f\u00f6rs\u00e4kringen \u00e4r endast tillg\u00e4nglig f\u00f6r Platinum-, Platinum+- och Diamond Club-medlemmar, som \u00e4r <a href=\"https:\/\/www.etoro.com\/sv\/about\/clubs\/\">kunder<\/a> hos eToro (Europe) Ltd., eToro AUS Capital Ltd., eToro (ME) Ltd. och eToro (Seychellerna) Ltd.<\/strong><\/p>\n\n\n\n<ul class=\"wp-block-list wp-block-list wp-block-list-circle\">\n<li>F\u00f6rs\u00e4kringen t\u00e4cker anspr\u00e5k fr\u00e5n ber\u00e4ttigade kunder som lider f\u00f6rluster p\u00e5 grund av den osannolika h\u00e4ndelsen av eToros insolvens och i h\u00e4ndelse av tj\u00e4nstefel (enligt definitionen i&nbsp;<a href=\"https:\/\/www.etoro.com\/wp-content\/uploads\/2022\/11\/Insurance-Disclosure-to-Clients-2022-.docx.pdf\">till\u00e4mplig policy<\/a>).<\/li>\n\n\n\n<li>F\u00f6rs\u00e4kringen t\u00e4cker: (i) upp till 1 miljon EUR, AUD eller USD (beroende p\u00e5 den reglerade enheten); (ii) upp till den sammanlagda gr\u00e4nsen som k\u00f6pts av eToro; och (iii) med f\u00f6rbeh\u00e5ll f\u00f6r ett sj\u00e4lvriskbelopp (enligt definitionen i till\u00e4mplig <a href=\"https:\/\/etoro.com\/wp-content\/uploads\/2023\/01\/Insurance-Disclosure-to-Clients-2022-.docx.pdf\" rel=\"nofollow noopener noreferrer\" >policy<\/a>).<\/li>\n\n\n\n<li>M\u00e5ste \u00f6verstiga ett initialt belopp p\u00e5 20 000 EUR, AUD eller USD.<\/li>\n\n\n\n<li>F\u00f6rs\u00e4kringen t\u00e4cker kontanter, alla CFD-positioner och v\u00e4rdepapper. Observera att RIKTIGA kryptovalutapositioner inte t\u00e4cks av f\u00f6rs\u00e4kringen, som anges i till\u00e4mplig&nbsp;<a href=\"https:\/\/www.etoro.com\/wp-content\/uploads\/2022\/11\/Insurance-Disclosure-to-Clients-2022-.docx.pdf\">policy<\/a>.<\/li>\n<\/ul>\n<\/div>\n<\/div>\n<\/div><\/section>\n\n\n\n<section class=\"wp-block-group wp-block-group-boxed has-dark-blue-background-color has-background\"><div class=\"wp-block-group-inner is-layout-flow wp-block-group-is-layout-flow\">\n<div class=\"wp-block-columns are-vertically-aligned-center wp-block-columns-2 is-layout-flex wp-container-core-columns-is-layout-2 wp-block-columns-is-layout-flex\">\n<div class=\"wp-block-column is-layout-flow wp-block-column-is-layout-flow\">\n<figure class=\"wp-block-image size-full\"><img loading=\"lazy\" decoding=\"async\" width=\"577\" height=\"375\" src=\"https:\/\/www.etoro.com\/wp-content\/uploads\/2025\/04\/Three-layer-protection.png\" alt=\"\" class=\"wp-image-1048942 wp-image-desktop\" srcset=\"https:\/\/www.etoro.com\/wp-content\/uploads\/2025\/04\/Three-layer-protection.png 577w, https:\/\/www.etoro.com\/wp-content\/uploads\/2025\/04\/Three-layer-protection-300x195.png 300w\" sizes=\"(max-width: 577px) 100vw, 577px\" \/><\/figure>\n<\/div>\n\n\n\n<div class=\"wp-block-column is-text-column is-layout-flow wp-block-column-is-layout-flow\">\n<h2 class=\"wp-block-heading\"><strong>Tre lager av skydd<\/strong><\/h2>\n\n\n\n<p>Om eToro mot f\u00f6rmodan skulle bli insolvent har ber\u00e4ttigade kunder* till eToro (Europe) Ltd., eToro AUS Capital Ltd., eToro (ME) Ltd. och eToro (Seychelles) Ltd. tre skyddslager.<\/p>\n\n\n\n<ul class=\"wp-block-list wp-block-list wp-block-list-circle\">\n<li>I fall av insolvens kommer den tilldelade likvidatorn att hantera eToros f\u00f6rdelning av tillg\u00e5ngar och medel mellan sina kunder, om till\u00e4mpligt.<\/li>\n\n\n\n<li>Regulatoriskt skydd: F\u00f6r kunder hos eToro (Europe) Ltd. (regleras av CySEC) g\u00e4ller vissa regulatoriska system (ICF), som kompenserar kunder i h\u00e4ndelse av insolvens och en brist p\u00e5 klientmedel p\u00e5 upp till 20 000 USD.<\/li>\n\n\n\n<li>Privat f\u00f6rs\u00e4kring: Denna investeringsf\u00f6rs\u00e4kring tillhandah\u00e5lls av Lloyd&#8217;s of London och t\u00e4cker f\u00f6rluster p\u00e5 grund av insolvens, med f\u00f6rbeh\u00e5ll f\u00f6r ett sj\u00e4lvriskbelopp, och upp till 1 miljon EUR\/AUD\/USD per kund* enligt beskrivningen ovan.<\/li>\n<\/ul>\n\n\n\n<p class=\"is-style-disclaimer\">*Den kostnadsfria f\u00f6rs\u00e4kringen \u00e4r endast tillg\u00e4nglig f\u00f6r Platinum-, Platinum+- och Diamond Club-medlemmar, som \u00e4r <a href=\"https:\/\/www.etoro.com\/sv\/about\/clubs\/\">kunder<\/a> hos eToro (Europe) Ltd., eToro AUS Capital Ltd., eToro (ME) Ltd. och eToro (Seychellerna) Ltd.<\/p>\n<\/div>\n<\/div>\n<\/div><\/section>\n\n\n\n<section class=\"wp-block-group wp-block-group-boxed\"><div class=\"wp-block-group-inner is-layout-flow wp-block-group-is-layout-flow\">\n<div class=\"wp-block-columns are-vertically-aligned-top wp-block-columns-1 is-layout-flex wp-container-core-columns-is-layout-3 wp-block-columns-is-layout-flex\">\n<div class=\"wp-block-column is-layout-flow wp-block-column-is-layout-flow\">\n<h2 class=\"wp-block-heading has-text-align-center\"><strong>eToro erbjuder ytterligare tj\u00e4nster, som:<\/strong><\/h2>\n<\/div>\n<\/div>\n<\/div><\/section>\n\n\n\n<section class=\"wp-block-group wp-block-group-boxed has-white-background-color has-background\"><div class=\"wp-block-group-inner is-layout-flow wp-block-group-is-layout-flow\">\n<div class=\"wp-block-columns are-vertically-aligned-center wp-block-columns-2 is-swapped-on-mobile is-layout-flex wp-container-core-columns-is-layout-4 wp-block-columns-is-layout-flex\">\n<div class=\"wp-block-column is-layout-flow wp-block-column-is-layout-flow\">\n<h2 class=\"wp-block-heading\">Dina pengar f\u00f6rvaras p\u00e5 ett segregerat konto<\/h2>\n\n\n\n<p>eToros h\u00f6gsta prioritet \u00e4r att h\u00e5lla sina kunder och kundernas pengar trygga och s\u00e4kra. Av denna anledning f\u00f6rvaras vartenda \u00f6re som satts in av en kund p\u00e5 ett separat, segregerat konto. Detta inneb\u00e4r att dina pengar \u00e4r s\u00e4kra \u00e4ven om eToro mot all f\u00f6rmodan skulle bli insolvent.<\/p>\n<\/div>\n\n\n\n<div class=\"wp-block-column is-layout-flow wp-block-column-is-layout-flow\">\n<figure class=\"wp-block-image size-full\"><img loading=\"lazy\" decoding=\"async\" width=\"578\" height=\"375\" src=\"https:\/\/www.etoro.com\/wp-content\/uploads\/2025\/04\/Segregated-Account.png\" alt=\"\" class=\"wp-image-1048971 wp-image-desktop\" srcset=\"https:\/\/www.etoro.com\/wp-content\/uploads\/2025\/04\/Segregated-Account.png 578w, https:\/\/www.etoro.com\/wp-content\/uploads\/2025\/04\/Segregated-Account-300x195.png 300w\" sizes=\"(max-width: 578px) 100vw, 578px\" \/><\/figure>\n<\/div>\n<\/div>\n<\/div><\/section>\n\n\n\n<section class=\"wp-block-group wp-block-group-boxed has-white-background-color has-background\"><div class=\"wp-block-group-inner is-layout-flow wp-block-group-is-layout-flow\">\n<div class=\"wp-block-columns are-vertically-aligned-center wp-block-columns-2 is-layout-flex wp-container-core-columns-is-layout-5 wp-block-columns-is-layout-flex\">\n<div class=\"wp-block-column is-layout-flow wp-block-column-is-layout-flow\">\n<figure class=\"wp-block-image size-full\"><img loading=\"lazy\" decoding=\"async\" width=\"576\" height=\"394\" src=\"https:\/\/www.etoro.com\/wp-content\/uploads\/2025\/04\/100-K-Demo-account.png\" alt=\"\" class=\"wp-image-1049040 wp-image-desktop\" srcset=\"https:\/\/www.etoro.com\/wp-content\/uploads\/2025\/04\/100-K-Demo-account.png 576w, https:\/\/www.etoro.com\/wp-content\/uploads\/2025\/04\/100-K-Demo-account-300x205.png 300w\" sizes=\"(max-width: 576px) 100vw, 576px\" \/><\/figure>\n<\/div>\n\n\n\n<div class=\"wp-block-column is-layout-flow wp-block-column-is-layout-flow\">\n<h2 class=\"wp-block-heading\">GRATIS demokonto med 100 000 dollar<\/h2>\n\n\n\n<p>Utforska hur enkel och anv\u00e4ndarv\u00e4nlig eToro-plattformen \u00e4r med ett GRATIS demokonto med 100 000 dollar. \u00d6ppna och st\u00e4ng aff\u00e4rer, bygg din virtuella portf\u00f6lj med&nbsp;<a href=\"https:\/\/etoro.com\/sv\/stocks\/\" rel=\"nofollow noopener noreferrer\" >aktier<\/a>,&nbsp;och andra tillg\u00e5ngstyper och finslipa dina handels- och investeringskunskaper.<\/p>\n<\/div>\n<\/div>\n<\/div><\/section>\n\n\n\n<section class=\"wp-block-group wp-block-group-boxed has-white-background-color has-background\"><div class=\"wp-block-group-inner is-layout-flow wp-block-group-is-layout-flow\">\n<div class=\"wp-block-columns are-vertically-aligned-top wp-block-columns-1 is-layout-flex wp-container-core-columns-is-layout-6 wp-block-columns-is-layout-flex\">\n<div class=\"wp-block-column is-layout-flow wp-block-column-is-layout-flow\">\n<p class=\"has-text-align-center\">Regler och villkor g\u00e4ller. Mer information finns i eToros\u00a0<a href=\"https:\/\/www.etoro.com\/wp-content\/uploads\/2025\/02\/Insurance-Disclosure-to-Clients-2025.pdf\" target=\"_blank\" rel=\"noreferrer noopener\">f\u00f6rs\u00e4kringsvillkor<\/a>.<\/p>\n\n\n\n<div class=\"wp-block-buttons is-content-justification-center is-layout-flex wp-container-core-buttons-is-layout-1 wp-block-buttons-is-layout-flex\">\n<a class=\"e-cta e-cta-primary\" href=\"https:\/\/www.etoro.com\/sv\/accounts\/sign-up\">Kom ig\u00e5ng<\/a>\n<\/div>\n<\/div>\n<\/div>\n<\/div><\/section>\n\n\n\n<section class=\"wp-block-group wp-block-group-boxed has-white-background-color has-background\"><div class=\"wp-block-group-inner is-layout-flow wp-block-group-is-layout-flow\">\n<div class=\"wp-block-columns are-vertically-aligned-top wp-block-columns-1 is-layout-flex wp-container-core-columns-is-layout-7 wp-block-columns-is-layout-flex\">\n<div class=\"wp-block-column is-layout-flow wp-block-column-is-layout-flow\">\n<h2 class=\"wp-block-heading has-text-align-center\">eToro f\u00f6rs\u00e4kring \u2013 Vanliga fr\u00e5gor<\/h2>\n\n\n\n<dl class=\"wp-block-etoro-faq\">\n<div class=\"wp-block-etoro-faq-item\"><dt class=\"wp-block-etoro-faq-item-question\">Vilka produkter omfattas av f\u00f6rs\u00e4kringen?<\/dt><dd class=\"wp-block-etoro-faq-item-answer\">\n<p>F\u00f6rs\u00e4kringen t\u00e4cker kontanter, alla CFD-positioner och v\u00e4rdepapper. Observera att RIKTIGA kryptovalutapositioner (icke-CFD) inte t\u00e4cks av investeringsf\u00f6rs\u00e4kringen.<\/p>\n<\/dd><\/div>\n\n\n\n<div class=\"wp-block-etoro-faq-item\"><dt class=\"wp-block-etoro-faq-item-question\">Vem t\u00e4cks av f\u00f6rs\u00e4kringen?<\/dt><dd class=\"wp-block-etoro-faq-item-answer\">\n<p>F\u00f6rs\u00e4kringen \u00e4r endast tillg\u00e4nglig f\u00f6r Platinum-, Platinum+- och Diamond Club-medlemmar, som \u00e4r <a href=\"https:\/\/etoro.com\/sv\/about\/club\/\" rel=\"nofollow noopener noreferrer\" >kunder<\/a> hos eToro (Europe) Ltd., eToro AUS Capital Ltd., eToro (ME) Ltd. och eToro (Seychellerna) Ltd.<\/p>\n<\/dd><\/div>\n\n\n\n<div class=\"wp-block-etoro-faq-item\"><dt class=\"wp-block-etoro-faq-item-question\">Har den ett utg\u00e5ngsdatum?<\/dt><dd class=\"wp-block-etoro-faq-item-answer\">\n<p>Nej. F\u00f6rs\u00e4kringen kan dock dras tillbaka efter eToros gottfinnande n\u00e4r som helst i framtiden. Meddelande p\u00e5 f\u00f6rhand kr\u00e4vs inte.<\/p>\n<\/dd><\/div>\n\n\n\n<div class=\"wp-block-etoro-faq-item\"><dt class=\"wp-block-etoro-faq-item-question\">N\u00e4r kommer f\u00f6rs\u00e4kringen att l\u00f6sas ut?<\/dt><dd class=\"wp-block-etoro-faq-item-answer\">\n<p>F\u00f6rs\u00e4kringen kan utl\u00f6sas i den osannolika h\u00e4ndelsen att eToro blir insolvent.<\/p>\n<\/dd><\/div>\n\n\n\n<div class=\"wp-block-etoro-faq-item\"><dt class=\"wp-block-etoro-faq-item-question\">Hur innehar eToro mina pengar?<\/dt><dd class=\"wp-block-etoro-faq-item-answer\">\n<p>F\u00f6r att skydda dina pengar f\u00f6rvarar eToro dem p\u00e5 ett helt separat konto i en f\u00f6rstklassig bank eller kvalificerad penningmarknadsfond.<\/p>\n<\/dd><\/div>\n<\/dl>\n<\/div>\n<\/div>\n<\/div><\/section>\n","protected":false},"excerpt":{"rendered":"<p>F\u00f6rs\u00e4kring Vissa eToro-enheter erbjuder ber\u00e4ttigade kunder kostnadsfria f\u00f6rs\u00e4kringar som k\u00f6pts fr\u00e5n Lloyd&#8217;s of London, en av v\u00e4rldens ledande leverant\u00f6rer av specialistf\u00f6rs\u00e4kringar, som ger t\u00e4ckning p\u00e5 upp till 1 miljon EUR, AUD eller USD (beroende p\u00e5 region). Den kostnadsfria f\u00f6rs\u00e4kringen \u00e4r endast tillg\u00e4nglig f\u00f6r Platinum-, Platinum+- och Diamond Club-medlemmar, som \u00e4r kunder hos eToro (Europe) Ltd.,&hellip;<\/p>\n","protected":false},"author":39,"featured_media":0,"parent":19771,"menu_order":500,"comment_status":"closed","ping_status":"closed","template":"","meta":{"_acf_changed":true,"inline_featured_image":false,"sticky_cta_settings":"","footnotes":""},"asset_type":[],"class_list":["post-167965","page","type-page","status-publish","hentry"],"acf":[],"yoast_head":"<title>GRATIS investeringsf\u00f6rs\u00e4kring f\u00f6r eToro-kunder<\/title>\n<meta name=\"description\" content=\"Dra nytta av ett extra lager av skydd: eToro erbjuder en GRATIS f\u00f6rs\u00e4kring p\u00e5 upp till 1 miljon EUR\/GBP\/AUD, beroende p\u00e5 reglering.\" \/>\n<meta name=\"robots\" content=\"noindex, follow\" \/>\n<meta property=\"og:locale\" content=\"sv_SE\" \/>\n<meta property=\"og:type\" content=\"article\" \/>\n<meta property=\"og:title\" content=\"GRATIS investeringsf\u00f6rs\u00e4kring f\u00f6r eToro-kunder\" \/>\n<meta property=\"og:description\" content=\"Dra nytta av ett extra lager av skydd: eToro erbjuder en GRATIS f\u00f6rs\u00e4kring p\u00e5 upp till 1 miljon EUR\/GBP\/AUD, beroende p\u00e5 reglering.\" \/>\n<meta property=\"og:url\" content=\"https:\/\/www.etoro.com\/sv\/wp-json\/wp\/v2\/pages\/167965\" \/>\n<meta property=\"og:site_name\" content=\"eToro\" \/>\n<meta property=\"article:publisher\" content=\"https:\/\/www.facebook.com\/eToro\/\" \/>\n<meta property=\"article:modified_time\" content=\"2025-04-22T23:56:54+00:00\" \/>\n<meta property=\"og:image\" content=\"https:\/\/www.etoro.com\/wp-content\/uploads\/2025\/04\/Three-layer-protection.png\" \/>\n\t<meta property=\"og:image:width\" content=\"577\" \/>\n\t<meta property=\"og:image:height\" content=\"375\" \/>\n\t<meta property=\"og:image:type\" content=\"image\/png\" \/>\n<meta name=\"twitter:card\" content=\"summary_large_image\" \/>\n<meta name=\"twitter:site\" content=\"@eToro\" \/>\n<meta name=\"twitter:label1\" content=\"Est. reading time\" \/>\n\t<meta name=\"twitter:data1\" content=\"3 minutes\" \/>\n<script type=\"application\/ld+json\" class=\"yoast-schema-graph\">{\"@context\":\"https:\/\/schema.org\",\"@graph\":[{\"@type\":\"WebPage\",\"@id\":\"https:\/\/www.etoro.com\/sv\/investing\/insurance\/\",\"url\":\"https:\/\/www.etoro.com\/sv\/investing\/insurance\/\",\"name\":\"GRATIS investeringsf\u00f6rs\u00e4kring f\u00f6r eToro-kunder\",\"isPartOf\":{\"@id\":\"https:\/\/www.etoro.com\/sv\/#website\"},\"primaryImageOfPage\":{\"@id\":\"https:\/\/www.etoro.com\/sv\/investing\/insurance\/#primaryimage\"},\"image\":{\"@id\":\"https:\/\/www.etoro.com\/sv\/investing\/insurance\/#primaryimage\"},\"thumbnailUrl\":\"https:\/\/www.etoro.com\/wp-content\/uploads\/2025\/04\/Three-layer-protection.png\",\"datePublished\":\"2020-10-15T07:30:40+00:00\",\"dateModified\":\"2025-04-22T23:56:54+00:00\",\"description\":\"Dra nytta av ett extra lager av skydd: eToro erbjuder en GRATIS f\u00f6rs\u00e4kring p\u00e5 upp till 1 miljon EUR\/GBP\/AUD, beroende p\u00e5 reglering.\",\"breadcrumb\":{\"@id\":\"https:\/\/www.etoro.com\/sv\/investing\/insurance\/#breadcrumb\"},\"inLanguage\":\"sv\",\"potentialAction\":[{\"@type\":\"ReadAction\",\"target\":[\"https:\/\/www.etoro.com\/sv\/investing\/insurance\/\"]}]},{\"@type\":\"ImageObject\",\"inLanguage\":\"sv\",\"@id\":\"https:\/\/www.etoro.com\/sv\/investing\/insurance\/#primaryimage\",\"url\":\"https:\/\/www.etoro.com\/wp-content\/uploads\/2025\/04\/Three-layer-protection.png\",\"contentUrl\":\"https:\/\/www.etoro.com\/wp-content\/uploads\/2025\/04\/Three-layer-protection.png\"},{\"@type\":\"BreadcrumbList\",\"@id\":\"https:\/\/www.etoro.com\/sv\/investing\/insurance\/#breadcrumb\",\"itemListElement\":[{\"@type\":\"ListItem\",\"position\":1,\"name\":\"Hem\",\"item\":\"https:\/\/www.etoro.com\/sv\/\"},{\"@type\":\"ListItem\",\"position\":2,\"name\":\"Investera\",\"item\":\"https:\/\/www.etoro.com\/sv\/investing\/\"},{\"@type\":\"ListItem\",\"position\":3,\"name\":\"F\u00f6rs\u00e4kring\"}]},{\"@type\":\"WebSite\",\"@id\":\"https:\/\/www.etoro.com\/sv\/#website\",\"url\":\"https:\/\/www.etoro.com\/sv\/\",\"name\":\"eToro\",\"description\":\"\",\"publisher\":{\"@id\":\"https:\/\/www.etoro.com\/sv\/#organization\"},\"potentialAction\":[{\"@type\":\"SearchAction\",\"target\":{\"@type\":\"EntryPoint\",\"urlTemplate\":\"https:\/\/www.etoro.com\/sv\/?s={search_term_string}\"},\"query-input\":{\"@type\":\"PropertyValueSpecification\",\"valueRequired\":true,\"valueName\":\"search_term_string\"}}],\"inLanguage\":\"sv\"},[]]}<\/script>","yoast_head_json":{"title":"GRATIS investeringsf\u00f6rs\u00e4kring f\u00f6r eToro-kunder","description":"Dra nytta av ett extra lager av skydd: eToro erbjuder en GRATIS f\u00f6rs\u00e4kring p\u00e5 upp till 1 miljon EUR\/GBP\/AUD, beroende p\u00e5 reglering.","robots":{"index":"noindex","follow":"follow"},"og_locale":"sv_SE","og_type":"article","og_title":"GRATIS investeringsf\u00f6rs\u00e4kring f\u00f6r eToro-kunder","og_description":"Dra nytta av ett extra lager av skydd: eToro erbjuder en GRATIS f\u00f6rs\u00e4kring p\u00e5 upp till 1 miljon EUR\/GBP\/AUD, beroende p\u00e5 reglering.","og_url":"https:\/\/www.etoro.com\/sv\/wp-json\/wp\/v2\/pages\/167965","og_site_name":"eToro","article_publisher":"https:\/\/www.facebook.com\/eToro\/","article_modified_time":"2025-04-22T23:56:54+00:00","og_image":[{"width":577,"height":375,"url":"https:\/\/www.etoro.com\/wp-content\/uploads\/2025\/04\/Three-layer-protection.png","type":"image\/png"}],"twitter_card":"summary_large_image","twitter_site":"@eToro","twitter_misc":{"Est. reading time":"3 minutes"},"schema":{"@context":"https:\/\/schema.org","@graph":[{"@type":"WebPage","@id":"https:\/\/www.etoro.com\/sv\/investing\/insurance\/","url":"https:\/\/www.etoro.com\/sv\/investing\/insurance\/","name":"GRATIS investeringsf\u00f6rs\u00e4kring f\u00f6r eToro-kunder","isPartOf":{"@id":"https:\/\/www.etoro.com\/sv\/#website"},"primaryImageOfPage":{"@id":"https:\/\/www.etoro.com\/sv\/investing\/insurance\/#primaryimage"},"image":{"@id":"https:\/\/www.etoro.com\/sv\/investing\/insurance\/#primaryimage"},"thumbnailUrl":"https:\/\/www.etoro.com\/wp-content\/uploads\/2025\/04\/Three-layer-protection.png","datePublished":"2020-10-15T07:30:40+00:00","dateModified":"2025-04-22T23:56:54+00:00","description":"Dra nytta av ett extra lager av skydd: eToro erbjuder en GRATIS f\u00f6rs\u00e4kring p\u00e5 upp till 1 miljon EUR\/GBP\/AUD, beroende p\u00e5 reglering.","breadcrumb":{"@id":"https:\/\/www.etoro.com\/sv\/investing\/insurance\/#breadcrumb"},"inLanguage":"sv","potentialAction":[{"@type":"ReadAction","target":["https:\/\/www.etoro.com\/sv\/investing\/insurance\/"]}]},{"@type":"ImageObject","inLanguage":"sv","@id":"https:\/\/www.etoro.com\/sv\/investing\/insurance\/#primaryimage","url":"https:\/\/www.etoro.com\/wp-content\/uploads\/2025\/04\/Three-layer-protection.png","contentUrl":"https:\/\/www.etoro.com\/wp-content\/uploads\/2025\/04\/Three-layer-protection.png"},{"@type":"BreadcrumbList","@id":"https:\/\/www.etoro.com\/sv\/investing\/insurance\/#breadcrumb","itemListElement":[{"@type":"ListItem","position":1,"name":"Hem","item":"https:\/\/www.etoro.com\/sv\/"},{"@type":"ListItem","position":2,"name":"Investera","item":"https:\/\/www.etoro.com\/sv\/investing\/"},{"@type":"ListItem","position":3,"name":"F\u00f6rs\u00e4kring"}]},{"@type":"WebSite","@id":"https:\/\/www.etoro.com\/sv\/#website","url":"https:\/\/www.etoro.com\/sv\/","name":"eToro","description":"","publisher":{"@id":"https:\/\/www.etoro.com\/sv\/#organization"},"potentialAction":[{"@type":"SearchAction","target":{"@type":"EntryPoint","urlTemplate":"https:\/\/www.etoro.com\/sv\/?s={search_term_string}"},"query-input":{"@type":"PropertyValueSpecification","valueRequired":true,"valueName":"search_term_string"}}],"inLanguage":"sv"},[]]}},"_links":{"self":[{"href":"https:\/\/www.etoro.com\/sv\/wp-json\/wp\/v2\/pages\/167965"}],"collection":[{"href":"https:\/\/www.etoro.com\/sv\/wp-json\/wp\/v2\/pages"}],"about":[{"href":"https:\/\/www.etoro.com\/sv\/wp-json\/wp\/v2\/types\/page"}],"author":[{"embeddable":true,"href":"https:\/\/www.etoro.com\/sv\/wp-json\/wp\/v2\/users\/39"}],"replies":[{"embeddable":true,"href":"https:\/\/www.etoro.com\/sv\/wp-json\/wp\/v2\/comments?post=167965"}],"version-history":[{"count":0,"href":"https:\/\/www.etoro.com\/sv\/wp-json\/wp\/v2\/pages\/167965\/revisions"}],"up":[{"embeddable":true,"href":"https:\/\/www.etoro.com\/sv\/wp-json\/wp\/v2\/pages\/19771"}],"wp:attachment":[{"href":"https:\/\/www.etoro.com\/sv\/wp-json\/wp\/v2\/media?parent=167965"}],"wp:term":[{"taxonomy":"asset_type","embeddable":true,"href":"https:\/\/www.etoro.com\/sv\/wp-json\/wp\/v2\/asset_type?post=167965"}],"curies":[{"name":"wp","href":"https:\/\/api.w.org\/{rel}","templated":true}]}}