{"id":251834,"date":"2021-06-06T15:06:14","date_gmt":"2021-06-06T12:06:14","guid":{"rendered":"https:\/\/www.etoro.com\/customer-service\/accessibility\/"},"modified":"2024-12-19T17:49:20","modified_gmt":"2024-12-19T15:49:20","slug":"accessibility","status":"publish","type":"page","link":"https:\/\/www.etoro.com\/sv\/customer-service\/accessibility\/","title":{"rendered":"Vi tar \u00e5tkomligheten p\u00e5 st\u00f6rsta allvar"},"content":{"rendered":"\n<section class=\"wp-block-group wp-block-group-boxed has-white-background-color has-background\"><div class=\"wp-block-group-inner is-layout-flow wp-block-group-is-layout-flow\">\n<div class=\"wp-block-columns are-vertically-aligned-top wp-block-columns-1 is-layout-flex wp-container-core-columns-is-layout-1 wp-block-columns-is-layout-flex\">\n<div class=\"wp-block-column is-layout-flow wp-block-column-is-layout-flow\">\n<p class=\"has-text-align-center\">H\u00e4r hos eToro str\u00e4var vi efter att g\u00f6ra v\u00e5r webbplats och v\u00e5ra applikationer mer \u00e5tkomliga.<\/p>\n\n\n\n<p class=\"has-text-align-center\">H\u00e4r \u00e4r n\u00e5gra tips p\u00e5 hur du g\u00f6r det enklare att anv\u00e4nda v\u00e5ra tj\u00e4nster utefter dina \u00e5tkomlighetsbehov.<\/p>\n<\/div>\n<\/div>\n<\/div><\/section>\n\n\n\n<section class=\"wp-block-group wp-block-group-boxed\"><div class=\"wp-block-group-inner is-layout-flow wp-block-group-is-layout-flow\">\n<div class=\"wp-block-columns are-vertically-aligned-center wp-block-columns-2 is-layout-flex wp-container-core-columns-is-layout-2 wp-block-columns-is-layout-flex\">\n<div class=\"wp-block-column is-layout-flow wp-block-column-is-layout-flow\">\n<h2 class=\"wp-block-heading\"><span>eToros webbplats<\/span><\/h2>\n\n\n\n<p>Du kan konfigurera inneh\u00e5llet p\u00e5 v\u00e5r webbplats f\u00f6r att g\u00f6ra det mer l\u00e4sbart genom att trycka p\u00e5 \u00e5tkomlighets-widgeten i nedre h\u00f6gra h\u00f6rnet av sidan. Det finns m\u00e5nga funktioner tillg\u00e4ngliga f\u00f6r att skr\u00e4ddarsy texten och bilderna efter dina specifika behov.<\/p>\n\n\n\n<p>Widgeten l\u00e5ter dig st\u00e4lla in f\u00f6ljande profiler f\u00f6r att hj\u00e4lpa dig anpassa v\u00e5ra webbplats:<\/p>\n\n\n\n<ul class=\"wp-block-list wp-block-list wp-block-list-circle\">\n<li>Seizure Safe-profilen: eliminerar blixtar och reducerar f\u00e4rg<\/li>\n\n\n\n<li>Vision Impaired-profilen: f\u00f6rst\u00e4rker v\u00e5r webbplats visuella delar<\/li>\n\n\n\n<li>Cognitive Disability-profilen: hj\u00e4lper till med l\u00e4sning och fokusering<\/li>\n\n\n\n<li>ADHD Friendly-profilen: tillhandah\u00e5ller mer fokus och f\u00e4rre distraktioner<\/li>\n\n\n\n<li>Blinda anv\u00e4ndare (sk\u00e4rml\u00e4sare): l\u00e5ter dig l\u00e4sa v\u00e5r webbplats med din sk\u00e4rml\u00e4sare<\/li>\n\n\n\n<li>Tangentbordsnavigering (Motor): tillhandah\u00e5ller \u00e5tkomst till v\u00e5r webbplats via tangentbordet<\/li>\n<\/ul>\n<\/div>\n\n\n\n<div class=\"wp-block-column is-layout-flow wp-block-column-is-layout-flow\">\n<figure class=\"wp-block-image size-full\"><img loading=\"lazy\" decoding=\"async\" width=\"374\" height=\"419\" src=\"https:\/\/www.etoro.com\/wp-content\/uploads\/2024\/12\/The-eToro-website.png\" alt=\"\" class=\"wp-image-973444 wp-image-desktop\" srcset=\"https:\/\/www.etoro.com\/wp-content\/uploads\/2024\/12\/The-eToro-website.png 374w, https:\/\/www.etoro.com\/wp-content\/uploads\/2024\/12\/The-eToro-website-268x300.png 268w\" sizes=\"(max-width: 374px) 100vw, 374px\" \/><\/figure>\n<\/div>\n<\/div>\n<\/div><\/section>\n\n\n\n<section class=\"wp-block-group wp-block-group-boxed has-white-background-color has-background\"><div class=\"wp-block-group-inner is-layout-flow wp-block-group-is-layout-flow\">\n<div class=\"wp-block-columns are-vertically-aligned-top wp-block-columns-1 is-layout-flex wp-container-core-columns-is-layout-3 wp-block-columns-is-layout-flex\">\n<div class=\"wp-block-column is-layout-flow wp-block-column-is-layout-flow\">\n<h2 class=\"wp-block-heading\"><span>eToros investeringsplattform<\/span><\/h2>\n<\/div>\n<\/div>\n\n\n\n<hr class=\"wp-block-separator wp-block-separator-color-dark-grey wp-block-separator-spaces-small wp-block-separator-weight-1\"\/>\n\n\n\n<p>N\u00e4r du loggar in kan du anv\u00e4nda dina enhetsinst\u00e4llningar f\u00f6r att g\u00f6ra upplevelsen mer \u00e5tkomlig. Detta varierar beroende p\u00e5 om du anv\u00e4nder v\u00e5r mobil-app eller en webbl\u00e4sare, s\u00e5v\u00e4l som vilken enhet du anv\u00e4nder.<\/p>\n<\/div><\/section>\n\n\n\n<section class=\"wp-block-group wp-block-group-boxed has-dark-blue-background-color has-background\"><div class=\"wp-block-group-inner is-layout-flow wp-block-group-is-layout-flow\">\n<div class=\"wp-block-columns are-vertically-aligned-top wp-block-columns-1 is-layout-flex wp-container-core-columns-is-layout-4 wp-block-columns-is-layout-flex\">\n<div class=\"wp-block-column is-layout-flow wp-block-column-is-layout-flow\">\n<h2 class=\"wp-block-heading\"><span>Mobil-appinst\u00e4llningar<\/span><\/h2>\n<\/div>\n<\/div>\n\n\n\n<p>eToro erbjuder n\u00e5gra funktioner som kan f\u00f6rb\u00e4ttra din upplevelse n\u00e4r du anv\u00e4nder appen:<\/p>\n\n\n\n<ul class=\"wp-block-list wp-block-list wp-block-list-circle\">\n<li>Face ID f\u00f6r att logga in s\u00e4kert och enkelt<\/li>\n\n\n\n<li>En-klicks investering f\u00f6r enklare orderutf\u00f6rande<\/li>\n\n\n\n<li>V\u00e4lja din standardsk\u00e4rm efter inloggning f\u00f6r enklare \u00e5tkomst<\/li>\n<\/ul>\n\n\n\n<p>Alla dessa finns tillg\u00e4ngliga p\u00e5&nbsp;<a href=\"https:\/\/www.etoro.com\/settings\/\">inst\u00e4llnings<\/a>-sk\u00e4rmen inne i eToro-appen.<\/p>\n<\/div><\/section>\n\n\n\n<section class=\"wp-block-group wp-block-group-boxed\"><div class=\"wp-block-group-inner is-layout-flow wp-block-group-is-layout-flow\">\n<div class=\"wp-block-columns are-vertically-aligned-top wp-block-columns-1 is-layout-flex wp-container-core-columns-is-layout-5 wp-block-columns-is-layout-flex\">\n<div class=\"wp-block-column is-layout-flow wp-block-column-is-layout-flow\">\n<h2 class=\"wp-block-heading\"><span>iOS<\/span><\/h2>\n<\/div>\n<\/div>\n\n\n\n<hr class=\"wp-block-separator wp-block-separator-color-dark-grey wp-block-separator-spaces-small wp-block-separator-weight-1\"\/>\n\n\n\n<p>Apple erbjuder m\u00e5nga \u00e5tkomlighetsfunktioner f\u00f6r anv\u00e4ndare av deras ioS-mobiloperativsystem, inklusive:<\/p>\n\n\n\n<ul class=\"wp-block-list wp-block-list wp-block-list-circle\">\n<li>Text till tal (R\u00f6stkontroll): l\u00e4r dig hur,\u00a0<a href=\"https:\/\/support.apple.com\/en-us\/HT210417\" target=\"_blank\" rel=\"noreferrer noopener\">h\u00e4r<\/a>\u00a0och\u00a0<a href=\"https:\/\/support.apple.com\/guide\/iphone\/turn-on-and-practice-voiceover-iph3e2e415f\/ios\" target=\"_blank\" rel=\"noreferrer noopener\">h\u00e4r<\/a><\/li>\n\n\n\n<li>\u00c5tkomlighetstangentbord: l\u00e4s mer\u00a0<a href=\"https:\/\/www.apple.com\/accessibility\/mobility\/\" target=\"_blank\" rel=\"noreferrer noopener\">h\u00e4r<\/a><\/li>\n\n\n\n<li>Sk\u00e4rminst\u00e4llningar: l\u00e4r dig hur,\u00a0<a href=\"https:\/\/www.apple.com\/accessibility\/vision\/\" target=\"_blank\" rel=\"noreferrer noopener\">h\u00e4r<\/a>\u00a0och\u00a0<a href=\"https:\/\/support.apple.com\/guide\/iphone\/display-text-size-iph3e2e1fb0\/ios\" target=\"_blank\" rel=\"noreferrer noopener\">h\u00e4r<\/a><\/li>\n<\/ul>\n\n\n\n<p>Dessa kan generellt st\u00e4llas in via \u00e5tkomlighetssektionen i appen&nbsp;<strong>Inst\u00e4llningar<\/strong>&nbsp;p\u00e5 din telefon. L\u00e4s mer generellt&nbsp;<a href=\"https:\/\/www.apple.com\/accessibility\/mobility\/\" target=\"_blank\" rel=\"noreferrer noopener\">h\u00e4r<\/a>.<\/p>\n<\/div><\/section>\n\n\n\n<section class=\"wp-block-group wp-block-group-boxed has-white-background-color has-background\"><div class=\"wp-block-group-inner is-layout-flow wp-block-group-is-layout-flow\">\n<div class=\"wp-block-columns are-vertically-aligned-top wp-block-columns-1 is-layout-flex wp-container-core-columns-is-layout-6 wp-block-columns-is-layout-flex\">\n<div class=\"wp-block-column is-layout-flow wp-block-column-is-layout-flow\">\n<h2 class=\"wp-block-heading\"><span>Android<\/span><\/h2>\n<\/div>\n<\/div>\n\n\n\n<hr class=\"wp-block-separator wp-block-separator-color-dark-grey wp-block-separator-spaces-small wp-block-separator-weight-1\"\/>\n\n\n\n<p>Google erbjuder m\u00e5nga \u00e5tkomlighetsfunktioner f\u00f6r anv\u00e4ndare av deras Android-operativsystem. Dessa inkluderar:<\/p>\n\n\n\n<ul class=\"wp-block-list wp-block-list wp-block-list-circle\">\n<li>Text till tal<\/li>\n\n\n\n<li>Sk\u00e4rminst\u00e4llningar<\/li>\n\n\n\n<li>Interaktionskontroller (t.ex. r\u00f6stkommandon)<\/li>\n\n\n\n<li>Anslut h\u00f6rhj\u00e4lpmedel<\/li>\n<\/ul>\n\n\n\n<p>Dessa kan generellt st\u00e4llas in via \u00e5tkomlighetssektionen i appen&nbsp;<strong>Inst\u00e4llningar<\/strong>&nbsp;p\u00e5 din telefon. L\u00e4s mer&nbsp;<a href=\"https:\/\/support.google.com\/accessibility\/android#topic=6007234\" target=\"_blank\" rel=\"noreferrer noopener\">h\u00e4r<\/a>.<\/p>\n<\/div><\/section>\n\n\n\n<section class=\"wp-block-group wp-block-group-boxed\"><div class=\"wp-block-group-inner is-layout-flow wp-block-group-is-layout-flow\">\n<div class=\"wp-block-columns are-vertically-aligned-top wp-block-columns-1 is-layout-flex wp-container-core-columns-is-layout-7 wp-block-columns-is-layout-flex\">\n<div class=\"wp-block-column is-layout-flow wp-block-column-is-layout-flow\">\n<h2 class=\"wp-block-heading\"><span>Safari \u2013 MacOS<\/span><\/h2>\n<\/div>\n<\/div>\n\n\n\n<hr class=\"wp-block-separator wp-block-separator-color-dark-grey wp-block-separator-spaces-small wp-block-separator-weight-1\"\/>\n\n\n\n<p>Om du anv\u00e4nder en Apple-dator finns det flera \u00e5tkomlighetsinst\u00e4llningar tillg\u00e4ngliga. L\u00e4s mer\u00a0<a href=\"https:\/\/support.apple.com\/accessibility\/mac'\" target=\"_blank\" rel=\"noreferrer noopener\">h\u00e4r<\/a>.<\/p>\n<\/div><\/section>\n\n\n\n<section class=\"wp-block-group wp-block-group-boxed has-white-background-color has-background\"><div class=\"wp-block-group-inner is-layout-flow wp-block-group-is-layout-flow\">\n<div class=\"wp-block-columns are-vertically-aligned-top wp-block-columns-1 is-layout-flex wp-container-core-columns-is-layout-8 wp-block-columns-is-layout-flex\">\n<div class=\"wp-block-column is-layout-flow wp-block-column-is-layout-flow\">\n<h2 class=\"wp-block-heading\"><span>Chrome-webbl\u00e4sartill\u00e4gg<\/span><\/h2>\n<\/div>\n<\/div>\n\n\n\n<hr class=\"wp-block-separator wp-block-separator-color-dark-grey wp-block-separator-spaces-small wp-block-separator-weight-1\"\/>\n\n\n\n<p>Du kan l\u00e4gga till till\u00e4gg till din Chrome-webbl\u00e4sare som kommer att tillhandah\u00e5lla m\u00e5nga anv\u00e4ndbara \u00e5tkomlighetsfunktioner. Se dem\u00a0<a href=\"https:\/\/chrome.google.com\/webstore\/category\/ext\/22-accessibility\" target=\"_blank\" rel=\"noreferrer noopener\">h\u00e4r<\/a>.<\/p>\n<\/div><\/section>\n\n\n\n<section class=\"wp-block-group wp-block-group-boxed\"><div class=\"wp-block-group-inner is-layout-flow wp-block-group-is-layout-flow\">\n<div class=\"wp-block-columns are-vertically-aligned-top wp-block-columns-1 is-layout-flex wp-container-core-columns-is-layout-9 wp-block-columns-is-layout-flex\">\n<div class=\"wp-block-column is-layout-flow wp-block-column-is-layout-flow\">\n<h2 class=\"wp-block-heading\"><span>Mer hj\u00e4lp<\/span><\/h2>\n<\/div>\n<\/div>\n\n\n\n<hr class=\"wp-block-separator wp-block-separator-color-dark-grey wp-block-separator-spaces-small wp-block-separator-weight-1\"\/>\n\n\n\n<p>Om du har fler fr\u00e5gor, tveka inte att kontakta v\u00e5rt\u00a0<a href=\"https:\/\/www.etoro.com\/customer-service\/\">supportteam<\/a>.<\/p>\n<\/div><\/section>\n\n\n\n<p><\/p>\n","protected":false},"excerpt":{"rendered":"<p>H\u00e4r hos eToro str\u00e4var vi efter att g\u00f6ra v\u00e5r webbplats och v\u00e5ra applikationer mer \u00e5tkomliga. H\u00e4r \u00e4r n\u00e5gra tips p\u00e5 hur du g\u00f6r det enklare att anv\u00e4nda v\u00e5ra tj\u00e4nster utefter dina \u00e5tkomlighetsbehov. eToros webbplats Du kan konfigurera inneh\u00e5llet p\u00e5 v\u00e5r webbplats f\u00f6r att g\u00f6ra det mer l\u00e4sbart genom att trycka p\u00e5 \u00e5tkomlighets-widgeten i nedre h\u00f6gra&hellip;<\/p>\n","protected":false},"author":75,"featured_media":793828,"parent":10612,"menu_order":140,"comment_status":"closed","ping_status":"closed","template":"","meta":{"_acf_changed":true,"inline_featured_image":false,"sticky_cta_settings":"","footnotes":""},"asset_type":[],"class_list":["post-251834","page","type-page","status-publish","has-post-thumbnail","hentry"],"acf":[],"yoast_head":"<title>\u00c5tkomliga funktioner p\u00e5 eToros webbplats och investerings-app<\/title>\n<meta name=\"description\" content=\"Alla borde kunna investera p\u00e5 de globala marknaderna. H\u00e4r finner du tips om hur du g\u00f6r eToro \u00e5tkomlig.\" \/>\n<meta name=\"robots\" content=\"index, follow, max-snippet:-1, max-image-preview:large, max-video-preview:-1\" \/>\n<link rel=\"canonical\" href=\"https:\/\/www.etoro.com\/sv\/wp-json\/wp\/v2\/pages\/251834\" \/>\n<meta property=\"og:locale\" content=\"sv_SE\" \/>\n<meta property=\"og:type\" content=\"article\" \/>\n<meta property=\"og:title\" content=\"\u00c5tkomliga funktioner p\u00e5 eToros webbplats och investerings-app\" \/>\n<meta property=\"og:description\" content=\"Alla borde kunna investera p\u00e5 de globala marknaderna. H\u00e4r finner du tips om hur du g\u00f6r eToro \u00e5tkomlig.\" \/>\n<meta property=\"og:url\" content=\"https:\/\/www.etoro.com\/sv\/wp-json\/wp\/v2\/pages\/251834\" \/>\n<meta property=\"og:site_name\" content=\"eToro\" \/>\n<meta property=\"article:publisher\" content=\"https:\/\/www.facebook.com\/eToro\/\" \/>\n<meta property=\"article:modified_time\" content=\"2024-12-19T15:49:20+00:00\" \/>\n<meta property=\"og:image\" content=\"https:\/\/www.etoro.com\/wp-content\/uploads\/2023\/12\/Accessibility_Featured-image-1200x630_Swedish-sv.png\" \/>\n\t<meta property=\"og:image:width\" content=\"1200\" \/>\n\t<meta property=\"og:image:height\" content=\"630\" \/>\n\t<meta property=\"og:image:type\" content=\"image\/png\" \/>\n<meta name=\"twitter:card\" content=\"summary_large_image\" \/>\n<meta name=\"twitter:site\" content=\"@eToro\" \/>\n<meta name=\"twitter:label1\" content=\"Est. reading time\" \/>\n\t<meta name=\"twitter:data1\" content=\"2 minutes\" \/>\n<script type=\"application\/ld+json\" class=\"yoast-schema-graph\">{\"@context\":\"https:\/\/schema.org\",\"@graph\":[{\"@type\":\"WebPage\",\"@id\":\"https:\/\/www.etoro.com\/sv\/customer-service\/accessibility\/\",\"url\":\"https:\/\/www.etoro.com\/sv\/customer-service\/accessibility\/\",\"name\":\"\u00c5tkomliga funktioner p\u00e5 eToros webbplats och investerings-app\",\"isPartOf\":{\"@id\":\"https:\/\/www.etoro.com\/sv\/#website\"},\"primaryImageOfPage\":{\"@id\":\"https:\/\/www.etoro.com\/sv\/customer-service\/accessibility\/#primaryimage\"},\"image\":{\"@id\":\"https:\/\/www.etoro.com\/sv\/customer-service\/accessibility\/#primaryimage\"},\"thumbnailUrl\":\"https:\/\/www.etoro.com\/wp-content\/uploads\/2023\/12\/Accessibility_Featured-image-1200x630_Swedish-sv.png\",\"datePublished\":\"2021-06-06T12:06:14+00:00\",\"dateModified\":\"2024-12-19T15:49:20+00:00\",\"description\":\"Alla borde kunna investera p\u00e5 de globala marknaderna. H\u00e4r finner du tips om hur du g\u00f6r eToro \u00e5tkomlig.\",\"breadcrumb\":{\"@id\":\"https:\/\/www.etoro.com\/sv\/customer-service\/accessibility\/#breadcrumb\"},\"inLanguage\":\"sv\",\"potentialAction\":[{\"@type\":\"ReadAction\",\"target\":[\"https:\/\/www.etoro.com\/sv\/customer-service\/accessibility\/\"]}]},{\"@type\":\"ImageObject\",\"inLanguage\":\"sv\",\"@id\":\"https:\/\/www.etoro.com\/sv\/customer-service\/accessibility\/#primaryimage\",\"url\":\"https:\/\/www.etoro.com\/wp-content\/uploads\/2023\/12\/Accessibility_Featured-image-1200x630_Swedish-sv.png\",\"contentUrl\":\"https:\/\/www.etoro.com\/wp-content\/uploads\/2023\/12\/Accessibility_Featured-image-1200x630_Swedish-sv.png\",\"width\":1200,\"height\":630,\"caption\":\"Accessibility\"},{\"@type\":\"BreadcrumbList\",\"@id\":\"https:\/\/www.etoro.com\/sv\/customer-service\/accessibility\/#breadcrumb\",\"itemListElement\":[{\"@type\":\"ListItem\",\"position\":1,\"name\":\"Hem\",\"item\":\"https:\/\/www.etoro.com\/sv\/\"},{\"@type\":\"ListItem\",\"position\":2,\"name\":\"KUNDTJ\u00c4NST\",\"item\":\"https:\/\/www.etoro.com\/sv\/customer-service\/\"},{\"@type\":\"ListItem\",\"position\":3,\"name\":\"accessibility\"}]},{\"@type\":\"WebSite\",\"@id\":\"https:\/\/www.etoro.com\/sv\/#website\",\"url\":\"https:\/\/www.etoro.com\/sv\/\",\"name\":\"eToro\",\"description\":\"\",\"publisher\":{\"@id\":\"https:\/\/www.etoro.com\/sv\/#organization\"},\"potentialAction\":[{\"@type\":\"SearchAction\",\"target\":{\"@type\":\"EntryPoint\",\"urlTemplate\":\"https:\/\/www.etoro.com\/sv\/?s={search_term_string}\"},\"query-input\":{\"@type\":\"PropertyValueSpecification\",\"valueRequired\":true,\"valueName\":\"search_term_string\"}}],\"inLanguage\":\"sv\"},[]]}<\/script>","yoast_head_json":{"title":"\u00c5tkomliga funktioner p\u00e5 eToros webbplats och investerings-app","description":"Alla borde kunna investera p\u00e5 de globala marknaderna. H\u00e4r finner du tips om hur du g\u00f6r eToro \u00e5tkomlig.","robots":{"index":"index","follow":"follow","max-snippet":"max-snippet:-1","max-image-preview":"max-image-preview:large","max-video-preview":"max-video-preview:-1"},"canonical":"https:\/\/www.etoro.com\/sv\/wp-json\/wp\/v2\/pages\/251834","og_locale":"sv_SE","og_type":"article","og_title":"\u00c5tkomliga funktioner p\u00e5 eToros webbplats och investerings-app","og_description":"Alla borde kunna investera p\u00e5 de globala marknaderna. H\u00e4r finner du tips om hur du g\u00f6r eToro \u00e5tkomlig.","og_url":"https:\/\/www.etoro.com\/sv\/wp-json\/wp\/v2\/pages\/251834","og_site_name":"eToro","article_publisher":"https:\/\/www.facebook.com\/eToro\/","article_modified_time":"2024-12-19T15:49:20+00:00","og_image":[{"width":1200,"height":630,"url":"https:\/\/www.etoro.com\/wp-content\/uploads\/2023\/12\/Accessibility_Featured-image-1200x630_Swedish-sv.png","type":"image\/png"}],"twitter_card":"summary_large_image","twitter_site":"@eToro","twitter_misc":{"Est. reading time":"2 minutes"},"schema":{"@context":"https:\/\/schema.org","@graph":[{"@type":"WebPage","@id":"https:\/\/www.etoro.com\/sv\/customer-service\/accessibility\/","url":"https:\/\/www.etoro.com\/sv\/customer-service\/accessibility\/","name":"\u00c5tkomliga funktioner p\u00e5 eToros webbplats och investerings-app","isPartOf":{"@id":"https:\/\/www.etoro.com\/sv\/#website"},"primaryImageOfPage":{"@id":"https:\/\/www.etoro.com\/sv\/customer-service\/accessibility\/#primaryimage"},"image":{"@id":"https:\/\/www.etoro.com\/sv\/customer-service\/accessibility\/#primaryimage"},"thumbnailUrl":"https:\/\/www.etoro.com\/wp-content\/uploads\/2023\/12\/Accessibility_Featured-image-1200x630_Swedish-sv.png","datePublished":"2021-06-06T12:06:14+00:00","dateModified":"2024-12-19T15:49:20+00:00","description":"Alla borde kunna investera p\u00e5 de globala marknaderna. H\u00e4r finner du tips om hur du g\u00f6r eToro \u00e5tkomlig.","breadcrumb":{"@id":"https:\/\/www.etoro.com\/sv\/customer-service\/accessibility\/#breadcrumb"},"inLanguage":"sv","potentialAction":[{"@type":"ReadAction","target":["https:\/\/www.etoro.com\/sv\/customer-service\/accessibility\/"]}]},{"@type":"ImageObject","inLanguage":"sv","@id":"https:\/\/www.etoro.com\/sv\/customer-service\/accessibility\/#primaryimage","url":"https:\/\/www.etoro.com\/wp-content\/uploads\/2023\/12\/Accessibility_Featured-image-1200x630_Swedish-sv.png","contentUrl":"https:\/\/www.etoro.com\/wp-content\/uploads\/2023\/12\/Accessibility_Featured-image-1200x630_Swedish-sv.png","width":1200,"height":630,"caption":"Accessibility"},{"@type":"BreadcrumbList","@id":"https:\/\/www.etoro.com\/sv\/customer-service\/accessibility\/#breadcrumb","itemListElement":[{"@type":"ListItem","position":1,"name":"Hem","item":"https:\/\/www.etoro.com\/sv\/"},{"@type":"ListItem","position":2,"name":"KUNDTJ\u00c4NST","item":"https:\/\/www.etoro.com\/sv\/customer-service\/"},{"@type":"ListItem","position":3,"name":"accessibility"}]},{"@type":"WebSite","@id":"https:\/\/www.etoro.com\/sv\/#website","url":"https:\/\/www.etoro.com\/sv\/","name":"eToro","description":"","publisher":{"@id":"https:\/\/www.etoro.com\/sv\/#organization"},"potentialAction":[{"@type":"SearchAction","target":{"@type":"EntryPoint","urlTemplate":"https:\/\/www.etoro.com\/sv\/?s={search_term_string}"},"query-input":{"@type":"PropertyValueSpecification","valueRequired":true,"valueName":"search_term_string"}}],"inLanguage":"sv"},[]]}},"_links":{"self":[{"href":"https:\/\/www.etoro.com\/sv\/wp-json\/wp\/v2\/pages\/251834"}],"collection":[{"href":"https:\/\/www.etoro.com\/sv\/wp-json\/wp\/v2\/pages"}],"about":[{"href":"https:\/\/www.etoro.com\/sv\/wp-json\/wp\/v2\/types\/page"}],"author":[{"embeddable":true,"href":"https:\/\/www.etoro.com\/sv\/wp-json\/wp\/v2\/users\/75"}],"replies":[{"embeddable":true,"href":"https:\/\/www.etoro.com\/sv\/wp-json\/wp\/v2\/comments?post=251834"}],"version-history":[{"count":0,"href":"https:\/\/www.etoro.com\/sv\/wp-json\/wp\/v2\/pages\/251834\/revisions"}],"up":[{"embeddable":true,"href":"https:\/\/www.etoro.com\/sv\/wp-json\/wp\/v2\/pages\/10612"}],"wp:featuredmedia":[{"embeddable":true,"href":"https:\/\/www.etoro.com\/sv\/wp-json\/wp\/v2\/media\/793828"}],"wp:attachment":[{"href":"https:\/\/www.etoro.com\/sv\/wp-json\/wp\/v2\/media?parent=251834"}],"wp:term":[{"taxonomy":"asset_type","embeddable":true,"href":"https:\/\/www.etoro.com\/sv\/wp-json\/wp\/v2\/asset_type?post=251834"}],"curies":[{"name":"wp","href":"https:\/\/api.w.org\/{rel}","templated":true}]}}