{"id":29714,"date":"2018-02-28T17:55:53","date_gmt":"2018-02-28T15:55:53","guid":{"rendered":"http:\/\/www.etoro.com\/?page_id=29714"},"modified":"2025-05-12T15:04:31","modified_gmt":"2025-05-12T12:04:31","slug":"account-verification","status":"publish","type":"page","link":"https:\/\/www.etoro.com\/sv\/customer-service\/account-verification\/","title":{"rendered":"S\u00e5 h\u00e4r verifierar du ditt konto hos eToro"},"content":{"rendered":"\n<section class=\"wp-block-group wp-block-group-boxed\"><div class=\"wp-block-group-inner is-layout-flow wp-block-group-is-layout-flow\">\n<div class=\"wp-block-columns are-vertically-aligned-top wp-block-columns-1 is-layout-flex wp-container-core-columns-is-layout-1 wp-block-columns-is-layout-flex\">\n<div class=\"wp-block-column is-layout-flow wp-block-column-is-layout-flow\"><\/div>\n<\/div>\n\n\n\n<p><strong>Verifiering \u00e4r en obligatorisk del av registreringsprocessen p\u00e5 eToros plattform. Tillsynskrav kr\u00e4ver att vi kontrollerar alla nya konton hos eToro. P\u00e5 s\u00e5 s\u00e4tt h\u00e5ller vi v\u00e5r plattform s\u00e4ker och f\u00f6rhindrar o\u00f6nskad aktivitet.<\/strong><\/p>\n\n\n\n<p>N\u00e4r ditt konto har verifierats kan du dra nytta av alla f\u00f6rdelar med eToros plattform. F\u00f6r att verifiera ditt konto m\u00e5ste du ladda upp ett identitetsbevis och ett adressbevis. F\u00f6rst efter att du har skickat in b\u00e5da dokumenten kommer din verifieringsprocess att b\u00f6rja. Du kan anv\u00e4nda eToros app f\u00f6r att skanna dina dokument direkt till plattformen.<\/p>\n\n\n<figure class=\"wp-block-embed is-type-video is-provider-youtube wp-block-embed-youtube wp-embed-aspect-16-9 wp-has-aspect-ratio\"><a href=\"https:\/\/www.youtube.com\/watch?v=aMbvkxcpjTw\" data-fancybox class=\"wp-block-embed-link\" rel=\"nofollow noopener noreferrer\" >\n\t\t\t\t<img decoding=\"async\" src=\"https:\/\/img.youtube.com\/vi\/aMbvkxcpjTw\/maxresdefault.jpg\" alt=\"\" class=\"wp-block-embed-preview\">\n\t\t\t<\/a><\/figure><\/div><\/section>\n\n\n\n<section class=\"wp-block-group wp-block-group-boxed wp-block-group-medium-top-padding has-white-background-color has-background\"><div class=\"wp-block-group-inner is-layout-flow wp-block-group-is-layout-flow\">\n<div class=\"wp-block-columns are-vertically-aligned-top wp-block-columns-1 is-layout-flex wp-container-core-columns-is-layout-2 wp-block-columns-is-layout-flex\">\n<div class=\"wp-block-column is-layout-flow wp-block-column-is-layout-flow\">\n<h2 class=\"wp-block-heading\"><span>Identitetsbevis<\/span><\/h2>\n<\/div>\n<\/div>\n\n\n\n<hr class=\"wp-block-separator wp-block-separator-color-dark-grey wp-block-separator-spaces-small wp-block-separator-weight-1\"\/>\n\n\n\n<p>Din legitimationshandling m\u00e5ste inneh\u00e5lla ditt namn, f\u00f6delsedatum, ett tydligt fotografi, utf\u00e4rdandedatum och om det har ett utg\u00e5ngsdatum ska det ocks\u00e5 vara synligt. Ett pass f\u00f6redras som identitetsbevis eftersom att det \u00e4r det dokument som g\u00e5r snabbast f\u00f6r eToro-teamet att bearbeta. Annars kan du anv\u00e4nda ditt k\u00f6rkort eller en annan legitimationshandling som har utf\u00e4rdats av myndigheter. Om dokumentet \u00e4r dubbelsidigt och det finns relevant information p\u00e5 baksidan, se till att du laddar upp det ocks\u00e5.<\/p>\n\n\n\n<p><strong>Samtlig information p\u00e5 ditt identitetsbevis ska vara synlig<\/strong><\/p>\n\n\n\n<hr class=\"wp-block-separator wp-block-separator-color-dark-grey wp-block-separator-spaces-small wp-block-separator-weight-1\"\/>\n\n\n\n<figure class=\"wp-block-image size-large wp-block-image-has-mobile\"><img loading=\"lazy\" decoding=\"async\" width=\"1024\" height=\"247\" src=\"https:\/\/www.etoro.com\/wp-content\/uploads\/2025\/01\/image-1-2-1024x247.png\" alt=\"\" class=\"wp-image-979317 wp-image-desktop\" srcset=\"https:\/\/www.etoro.com\/wp-content\/uploads\/2025\/01\/image-1-2-1024x247.png 1024w, https:\/\/www.etoro.com\/wp-content\/uploads\/2025\/01\/image-1-2-300x72.png 300w, https:\/\/www.etoro.com\/wp-content\/uploads\/2025\/01\/image-1-2-768x185.png 768w, https:\/\/www.etoro.com\/wp-content\/uploads\/2025\/01\/image-1-2.png 1060w\" sizes=\"(max-width: 1024px) 100vw, 1024px\" \/><img loading=\"lazy\" decoding=\"async\" width=\"343\" height=\"103\" src=\"https:\/\/www.etoro.com\/wp-content\/uploads\/2025\/01\/Frame-20413297-1.png\" alt=\"\" class=\"wp-image-979367 wp-image-mobile\" srcset=\"https:\/\/www.etoro.com\/wp-content\/uploads\/2025\/01\/Frame-20413297-1.png 343w, https:\/\/www.etoro.com\/wp-content\/uploads\/2025\/01\/Frame-20413297-1-300x90.png 300w\" sizes=\"(max-width: 343px) 100vw, 343px\" \/><\/figure>\n\n\n\n<p><strong>Ladda upp hela dokumentet. Det ska vara skarpt och f\u00e5r inte besk\u00e4ras<\/strong><\/p>\n\n\n\n<hr class=\"wp-block-separator wp-block-separator-color-dark-grey wp-block-separator-spaces-small wp-block-separator-weight-1\"\/>\n\n\n\n<figure class=\"wp-block-image size-large wp-block-image-has-mobile\"><img loading=\"lazy\" decoding=\"async\" width=\"1024\" height=\"286\" src=\"https:\/\/www.etoro.com\/wp-content\/uploads\/2025\/01\/Frame-20413298-1-1024x286.png\" alt=\"\" class=\"wp-image-979341 wp-image-desktop\" srcset=\"https:\/\/www.etoro.com\/wp-content\/uploads\/2025\/01\/Frame-20413298-1-1024x286.png 1024w, https:\/\/www.etoro.com\/wp-content\/uploads\/2025\/01\/Frame-20413298-1-300x84.png 300w, https:\/\/www.etoro.com\/wp-content\/uploads\/2025\/01\/Frame-20413298-1-768x214.png 768w, https:\/\/www.etoro.com\/wp-content\/uploads\/2025\/01\/Frame-20413298-1.png 1060w\" sizes=\"(max-width: 1024px) 100vw, 1024px\" \/><img loading=\"lazy\" decoding=\"async\" width=\"343\" height=\"84\" src=\"https:\/\/www.etoro.com\/wp-content\/uploads\/2025\/01\/image-2-1.png\" alt=\"\" class=\"wp-image-979391 wp-image-mobile\" srcset=\"https:\/\/www.etoro.com\/wp-content\/uploads\/2025\/01\/image-2-1.png 343w, https:\/\/www.etoro.com\/wp-content\/uploads\/2025\/01\/image-2-1-300x73.png 300w\" sizes=\"(max-width: 343px) 100vw, 343px\" \/><\/figure>\n\n\n\n<p><strong><a href=\"https:\/\/www.etoro.com\/settings\/account?action=autokyc&amp;deepLink=uploadID\">Klicka h\u00e4r<\/a>&nbsp;f\u00f6r att ladda upp ditt identitetsbevis nu.<\/strong><\/p>\n<\/div><\/section>\n\n\n\n<section class=\"wp-block-group wp-block-group-boxed\"><div class=\"wp-block-group-inner is-layout-flow wp-block-group-is-layout-flow\">\n<div class=\"wp-block-columns are-vertically-aligned-top wp-block-columns-1 is-layout-flex wp-container-core-columns-is-layout-3 wp-block-columns-is-layout-flex\">\n<div class=\"wp-block-column is-layout-flow wp-block-column-is-layout-flow\">\n<h2 class=\"wp-block-heading\"><span>Adressbevis<\/span><\/h2>\n<\/div>\n<\/div>\n\n\n\n<hr class=\"wp-block-separator wp-block-separator-color-dark-grey wp-block-separator-spaces-small wp-block-separator-weight-1\"\/>\n\n\n\n<p>Ditt adressbevis ska inneh\u00e5lla ditt fullst\u00e4ndiga namn, din adress och ett utf\u00e4rdandedatum, och det f\u00e5r inte vara \u00e4ldre \u00e4n 3 m\u00e5nader. Utf\u00e4rdarens namn eller logotyp ska ocks\u00e5 synas tydligt. Se till att skanna dokumentet mot en bakgrund med en annan f\u00e4rg s\u00e5 att alla fyra h\u00f6rnen \u00e4r synliga.<\/p>\n\n\n\n<p class=\"is-style-heading-4\">F\u00f6ljande dokument kan anv\u00e4ndas som adressbevis:<\/p>\n\n\n\n<div class=\"wp-block-columns are-vertically-aligned-top wp-block-columns-3 is-layout-flex wp-container-core-columns-is-layout-4 wp-block-columns-is-layout-flex\">\n<div class=\"wp-block-column is-layout-flow wp-block-column-is-layout-flow\">\n<ul class=\"wp-block-list wp-block-list wp-block-list-circle\">\n<li>Bankkontoutdrag<\/li>\n\n\n\n<li>Kreditkortsutdrag<\/li>\n\n\n\n<li>El- eller vattenr\u00e4kning<\/li>\n<\/ul>\n<\/div>\n\n\n\n<div class=\"wp-block-column is-layout-flow wp-block-column-is-layout-flow\">\n<ul class=\"wp-block-list wp-block-list wp-block-list-circle\">\n<li>Utskick fr\u00e5n skattemyndigheten<\/li>\n\n\n\n<li>Brev eller skattebeslut fr\u00e5n Skatteverket<\/li>\n\n\n\n<li>Officiellt avtal om uthyrning av hus \u2013 Utf\u00e4rdat av myndighet<\/li>\n<\/ul>\n<\/div>\n\n\n\n<div class=\"wp-block-column is-layout-flow wp-block-column-is-layout-flow\">\n<ul class=\"wp-block-list wp-block-list wp-block-list-circle\">\n<li>Brev fr\u00e5n din hemkommun<\/li>\n\n\n\n<li>Internetr\u00e4kning<\/li>\n<\/ul>\n<\/div>\n<\/div>\n<\/div><\/section>\n\n\n\n<section class=\"wp-block-group wp-block-group-boxed has-white-background-color has-background\"><div class=\"wp-block-group-inner is-layout-flow wp-block-group-is-layout-flow\">\n<div class=\"wp-block-columns are-vertically-aligned-top wp-block-columns-1 is-layout-flex wp-container-core-columns-is-layout-5 wp-block-columns-is-layout-flex\">\n<div class=\"wp-block-column is-layout-flow wp-block-column-is-layout-flow\">\n<p><strong>Dokumentet ska skannas i ett plant l\u00e4ge<\/strong><\/p>\n<\/div>\n<\/div>\n\n\n\n<hr class=\"wp-block-separator wp-block-separator-color-dark-grey wp-block-separator-spaces-small wp-block-separator-weight-1\"\/>\n\n\n\n<figure class=\"wp-block-image size-large wp-block-image-has-mobile\"><img loading=\"lazy\" decoding=\"async\" width=\"1024\" height=\"247\" src=\"https:\/\/www.etoro.com\/wp-content\/uploads\/2025\/01\/image-1-1-1024x247.png\" alt=\"\" class=\"wp-image-979254 wp-image-desktop\" srcset=\"https:\/\/www.etoro.com\/wp-content\/uploads\/2025\/01\/image-1-1-1024x247.png 1024w, https:\/\/www.etoro.com\/wp-content\/uploads\/2025\/01\/image-1-1-300x72.png 300w, https:\/\/www.etoro.com\/wp-content\/uploads\/2025\/01\/image-1-1-768x185.png 768w, https:\/\/www.etoro.com\/wp-content\/uploads\/2025\/01\/image-1-1.png 1060w\" sizes=\"(max-width: 1024px) 100vw, 1024px\" \/><img loading=\"lazy\" decoding=\"async\" width=\"343\" height=\"84\" src=\"https:\/\/www.etoro.com\/wp-content\/uploads\/2025\/01\/image-2-2.png\" alt=\"\" class=\"wp-image-979416 wp-image-mobile\" srcset=\"https:\/\/www.etoro.com\/wp-content\/uploads\/2025\/01\/image-2-2.png 343w, https:\/\/www.etoro.com\/wp-content\/uploads\/2025\/01\/image-2-2-300x73.png 300w\" sizes=\"(max-width: 343px) 100vw, 343px\" \/><\/figure>\n\n\n\n<p><strong>Det f\u00e5r inte besk\u00e4ras och alla fyra h\u00f6rnen m\u00e5ste vara synliga<\/strong><\/p>\n\n\n\n<hr class=\"wp-block-separator wp-block-separator-color-dark-grey wp-block-separator-spaces-small wp-block-separator-weight-1\"\/>\n\n\n\n<figure class=\"wp-block-image size-large wp-block-image-has-mobile\"><img loading=\"lazy\" decoding=\"async\" width=\"1024\" height=\"247\" src=\"https:\/\/www.etoro.com\/wp-content\/uploads\/2025\/01\/image-2-1024x247.png\" alt=\"\" class=\"wp-image-979279 wp-image-desktop\" srcset=\"https:\/\/www.etoro.com\/wp-content\/uploads\/2025\/01\/image-2-1024x247.png 1024w, https:\/\/www.etoro.com\/wp-content\/uploads\/2025\/01\/image-2-300x72.png 300w, https:\/\/www.etoro.com\/wp-content\/uploads\/2025\/01\/image-2-768x185.png 768w, https:\/\/www.etoro.com\/wp-content\/uploads\/2025\/01\/image-2.png 1060w\" sizes=\"(max-width: 1024px) 100vw, 1024px\" \/><img loading=\"lazy\" decoding=\"async\" width=\"343\" height=\"84\" src=\"https:\/\/www.etoro.com\/wp-content\/uploads\/2025\/01\/image-2-3.png\" alt=\"\" class=\"wp-image-979440 wp-image-mobile\" srcset=\"https:\/\/www.etoro.com\/wp-content\/uploads\/2025\/01\/image-2-3.png 343w, https:\/\/www.etoro.com\/wp-content\/uploads\/2025\/01\/image-2-3-300x73.png 300w\" sizes=\"(max-width: 343px) 100vw, 343px\" \/><\/figure>\n\n\n\n<p><strong>*Observera att vi accepterar sk\u00e4rmdumpar om adressbeviset togs fr\u00e5n ett digitalt dokument.<\/strong><\/p>\n\n\n\n<p><strong><a href=\"https:\/\/www.etoro.com\/settings\/account?action=autokyc&amp;deepLink=uploadutilitybill\">Klicka h\u00e4r<\/a>&nbsp;f\u00f6r att ladda upp ditt adressbevis nu.<\/strong><\/p>\n\n\n\n<p>Verifieringsprocessen kan ta n\u00e5gra dagar, och du f\u00e5r ett meddelande n\u00e4r ditt konto har verifierats. Du kan ocks\u00e5 f\u00f6lja din verifieringsstatus p\u00e5 eToros plattform. Verifierade konton har ett gr\u00f6n bock bredvid anv\u00e4ndarnamnet p\u00e5 anv\u00e4ndarens profil.<\/p>\n\n\n\n<p>V\u00e5rt team kommer att granska dina dokument och uppdatera din verifieringsstatus, s\u00e5&nbsp;<strong>det finns ingen anledning att kontakta kundservice f\u00f6r att fr\u00e5ga om status f\u00f6r din verifieringsprocess<\/strong>. Om dina dokument skulle avsl\u00e5s kommer vi att skicka ett e-postmeddelande till dig med en tydlig f\u00f6rklaring av vad du beh\u00f6ver tillhandah\u00e5lla. F\u00f6r att undvika att du tappar bort e-postmeddelandet kan du l\u00e4gga till eToro i listan \u00f6ver \u201ds\u00e4kra avs\u00e4ndare\u201d i dina e-postinst\u00e4llningar.<\/p>\n<\/div><\/section>\n\n\n\n<p><\/p>\n","protected":false},"excerpt":{"rendered":"<p>Verifiering \u00e4r en obligatorisk del av registreringsprocessen p\u00e5 eToros plattform. Tillsynskrav kr\u00e4ver att vi kontrollerar alla nya konton hos eToro. P\u00e5 s\u00e5 s\u00e4tt h\u00e5ller vi v\u00e5r plattform s\u00e4ker och f\u00f6rhindrar o\u00f6nskad aktivitet. N\u00e4r ditt konto har verifierats kan du dra nytta av alla f\u00f6rdelar med eToros plattform. F\u00f6r att verifiera ditt konto m\u00e5ste du ladda&hellip;<\/p>\n","protected":false},"author":45,"featured_media":817967,"parent":10612,"menu_order":1059,"comment_status":"closed","ping_status":"closed","template":"","meta":{"_acf_changed":true,"inline_featured_image":false,"sticky_cta_settings":"","footnotes":""},"asset_type":[],"class_list":["post-29714","page","type-page","status-publish","has-post-thumbnail","hentry"],"acf":[],"yoast_head":"<title>S\u00e5 h\u00e4r verifierar du ditt konto hos eToro<\/title>\n<meta name=\"description\" content=\"Verifiera ditt konto hos eToro i n\u00e5gra enkla steg. Verifiering \u00e4r en obligatorisk del av registreringen f\u00f6r att du ska kunna s\u00e4tta in pengar utan begr\u00e4nsningar.\" \/>\n<meta name=\"robots\" content=\"index, follow, max-snippet:-1, max-image-preview:large, max-video-preview:-1\" \/>\n<link rel=\"canonical\" href=\"https:\/\/www.etoro.com\/sv\/wp-json\/wp\/v2\/pages\/29714\" \/>\n<meta property=\"og:locale\" content=\"sv_SE\" \/>\n<meta property=\"og:type\" content=\"article\" \/>\n<meta property=\"og:title\" content=\"S\u00e5 h\u00e4r verifierar du ditt konto hos eToro\" \/>\n<meta property=\"og:description\" content=\"Verifiera ditt konto hos eToro i n\u00e5gra enkla steg. Verifiering \u00e4r en obligatorisk del av registreringen f\u00f6r att du ska kunna s\u00e4tta in pengar utan begr\u00e4nsningar.\" \/>\n<meta property=\"og:url\" content=\"https:\/\/www.etoro.com\/sv\/wp-json\/wp\/v2\/pages\/29714\" \/>\n<meta property=\"og:site_name\" content=\"eToro\" \/>\n<meta property=\"article:publisher\" content=\"https:\/\/www.facebook.com\/eToro\/\" \/>\n<meta property=\"article:modified_time\" content=\"2025-05-12T12:04:31+00:00\" \/>\n<meta property=\"og:image\" content=\"https:\/\/www.etoro.com\/wp-content\/uploads\/2024\/01\/How-to-verify-your-eToro-account_Featured-image-1200x630_Swedish-sv.png\" \/>\n\t<meta property=\"og:image:width\" content=\"1200\" \/>\n\t<meta property=\"og:image:height\" content=\"630\" \/>\n\t<meta property=\"og:image:type\" content=\"image\/png\" \/>\n<meta name=\"twitter:card\" content=\"summary_large_image\" \/>\n<meta name=\"twitter:site\" content=\"@eToro\" \/>\n<meta name=\"twitter:label1\" content=\"Est. reading time\" \/>\n\t<meta name=\"twitter:data1\" content=\"3 minutes\" \/>\n<script type=\"application\/ld+json\" class=\"yoast-schema-graph\">{\"@context\":\"https:\/\/schema.org\",\"@graph\":[{\"@type\":\"WebPage\",\"@id\":\"https:\/\/www.etoro.com\/sv\/customer-service\/account-verification\/\",\"url\":\"https:\/\/www.etoro.com\/sv\/customer-service\/account-verification\/\",\"name\":\"S\u00e5 h\u00e4r verifierar du ditt konto hos eToro\",\"isPartOf\":{\"@id\":\"https:\/\/www.etoro.com\/sv\/#website\"},\"primaryImageOfPage\":{\"@id\":\"https:\/\/www.etoro.com\/sv\/customer-service\/account-verification\/#primaryimage\"},\"image\":{\"@id\":\"https:\/\/www.etoro.com\/sv\/customer-service\/account-verification\/#primaryimage\"},\"thumbnailUrl\":\"https:\/\/www.etoro.com\/wp-content\/uploads\/2024\/01\/How-to-verify-your-eToro-account_Featured-image-1200x630_Swedish-sv.png\",\"datePublished\":\"2018-02-28T15:55:53+00:00\",\"dateModified\":\"2025-05-12T12:04:31+00:00\",\"description\":\"Verifiera ditt konto hos eToro i n\u00e5gra enkla steg. Verifiering \u00e4r en obligatorisk del av registreringen f\u00f6r att du ska kunna s\u00e4tta in pengar utan begr\u00e4nsningar.\",\"breadcrumb\":{\"@id\":\"https:\/\/www.etoro.com\/sv\/customer-service\/account-verification\/#breadcrumb\"},\"inLanguage\":\"sv\",\"potentialAction\":[{\"@type\":\"ReadAction\",\"target\":[\"https:\/\/www.etoro.com\/sv\/customer-service\/account-verification\/\"]}]},{\"@type\":\"ImageObject\",\"inLanguage\":\"sv\",\"@id\":\"https:\/\/www.etoro.com\/sv\/customer-service\/account-verification\/#primaryimage\",\"url\":\"https:\/\/www.etoro.com\/wp-content\/uploads\/2024\/01\/How-to-verify-your-eToro-account_Featured-image-1200x630_Swedish-sv.png\",\"contentUrl\":\"https:\/\/www.etoro.com\/wp-content\/uploads\/2024\/01\/How-to-verify-your-eToro-account_Featured-image-1200x630_Swedish-sv.png\",\"width\":1200,\"height\":630},{\"@type\":\"BreadcrumbList\",\"@id\":\"https:\/\/www.etoro.com\/sv\/customer-service\/account-verification\/#breadcrumb\",\"itemListElement\":[{\"@type\":\"ListItem\",\"position\":1,\"name\":\"Hem\",\"item\":\"https:\/\/www.etoro.com\/sv\/\"},{\"@type\":\"ListItem\",\"position\":2,\"name\":\"KUNDTJ\u00c4NST\",\"item\":\"https:\/\/www.etoro.com\/sv\/customer-service\/\"},{\"@type\":\"ListItem\",\"position\":3,\"name\":\"KONTOVERIFIERING\"}]},{\"@type\":\"WebSite\",\"@id\":\"https:\/\/www.etoro.com\/sv\/#website\",\"url\":\"https:\/\/www.etoro.com\/sv\/\",\"name\":\"eToro\",\"description\":\"\",\"publisher\":{\"@id\":\"https:\/\/www.etoro.com\/sv\/#organization\"},\"potentialAction\":[{\"@type\":\"SearchAction\",\"target\":{\"@type\":\"EntryPoint\",\"urlTemplate\":\"https:\/\/www.etoro.com\/sv\/?s={search_term_string}\"},\"query-input\":{\"@type\":\"PropertyValueSpecification\",\"valueRequired\":true,\"valueName\":\"search_term_string\"}}],\"inLanguage\":\"sv\"},[]]}<\/script>","yoast_head_json":{"title":"S\u00e5 h\u00e4r verifierar du ditt konto hos eToro","description":"Verifiera ditt konto hos eToro i n\u00e5gra enkla steg. Verifiering \u00e4r en obligatorisk del av registreringen f\u00f6r att du ska kunna s\u00e4tta in pengar utan begr\u00e4nsningar.","robots":{"index":"index","follow":"follow","max-snippet":"max-snippet:-1","max-image-preview":"max-image-preview:large","max-video-preview":"max-video-preview:-1"},"canonical":"https:\/\/www.etoro.com\/sv\/wp-json\/wp\/v2\/pages\/29714","og_locale":"sv_SE","og_type":"article","og_title":"S\u00e5 h\u00e4r verifierar du ditt konto hos eToro","og_description":"Verifiera ditt konto hos eToro i n\u00e5gra enkla steg. Verifiering \u00e4r en obligatorisk del av registreringen f\u00f6r att du ska kunna s\u00e4tta in pengar utan begr\u00e4nsningar.","og_url":"https:\/\/www.etoro.com\/sv\/wp-json\/wp\/v2\/pages\/29714","og_site_name":"eToro","article_publisher":"https:\/\/www.facebook.com\/eToro\/","article_modified_time":"2025-05-12T12:04:31+00:00","og_image":[{"width":1200,"height":630,"url":"https:\/\/www.etoro.com\/wp-content\/uploads\/2024\/01\/How-to-verify-your-eToro-account_Featured-image-1200x630_Swedish-sv.png","type":"image\/png"}],"twitter_card":"summary_large_image","twitter_site":"@eToro","twitter_misc":{"Est. reading time":"3 minutes"},"schema":{"@context":"https:\/\/schema.org","@graph":[{"@type":"WebPage","@id":"https:\/\/www.etoro.com\/sv\/customer-service\/account-verification\/","url":"https:\/\/www.etoro.com\/sv\/customer-service\/account-verification\/","name":"S\u00e5 h\u00e4r verifierar du ditt konto hos eToro","isPartOf":{"@id":"https:\/\/www.etoro.com\/sv\/#website"},"primaryImageOfPage":{"@id":"https:\/\/www.etoro.com\/sv\/customer-service\/account-verification\/#primaryimage"},"image":{"@id":"https:\/\/www.etoro.com\/sv\/customer-service\/account-verification\/#primaryimage"},"thumbnailUrl":"https:\/\/www.etoro.com\/wp-content\/uploads\/2024\/01\/How-to-verify-your-eToro-account_Featured-image-1200x630_Swedish-sv.png","datePublished":"2018-02-28T15:55:53+00:00","dateModified":"2025-05-12T12:04:31+00:00","description":"Verifiera ditt konto hos eToro i n\u00e5gra enkla steg. Verifiering \u00e4r en obligatorisk del av registreringen f\u00f6r att du ska kunna s\u00e4tta in pengar utan begr\u00e4nsningar.","breadcrumb":{"@id":"https:\/\/www.etoro.com\/sv\/customer-service\/account-verification\/#breadcrumb"},"inLanguage":"sv","potentialAction":[{"@type":"ReadAction","target":["https:\/\/www.etoro.com\/sv\/customer-service\/account-verification\/"]}]},{"@type":"ImageObject","inLanguage":"sv","@id":"https:\/\/www.etoro.com\/sv\/customer-service\/account-verification\/#primaryimage","url":"https:\/\/www.etoro.com\/wp-content\/uploads\/2024\/01\/How-to-verify-your-eToro-account_Featured-image-1200x630_Swedish-sv.png","contentUrl":"https:\/\/www.etoro.com\/wp-content\/uploads\/2024\/01\/How-to-verify-your-eToro-account_Featured-image-1200x630_Swedish-sv.png","width":1200,"height":630},{"@type":"BreadcrumbList","@id":"https:\/\/www.etoro.com\/sv\/customer-service\/account-verification\/#breadcrumb","itemListElement":[{"@type":"ListItem","position":1,"name":"Hem","item":"https:\/\/www.etoro.com\/sv\/"},{"@type":"ListItem","position":2,"name":"KUNDTJ\u00c4NST","item":"https:\/\/www.etoro.com\/sv\/customer-service\/"},{"@type":"ListItem","position":3,"name":"KONTOVERIFIERING"}]},{"@type":"WebSite","@id":"https:\/\/www.etoro.com\/sv\/#website","url":"https:\/\/www.etoro.com\/sv\/","name":"eToro","description":"","publisher":{"@id":"https:\/\/www.etoro.com\/sv\/#organization"},"potentialAction":[{"@type":"SearchAction","target":{"@type":"EntryPoint","urlTemplate":"https:\/\/www.etoro.com\/sv\/?s={search_term_string}"},"query-input":{"@type":"PropertyValueSpecification","valueRequired":true,"valueName":"search_term_string"}}],"inLanguage":"sv"},[]]}},"_links":{"self":[{"href":"https:\/\/www.etoro.com\/sv\/wp-json\/wp\/v2\/pages\/29714"}],"collection":[{"href":"https:\/\/www.etoro.com\/sv\/wp-json\/wp\/v2\/pages"}],"about":[{"href":"https:\/\/www.etoro.com\/sv\/wp-json\/wp\/v2\/types\/page"}],"author":[{"embeddable":true,"href":"https:\/\/www.etoro.com\/sv\/wp-json\/wp\/v2\/users\/45"}],"replies":[{"embeddable":true,"href":"https:\/\/www.etoro.com\/sv\/wp-json\/wp\/v2\/comments?post=29714"}],"version-history":[{"count":0,"href":"https:\/\/www.etoro.com\/sv\/wp-json\/wp\/v2\/pages\/29714\/revisions"}],"up":[{"embeddable":true,"href":"https:\/\/www.etoro.com\/sv\/wp-json\/wp\/v2\/pages\/10612"}],"wp:featuredmedia":[{"embeddable":true,"href":"https:\/\/www.etoro.com\/sv\/wp-json\/wp\/v2\/media\/817967"}],"wp:attachment":[{"href":"https:\/\/www.etoro.com\/sv\/wp-json\/wp\/v2\/media?parent=29714"}],"wp:term":[{"taxonomy":"asset_type","embeddable":true,"href":"https:\/\/www.etoro.com\/sv\/wp-json\/wp\/v2\/asset_type?post=29714"}],"curies":[{"name":"wp","href":"https:\/\/api.w.org\/{rel}","templated":true}]}}