{"id":30336,"date":"2018-05-01T15:59:08","date_gmt":"2018-05-01T12:59:08","guid":{"rendered":"http:\/\/www.etoro.com\/customer-service\/test-chat\/"},"modified":"2024-07-29T19:06:06","modified_gmt":"2024-07-29T16:06:06","slug":"chat","status":"publish","type":"page","link":"https:\/\/www.etoro.com\/sv\/customer-service\/chat\/","title":{"rendered":"Livechatt"},"content":{"rendered":"<p>V\u00e4lkommen till eToros livechattsida.<\/p>\n<p>Logga in f\u00f6r att starta en chatt.<\/p>\n","protected":false},"excerpt":{"rendered":"<p>V\u00e4lkommen till eToros livechattsida. Logga in f\u00f6r att starta en chatt.<\/p>\n","protected":false},"author":45,"featured_media":0,"parent":10612,"menu_order":1030,"comment_status":"closed","ping_status":"closed","template":"template-chat.php","meta":{"_acf_changed":false,"inline_featured_image":false,"sticky_cta_settings":"","footnotes":""},"asset_type":[],"class_list":["post-30336","page","type-page","status-publish","hentry"],"acf":[],"yoast_head":"<title>Livechatt - Chatt med eToro-representant<\/title>\n<meta name=\"description\" content=\"Kontakta en eToro-representant via live chat f\u00f6r personlig hj\u00e4lp, expertv\u00e4gledning och st\u00f6d med ditt eToro-konto och tj\u00e4nster.\" \/>\n<meta name=\"robots\" content=\"index, follow, max-snippet:-1, max-image-preview:large, max-video-preview:-1\" \/>\n<link rel=\"canonical\" href=\"https:\/\/www.etoro.com\/sv\/wp-json\/wp\/v2\/pages\/30336\" \/>\n<meta property=\"og:locale\" content=\"sv_SE\" \/>\n<meta property=\"og:type\" content=\"article\" \/>\n<meta property=\"og:title\" content=\"Livechatt - Chatt med eToro-representant\" \/>\n<meta property=\"og:description\" content=\"Kontakta en eToro-representant via live chat f\u00f6r personlig hj\u00e4lp, expertv\u00e4gledning och st\u00f6d med ditt eToro-konto och tj\u00e4nster.\" \/>\n<meta property=\"og:url\" content=\"https:\/\/www.etoro.com\/sv\/wp-json\/wp\/v2\/pages\/30336\" \/>\n<meta property=\"og:site_name\" content=\"eToro\" \/>\n<meta property=\"article:publisher\" content=\"https:\/\/www.facebook.com\/eToro\/\" \/>\n<meta property=\"article:modified_time\" content=\"2024-07-29T16:06:06+00:00\" \/>\n<meta property=\"og:image\" content=\"https:\/\/www.etoro.com\/wp-content\/uploads\/2019\/12\/etoro_logo_social_share1.png\" \/>\n\t<meta property=\"og:image:width\" content=\"240\" \/>\n\t<meta property=\"og:image:height\" content=\"240\" \/>\n\t<meta property=\"og:image:type\" content=\"image\/png\" \/>\n<meta name=\"twitter:card\" content=\"summary_large_image\" \/>\n<meta name=\"twitter:site\" content=\"@eToro\" \/>\n<script type=\"application\/ld+json\" class=\"yoast-schema-graph\">{\"@context\":\"https:\/\/schema.org\",\"@graph\":[{\"@type\":\"WebPage\",\"@id\":\"https:\/\/www.etoro.com\/sv\/customer-service\/chat\/\",\"url\":\"https:\/\/www.etoro.com\/sv\/customer-service\/chat\/\",\"name\":\"Livechatt - Chatt med eToro-representant\",\"isPartOf\":{\"@id\":\"https:\/\/www.etoro.com\/sv\/#website\"},\"datePublished\":\"2018-05-01T12:59:08+00:00\",\"dateModified\":\"2024-07-29T16:06:06+00:00\",\"description\":\"Kontakta en eToro-representant via live chat f\u00f6r personlig hj\u00e4lp, expertv\u00e4gledning och st\u00f6d med ditt eToro-konto och tj\u00e4nster.\",\"breadcrumb\":{\"@id\":\"https:\/\/www.etoro.com\/sv\/customer-service\/chat\/#breadcrumb\"},\"inLanguage\":\"sv\",\"potentialAction\":[{\"@type\":\"ReadAction\",\"target\":[\"https:\/\/www.etoro.com\/sv\/customer-service\/chat\/\"]}]},{\"@type\":\"BreadcrumbList\",\"@id\":\"https:\/\/www.etoro.com\/sv\/customer-service\/chat\/#breadcrumb\",\"itemListElement\":[{\"@type\":\"ListItem\",\"position\":1,\"name\":\"Hem\",\"item\":\"https:\/\/www.etoro.com\/sv\/\"},{\"@type\":\"ListItem\",\"position\":2,\"name\":\"KUNDTJ\u00c4NST\",\"item\":\"https:\/\/www.etoro.com\/sv\/customer-service\/\"},{\"@type\":\"ListItem\",\"position\":3,\"name\":\"Livechatt\"}]},{\"@type\":\"WebSite\",\"@id\":\"https:\/\/www.etoro.com\/sv\/#website\",\"url\":\"https:\/\/www.etoro.com\/sv\/\",\"name\":\"eToro\",\"description\":\"\",\"publisher\":{\"@id\":\"https:\/\/www.etoro.com\/sv\/#organization\"},\"potentialAction\":[{\"@type\":\"SearchAction\",\"target\":{\"@type\":\"EntryPoint\",\"urlTemplate\":\"https:\/\/www.etoro.com\/sv\/?s={search_term_string}\"},\"query-input\":{\"@type\":\"PropertyValueSpecification\",\"valueRequired\":true,\"valueName\":\"search_term_string\"}}],\"inLanguage\":\"sv\"},[]]}<\/script>","yoast_head_json":{"title":"Livechatt - Chatt med eToro-representant","description":"Kontakta en eToro-representant via live chat f\u00f6r personlig hj\u00e4lp, expertv\u00e4gledning och st\u00f6d med ditt eToro-konto och tj\u00e4nster.","robots":{"index":"index","follow":"follow","max-snippet":"max-snippet:-1","max-image-preview":"max-image-preview:large","max-video-preview":"max-video-preview:-1"},"canonical":"https:\/\/www.etoro.com\/sv\/wp-json\/wp\/v2\/pages\/30336","og_locale":"sv_SE","og_type":"article","og_title":"Livechatt - Chatt med eToro-representant","og_description":"Kontakta en eToro-representant via live chat f\u00f6r personlig hj\u00e4lp, expertv\u00e4gledning och st\u00f6d med ditt eToro-konto och tj\u00e4nster.","og_url":"https:\/\/www.etoro.com\/sv\/wp-json\/wp\/v2\/pages\/30336","og_site_name":"eToro","article_publisher":"https:\/\/www.facebook.com\/eToro\/","article_modified_time":"2024-07-29T16:06:06+00:00","og_image":[{"width":240,"height":240,"url":"https:\/\/www.etoro.com\/wp-content\/uploads\/2019\/12\/etoro_logo_social_share1.png","type":"image\/png"}],"twitter_card":"summary_large_image","twitter_site":"@eToro","schema":{"@context":"https:\/\/schema.org","@graph":[{"@type":"WebPage","@id":"https:\/\/www.etoro.com\/sv\/customer-service\/chat\/","url":"https:\/\/www.etoro.com\/sv\/customer-service\/chat\/","name":"Livechatt - Chatt med eToro-representant","isPartOf":{"@id":"https:\/\/www.etoro.com\/sv\/#website"},"datePublished":"2018-05-01T12:59:08+00:00","dateModified":"2024-07-29T16:06:06+00:00","description":"Kontakta en eToro-representant via live chat f\u00f6r personlig hj\u00e4lp, expertv\u00e4gledning och st\u00f6d med ditt eToro-konto och tj\u00e4nster.","breadcrumb":{"@id":"https:\/\/www.etoro.com\/sv\/customer-service\/chat\/#breadcrumb"},"inLanguage":"sv","potentialAction":[{"@type":"ReadAction","target":["https:\/\/www.etoro.com\/sv\/customer-service\/chat\/"]}]},{"@type":"BreadcrumbList","@id":"https:\/\/www.etoro.com\/sv\/customer-service\/chat\/#breadcrumb","itemListElement":[{"@type":"ListItem","position":1,"name":"Hem","item":"https:\/\/www.etoro.com\/sv\/"},{"@type":"ListItem","position":2,"name":"KUNDTJ\u00c4NST","item":"https:\/\/www.etoro.com\/sv\/customer-service\/"},{"@type":"ListItem","position":3,"name":"Livechatt"}]},{"@type":"WebSite","@id":"https:\/\/www.etoro.com\/sv\/#website","url":"https:\/\/www.etoro.com\/sv\/","name":"eToro","description":"","publisher":{"@id":"https:\/\/www.etoro.com\/sv\/#organization"},"potentialAction":[{"@type":"SearchAction","target":{"@type":"EntryPoint","urlTemplate":"https:\/\/www.etoro.com\/sv\/?s={search_term_string}"},"query-input":{"@type":"PropertyValueSpecification","valueRequired":true,"valueName":"search_term_string"}}],"inLanguage":"sv"},[]]}},"_links":{"self":[{"href":"https:\/\/www.etoro.com\/sv\/wp-json\/wp\/v2\/pages\/30336"}],"collection":[{"href":"https:\/\/www.etoro.com\/sv\/wp-json\/wp\/v2\/pages"}],"about":[{"href":"https:\/\/www.etoro.com\/sv\/wp-json\/wp\/v2\/types\/page"}],"author":[{"embeddable":true,"href":"https:\/\/www.etoro.com\/sv\/wp-json\/wp\/v2\/users\/45"}],"replies":[{"embeddable":true,"href":"https:\/\/www.etoro.com\/sv\/wp-json\/wp\/v2\/comments?post=30336"}],"version-history":[{"count":0,"href":"https:\/\/www.etoro.com\/sv\/wp-json\/wp\/v2\/pages\/30336\/revisions"}],"up":[{"embeddable":true,"href":"https:\/\/www.etoro.com\/sv\/wp-json\/wp\/v2\/pages\/10612"}],"wp:attachment":[{"href":"https:\/\/www.etoro.com\/sv\/wp-json\/wp\/v2\/media?parent=30336"}],"wp:term":[{"taxonomy":"asset_type","embeddable":true,"href":"https:\/\/www.etoro.com\/sv\/wp-json\/wp\/v2\/asset_type?post=30336"}],"curies":[{"name":"wp","href":"https:\/\/api.w.org\/{rel}","templated":true}]}}