{"id":352318,"date":"2022-03-27T13:52:22","date_gmt":"2022-03-27T10:52:22","guid":{"rendered":"https:\/\/www.etoro.com\/trading\/disruptions\/"},"modified":"2024-08-19T16:15:09","modified_gmt":"2024-08-19T13:15:09","slug":"disruptions","status":"publish","type":"page","link":"https:\/\/www.etoro.com\/sv\/trading\/disruptions\/","title":{"rendered":"Handelsst\u00f6rningar"},"content":{"rendered":"<p>&nbsp;<\/p>\n<h1>Handelsst\u00f6rningar: Vad de \u00e4r, vad som orsakar dem och hur de p\u00e5verkar din upplevelse p\u00e5 eToro<\/h1>\n<p>I \u00f6ver ett decennium har eToro varit central f\u00f6r Fintech-revolutionen. Med \u00f6ver 25 miljoner registrerade anv\u00e4ndare \u00e4r eToro v\u00e4rldens ledande sociala investeringsn\u00e4tverk. Hos eToro erbjuder vi v\u00e5ra anv\u00e4ndare ett stort utbud av tillg\u00e5ngar att handla med och investera i.<\/p>\n<p>\u00c4ven om det \u00e4r enklare att investera idag \u00e4n n\u00e5gonsin, s\u00e5 g\u00e5r saker och ting ibland inte exakt som planerat. Hos eToro vidtar vi tillr\u00e4ckliga \u00e5tg\u00e4rder f\u00f6r att s\u00e4kerst\u00e4lla den s\u00e4kraste m\u00f6jliga milj\u00f6n f\u00f6r v\u00e5ra anv\u00e4ndare. Eftersom handelsst\u00f6rningar intr\u00e4ffar d\u00e5 och d\u00e5, \u00e4r vi h\u00e4r f\u00f6r att f\u00f6rklara vad de \u00e4r samt vad du kan och inte kan g\u00f6ra n\u00e4r de intr\u00e4ffar.<\/p>\n<h2>Vad \u00e4r handelsst\u00f6rningar?<\/h2>\n<p>Handelsst\u00f6rningar \u00e4r situationer d\u00e4r marknader upph\u00f6r att fungera regelbundet, vanligtvis definierade av snabba och omfattande r\u00f6relser p\u00e5 marknaden. Det finns ingen enskild specifik anledning till handelsst\u00f6rningar. De kan h\u00e4rr\u00f6ra fr\u00e5n ovanlig handel (som en krasch eller en &#8220;pump&#8221;) eller fysiska hot mot aktiemarknaden, som till exempel ett krig. Oavsett vad som \u00e4r fallet s\u00e5 \u00e4r handelsst\u00f6rningar ett resultat av de ovanliga f\u00f6rh\u00e5llandena p\u00e5 marknaden, vilket kan orsaka panik och st\u00f6rningar i handeln.<\/p>\n<p>Efter marknadskraschen 1987 inf\u00f6rdes handelssp\u00e4rrar, prisgr\u00e4nser och andra system f\u00f6r att minimera riskerna f\u00f6rknippade med handelsst\u00f6rningar. Dessa system \u00e4r avsedda att stoppa handeln vid snabba nedg\u00e5ngar p\u00e5 marknaderna.<\/p>\n<h2>Exempel p\u00e5 handelsst\u00f6rningar<\/h2>\n<p>Handelsst\u00f6rningar kan intr\u00e4ffa n\u00e4r det finns en drastisk r\u00f6relse p\u00e5 marknaderna, driven av oro bland investerare f\u00f6r att olika faktorer kan orsaka omfattande problem som kan bromsa marknaderna. Marknadsstopp och st\u00f6rningar intr\u00e4ffar av m\u00e5nga anledningar, vilket har setts p\u00e5 senare tid.<\/p>\n<p><img loading=\"lazy\" decoding=\"async\" class=\"size-full wp-image-349135 aligncenter\" src=\"https:\/\/www.etoro.com\/wp-content\/uploads\/2022\/03\/22.09.2021_Trading_Disruptions_inability_to_close_positions_during_volatile_market_conditions_1024X342.jpg\" alt=\"\" width=\"1024\" height=\"342\" srcset=\"https:\/\/www.etoro.com\/wp-content\/uploads\/2022\/03\/22.09.2021_Trading_Disruptions_inability_to_close_positions_during_volatile_market_conditions_1024X342.jpg 1024w, https:\/\/www.etoro.com\/wp-content\/uploads\/2022\/03\/22.09.2021_Trading_Disruptions_inability_to_close_positions_during_volatile_market_conditions_1024X342-300x100.jpg 300w, https:\/\/www.etoro.com\/wp-content\/uploads\/2022\/03\/22.09.2021_Trading_Disruptions_inability_to_close_positions_during_volatile_market_conditions_1024X342-768x257.jpg 768w\" sizes=\"(max-width: 1024px) 100vw, 1024px\" \/><\/p>\n<p>2020 var ett vilt \u00e5r f\u00f6r aktiemarknaden p\u00e5 grund av COVID-19 och den enorma effekt det hade globalt. I mars samma \u00e5r gick Wall Street f\u00f6r f\u00f6rsta g\u00e5ngen sedan 2008 igenom vad som kan kallas f\u00f6r en krasch, d\u00e4r de tre stora indexen registrerade stora procentuella f\u00f6rluster. Den 16 mars det \u00e5ret sj\u00f6nk SPX500 med 7 % kort efter att marknaden \u00f6ppnade. Handelssp\u00e4rrarna utl\u00f6stes och handeln stoppades i 15 minuter. Det var det tredje stoppet den veckan, efter stoppen den 9 och 12 mars.<\/p>\n<p>Tekniska problem kan ocks\u00e5 orsaka marknadsstopp, s\u00e5som den som intr\u00e4ffade den 8 juli 2015, n\u00e4r ett tekniskt fel stoppade New York Stock Exchange i flera timmar. De tragiska h\u00e4ndelserna den 11 september 2001 ledde ocks\u00e5 till ett stopp, med marknader som f\u00f6rblev st\u00e4ngda till den 17 september.<\/p>\n<h2>Varf\u00f6r du kanske inte kan \u00f6ppna eller st\u00e4nga en position<\/h2>\n<h3>Brist p\u00e5 likviditet, eller of\u00f6rm\u00e5ga att f\u00e5 priser fr\u00e5n v\u00e5ra likviditetsleverant\u00f6rer<\/h3>\n<p>S\u00e5 fort en anv\u00e4ndare vill \u00f6ppna eller st\u00e4nga en aff\u00e4r m\u00e5ste det finnas en motpart. Det inneb\u00e4r att n\u00e5gon annan m\u00e5ste vara villig att k\u00f6pa det du s\u00e4ljer, eller vice versa. Om en motpart inte kan hittas, eller om det inte finns tillr\u00e4ckligt m\u00e5nga k\u00f6pare eller s\u00e4ljare p\u00e5 marknaden, kommer detta att resultera i of\u00f6rm\u00e5ga att \u00f6ppna eller st\u00e4nga en aff\u00e4r. Detta \u00e4r vad vi kallar f\u00f6r &#8220;brist p\u00e5 likviditet&#8221;.<\/p>\n<h3>Aktien kan stoppas av b\u00f6rsen<\/h3>\n<p>B\u00f6rserna har ett stort mandat vad g\u00e4ller att stoppa, och kan stoppa specifika aktier fr\u00e5n att handlas, vanligtvis p\u00e5 grund av ett eller flera av f\u00f6ljande fall:<\/p>\n<ul>\n<li aria-level=\"1\">Extrem volatilitet: Aktier kan stoppas p\u00e5 grund av oregelbunden handel som b\u00f6rsen vill unders\u00f6ka.<\/li>\n<li aria-level=\"1\">L\u00e5g likviditet: Aktier kan stoppas p\u00e5 grund av brist p\u00e5 eller l\u00e5g likviditet.<\/li>\n<li aria-level=\"1\">Nya h\u00e4ndelser: Aktier kan stoppas p\u00e5 grund av v\u00e4ntande nyheter. Till exempel, om nyheter kommer ut g\u00e4llande en viss aktie, kan b\u00f6rsen stoppa den i n\u00e5gra minuter f\u00f6r att ge investerare tid att uppdatera sig.<\/li>\n<\/ul>\n<h3>Of\u00f6rm\u00e5ga att \u00f6ppna S\u00c4LJ-positioner p\u00e5 grund av att en tillg\u00e5ng \u00e4r ol\u00e5nbar.<\/h3>\n<p><a href=\"https:\/\/www.etoro.com\/trading\/buy-sell-and-close-position\/\">Blankning<\/a> \u00e4r n\u00e4r en investerare l\u00e5nar en aktie och s\u00e4ljer den med planen att k\u00f6pa tillbaka den senare till ett l\u00e4gre pris. En ol\u00e5nbar aktie \u00e4r en aktie som inte kommer att l\u00e5nas ut till blankare, vilket kan h\u00e4nda n\u00e4r det inte finns n\u00e5gon som \u00e4r villig att l\u00e5na ut aktien. P\u00e5 eToro \u00e4r s\u00e4ljsidan f\u00f6r en tillg\u00e5ng inte tillg\u00e4nglig n\u00e4r aktien \u00e4r ol\u00e5nbar.<\/p>\n<h3>Extrem volatilitet p\u00e5 olika tillg\u00e5ngsklasser<\/h3>\n<p>Aktier och index \u00e4r inte de enda tillg\u00e5ngsklasserna som finns tillg\u00e4ngliga p\u00e5 eToro \u2013 vi erbjuder \u00e4ven krypton, valutapar, r\u00e5varor och ETF:er. eToro har sina egna interna handelssp\u00e4rrar som \u00e4r aktiva i alla tillg\u00e5ngsklasser. N\u00e4r vi identifierar extrem volatilitet p\u00e5 en tillg\u00e5ng kan handelssp\u00e4rrarna utl\u00f6sas och tillf\u00e4lligt inaktivera m\u00f6jligheten att \u00f6ppna\/st\u00e4nga positioner.<\/p>\n<h3>eToros handelssp\u00e4rrar<\/h3>\n<p>eToro har \u00e4ven s\u00e4kerhetsmekanismer p\u00e5 plats. De kallas f\u00f6r handelssp\u00e4rrar, eftersom de \u00e4r n\u00f6d\u00e5tg\u00e4rder som anv\u00e4nds f\u00f6r att stoppa handeln i ovanliga fall. P\u00e5 eToro startas de av f\u00f6ljande h\u00e4ndelser:<\/p>\n<ul>\n<li aria-level=\"1\">N\u00e4rhelst en spridning \u00e4r f\u00f6r bred utl\u00f6ses en handelssp\u00e4rr. Detta inneb\u00e4r att n\u00e4rhelst skillnaden mellan s\u00e4ljpriserna och budet p\u00e5 en tillg\u00e5ng \u00e4r f\u00f6r stor, eller \u00f6verspridning, finns det anledning till ett handelsstopp.<\/li>\n<li aria-level=\"1\">Tekniska problem kan ocks\u00e5 utl\u00f6sa handelssp\u00e4rrar<\/li>\n<\/ul>\n<h2>Beh\u00f6ver du veta mer?<\/h2>\n<p>Om du fortfarande \u00e4r os\u00e4ker p\u00e5 vad du kan g\u00f6ra under s\u00e5dana h\u00e4ndelser, eller om du har n\u00e5gra fr\u00e5gor ang\u00e5ende ett specifikt handelsstopp i realtid, tveka inte att <a href=\"https:\/\/www.etoro.com\/customer-service\/\">kontakta oss<\/a>.<\/p>\n\n\t\t<style>\n\t\t\t.rtl .etoro-block-shortcode-disclaimer {\n\t\t\t\ttext-align:right;\n\t\t\t}\n\t\t\t.etoro-block-shortcode-disclaimer {\n\t\t\t\tmargin-bottom:18px;\n\t\t\t\ttext-align:left;\n\t\t\t}\n\t\t\t.etoro-block-shortcode-disclaimer p{\n\t\t\t\tfont-size: 12px;\n\t\t\t\tline-height: 18px;\n\t\t\t}\n\t\t\t@media (min-width: 768px) {\n\t\t\t\t.etoro-block-shortcode-disclaimer {\n\t\t\t\t\tmax-width:1176px;\n\t\t\t\t\ttext-align:center;\n\t\t\t\t}\n\t\t\t\t.etoro-block-shortcode-disclaimer p {\n\t\t\t\t\tfont-size: 14px;\n\t\t\t\t\tline-height: 20px;\n\t\t\t\t}\n\t\t\t}\n\t\t<\/style>\n\t\t<div class='etoro-block-shortcode-disclaimer'><p>Denna information \u00e4r endast i utbildningssyfte och ska inte ses som investeringsr\u00e5dgivning, personlig rekommendation eller som ett erbjudande om eller uppmaning att k\u00f6pa eller s\u00e4lja n\u00e5gra finansiella instrument.<\/p>\n<p>Detta material har tagits fram utan att ta h\u00e4nsyn till n\u00e5gra specifika investeringsm\u00e5l eller finansiell situation och har inte tagits fram i enlighet med de lagliga och reglerande kraven f\u00f6r att fr\u00e4mja oberoende analys.<\/p>\n<p><strong>Inte alla finansiella instrument och tj\u00e4nster som h\u00e4nvisas till erbjuds av eToro<\/strong> och eventuella h\u00e4nvisningar till tidigare resultat f\u00f6r ett finansiellt instrument, index eller en paketerad investeringsprodukt \u00e4r inte, och b\u00f6r inte tas som, en tillf\u00f6rlitlig indikator p\u00e5 framtida resultat. <strong>Tillg\u00e4ngligheten f\u00f6r alla ovan n\u00e4mnda produkter och tj\u00e4nster kan variera beroende p\u00e5 jurisdiktion och land.<\/strong><\/p>\n<p>eToro g\u00f6r ingen representation och tar inget ansvar f\u00f6r riktigheten eller fullst\u00e4ndigheten av inneh\u00e5llet i den h\u00e4r guiden. Se till att du f\u00f6rst\u00e5r riskerna med handel innan du f\u00f6rbinder n\u00e5got kapital. Riskera aldrig mer \u00e4n du \u00e4r beredd att f\u00f6rlora.<\/p>\n<\/div>\n","protected":false},"excerpt":{"rendered":"<p>&nbsp; Handelsst\u00f6rningar: Vad de \u00e4r, vad som orsakar dem och hur de p\u00e5verkar din upplevelse p\u00e5 eToro I \u00f6ver ett decennium har eToro varit central f\u00f6r Fintech-revolutionen. Med \u00f6ver 25 miljoner registrerade anv\u00e4ndare \u00e4r eToro v\u00e4rldens ledande sociala investeringsn\u00e4tverk. Hos eToro erbjuder vi v\u00e5ra anv\u00e4ndare ett stort utbud av tillg\u00e5ngar att handla med och investera&hellip;<\/p>\n","protected":false},"author":39,"featured_media":348686,"parent":18393,"menu_order":0,"comment_status":"closed","ping_status":"closed","template":"","meta":{"_acf_changed":false,"inline_featured_image":false,"sticky_cta_settings":"","footnotes":""},"asset_type":[],"class_list":["post-352318","page","type-page","status-publish","has-post-thumbnail","hentry"],"acf":[],"yoast_head":"<title>Vad \u00e4r handelsst\u00f6rningar? | eToro<\/title>\n<meta name=\"description\" content=\"Det kan finnas flera anledningar till handelsst\u00f6rningar. L\u00e4s om dessa st\u00f6rningar h\u00e4r, vad som orsakar dem, hur de p\u00e5verkar oss och hur de hanteras.\" \/>\n<meta name=\"robots\" content=\"index, follow, max-snippet:-1, max-image-preview:large, max-video-preview:-1\" \/>\n<link rel=\"canonical\" href=\"https:\/\/www.etoro.com\/sv\/wp-json\/wp\/v2\/pages\/352318\" \/>\n<meta property=\"og:locale\" content=\"sv_SE\" \/>\n<meta property=\"og:type\" content=\"article\" \/>\n<meta property=\"og:title\" content=\"Vad \u00e4r handelsst\u00f6rningar? | eToro\" \/>\n<meta property=\"og:description\" content=\"Det kan finnas flera anledningar till handelsst\u00f6rningar. L\u00e4s om dessa st\u00f6rningar h\u00e4r, vad som orsakar dem, hur de p\u00e5verkar oss och hur de hanteras.\" \/>\n<meta property=\"og:url\" content=\"https:\/\/www.etoro.com\/sv\/wp-json\/wp\/v2\/pages\/352318\" \/>\n<meta property=\"og:site_name\" content=\"eToro\" \/>\n<meta property=\"article:publisher\" content=\"https:\/\/www.facebook.com\/eToro\/\" \/>\n<meta property=\"article:modified_time\" content=\"2024-08-19T13:15:09+00:00\" \/>\n<meta property=\"og:image\" content=\"https:\/\/www.etoro.com\/wp-content\/uploads\/2022\/03\/22.09.2021_Trading_Disruptions_inability_to_close_positions_during_volatile_market_conditions_750x600_v1.jpg\" \/>\n\t<meta property=\"og:image:width\" content=\"750\" \/>\n\t<meta property=\"og:image:height\" content=\"600\" \/>\n\t<meta property=\"og:image:type\" content=\"image\/jpeg\" \/>\n<meta name=\"twitter:card\" content=\"summary_large_image\" \/>\n<meta name=\"twitter:image\" content=\"https:\/\/www.etoro.com\/wp-content\/uploads\/2022\/03\/22.09.2021_Trading_Disruptions_inability_to_close_positions_during_volatile_market_conditions_750x600_v1.jpg\" \/>\n<meta name=\"twitter:site\" content=\"@eToro\" \/>\n<meta name=\"twitter:label1\" content=\"Est. reading time\" \/>\n\t<meta name=\"twitter:data1\" content=\"4 minutes\" \/>\n<script type=\"application\/ld+json\" class=\"yoast-schema-graph\">{\"@context\":\"https:\/\/schema.org\",\"@graph\":[{\"@type\":\"WebPage\",\"@id\":\"https:\/\/www.etoro.com\/sv\/trading\/disruptions\/\",\"url\":\"https:\/\/www.etoro.com\/sv\/trading\/disruptions\/\",\"name\":\"Vad \u00e4r handelsst\u00f6rningar? | eToro\",\"isPartOf\":{\"@id\":\"https:\/\/www.etoro.com\/sv\/#website\"},\"primaryImageOfPage\":{\"@id\":\"https:\/\/www.etoro.com\/sv\/trading\/disruptions\/#primaryimage\"},\"image\":{\"@id\":\"https:\/\/www.etoro.com\/sv\/trading\/disruptions\/#primaryimage\"},\"thumbnailUrl\":\"https:\/\/www.etoro.com\/wp-content\/uploads\/2022\/03\/22.09.2021_Trading_Disruptions_inability_to_close_positions_during_volatile_market_conditions_1200x630_v1.jpg\",\"datePublished\":\"2022-03-27T10:52:22+00:00\",\"dateModified\":\"2024-08-19T13:15:09+00:00\",\"description\":\"Det kan finnas flera anledningar till handelsst\u00f6rningar. L\u00e4s om dessa st\u00f6rningar h\u00e4r, vad som orsakar dem, hur de p\u00e5verkar oss och hur de hanteras.\",\"breadcrumb\":{\"@id\":\"https:\/\/www.etoro.com\/sv\/trading\/disruptions\/#breadcrumb\"},\"inLanguage\":\"sv\",\"potentialAction\":[{\"@type\":\"ReadAction\",\"target\":[\"https:\/\/www.etoro.com\/sv\/trading\/disruptions\/\"]}]},{\"@type\":\"ImageObject\",\"inLanguage\":\"sv\",\"@id\":\"https:\/\/www.etoro.com\/sv\/trading\/disruptions\/#primaryimage\",\"url\":\"https:\/\/www.etoro.com\/wp-content\/uploads\/2022\/03\/22.09.2021_Trading_Disruptions_inability_to_close_positions_during_volatile_market_conditions_1200x630_v1.jpg\",\"contentUrl\":\"https:\/\/www.etoro.com\/wp-content\/uploads\/2022\/03\/22.09.2021_Trading_Disruptions_inability_to_close_positions_during_volatile_market_conditions_1200x630_v1.jpg\",\"width\":1200,\"height\":630},{\"@type\":\"BreadcrumbList\",\"@id\":\"https:\/\/www.etoro.com\/sv\/trading\/disruptions\/#breadcrumb\",\"itemListElement\":[{\"@type\":\"ListItem\",\"position\":1,\"name\":\"Hem\",\"item\":\"https:\/\/www.etoro.com\/sv\/\"},{\"@type\":\"ListItem\",\"position\":2,\"name\":\"HANDEL\",\"item\":\"https:\/\/www.etoro.com\/sv\/trading\/\"},{\"@type\":\"ListItem\",\"position\":3,\"name\":\"Handelsst\u00f6rningar\"}]},{\"@type\":\"WebSite\",\"@id\":\"https:\/\/www.etoro.com\/sv\/#website\",\"url\":\"https:\/\/www.etoro.com\/sv\/\",\"name\":\"eToro\",\"description\":\"\",\"publisher\":{\"@id\":\"https:\/\/www.etoro.com\/sv\/#organization\"},\"potentialAction\":[{\"@type\":\"SearchAction\",\"target\":{\"@type\":\"EntryPoint\",\"urlTemplate\":\"https:\/\/www.etoro.com\/sv\/?s={search_term_string}\"},\"query-input\":{\"@type\":\"PropertyValueSpecification\",\"valueRequired\":true,\"valueName\":\"search_term_string\"}}],\"inLanguage\":\"sv\"},[]]}<\/script>","yoast_head_json":{"title":"Vad \u00e4r handelsst\u00f6rningar? | eToro","description":"Det kan finnas flera anledningar till handelsst\u00f6rningar. L\u00e4s om dessa st\u00f6rningar h\u00e4r, vad som orsakar dem, hur de p\u00e5verkar oss och hur de hanteras.","robots":{"index":"index","follow":"follow","max-snippet":"max-snippet:-1","max-image-preview":"max-image-preview:large","max-video-preview":"max-video-preview:-1"},"canonical":"https:\/\/www.etoro.com\/sv\/wp-json\/wp\/v2\/pages\/352318","og_locale":"sv_SE","og_type":"article","og_title":"Vad \u00e4r handelsst\u00f6rningar? | eToro","og_description":"Det kan finnas flera anledningar till handelsst\u00f6rningar. L\u00e4s om dessa st\u00f6rningar h\u00e4r, vad som orsakar dem, hur de p\u00e5verkar oss och hur de hanteras.","og_url":"https:\/\/www.etoro.com\/sv\/wp-json\/wp\/v2\/pages\/352318","og_site_name":"eToro","article_publisher":"https:\/\/www.facebook.com\/eToro\/","article_modified_time":"2024-08-19T13:15:09+00:00","og_image":[{"width":750,"height":600,"url":"https:\/\/www.etoro.com\/wp-content\/uploads\/2022\/03\/22.09.2021_Trading_Disruptions_inability_to_close_positions_during_volatile_market_conditions_750x600_v1.jpg","type":"image\/jpeg"}],"twitter_card":"summary_large_image","twitter_image":"https:\/\/www.etoro.com\/wp-content\/uploads\/2022\/03\/22.09.2021_Trading_Disruptions_inability_to_close_positions_during_volatile_market_conditions_750x600_v1.jpg","twitter_site":"@eToro","twitter_misc":{"Est. reading time":"4 minutes"},"schema":{"@context":"https:\/\/schema.org","@graph":[{"@type":"WebPage","@id":"https:\/\/www.etoro.com\/sv\/trading\/disruptions\/","url":"https:\/\/www.etoro.com\/sv\/trading\/disruptions\/","name":"Vad \u00e4r handelsst\u00f6rningar? | eToro","isPartOf":{"@id":"https:\/\/www.etoro.com\/sv\/#website"},"primaryImageOfPage":{"@id":"https:\/\/www.etoro.com\/sv\/trading\/disruptions\/#primaryimage"},"image":{"@id":"https:\/\/www.etoro.com\/sv\/trading\/disruptions\/#primaryimage"},"thumbnailUrl":"https:\/\/www.etoro.com\/wp-content\/uploads\/2022\/03\/22.09.2021_Trading_Disruptions_inability_to_close_positions_during_volatile_market_conditions_1200x630_v1.jpg","datePublished":"2022-03-27T10:52:22+00:00","dateModified":"2024-08-19T13:15:09+00:00","description":"Det kan finnas flera anledningar till handelsst\u00f6rningar. L\u00e4s om dessa st\u00f6rningar h\u00e4r, vad som orsakar dem, hur de p\u00e5verkar oss och hur de hanteras.","breadcrumb":{"@id":"https:\/\/www.etoro.com\/sv\/trading\/disruptions\/#breadcrumb"},"inLanguage":"sv","potentialAction":[{"@type":"ReadAction","target":["https:\/\/www.etoro.com\/sv\/trading\/disruptions\/"]}]},{"@type":"ImageObject","inLanguage":"sv","@id":"https:\/\/www.etoro.com\/sv\/trading\/disruptions\/#primaryimage","url":"https:\/\/www.etoro.com\/wp-content\/uploads\/2022\/03\/22.09.2021_Trading_Disruptions_inability_to_close_positions_during_volatile_market_conditions_1200x630_v1.jpg","contentUrl":"https:\/\/www.etoro.com\/wp-content\/uploads\/2022\/03\/22.09.2021_Trading_Disruptions_inability_to_close_positions_during_volatile_market_conditions_1200x630_v1.jpg","width":1200,"height":630},{"@type":"BreadcrumbList","@id":"https:\/\/www.etoro.com\/sv\/trading\/disruptions\/#breadcrumb","itemListElement":[{"@type":"ListItem","position":1,"name":"Hem","item":"https:\/\/www.etoro.com\/sv\/"},{"@type":"ListItem","position":2,"name":"HANDEL","item":"https:\/\/www.etoro.com\/sv\/trading\/"},{"@type":"ListItem","position":3,"name":"Handelsst\u00f6rningar"}]},{"@type":"WebSite","@id":"https:\/\/www.etoro.com\/sv\/#website","url":"https:\/\/www.etoro.com\/sv\/","name":"eToro","description":"","publisher":{"@id":"https:\/\/www.etoro.com\/sv\/#organization"},"potentialAction":[{"@type":"SearchAction","target":{"@type":"EntryPoint","urlTemplate":"https:\/\/www.etoro.com\/sv\/?s={search_term_string}"},"query-input":{"@type":"PropertyValueSpecification","valueRequired":true,"valueName":"search_term_string"}}],"inLanguage":"sv"},[]]}},"_links":{"self":[{"href":"https:\/\/www.etoro.com\/sv\/wp-json\/wp\/v2\/pages\/352318"}],"collection":[{"href":"https:\/\/www.etoro.com\/sv\/wp-json\/wp\/v2\/pages"}],"about":[{"href":"https:\/\/www.etoro.com\/sv\/wp-json\/wp\/v2\/types\/page"}],"author":[{"embeddable":true,"href":"https:\/\/www.etoro.com\/sv\/wp-json\/wp\/v2\/users\/39"}],"replies":[{"embeddable":true,"href":"https:\/\/www.etoro.com\/sv\/wp-json\/wp\/v2\/comments?post=352318"}],"version-history":[{"count":0,"href":"https:\/\/www.etoro.com\/sv\/wp-json\/wp\/v2\/pages\/352318\/revisions"}],"up":[{"embeddable":true,"href":"https:\/\/www.etoro.com\/sv\/wp-json\/wp\/v2\/pages\/18393"}],"wp:featuredmedia":[{"embeddable":true,"href":"https:\/\/www.etoro.com\/sv\/wp-json\/wp\/v2\/media\/348686"}],"wp:attachment":[{"href":"https:\/\/www.etoro.com\/sv\/wp-json\/wp\/v2\/media?parent=352318"}],"wp:term":[{"taxonomy":"asset_type","embeddable":true,"href":"https:\/\/www.etoro.com\/sv\/wp-json\/wp\/v2\/asset_type?post=352318"}],"curies":[{"name":"wp","href":"https:\/\/api.w.org\/{rel}","templated":true}]}}