{"id":427111,"date":"2022-04-21T14:25:38","date_gmt":"2022-04-21T11:25:38","guid":{"rendered":"https:\/\/www.etoro.com\/?page_id=427111"},"modified":"2025-08-20T17:11:15","modified_gmt":"2025-08-20T14:11:15","slug":"reviews","status":"publish","type":"page","link":"https:\/\/www.etoro.com\/sv\/about\/reviews\/","title":{"rendered":"eToro Reviews"},"content":{"rendered":"\n<div class=\"wp-block-etoro-half-cover has-white-background-color\">\n<div class=\"wp-block-etoro-half-cover-left\"><p id=\"breadcrumbs\" class=\"gray-dark\"><span><span><a href=\"https:\/\/www.etoro.com\/sv\/\">Hem<\/a><\/span><\/span><\/p>\n<h1 class=\"wp-block-heading is-style-banner-title\">eToro <strong style=\"display: inline !important;\">Recensioner<\/strong><\/h1>\n\n\n\n<p>L\u00e4s tusentals recensioner av eToro fr\u00e5n riktiga anv\u00e4ndare<\/p>\n<\/div>\n\n\n\n<div class=\"wp-block-etoro-half-cover-right\">\n<img decoding=\"async\" src=\"https:\/\/www.etoro.com\/wp-content\/uploads\/2025\/08\/eToro-Reviews_main.png\" alt=\"\" class=\"wp-block-etoro-half-cover-media\"\/><img decoding=\"async\" src=\"https:\/\/www.etoro.com\/wp-content\/uploads\/2025\/08\/eToro-Reviews_desktop.png\" alt=\"\" class=\"wp-block-etoro-half-cover-media-desktop\"\/><img decoding=\"async\" src=\"https:\/\/www.etoro.com\/wp-content\/uploads\/2025\/08\/eToro-Reviews_tablet.png\" alt=\"\" class=\"wp-block-etoro-half-cover-media-tablet\"\/><img decoding=\"async\" src=\"https:\/\/www.etoro.com\/wp-content\/uploads\/2025\/08\/eToro-Reviews_mobile.png\" alt=\"\" class=\"wp-block-etoro-half-cover-media-mobile\"\/>\n<\/div>\n<\/div>\n\n\n\n<section class=\"wp-block-group wp-block-group-boxed\"><div class=\"wp-block-group-inner is-layout-flow wp-block-group-is-layout-flow\">\n<div class=\"wp-block-columns are-vertically-aligned-top wp-block-columns-1 wp-block-columns-size-14 is-layout-flex wp-container-core-columns-is-layout-1 wp-block-columns-is-layout-flex\">\n<div class=\"wp-block-column is-layout-flow wp-block-column-is-layout-flow\">\n<p class=\"has-text-align-center\">eToro \u00e4r v\u00e4rldens st\u00f6rsta sociala investeringsgemenskap och en popul\u00e4r och p\u00e5litlig investeringsl\u00f6sning f\u00f6r miljontals m\u00e4nniskor runt om i v\u00e4rlden.<\/p>\n\n\n\n<p class=\"has-text-align-center\">Gemenskap \u00e4r ett av eToros k\u00e4rnv\u00e4rden. Tack vare sociala investeringsfunktioner, ett intuitivt och s\u00e4kert gr\u00e4nssnitt, avancerade erfarenhetsbaserade verktyg, m\u00e5nga trading- och investeringsalternativ samt p\u00e5g\u00e5ende konversationer p\u00e5 eToro News Feed, ger v\u00e5ra anv\u00e4ndare oss g\u00e4rna bra recensioner och rekommenderar oss till sina v\u00e4nner och bekanta.<\/p>\n<\/div>\n<\/div>\n<\/div><\/section>\n\n\n\n<section class=\"wp-block-group wp-block-group-boxed has-white-background-color has-background\"><div class=\"wp-block-group-inner is-layout-flow wp-block-group-is-layout-flow\">\n<div class=\"wp-block-columns are-vertically-aligned-top wp-block-columns-2 is-layout-flex wp-container-core-columns-is-layout-2 wp-block-columns-is-layout-flex\">\n<div class=\"wp-block-column is-layout-flow wp-block-column-is-layout-flow\">\n<figure class=\"wp-block-image size-full\"><img loading=\"lazy\" decoding=\"async\" width=\"619\" height=\"464\" src=\"https:\/\/www.etoro.com\/wp-content\/uploads\/2025\/08\/How-do-we-maintain-our-reputation.png\" alt=\"How do we maintain our reputation\" class=\"wp-image-1122092 wp-image-desktop\" srcset=\"https:\/\/www.etoro.com\/wp-content\/uploads\/2025\/08\/How-do-we-maintain-our-reputation.png 619w, https:\/\/www.etoro.com\/wp-content\/uploads\/2025\/08\/How-do-we-maintain-our-reputation-300x225.png 300w\" sizes=\"(max-width: 619px) 100vw, 619px\" \/><\/figure>\n<\/div>\n\n\n\n<div class=\"wp-block-column is-layout-flow wp-block-column-is-layout-flow\">\n<h2 class=\"wp-block-heading\"><strong>Hur uppr\u00e4tth\u00e5ller\u00a0vi <b class=\"wp-etoro-format-colored-green\">v\u00e5rt rykte?<\/b><\/strong><\/h2>\n\n\n\n<p>eToro uppr\u00e4tth\u00e5ller sitt utm\u00e4rkta rykte genom att l\u00e4gga stor vikt vid transparens, s\u00e4kerhet, reglering och kontinuerlig kommunikation med sina kunder. Du kan ta reda p\u00e5 mer om anledningarna till att du b\u00f6r v\u00e4lja eToro f\u00f6r din trading och investering p\u00e5 sidan f\u00f6r\u00a0<a href=\"https:\/\/www.etoro.com\/sv\/about\/why-choose-us\/\">varf\u00f6r du b\u00f6r v\u00e4lja oss<\/a>\u00a0samt om f\u00f6retagets historia och nuvarande verksamhet p\u00e5 sidan\u00a0<a href=\"https:\/\/www.etoro.com\/sv\/about\/\">om eToro<\/a>.<\/p>\n\n\n\n<div class=\"wp-block-buttons is-layout-flex wp-block-buttons-is-layout-flex\">\n<a class=\"e-cta e-cta-primary\" href=\"https:\/\/www.etoro.com\/sv\/accounts\/sign-up\">Bli en del av eToro<\/a>\n<\/div>\n<\/div>\n<\/div>\n<\/div><\/section>\n\n\n\n<section class=\"wp-block-group wp-block-group-boxed\"><div class=\"wp-block-group-inner is-layout-flow wp-block-group-is-layout-flow\">\n<h2 class=\"wp-block-heading has-text-align-center\"><strong>eToros<b class=\"wp-etoro-format-colored-green\"> anv\u00e4ndarrecensioner<\/b><\/strong><\/h2>\n\n\n\n\t<!-- TrustBox widget - Grid -->\n\t<div class=\"trustpilot-widget\"\n\t     data-locale=\"sv\"\n\t     data-template-id=\"539adbd6dec7e10e686debee\"\n\t     data-businessunit-id=\"4aa6d5d3000064000504b834\"\n\t     data-style-width=\"100%\"\n\t     data-style-height=\"500px\"\n\t     data-theme=\"light\"\n\t     data-stars=\"3,4,5\"\n\t     data-review-languages=\"sv\">\n\t\t<a href=\"https:\/\/uk.trustpilot.com\/review\/www.etoro.com\" target=\"_blank\" rel=\"noopener\">Trustpilot<\/a>\n\t<\/div>\n\t<!-- End TrustBox widget -->\n\n\t\n<\/div><\/section>\n\n\n\n<section class=\"wp-block-group wp-block-group-boxed has-white-background-color has-background\"><div class=\"wp-block-group-inner is-layout-flow wp-block-group-is-layout-flow\">\n<p class=\"has-text-align-center\">Du kan uppleva eToro via m\u00e5nga enheter.<br>Kolla in vad v\u00e5ra Android- och iOS-anv\u00e4ndare har att s\u00e4ga om v\u00e5ra mobilappar.<\/p>\n\n\n\n<div class=\"wp-block-columns are-vertically-aligned-top wp-block-columns-1 is-layout-flex wp-container-core-columns-is-layout-3 wp-block-columns-is-layout-flex\">\n\n<div class=\"wp-block-column is-layout-flow wp-block-column-is-layout-flow\"><\/div>\n\n<\/div>\n<script src=\"https:\/\/apps.elfsight.com\/p\/platform.js\" defer><\/script>\n<div class=\"elfsight-app-4f377533-ded5-4386-8568-246a3b72ec96\"><\/div>\n<\/div><\/section>\n\n\n\n<section class=\"wp-block-group wp-block-group-boxed\"><div class=\"wp-block-group-inner is-layout-flow wp-block-group-is-layout-flow\">\n<h2 class=\"wp-block-heading has-text-align-center\"><strong>Hantera dina investeringar enkelt med <b class=\"wp-etoro-format-colored-green\">eToro-appen<\/b><\/strong><\/h2>\n\n\n\n<p class=\"has-text-align-center hide-on-mobile hide-on-tablet\">Skanna koden<\/p>\n\n\n\n<figure class=\"wp-block-image aligncenter size-full hide-on-mobile hide-on-tablet\"><img loading=\"lazy\" decoding=\"async\" width=\"634\" height=\"457\" src=\"https:\/\/www.etoro.com\/wp-content\/uploads\/2025\/08\/using-the-eToro-app.png\" alt=\"\" class=\"wp-image-1122149 wp-image-desktop\" srcset=\"https:\/\/www.etoro.com\/wp-content\/uploads\/2025\/08\/using-the-eToro-app.png 634w, https:\/\/www.etoro.com\/wp-content\/uploads\/2025\/08\/using-the-eToro-app-300x216.png 300w\" sizes=\"(max-width: 634px) 100vw, 634px\" \/><\/figure>\n\n\n\n<p class=\"has-text-align-center hide-on-desktop\">Ladda ner appen nu:<\/p>\n\n\n\n<div class=\"wp-block-columns are-vertically-aligned-top wp-block-columns-2 is-layout-flex wp-container-core-columns-is-layout-4 wp-block-columns-is-layout-flex\">\n<div class=\"wp-block-column is-layout-flow wp-block-column-is-layout-flow\">\n<figure class=\"wp-block-image aligncenter size-full hide-on-desktop\"><a href=\"https:\/\/etoro.onelink.me\/2615279504?af_js_web=true&amp;af_ss_ver=2_9_3&amp;pid=utm_medium&amp;af_ss_ui=true&amp;af_click_lookback=60d\" rel=\"nofollow noopener noreferrer\" ><img loading=\"lazy\" decoding=\"async\" width=\"153\" height=\"45\" src=\"https:\/\/www.etoro.com\/wp-content\/uploads\/2025\/08\/App-Store-eng.png\" alt=\"\" class=\"wp-image-1122177 wp-image-desktop\" srcset=\"https:\/\/www.etoro.com\/wp-content\/uploads\/2025\/08\/App-Store-eng.png 153w, https:\/\/www.etoro.com\/wp-content\/uploads\/2025\/08\/App-Store-eng-150x45.png 150w\" sizes=\"(max-width: 153px) 100vw, 153px\" \/><\/a><\/figure>\n<\/div>\n\n\n\n<div class=\"wp-block-column is-layout-flow wp-block-column-is-layout-flow\">\n<figure class=\"wp-block-image aligncenter size-full hide-on-desktop\"><img loading=\"lazy\" decoding=\"async\" width=\"153\" height=\"45\" src=\"https:\/\/www.etoro.com\/wp-content\/uploads\/2025\/08\/Google-Play-eng.png\" alt=\"\" class=\"wp-image-1122203 wp-image-desktop\" srcset=\"https:\/\/www.etoro.com\/wp-content\/uploads\/2025\/08\/Google-Play-eng.png 153w, https:\/\/www.etoro.com\/wp-content\/uploads\/2025\/08\/Google-Play-eng-150x45.png 150w\" sizes=\"(max-width: 153px) 100vw, 153px\" \/><\/figure>\n<\/div>\n<\/div>\n<\/div><\/section>\n","protected":false},"excerpt":{"rendered":"<p>eToro \u00e4r v\u00e4rldens st\u00f6rsta sociala investeringsgemenskap och en popul\u00e4r och p\u00e5litlig investeringsl\u00f6sning f\u00f6r miljontals m\u00e4nniskor runt om i v\u00e4rlden. Gemenskap \u00e4r ett av eToros k\u00e4rnv\u00e4rden. Tack vare sociala investeringsfunktioner, ett intuitivt och s\u00e4kert gr\u00e4nssnitt, avancerade erfarenhetsbaserade verktyg, m\u00e5nga trading- och investeringsalternativ samt p\u00e5g\u00e5ende konversationer p\u00e5 eToro News Feed, ger v\u00e5ra anv\u00e4ndare oss g\u00e4rna bra recensioner&hellip;<\/p>\n","protected":false},"author":95,"featured_media":1122143,"parent":10558,"menu_order":0,"comment_status":"closed","ping_status":"closed","template":"","meta":{"_acf_changed":true,"inline_featured_image":false,"sticky_cta_settings":"","footnotes":""},"asset_type":[],"class_list":["post-427111","page","type-page","status-publish","has-post-thumbnail","hentry"],"acf":[],"yoast_head":"<title>Recensioner av eToro: Riktiga anv\u00e4ndares recensioner &amp; betyg<\/title>\n<meta name=\"description\" content=\"Den sociala handelsplattformen eToro \u00e4r hem f\u00f6r miljontals traders och investerare. L\u00e4s deras recensioner, varf\u00f6r de valde oss och vad de har att s\u00e4ga om oss.\" \/>\n<meta name=\"robots\" content=\"index, follow, max-snippet:-1, max-image-preview:large, max-video-preview:-1\" \/>\n<link rel=\"canonical\" href=\"https:\/\/www.etoro.com\/sv\/wp-json\/wp\/v2\/pages\/427111\" \/>\n<meta property=\"og:locale\" content=\"sv_SE\" \/>\n<meta property=\"og:type\" content=\"article\" \/>\n<meta property=\"og:title\" content=\"Recensioner av eToro: Riktiga anv\u00e4ndares recensioner &amp; betyg\" \/>\n<meta property=\"og:description\" content=\"Den sociala handelsplattformen eToro \u00e4r hem f\u00f6r miljontals traders och investerare. L\u00e4s deras recensioner, varf\u00f6r de valde oss och vad de har att s\u00e4ga om oss.\" \/>\n<meta property=\"og:url\" content=\"https:\/\/www.etoro.com\/sv\/wp-json\/wp\/v2\/pages\/427111\" \/>\n<meta property=\"og:site_name\" content=\"eToro\" \/>\n<meta property=\"article:publisher\" content=\"https:\/\/www.facebook.com\/eToro\/\" \/>\n<meta property=\"article:modified_time\" content=\"2025-08-20T14:11:15+00:00\" \/>\n<meta property=\"og:image\" content=\"https:\/\/www.etoro.com\/wp-content\/uploads\/2022\/03\/eToro-Reviews-mobile-Hero.jpg\" \/>\n\t<meta property=\"og:image:width\" content=\"374\" \/>\n\t<meta property=\"og:image:height\" content=\"490\" \/>\n\t<meta property=\"og:image:type\" content=\"image\/jpeg\" \/>\n<meta name=\"twitter:card\" content=\"summary_large_image\" \/>\n<meta name=\"twitter:image\" content=\"https:\/\/www.etoro.com\/wp-content\/uploads\/2022\/03\/eToro-Reviews-mobile-Hero.jpg\" \/>\n<meta name=\"twitter:site\" content=\"@eToro\" \/>\n<script type=\"application\/ld+json\" class=\"yoast-schema-graph\">{\"@context\":\"https:\/\/schema.org\",\"@graph\":[{\"@type\":\"WebPage\",\"@id\":\"https:\/\/www.etoro.com\/sv\/about\/reviews\/\",\"url\":\"https:\/\/www.etoro.com\/sv\/about\/reviews\/\",\"name\":\"Recensioner av eToro: Riktiga anv\u00e4ndares recensioner & betyg\",\"isPartOf\":{\"@id\":\"https:\/\/www.etoro.com\/sv\/#website\"},\"primaryImageOfPage\":{\"@id\":\"https:\/\/www.etoro.com\/sv\/about\/reviews\/#primaryimage\"},\"image\":{\"@id\":\"https:\/\/www.etoro.com\/sv\/about\/reviews\/#primaryimage\"},\"thumbnailUrl\":\"https:\/\/www.etoro.com\/wp-content\/uploads\/2025\/08\/Featured-image-1200x630_eToro-Reviews.png\",\"datePublished\":\"2022-04-21T11:25:38+00:00\",\"dateModified\":\"2025-08-20T14:11:15+00:00\",\"description\":\"Den sociala handelsplattformen eToro \u00e4r hem f\u00f6r miljontals traders och investerare. L\u00e4s deras recensioner, varf\u00f6r de valde oss och vad de har att s\u00e4ga om oss.\",\"breadcrumb\":{\"@id\":\"https:\/\/www.etoro.com\/sv\/about\/reviews\/#breadcrumb\"},\"inLanguage\":\"sv\",\"potentialAction\":[{\"@type\":\"ReadAction\",\"target\":[\"https:\/\/www.etoro.com\/sv\/about\/reviews\/\"]}]},{\"@type\":\"ImageObject\",\"inLanguage\":\"sv\",\"@id\":\"https:\/\/www.etoro.com\/sv\/about\/reviews\/#primaryimage\",\"url\":\"https:\/\/www.etoro.com\/wp-content\/uploads\/2025\/08\/Featured-image-1200x630_eToro-Reviews.png\",\"contentUrl\":\"https:\/\/www.etoro.com\/wp-content\/uploads\/2025\/08\/Featured-image-1200x630_eToro-Reviews.png\",\"width\":1200,\"height\":630,\"caption\":\"eToro Reviews\"},{\"@type\":\"BreadcrumbList\",\"@id\":\"https:\/\/www.etoro.com\/sv\/about\/reviews\/#breadcrumb\",\"itemListElement\":[{\"@type\":\"ListItem\",\"position\":1,\"name\":\"Hem\",\"item\":\"https:\/\/www.etoro.com\/sv\/\"},{\"@type\":\"ListItem\",\"position\":2,\"name\":\"OM\",\"item\":\"https:\/\/www.etoro.com\/sv\/about\/\"},{\"@type\":\"ListItem\",\"position\":3,\"name\":\"reviews\"}]},{\"@type\":\"WebSite\",\"@id\":\"https:\/\/www.etoro.com\/sv\/#website\",\"url\":\"https:\/\/www.etoro.com\/sv\/\",\"name\":\"eToro\",\"description\":\"\",\"publisher\":{\"@id\":\"https:\/\/www.etoro.com\/sv\/#organization\"},\"potentialAction\":[{\"@type\":\"SearchAction\",\"target\":{\"@type\":\"EntryPoint\",\"urlTemplate\":\"https:\/\/www.etoro.com\/sv\/?s={search_term_string}\"},\"query-input\":{\"@type\":\"PropertyValueSpecification\",\"valueRequired\":true,\"valueName\":\"search_term_string\"}}],\"inLanguage\":\"sv\"},[]]}<\/script>","yoast_head_json":{"title":"Recensioner av eToro: Riktiga anv\u00e4ndares recensioner & betyg","description":"Den sociala handelsplattformen eToro \u00e4r hem f\u00f6r miljontals traders och investerare. L\u00e4s deras recensioner, varf\u00f6r de valde oss och vad de har att s\u00e4ga om oss.","robots":{"index":"index","follow":"follow","max-snippet":"max-snippet:-1","max-image-preview":"max-image-preview:large","max-video-preview":"max-video-preview:-1"},"canonical":"https:\/\/www.etoro.com\/sv\/wp-json\/wp\/v2\/pages\/427111","og_locale":"sv_SE","og_type":"article","og_title":"Recensioner av eToro: Riktiga anv\u00e4ndares recensioner & betyg","og_description":"Den sociala handelsplattformen eToro \u00e4r hem f\u00f6r miljontals traders och investerare. L\u00e4s deras recensioner, varf\u00f6r de valde oss och vad de har att s\u00e4ga om oss.","og_url":"https:\/\/www.etoro.com\/sv\/wp-json\/wp\/v2\/pages\/427111","og_site_name":"eToro","article_publisher":"https:\/\/www.facebook.com\/eToro\/","article_modified_time":"2025-08-20T14:11:15+00:00","og_image":[{"width":374,"height":490,"url":"https:\/\/www.etoro.com\/wp-content\/uploads\/2022\/03\/eToro-Reviews-mobile-Hero.jpg","type":"image\/jpeg"}],"twitter_card":"summary_large_image","twitter_image":"https:\/\/www.etoro.com\/wp-content\/uploads\/2022\/03\/eToro-Reviews-mobile-Hero.jpg","twitter_site":"@eToro","schema":{"@context":"https:\/\/schema.org","@graph":[{"@type":"WebPage","@id":"https:\/\/www.etoro.com\/sv\/about\/reviews\/","url":"https:\/\/www.etoro.com\/sv\/about\/reviews\/","name":"Recensioner av eToro: Riktiga anv\u00e4ndares recensioner & betyg","isPartOf":{"@id":"https:\/\/www.etoro.com\/sv\/#website"},"primaryImageOfPage":{"@id":"https:\/\/www.etoro.com\/sv\/about\/reviews\/#primaryimage"},"image":{"@id":"https:\/\/www.etoro.com\/sv\/about\/reviews\/#primaryimage"},"thumbnailUrl":"https:\/\/www.etoro.com\/wp-content\/uploads\/2025\/08\/Featured-image-1200x630_eToro-Reviews.png","datePublished":"2022-04-21T11:25:38+00:00","dateModified":"2025-08-20T14:11:15+00:00","description":"Den sociala handelsplattformen eToro \u00e4r hem f\u00f6r miljontals traders och investerare. L\u00e4s deras recensioner, varf\u00f6r de valde oss och vad de har att s\u00e4ga om oss.","breadcrumb":{"@id":"https:\/\/www.etoro.com\/sv\/about\/reviews\/#breadcrumb"},"inLanguage":"sv","potentialAction":[{"@type":"ReadAction","target":["https:\/\/www.etoro.com\/sv\/about\/reviews\/"]}]},{"@type":"ImageObject","inLanguage":"sv","@id":"https:\/\/www.etoro.com\/sv\/about\/reviews\/#primaryimage","url":"https:\/\/www.etoro.com\/wp-content\/uploads\/2025\/08\/Featured-image-1200x630_eToro-Reviews.png","contentUrl":"https:\/\/www.etoro.com\/wp-content\/uploads\/2025\/08\/Featured-image-1200x630_eToro-Reviews.png","width":1200,"height":630,"caption":"eToro Reviews"},{"@type":"BreadcrumbList","@id":"https:\/\/www.etoro.com\/sv\/about\/reviews\/#breadcrumb","itemListElement":[{"@type":"ListItem","position":1,"name":"Hem","item":"https:\/\/www.etoro.com\/sv\/"},{"@type":"ListItem","position":2,"name":"OM","item":"https:\/\/www.etoro.com\/sv\/about\/"},{"@type":"ListItem","position":3,"name":"reviews"}]},{"@type":"WebSite","@id":"https:\/\/www.etoro.com\/sv\/#website","url":"https:\/\/www.etoro.com\/sv\/","name":"eToro","description":"","publisher":{"@id":"https:\/\/www.etoro.com\/sv\/#organization"},"potentialAction":[{"@type":"SearchAction","target":{"@type":"EntryPoint","urlTemplate":"https:\/\/www.etoro.com\/sv\/?s={search_term_string}"},"query-input":{"@type":"PropertyValueSpecification","valueRequired":true,"valueName":"search_term_string"}}],"inLanguage":"sv"},[]]}},"_links":{"self":[{"href":"https:\/\/www.etoro.com\/sv\/wp-json\/wp\/v2\/pages\/427111"}],"collection":[{"href":"https:\/\/www.etoro.com\/sv\/wp-json\/wp\/v2\/pages"}],"about":[{"href":"https:\/\/www.etoro.com\/sv\/wp-json\/wp\/v2\/types\/page"}],"author":[{"embeddable":true,"href":"https:\/\/www.etoro.com\/sv\/wp-json\/wp\/v2\/users\/95"}],"replies":[{"embeddable":true,"href":"https:\/\/www.etoro.com\/sv\/wp-json\/wp\/v2\/comments?post=427111"}],"version-history":[{"count":0,"href":"https:\/\/www.etoro.com\/sv\/wp-json\/wp\/v2\/pages\/427111\/revisions"}],"up":[{"embeddable":true,"href":"https:\/\/www.etoro.com\/sv\/wp-json\/wp\/v2\/pages\/10558"}],"wp:featuredmedia":[{"embeddable":true,"href":"https:\/\/www.etoro.com\/sv\/wp-json\/wp\/v2\/media\/1122143"}],"wp:attachment":[{"href":"https:\/\/www.etoro.com\/sv\/wp-json\/wp\/v2\/media?parent=427111"}],"wp:term":[{"taxonomy":"asset_type","embeddable":true,"href":"https:\/\/www.etoro.com\/sv\/wp-json\/wp\/v2\/asset_type?post=427111"}],"curies":[{"name":"wp","href":"https:\/\/api.w.org\/{rel}","templated":true}]}}