{"id":673587,"date":"2023-07-26T16:17:58","date_gmt":"2023-07-26T13:17:58","guid":{"rendered":"https:\/\/www.etoro.com\/customer-service\/trading-restriction\/"},"modified":"2023-10-19T18:11:56","modified_gmt":"2023-10-19T15:11:56","slug":"trading-restriction","status":"publish","type":"page","link":"https:\/\/www.etoro.com\/sv\/customer-service\/terms-conditions\/trading-restriction\/","title":{"rendered":"Handelsuppdatering"},"content":{"rendered":"\n<section class=\"wp-block-group wp-block-group-boxed has-white-background-color has-background\"><div class=\"wp-block-group-inner is-layout-flow wp-block-group-is-layout-flow\">\n<div class=\"wp-block-columns are-vertically-aligned-top wp-block-columns-1 wp-block-columns-size-14 is-layout-flex wp-container-core-columns-is-layout-1 wp-block-columns-is-layout-flex\">\n<div class=\"wp-block-column wp-block-column-align-desktop-center wp-block-column-align-mobile-left is-layout-flow wp-block-column-is-layout-flow\">\n<h2 class=\"wp-block-heading has-text-align-center\">Restriktioner vid kryptohandel<\/h2>\n\n\n\n<p class=\"has-text-align-center\">P\u00e5 grund av risken f\u00f6r f\u00f6rluster klassar Financial Conduct Authority (FCA) denna investering som h\u00f6g risk.<\/p>\n<\/div>\n<\/div>\n<\/div><\/section>\n\n\n\n<section class=\"wp-block-group wp-block-group-boxed\"><div class=\"wp-block-group-inner is-layout-flow wp-block-group-is-layout-flow\">\n<div class=\"wp-block-columns are-vertically-aligned-top wp-block-columns-1 wp-block-columns-size-14 is-layout-flex wp-container-core-columns-is-layout-2 wp-block-columns-is-layout-flex\">\n<div class=\"wp-block-column is-layout-flow wp-block-column-is-layout-flow\">\n<h2 class=\"wp-block-heading\">Vilka \u00e4r <strong>de fr\u00e4msta riskerna?<\/strong><\/h2>\n\n\n\n<h3 class=\"wp-block-heading\">1. Du kan f\u00f6rlora alla pengar du investerar<\/h3>\n\n\n\n<ul class=\"wp-block-list wp-block-list-circle\">\n<li>Utvecklingen f\u00f6r de flesta kryptotillg\u00e5ngar kan vara mycket volatil, och deras v\u00e4rden kan sjunka lika snabbt som de kan stiga. Du b\u00f6r vara beredd att f\u00f6rlora alla pengar du investerar i kryptotillg\u00e5ngar.<\/li>\n\n\n\n<li>Marknaden f\u00f6r kryptotillg\u00e5ngar \u00e4r i stort sett oreglerad. Det finns en risk att f\u00f6rlora pengar eller alla kryptotillg\u00e5ngar du k\u00f6per p\u00e5 grund av risker som cyberattacker, ekonomisk brottslighet och f\u00f6retag som misslyckas.<\/li>\n<\/ul>\n<\/div>\n<\/div>\n<\/div><\/section>\n\n\n\n<section class=\"wp-block-group wp-block-group-boxed has-white-background-color has-background\"><div class=\"wp-block-group-inner is-layout-flow wp-block-group-is-layout-flow\">\n<div class=\"wp-block-columns are-vertically-aligned-top wp-block-columns-1 wp-block-columns-size-14 is-layout-flex wp-container-core-columns-is-layout-3 wp-block-columns-is-layout-flex\">\n<div class=\"wp-block-column is-layout-flow wp-block-column-is-layout-flow\">\n<h3 class=\"wp-block-heading\">2. Du ska inte f\u00f6rv\u00e4nta dig n\u00e5got skydd om n\u00e5got g\u00e5r fel<\/h3>\n\n\n\n<ul class=\"wp-block-list wp-block-list-circle\">\n<li>Brittiska Financial Services Compensation Scheme (FSCS) skyddar inte denna typ av investering eftersom det inte \u00e4r en &#8220;specificerad investering&#8221; enligt brittiska regleringar. Med andra ord klassas inte denna typ av investering som den typ av investering som FSCS kan skydda. Du kan l\u00e4ra dig mer genom att anv\u00e4nda FSCS kontroll av investeringsskydd h\u00e4r. [<a href=\"https:\/\/www.fscs.org.uk\/check\/investment-protection-checker\" rel=\"nofollow noopener noreferrer\" >https:\/\/www.fscs.org.uk\/check\/investment-protection-checker<\/a>].<\/li>\n\n\n\n<li>Financial Ombudsman Service (FOS) kommer inte att kunna behandla klagom\u00e5l relaterade till dessa f\u00f6retag, och skydd fr\u00e5n Financial Ombudsman Service (FOS) t\u00e4cker inte d\u00e5liga investeringsresultat. Om du har ett klagom\u00e5l mot ett FCA-reglerat f\u00f6retag kan FOS komma att behandla det. L\u00e4s mer om FOS-skydd h\u00e4r. [<a href=\"https:\/\/www.financial-ombudsman.org.uk\/consumers\" rel=\"nofollow noopener noreferrer\" >https:\/\/www.financial-ombudsman.org.uk\/consumers<\/a>].<\/li>\n<\/ul>\n<\/div>\n<\/div>\n<\/div><\/section>\n\n\n\n<section class=\"wp-block-group wp-block-group-boxed\"><div class=\"wp-block-group-inner is-layout-flow wp-block-group-is-layout-flow\">\n<div class=\"wp-block-columns are-vertically-aligned-top wp-block-columns-1 wp-block-columns-size-14 is-layout-flex wp-container-core-columns-is-layout-4 wp-block-columns-is-layout-flex\">\n<div class=\"wp-block-column is-layout-flow wp-block-column-is-layout-flow\">\n<h3 class=\"wp-block-heading\">3. Det \u00e4r inte s\u00e4kert att du kan s\u00e4lja din investering n\u00e4r du vill<\/h3>\n\n\n\n<ul class=\"wp-block-list wp-block-list-circle\">\n<li>Det finns ingen garanti f\u00f6r att investeringar i kryptotillg\u00e5ngar l\u00e4tt kan s\u00e4ljas n\u00e4r som helst. M\u00f6jligheten att s\u00e4lja en kryptotillg\u00e5ng beror p\u00e5 olika faktorer, inklusive utbud och efterfr\u00e5gan p\u00e5 marknaden vid den tiden.<\/li>\n\n\n\n<li>Operativa misslyckanden som tekniska avbrott, cyberattacker och sammanblandning av medel kan orsaka o\u00f6nskade f\u00f6rseningar och det \u00e4r inte s\u00e4kert att du kan s\u00e4lja dina kryptotillg\u00e5ngar vid den tidpunkt du vill.<\/li>\n<\/ul>\n<\/div>\n<\/div>\n<\/div><\/section>\n\n\n\n<section class=\"wp-block-group wp-block-group-boxed has-white-background-color has-background\"><div class=\"wp-block-group-inner is-layout-flow wp-block-group-is-layout-flow\">\n<div class=\"wp-block-columns are-vertically-aligned-top wp-block-columns-1 wp-block-columns-size-14 is-layout-flex wp-container-core-columns-is-layout-5 wp-block-columns-is-layout-flex\">\n<div class=\"wp-block-column is-layout-flow wp-block-column-is-layout-flow\">\n<h3 class=\"wp-block-heading\">4. Investeringar i kryptotillg\u00e5ngar kan vara komplexa<\/h3>\n\n\n\n<ul class=\"wp-block-list wp-block-list-circle\">\n<li>Investeringar i kryptotillg\u00e5ngar kan vara komplexa, vilket g\u00f6r det sv\u00e5rt att f\u00f6rst\u00e5 riskerna med investeringen.<\/li>\n\n\n\n<li>Du b\u00f6r g\u00f6ra din egen analys innan du investerar. Om n\u00e5got l\u00e5ter f\u00f6r bra f\u00f6r att vara sant s\u00e5 \u00e4r det f\u00f6rmodligen det.<\/li>\n<\/ul>\n<\/div>\n<\/div>\n<\/div><\/section>\n\n\n\n<section class=\"wp-block-group wp-block-group-boxed\"><div class=\"wp-block-group-inner is-layout-flow wp-block-group-is-layout-flow\">\n<div class=\"wp-block-columns are-vertically-aligned-top wp-block-columns-1 wp-block-columns-size-14 is-layout-flex wp-container-core-columns-is-layout-6 wp-block-columns-is-layout-flex\">\n<div class=\"wp-block-column is-layout-flow wp-block-column-is-layout-flow\">\n<h3 class=\"wp-block-heading\">5. L\u00e4gg inte alla dina \u00e4gg i en korg<\/h3>\n\n\n\n<ul class=\"wp-block-list wp-block-list-circle\">\n<li>Att l\u00e4gga alla dina pengar p\u00e5 en och samma typ av investering \u00e4r riskabelt. Att sprida dina pengar \u00f6ver olika investeringar g\u00f6r dig mindre beroende av en enskild tillg\u00e5ng f\u00f6r att lyckas.<\/li>\n\n\n\n<li>En bra tumregel \u00e4r att inte investera mer \u00e4n 10 % av dina pengar i h\u00f6griskinvesteringar. [<a href=\"https:\/\/www.fca.org.uk\/investsmart\/5-questions-ask-you-invest\" rel=\"nofollow noopener noreferrer\" >https:\/\/www.fca.org.uk\/investsmart\/5-questions-ask-you-invest<\/a>]<\/li>\n<\/ul>\n\n\n\n<p class=\"is-style-default\">Om du \u00e4r intresserad av att l\u00e4ra dig mer om hur du skyddar dig sj\u00e4lv, bes\u00f6k FCA:s hemsida. [<a href=\"https:\/\/www.fca.org.uk\/investsmart\" rel=\"nofollow noopener noreferrer\" >https:\/\/www.fca.org.uk\/investsmart<\/a>]<\/p>\n\n\n\n<p class=\"is-style-default\">F\u00f6r ytterligare information om kryptotillg\u00e5ngar, bes\u00f6k FCA:s hemsida. [<a href=\"https:\/\/www.fca.org.uk\/investsmart\/crypto-basics\" rel=\"nofollow noopener noreferrer\" >https:\/\/www.fca.org.uk\/investsmart\/crypto-basics<\/a>]<\/p>\n<\/div>\n<\/div>\n<\/div><\/section>\n","protected":false},"excerpt":{"rendered":"<p>Restriktioner vid kryptohandel P\u00e5 grund av risken f\u00f6r f\u00f6rluster klassar Financial Conduct Authority (FCA) denna investering som h\u00f6g risk. Vilka \u00e4r de fr\u00e4msta riskerna? 1. Du kan f\u00f6rlora alla pengar du investerar 2. Du ska inte f\u00f6rv\u00e4nta dig n\u00e5got skydd om n\u00e5got g\u00e5r fel 3. Det \u00e4r inte s\u00e4kert att du kan s\u00e4lja din investering&hellip;<\/p>\n","protected":false},"author":119,"featured_media":673688,"parent":10773,"menu_order":0,"comment_status":"closed","ping_status":"closed","template":"","meta":{"_acf_changed":false,"inline_featured_image":false,"sticky_cta_settings":"","footnotes":""},"asset_type":[],"class_list":["post-673587","page","type-page","status-publish","has-post-thumbnail","hentry"],"acf":[],"yoast_head":"<title>Handelsuppdatering - eToro<\/title>\n<meta name=\"robots\" content=\"noindex, nofollow\" \/>\n<meta property=\"og:locale\" content=\"sv_SE\" \/>\n<meta property=\"og:type\" content=\"article\" \/>\n<meta property=\"og:title\" content=\"Handelsuppdatering - eToro\" \/>\n<meta property=\"og:description\" content=\"Restriktioner vid kryptohandel P\u00e5 grund av risken f\u00f6r f\u00f6rluster klassar Financial Conduct Authority (FCA) denna investering som h\u00f6g risk. Vilka \u00e4r de fr\u00e4msta riskerna? 1. Du kan f\u00f6rlora alla pengar du investerar 2. Du ska inte f\u00f6rv\u00e4nta dig n\u00e5got skydd om n\u00e5got g\u00e5r fel 3. Det \u00e4r inte s\u00e4kert att du kan s\u00e4lja din investering&hellip;\" \/>\n<meta property=\"og:url\" content=\"https:\/\/www.etoro.com\/sv\/wp-json\/wp\/v2\/pages\/673587\" \/>\n<meta property=\"og:site_name\" content=\"eToro\" \/>\n<meta property=\"article:publisher\" content=\"https:\/\/www.facebook.com\/eToro\/\" \/>\n<meta property=\"article:modified_time\" content=\"2023-10-19T15:11:56+00:00\" \/>\n<meta property=\"og:image\" content=\"https:\/\/www.etoro.com\/wp-content\/uploads\/2023\/08\/Featured-image-1200x630-1.png\" \/>\n\t<meta property=\"og:image:width\" content=\"1200\" \/>\n\t<meta property=\"og:image:height\" content=\"630\" \/>\n\t<meta property=\"og:image:type\" content=\"image\/png\" \/>\n<meta name=\"twitter:card\" content=\"summary_large_image\" \/>\n<meta name=\"twitter:site\" content=\"@eToro\" \/>\n<meta name=\"twitter:label1\" content=\"Est. reading time\" \/>\n\t<meta name=\"twitter:data1\" content=\"3 minutes\" \/>\n<script type=\"application\/ld+json\" class=\"yoast-schema-graph\">{\"@context\":\"https:\/\/schema.org\",\"@graph\":[{\"@type\":\"WebPage\",\"@id\":\"https:\/\/www.etoro.com\/sv\/customer-service\/terms-conditions\/trading-restriction\/\",\"url\":\"https:\/\/www.etoro.com\/sv\/customer-service\/terms-conditions\/trading-restriction\/\",\"name\":\"Handelsuppdatering - eToro\",\"isPartOf\":{\"@id\":\"https:\/\/www.etoro.com\/sv\/#website\"},\"primaryImageOfPage\":{\"@id\":\"https:\/\/www.etoro.com\/sv\/customer-service\/terms-conditions\/trading-restriction\/#primaryimage\"},\"image\":{\"@id\":\"https:\/\/www.etoro.com\/sv\/customer-service\/terms-conditions\/trading-restriction\/#primaryimage\"},\"thumbnailUrl\":\"https:\/\/www.etoro.com\/wp-content\/uploads\/2023\/08\/Featured-image-1200x630-1.png\",\"datePublished\":\"2023-07-26T13:17:58+00:00\",\"dateModified\":\"2023-10-19T15:11:56+00:00\",\"breadcrumb\":{\"@id\":\"https:\/\/www.etoro.com\/sv\/customer-service\/terms-conditions\/trading-restriction\/#breadcrumb\"},\"inLanguage\":\"sv\",\"potentialAction\":[{\"@type\":\"ReadAction\",\"target\":[\"https:\/\/www.etoro.com\/sv\/customer-service\/terms-conditions\/trading-restriction\/\"]}]},{\"@type\":\"ImageObject\",\"inLanguage\":\"sv\",\"@id\":\"https:\/\/www.etoro.com\/sv\/customer-service\/terms-conditions\/trading-restriction\/#primaryimage\",\"url\":\"https:\/\/www.etoro.com\/wp-content\/uploads\/2023\/08\/Featured-image-1200x630-1.png\",\"contentUrl\":\"https:\/\/www.etoro.com\/wp-content\/uploads\/2023\/08\/Featured-image-1200x630-1.png\",\"width\":1200,\"height\":630,\"caption\":\"Trading Update\"},{\"@type\":\"BreadcrumbList\",\"@id\":\"https:\/\/www.etoro.com\/sv\/customer-service\/terms-conditions\/trading-restriction\/#breadcrumb\",\"itemListElement\":[{\"@type\":\"ListItem\",\"position\":1,\"name\":\"Hem\",\"item\":\"https:\/\/www.etoro.com\/sv\/\"},{\"@type\":\"ListItem\",\"position\":2,\"name\":\"KUNDTJ\u00c4NST\",\"item\":\"https:\/\/www.etoro.com\/sv\/customer-service\/\"},{\"@type\":\"ListItem\",\"position\":3,\"name\":\"REGLER OCH VILLKOR\",\"item\":\"https:\/\/www.etoro.com\/sv\/customer-service\/terms-conditions\/\"},{\"@type\":\"ListItem\",\"position\":4,\"name\":\"Handelsuppdatering\"}]},{\"@type\":\"WebSite\",\"@id\":\"https:\/\/www.etoro.com\/sv\/#website\",\"url\":\"https:\/\/www.etoro.com\/sv\/\",\"name\":\"eToro\",\"description\":\"\",\"publisher\":{\"@id\":\"https:\/\/www.etoro.com\/sv\/#organization\"},\"potentialAction\":[{\"@type\":\"SearchAction\",\"target\":{\"@type\":\"EntryPoint\",\"urlTemplate\":\"https:\/\/www.etoro.com\/sv\/?s={search_term_string}\"},\"query-input\":{\"@type\":\"PropertyValueSpecification\",\"valueRequired\":true,\"valueName\":\"search_term_string\"}}],\"inLanguage\":\"sv\"},[]]}<\/script>","yoast_head_json":{"title":"Handelsuppdatering - eToro","robots":{"index":"noindex","follow":"nofollow"},"og_locale":"sv_SE","og_type":"article","og_title":"Handelsuppdatering - eToro","og_description":"Restriktioner vid kryptohandel P\u00e5 grund av risken f\u00f6r f\u00f6rluster klassar Financial Conduct Authority (FCA) denna investering som h\u00f6g risk. Vilka \u00e4r de fr\u00e4msta riskerna? 1. Du kan f\u00f6rlora alla pengar du investerar 2. Du ska inte f\u00f6rv\u00e4nta dig n\u00e5got skydd om n\u00e5got g\u00e5r fel 3. Det \u00e4r inte s\u00e4kert att du kan s\u00e4lja din investering&hellip;","og_url":"https:\/\/www.etoro.com\/sv\/wp-json\/wp\/v2\/pages\/673587","og_site_name":"eToro","article_publisher":"https:\/\/www.facebook.com\/eToro\/","article_modified_time":"2023-10-19T15:11:56+00:00","og_image":[{"width":1200,"height":630,"url":"https:\/\/www.etoro.com\/wp-content\/uploads\/2023\/08\/Featured-image-1200x630-1.png","type":"image\/png"}],"twitter_card":"summary_large_image","twitter_site":"@eToro","twitter_misc":{"Est. reading time":"3 minutes"},"schema":{"@context":"https:\/\/schema.org","@graph":[{"@type":"WebPage","@id":"https:\/\/www.etoro.com\/sv\/customer-service\/terms-conditions\/trading-restriction\/","url":"https:\/\/www.etoro.com\/sv\/customer-service\/terms-conditions\/trading-restriction\/","name":"Handelsuppdatering - eToro","isPartOf":{"@id":"https:\/\/www.etoro.com\/sv\/#website"},"primaryImageOfPage":{"@id":"https:\/\/www.etoro.com\/sv\/customer-service\/terms-conditions\/trading-restriction\/#primaryimage"},"image":{"@id":"https:\/\/www.etoro.com\/sv\/customer-service\/terms-conditions\/trading-restriction\/#primaryimage"},"thumbnailUrl":"https:\/\/www.etoro.com\/wp-content\/uploads\/2023\/08\/Featured-image-1200x630-1.png","datePublished":"2023-07-26T13:17:58+00:00","dateModified":"2023-10-19T15:11:56+00:00","breadcrumb":{"@id":"https:\/\/www.etoro.com\/sv\/customer-service\/terms-conditions\/trading-restriction\/#breadcrumb"},"inLanguage":"sv","potentialAction":[{"@type":"ReadAction","target":["https:\/\/www.etoro.com\/sv\/customer-service\/terms-conditions\/trading-restriction\/"]}]},{"@type":"ImageObject","inLanguage":"sv","@id":"https:\/\/www.etoro.com\/sv\/customer-service\/terms-conditions\/trading-restriction\/#primaryimage","url":"https:\/\/www.etoro.com\/wp-content\/uploads\/2023\/08\/Featured-image-1200x630-1.png","contentUrl":"https:\/\/www.etoro.com\/wp-content\/uploads\/2023\/08\/Featured-image-1200x630-1.png","width":1200,"height":630,"caption":"Trading Update"},{"@type":"BreadcrumbList","@id":"https:\/\/www.etoro.com\/sv\/customer-service\/terms-conditions\/trading-restriction\/#breadcrumb","itemListElement":[{"@type":"ListItem","position":1,"name":"Hem","item":"https:\/\/www.etoro.com\/sv\/"},{"@type":"ListItem","position":2,"name":"KUNDTJ\u00c4NST","item":"https:\/\/www.etoro.com\/sv\/customer-service\/"},{"@type":"ListItem","position":3,"name":"REGLER OCH VILLKOR","item":"https:\/\/www.etoro.com\/sv\/customer-service\/terms-conditions\/"},{"@type":"ListItem","position":4,"name":"Handelsuppdatering"}]},{"@type":"WebSite","@id":"https:\/\/www.etoro.com\/sv\/#website","url":"https:\/\/www.etoro.com\/sv\/","name":"eToro","description":"","publisher":{"@id":"https:\/\/www.etoro.com\/sv\/#organization"},"potentialAction":[{"@type":"SearchAction","target":{"@type":"EntryPoint","urlTemplate":"https:\/\/www.etoro.com\/sv\/?s={search_term_string}"},"query-input":{"@type":"PropertyValueSpecification","valueRequired":true,"valueName":"search_term_string"}}],"inLanguage":"sv"},[]]}},"_links":{"self":[{"href":"https:\/\/www.etoro.com\/sv\/wp-json\/wp\/v2\/pages\/673587"}],"collection":[{"href":"https:\/\/www.etoro.com\/sv\/wp-json\/wp\/v2\/pages"}],"about":[{"href":"https:\/\/www.etoro.com\/sv\/wp-json\/wp\/v2\/types\/page"}],"author":[{"embeddable":true,"href":"https:\/\/www.etoro.com\/sv\/wp-json\/wp\/v2\/users\/119"}],"replies":[{"embeddable":true,"href":"https:\/\/www.etoro.com\/sv\/wp-json\/wp\/v2\/comments?post=673587"}],"version-history":[{"count":0,"href":"https:\/\/www.etoro.com\/sv\/wp-json\/wp\/v2\/pages\/673587\/revisions"}],"up":[{"embeddable":true,"href":"https:\/\/www.etoro.com\/sv\/wp-json\/wp\/v2\/pages\/10773"}],"wp:featuredmedia":[{"embeddable":true,"href":"https:\/\/www.etoro.com\/sv\/wp-json\/wp\/v2\/media\/673688"}],"wp:attachment":[{"href":"https:\/\/www.etoro.com\/sv\/wp-json\/wp\/v2\/media?parent=673587"}],"wp:term":[{"taxonomy":"asset_type","embeddable":true,"href":"https:\/\/www.etoro.com\/sv\/wp-json\/wp\/v2\/asset_type?post=673587"}],"curies":[{"name":"wp","href":"https:\/\/api.w.org\/{rel}","templated":true}]}}