{"id":712609,"date":"2023-08-30T14:27:33","date_gmt":"2023-08-30T11:27:33","guid":{"rendered":"https:\/\/www.etoro.com\/investing\/etf\/"},"modified":"2025-06-19T10:04:43","modified_gmt":"2025-06-19T07:04:43","slug":"etf","status":"publish","type":"page","link":"https:\/\/www.etoro.com\/sv\/investing\/etf\/","title":{"rendered":"ETF"},"content":{"rendered":"\n<div class=\"wp-block-etoro-half-cover has-white-background-color\">\n<div class=\"wp-block-etoro-half-cover-left\"><p id=\"breadcrumbs\" class=\"gray-dark\"><span><span><a href=\"https:\/\/www.etoro.com\/sv\/\">Hem<\/a><\/span><\/span><\/p>\n<h1 class=\"wp-block-heading is-style-banner-title\">Investera i <strong>b\u00f6rshandlade fonder<\/strong><\/h1>\n\n\n\n<p>Diversifierade investeringar n\u00e4ra till hands med \u00f6ver 300 ETF:er att v\u00e4lja mellan.<\/p>\n\n\n\n<div class=\"wp-block-buttons is-layout-flex wp-block-buttons-is-layout-flex\">\n<a class=\"e-cta e-cta-primary\" href=\"https:\/\/etoro.com\/sv\/accounts\/sign-up\" rel=\"nofollow noopener noreferrer\" >Kom ig\u00e5ng<\/a>\n<\/div>\n<\/div>\n\n\n\n<div class=\"wp-block-etoro-half-cover-right\">\n<img decoding=\"async\" src=\"https:\/\/www.etoro.com\/wp-content\/uploads\/2025\/04\/ETF_desktop.png\" alt=\"\" class=\"wp-block-etoro-half-cover-media\"\/><img decoding=\"async\" src=\"https:\/\/www.etoro.com\/wp-content\/uploads\/2025\/06\/ETF_640x450.png\" alt=\"\" class=\"wp-block-etoro-half-cover-media-desktop\"\/><img decoding=\"async\" src=\"https:\/\/www.etoro.com\/wp-content\/uploads\/2025\/06\/ETF_960x480.png\" alt=\"\" class=\"wp-block-etoro-half-cover-media-tablet\"\/><img decoding=\"async\" src=\"https:\/\/www.etoro.com\/wp-content\/uploads\/2025\/04\/ETFmobile.png\" alt=\"\" class=\"wp-block-etoro-half-cover-media-mobile\"\/>\n<\/div>\n<\/div>\n\n\n\n<section class=\"wp-block-group wp-block-group-boxed has-white-background-color has-background\"><div class=\"wp-block-group-inner is-layout-flow wp-block-group-is-layout-flow\">\n<div class=\"wp-block-columns are-vertically-aligned-top wp-block-columns-1 is-layout-flex wp-container-core-columns-is-layout-1 wp-block-columns-is-layout-flex\">\n<div class=\"wp-block-column wp-block-column-align-mobile-left is-layout-flow wp-block-column-is-layout-flow\">\n<h2 class=\"wp-block-heading has-text-align-center\"><span>Varf\u00f6r <strong>ETF:er<\/strong>?<\/span><\/h2>\n\n\n\n<p class=\"has-text-align-center\">En ETF, eller b\u00f6rshandlad fond, \u00e4r en typ av investeringsfond som syftar till att sp\u00e5ra utvecklingen f\u00f6r ett specifikt aktiemarknadsindex, industrisektor eller tillg\u00e5ng.<\/p>\n<\/div>\n<\/div>\n\n\n\n<div class=\"wp-block-columns are-vertically-aligned-top wp-block-columns-3 is-layout-flex wp-container-core-columns-is-layout-2 wp-block-columns-is-layout-flex\">\n<div class=\"wp-block-column is-layout-flow wp-block-column-is-layout-flow\">\n<div class=\"wp-block-etoro-card wp-block-etoro-card-size-small wp-block-etoro-card-thumbnail-position-above wp-block-etoro-card-default\"><img decoding=\"async\" src=\"https:\/\/www.etoro.com\/wp-content\/uploads\/2023\/08\/Diversified.png\" alt=\"Diversifiera\" class=\"wp-block-etoro-card-thumbnail\"\/><div class=\"wp-block-etoro-card-body\"><div class=\"wp-block-etoro-card-title\"><strong>Diversifiera<\/strong><\/div><div class=\"wp-block-etoro-card-content\">\n<p>Genom en ETF kan du potentiellt f\u00e5 exponering mot hundratals tillg\u00e5ngar<\/p>\n\n\n\n<p><\/p>\n<\/div><\/div><\/div>\n<\/div>\n\n\n\n<div class=\"wp-block-column is-layout-flow wp-block-column-is-layout-flow\">\n<div class=\"wp-block-etoro-card wp-block-etoro-card-size-small wp-block-etoro-card-thumbnail-position-above wp-block-etoro-card-default\"><img decoding=\"async\" src=\"https:\/\/www.etoro.com\/wp-content\/uploads\/2023\/08\/simplify.png\" alt=\"F\u00f6renkla\" class=\"wp-block-etoro-card-thumbnail\"\/><div class=\"wp-block-etoro-card-body\"><div class=\"wp-block-etoro-card-title\"><strong>F\u00f6renkla<\/strong><\/div><div class=\"wp-block-etoro-card-content\">\n<p>ETF:er \u00e4r f\u00e4rdiga och kr\u00e4ver inte att du v\u00e4ljer tillg\u00e5ngar individuellt<\/p>\n<\/div><\/div><\/div>\n<\/div>\n\n\n\n<div class=\"wp-block-column is-layout-flow wp-block-column-is-layout-flow\">\n<div class=\"wp-block-etoro-card wp-block-etoro-card-size-small wp-block-etoro-card-thumbnail-position-above wp-block-etoro-card-default\"><img decoding=\"async\" src=\"https:\/\/www.etoro.com\/wp-content\/uploads\/2023\/08\/Save-money.png\" alt=\"Spara\" class=\"wp-block-etoro-card-thumbnail\"\/><div class=\"wp-block-etoro-card-body\"><div class=\"wp-block-etoro-card-title\"><strong>Spara<\/strong><\/div><div class=\"wp-block-etoro-card-content\">\n<p>ETF:er \u00e4r mer kostnadseffektiva \u00e4n aktivt f\u00f6rvaltade fonder<\/p>\n<\/div><\/div><\/div>\n<\/div>\n<\/div>\n<\/div><\/section>\n\n\n\n<section class=\"wp-block-group wp-block-group-boxed has-dark-blue-background-color has-background\"><div class=\"wp-block-group-inner is-layout-flow wp-block-group-is-layout-flow\">\n<div class=\"wp-block-columns are-vertically-aligned-top wp-block-columns-1 is-layout-flex wp-container-core-columns-is-layout-3 wp-block-columns-is-layout-flex\">\n<div class=\"wp-block-column wp-block-column-align-mobile-left is-layout-flow wp-block-column-is-layout-flow\">\n<h2 class=\"wp-block-heading has-text-align-center\"><span>V\u00e4lj den ETF <strong>som passar dig b\u00e4st<\/strong><\/span><\/h2>\n\n\n\n<p><\/p>\n\n\n\n<div id=\"swiper1532163799\" class=\"wp-block-etoro-cards\"><div class=\"swiper-wrapper\">\n<div class=\"wp-block-etoro-card wp-block-etoro-card-size-small wp-block-etoro-card-thumbnail-position-above wp-block-etoro-card-default\"><img decoding=\"async\" src=\"https:\/\/www.etoro.com\/wp-content\/uploads\/2023\/08\/Index.png\" alt=\"Index-ETF:er\" class=\"wp-block-etoro-card-thumbnail\"\/><div class=\"wp-block-etoro-card-body\"><div class=\"wp-block-etoro-card-title\">Index-ETF:er<\/div><div class=\"wp-block-etoro-card-content\">\n<p>str\u00e4var efter att sp\u00e5ra resultatet f\u00f6r ett j\u00e4mf\u00f6relseindex.<\/p>\n<\/div><\/div><\/div>\n\n\n\n<div class=\"wp-block-etoro-card wp-block-etoro-card-size-small wp-block-etoro-card-thumbnail-position-above wp-block-etoro-card-default\"><img decoding=\"async\" src=\"https:\/\/www.etoro.com\/wp-content\/uploads\/2023\/08\/Wallet.png\" alt=\"Utdelnings-ETF:er\" class=\"wp-block-etoro-card-thumbnail\"\/><div class=\"wp-block-etoro-card-body\"><div class=\"wp-block-etoro-card-title\">Utdelnings-ETF:er<\/div><div class=\"wp-block-etoro-card-content\">\n<p>inneh\u00e5ller aktier med en stark historia av att betala utdelningar.<\/p>\n<\/div><\/div><\/div>\n\n\n\n<div class=\"wp-block-etoro-card wp-block-etoro-card-size-small wp-block-etoro-card-thumbnail-position-above wp-block-etoro-card-default\"><img decoding=\"async\" src=\"https:\/\/www.etoro.com\/wp-content\/uploads\/2023\/08\/Handshake-1.png\" alt=\"Obligations-ETF:er\" class=\"wp-block-etoro-card-thumbnail\"\/><div class=\"wp-block-etoro-card-body\"><div class=\"wp-block-etoro-card-title\">Obligations-ETF:er<\/div><div class=\"wp-block-etoro-card-content\">\n<p>kan vara ett utm\u00e4rkt investeringsalternativ med l\u00e4gre risk.<\/p>\n<\/div><\/div><\/div>\n\n\n\n<div class=\"wp-block-etoro-card wp-block-etoro-card-size-small wp-block-etoro-card-thumbnail-position-above wp-block-etoro-card-default\"><img decoding=\"async\" src=\"https:\/\/www.etoro.com\/wp-content\/uploads\/2023\/08\/Commodities.png\" alt=\"R\u00e5varu-ETF:er\" class=\"wp-block-etoro-card-thumbnail\"\/><div class=\"wp-block-etoro-card-body\"><div class=\"wp-block-etoro-card-title\">R\u00e5varu-ETF:er<\/div><div class=\"wp-block-etoro-card-content\">\n<p>erbjuda exponering f\u00f6r prisf\u00f6r\u00e4ndringar p\u00e5 r\u00e5varor.<\/p>\n<\/div><\/div><\/div>\n<\/div><\/div>\n<\/div>\n<\/div>\n<\/div><\/section>\n\n\n\n<section class=\"wp-block-group wp-block-group-boxed has-white-background-color has-background\"><div class=\"wp-block-group-inner is-layout-flow wp-block-group-is-layout-flow\">\n<div class=\"wp-block-columns are-vertically-aligned-top wp-block-columns-1 is-layout-flex wp-container-core-columns-is-layout-4 wp-block-columns-is-layout-flex\">\n<div class=\"wp-block-column is-layout-flow wp-block-column-is-layout-flow\">\n<h2 class=\"wp-block-heading has-text-align-center\"><span>Hur man k\u00f6per <strong>ETF:er p\u00e5 eToro<\/strong><\/span><\/h2>\n<\/div>\n<\/div>\n\n\n\n<div class=\"wp-block-columns are-vertically-aligned-top wp-block-columns-3 is-layout-flex wp-container-core-columns-is-layout-5 wp-block-columns-is-layout-flex\">\n<div class=\"wp-block-column is-layout-flow wp-block-column-is-layout-flow\">\n<div class=\"wp-block-etoro-card wp-block-etoro-card-size-medium wp-block-etoro-card-thumbnail-position-above wp-block-etoro-card-default\"><img decoding=\"async\" src=\"https:\/\/www.etoro.com\/wp-content\/uploads\/2023\/08\/Ido-Guy-about-two-pa.png\" alt=\"V\u00e4lj en ETF\" class=\"wp-block-etoro-card-thumbnail\"\/><div class=\"wp-block-etoro-card-body\"><div class=\"wp-block-etoro-card-title\"><strong>V\u00e4lj en ETF<\/strong><\/div><div class=\"wp-block-etoro-card-content\">\n<p>V\u00e4lj den ETF som du vill handla och klicka sedan p\u00e5 knappen Handla<\/p>\n<\/div><\/div><\/div>\n<\/div>\n\n\n\n<div class=\"wp-block-column is-layout-flow wp-block-column-is-layout-flow\">\n<div class=\"wp-block-etoro-card wp-block-etoro-card-size-medium wp-block-etoro-card-thumbnail-position-above wp-block-etoro-card-default\"><img decoding=\"async\" src=\"https:\/\/www.etoro.com\/wp-content\/uploads\/2023\/08\/Ido-Guy-about-two-pa-1.png\" alt=\"Hur mycket?\" class=\"wp-block-etoro-card-thumbnail\"\/><div class=\"wp-block-etoro-card-body\"><div class=\"wp-block-etoro-card-title\"><strong>Hur mycket?<\/strong><\/div><div class=\"wp-block-etoro-card-content\">\n<p>Ange beloppet (eller antalet enheter) du vill investera<\/p>\n<\/div><\/div><\/div>\n<\/div>\n\n\n\n<div class=\"wp-block-column is-layout-flow wp-block-column-is-layout-flow\">\n<div class=\"wp-block-etoro-card wp-block-etoro-card-size-medium wp-block-etoro-card-thumbnail-position-above wp-block-etoro-card-default\"><img decoding=\"async\" src=\"https:\/\/www.etoro.com\/wp-content\/uploads\/2023\/08\/Ido-Guy-about-two-pa-2.png\" alt=\"\u00d6ppna position\" class=\"wp-block-etoro-card-thumbnail\"\/><div class=\"wp-block-etoro-card-body\"><div class=\"wp-block-etoro-card-title\"><strong>\u00d6ppna position<\/strong><\/div><div class=\"wp-block-etoro-card-content\">\n<p>N\u00e4r du har st\u00e4llt in positionens parametrar klickar du p\u00e5 \u00d6ppna position<\/p>\n<\/div><\/div><\/div>\n<\/div>\n<\/div>\n\n\n\n<div class=\"wp-block-buttons is-content-justification-center is-layout-flex wp-container-core-buttons-is-layout-2 wp-block-buttons-is-layout-flex\">\n<a class=\"e-cta e-cta-primary\" href=\"https:\/\/www.etoro.com\/sv\/accounts\/sign-up\"><strong>Kom ig\u00e5ng<\/strong><\/a>\n<\/div>\n<\/div><\/section>\n\n\n\n<section class=\"wp-block-group wp-block-group-boxed has-dark-blue-background-color has-background\"><div class=\"wp-block-group-inner is-layout-flow wp-block-group-is-layout-flow\">\n<div class=\"wp-block-columns are-vertically-aligned-center wp-block-columns-2 is-swapped-on-mobile is-layout-flex wp-container-core-columns-is-layout-6 wp-block-columns-is-layout-flex\">\n<div class=\"wp-block-column is-layout-flow wp-block-column-is-layout-flow\">\n<h2 class=\"wp-block-heading\"><span>F\u00e5 sj\u00e4lvf\u00f6rtroendet <strong>att handla ETF:er<\/strong><\/span><\/h2>\n\n\n\n<p>Vill du finslipa dina handelskunskaper i din egen takt, utan risk? Anv\u00e4nd den kostnadsfria demoportf\u00f6ljen med $100 000 i virtuella pengar f\u00f6r att \u00f6va p\u00e5 att investera i ETF:er, s\u00e5v\u00e4l som allt annat som eToro har att erbjuda.<\/p>\n\n\n\n<div class=\"wp-block-buttons is-layout-flex wp-block-buttons-is-layout-flex\">\n<a class=\"e-cta e-cta-primary\" href=\"https:\/\/www.etoro.com\/sv\/accounts\/sign-up\">Gratis demokonto<\/a>\n<\/div>\n<\/div>\n\n\n\n<div class=\"wp-block-column is-layout-flow wp-block-column-is-layout-flow\">\n<figure class=\"wp-block-image size-full\"><img loading=\"lazy\" decoding=\"async\" width=\"576\" height=\"520\" src=\"https:\/\/www.etoro.com\/wp-content\/uploads\/2023\/08\/iPhone-13-Pro.png\" alt=\"\" class=\"wp-image-691827 wp-image-desktop\" srcset=\"https:\/\/www.etoro.com\/wp-content\/uploads\/2023\/08\/iPhone-13-Pro-300x271.png 300w, https:\/\/www.etoro.com\/wp-content\/uploads\/2023\/08\/iPhone-13-Pro.png 576w\" sizes=\"(max-width: 576px) 100vw, 576px\" \/><\/figure>\n<\/div>\n<\/div>\n<\/div><\/section>\n\n\n\n<section class=\"wp-block-group wp-block-group-boxed\"><div class=\"wp-block-group-inner is-layout-flow wp-block-group-is-layout-flow\">\n<dl class=\"wp-block-etoro-faq\">\n<div class=\"wp-block-etoro-faq-item\"><dt class=\"wp-block-etoro-faq-item-question\">Vad \u00e4r en ETF?<\/dt><dd class=\"wp-block-etoro-faq-item-answer\">\n<p>En ETF, eller b\u00f6rshandlad fond, \u00e4r en typ av investeringsfond som syftar till att sp\u00e5ra utvecklingen f\u00f6r ett specifikt aktiemarknadsindex, industrisektor eller tillg\u00e5ng.<\/p>\n<\/dd><\/div>\n\n\n\n<div class=\"wp-block-etoro-faq-item\"><dt class=\"wp-block-etoro-faq-item-question\">\u00c4r ETF:er l\u00e4mpliga f\u00f6r nyb\u00f6rjare?<\/dt><dd class=\"wp-block-etoro-faq-item-answer\">\n<p>ETF:er ger ett enkelt och direkt s\u00e4tt att f\u00e5 exponering mot ett brett spektrum av finansiella tillg\u00e5ngar, som sp\u00e4nner \u00f6ver r\u00e5varor, obligationer, aktier och till och med fastigheter. ETF-handel \u00e4r att f\u00f6redra framf\u00f6r andelsfonder, eftersom de inte medf\u00f6r samma handelsavgifter och utgiftskvoter, samtidigt som de erbjuder m\u00f6jligheten att kunna \u00f6ppna och st\u00e4nga positioner flera g\u00e5nger dagligen, precis som vid aktiehandel.<\/p>\n\n\n\n<p>Om du \u00e4r sugen p\u00e5 att l\u00e4ra dig mer om handel med ETF:er, <a target=\"_blank\" href=\"https:\/\/www.etoro.com\/stocks\/investing-in-etfs\/\" rel=\"noreferrer noopener\">klicka h\u00e4r<\/a> f\u00f6r att l\u00e4sa v\u00e5r fullst\u00e4ndiga guide till investeringar i ETF:er f\u00f6r nyb\u00f6rjare.<\/p>\n<\/dd><\/div>\n\n\n\n<div class=\"wp-block-etoro-faq-item\"><dt class=\"wp-block-etoro-faq-item-question\">Vilka avgifter kommer jag att betala f\u00f6r handel med ETF:er?<\/dt><dd class=\"wp-block-etoro-faq-item-answer\">\n<p>F\u00f6r avgifter f\u00f6rknippade med ETF:er, se v\u00e5r <a href=\"https:\/\/www.etoro.com\/sv\/trading\/fees\/\" target=\"_blank\" rel=\"noreferrer noopener\">avgiftssida<\/a>.<\/p>\n<\/dd><\/div>\n\n\n\n<div class=\"wp-block-etoro-faq-item\"><dt class=\"wp-block-etoro-faq-item-question\">Ger ETF:er utdelning?<\/dt><dd class=\"wp-block-etoro-faq-item-answer\">\n<p>Utdelning \u00e4r kontantbetalningar som vissa f\u00f6retag betalar till sina investerare som en del av sina vinster. Alla f\u00f6retag betalar inte utdelning men m\u00e5nga v\u00e4letablerade f\u00f6retag g\u00f6r det. Om du \u00e4ger en ETF som investerar i utdelningsbetalande f\u00f6retag f\u00e5r du utdelning. F\u00f6r mer information om utdelning, se <a href=\"https:\/\/www.etoro.com\/investing\/what-are-dividends\/\" target=\"_blank\" rel=\"noreferrer noopener\">v\u00e5r guide<\/a>.<\/p>\n<\/dd><\/div>\n\n\n\n<div class=\"wp-block-etoro-faq-item\"><dt class=\"wp-block-etoro-faq-item-question\">\u00c4r ETF:er l\u00e4mpliga f\u00f6r l\u00e5ngsiktiga investeringar?<\/dt><dd class=\"wp-block-etoro-faq-item-answer\">\n<p>Liksom de flesta investeringar \u00e4r det en bra id\u00e9 att anta en l\u00e5ngsiktig strategi med ETF:er, och det kan hj\u00e4lpa till att minska din risk. Ta till exempel ETF:er som sp\u00e5rar aktieindex. P\u00e5 kort sikt kan aktier vara mycket volatila, men p\u00e5 l\u00e5ng sikt tenderar b\u00f6rsen att stiga. S\u00e5 generellt sett g\u00e4ller att ju l\u00e4ngre tid du investerar, desto mindre \u00e4r risken att f\u00f6rlora pengar.<\/p>\n<\/dd><\/div>\n\n\n\n<div class=\"wp-block-etoro-faq-item\"><dt class=\"wp-block-etoro-faq-item-question\">Handlas ETF:er 24 timmar om dygnet?<\/dt><dd class=\"wp-block-etoro-faq-item-answer\">\n<p>ETF:er handlas p\u00e5 marknaderna under vanliga \u00f6ppettider precis som aktier. Du kan forts\u00e4tta att handla med ETF:er under hela dagen och utanf\u00f6r b\u00f6rsens ordinarie \u00f6ppettider, men ordern kommer att utf\u00f6ras n\u00e4r marknaden \u00e4r \u00f6ppen. Se sidan med <a target=\"_blank\" href=\"https:\/\/www.etoro.com\/sv\/trading\/market-hours-and-events\/\" rel=\"noreferrer noopener\">b\u00f6rsens \u00f6ppettider<\/a> h\u00e4r.<\/p>\n<\/dd><\/div>\n\n\n\n<div class=\"wp-block-etoro-faq-item\"><dt class=\"wp-block-etoro-faq-item-question\">Vad \u00e4r skillnaden mellan ETF:er och andelsfonder?<\/dt><dd class=\"wp-block-etoro-faq-item-answer\">\n<p>ETF:er och andelsfonder \u00e4r b\u00e5da samlingar eller &#8220;korgar&#8221; av enskilda obligationer eller aktier. Men det finns n\u00e5gra viktiga skillnader.<\/p>\n\n\n\n<p>Andelsfonder f\u00f6rvaltas vanligtvis aktivt, medan ETF:er \u00e4r ett mer passivt investeringsinstrument som sp\u00e5rar ett befintligt marknadsindex autonomt. De andelsfonder som \u00e4r aktivt f\u00f6rvaltade medf\u00f6r ofta att investeraren beh\u00f6ver betala f\u00f6rvaltningsavgifter och kr\u00e4ver ofta en mycket st\u00f6rre initial investering \u00e4n en ETF.<\/p>\n\n\n\n<p>ETF:er erbjuder ocks\u00e5 mer praktisk kontroll \u00f6ver priset du k\u00f6per och s\u00e4ljer f\u00f6r \u00e4n en andelsfond. Du kan k\u00f6pa och s\u00e4lja ETF:er till fluktuerande priser under en handelsdag. Men de som k\u00f6per en andelsfond kommer att betala samma pris som alla andra som har investerat den dagen. Med andelsfonder ber\u00e4knas priset inte f\u00f6rr\u00e4n i slutet av varje handelsdag.<\/p>\n<\/dd><\/div>\n<\/dl>\n<\/div><\/section>\n","protected":false},"excerpt":{"rendered":"<p>Varf\u00f6r ETF:er? En ETF, eller b\u00f6rshandlad fond, \u00e4r en typ av investeringsfond som syftar till att sp\u00e5ra utvecklingen f\u00f6r ett specifikt aktiemarknadsindex, industrisektor eller tillg\u00e5ng. V\u00e4lj den ETF som passar dig b\u00e4st Hur man k\u00f6per ETF:er p\u00e5 eToro F\u00e5 sj\u00e4lvf\u00f6rtroendet att handla ETF:er Vill du finslipa dina handelskunskaper i din egen takt, utan risk? Anv\u00e4nd&hellip;<\/p>\n","protected":false},"author":119,"featured_media":1048440,"parent":19771,"menu_order":0,"comment_status":"closed","ping_status":"closed","template":"","meta":{"_acf_changed":false,"inline_featured_image":false,"sticky_cta_settings":"","footnotes":""},"asset_type":[],"class_list":["post-712609","page","type-page","status-publish","has-post-thumbnail","hentry"],"acf":[],"yoast_head":"<title>Investera i b\u00f6rshandlade fonder (ETF:er) p\u00e5 eToro<\/title>\n<meta name=\"description\" content=\"ETF:er erbjuder diversifierad exponering mot en rad tillg\u00e5ngar, s\u00e5som aktier, obligationer, r\u00e5varor och mer.\" \/>\n<meta name=\"robots\" content=\"index, follow, max-snippet:-1, max-image-preview:large, max-video-preview:-1\" \/>\n<link rel=\"canonical\" href=\"https:\/\/www.etoro.com\/sv\/wp-json\/wp\/v2\/pages\/712609\" \/>\n<meta property=\"og:locale\" content=\"sv_SE\" \/>\n<meta property=\"og:type\" content=\"article\" \/>\n<meta property=\"og:title\" content=\"Investera i b\u00f6rshandlade fonder (ETF:er) p\u00e5 eToro\" \/>\n<meta property=\"og:description\" content=\"ETF:er erbjuder diversifierad exponering mot en rad tillg\u00e5ngar, s\u00e5som aktier, obligationer, r\u00e5varor och mer.\" \/>\n<meta property=\"og:url\" content=\"https:\/\/www.etoro.com\/sv\/wp-json\/wp\/v2\/pages\/712609\" \/>\n<meta property=\"og:site_name\" content=\"eToro\" \/>\n<meta property=\"article:publisher\" content=\"https:\/\/www.facebook.com\/eToro\/\" \/>\n<meta property=\"article:modified_time\" content=\"2025-06-19T07:04:43+00:00\" \/>\n<meta property=\"og:image\" content=\"https:\/\/www.etoro.com\/wp-content\/uploads\/2025\/04\/Featured-image-ETF_1200x630.png\" \/>\n\t<meta property=\"og:image:width\" content=\"1200\" \/>\n\t<meta property=\"og:image:height\" content=\"630\" \/>\n\t<meta property=\"og:image:type\" content=\"image\/png\" \/>\n<meta name=\"twitter:card\" content=\"summary_large_image\" \/>\n<meta name=\"twitter:site\" content=\"@eToro\" \/>\n<meta name=\"twitter:label1\" content=\"Est. reading time\" \/>\n\t<meta name=\"twitter:data1\" content=\"4 minutes\" \/>\n<script type=\"application\/ld+json\" class=\"yoast-schema-graph\">{\"@context\":\"https:\/\/schema.org\",\"@graph\":[{\"@type\":\"WebPage\",\"@id\":\"https:\/\/www.etoro.com\/sv\/investing\/etf\/\",\"url\":\"https:\/\/www.etoro.com\/sv\/investing\/etf\/\",\"name\":\"Investera i b\u00f6rshandlade fonder (ETF:er) p\u00e5 eToro\",\"isPartOf\":{\"@id\":\"https:\/\/www.etoro.com\/sv\/#website\"},\"primaryImageOfPage\":{\"@id\":\"https:\/\/www.etoro.com\/sv\/investing\/etf\/#primaryimage\"},\"image\":{\"@id\":\"https:\/\/www.etoro.com\/sv\/investing\/etf\/#primaryimage\"},\"thumbnailUrl\":\"https:\/\/www.etoro.com\/wp-content\/uploads\/2025\/04\/Featured-image-ETF_1200x630.png\",\"datePublished\":\"2023-08-30T11:27:33+00:00\",\"dateModified\":\"2025-06-19T07:04:43+00:00\",\"description\":\"ETF:er erbjuder diversifierad exponering mot en rad tillg\u00e5ngar, s\u00e5som aktier, obligationer, r\u00e5varor och mer.\",\"breadcrumb\":{\"@id\":\"https:\/\/www.etoro.com\/sv\/investing\/etf\/#breadcrumb\"},\"inLanguage\":\"sv\",\"potentialAction\":[{\"@type\":\"ReadAction\",\"target\":[\"https:\/\/www.etoro.com\/sv\/investing\/etf\/\"]}]},{\"@type\":\"ImageObject\",\"inLanguage\":\"sv\",\"@id\":\"https:\/\/www.etoro.com\/sv\/investing\/etf\/#primaryimage\",\"url\":\"https:\/\/www.etoro.com\/wp-content\/uploads\/2025\/04\/Featured-image-ETF_1200x630.png\",\"contentUrl\":\"https:\/\/www.etoro.com\/wp-content\/uploads\/2025\/04\/Featured-image-ETF_1200x630.png\",\"width\":1200,\"height\":630,\"caption\":\"Invest in exchange-traded funds\"},{\"@type\":\"BreadcrumbList\",\"@id\":\"https:\/\/www.etoro.com\/sv\/investing\/etf\/#breadcrumb\",\"itemListElement\":[{\"@type\":\"ListItem\",\"position\":1,\"name\":\"Hem\",\"item\":\"https:\/\/www.etoro.com\/sv\/\"},{\"@type\":\"ListItem\",\"position\":2,\"name\":\"Investera\",\"item\":\"https:\/\/www.etoro.com\/sv\/investing\/\"},{\"@type\":\"ListItem\",\"position\":3,\"name\":\"ETF\"}]},{\"@type\":\"WebSite\",\"@id\":\"https:\/\/www.etoro.com\/sv\/#website\",\"url\":\"https:\/\/www.etoro.com\/sv\/\",\"name\":\"eToro\",\"description\":\"\",\"publisher\":{\"@id\":\"https:\/\/www.etoro.com\/sv\/#organization\"},\"potentialAction\":[{\"@type\":\"SearchAction\",\"target\":{\"@type\":\"EntryPoint\",\"urlTemplate\":\"https:\/\/www.etoro.com\/sv\/?s={search_term_string}\"},\"query-input\":{\"@type\":\"PropertyValueSpecification\",\"valueRequired\":true,\"valueName\":\"search_term_string\"}}],\"inLanguage\":\"sv\"},[]]}<\/script>","yoast_head_json":{"title":"Investera i b\u00f6rshandlade fonder (ETF:er) p\u00e5 eToro","description":"ETF:er erbjuder diversifierad exponering mot en rad tillg\u00e5ngar, s\u00e5som aktier, obligationer, r\u00e5varor och mer.","robots":{"index":"index","follow":"follow","max-snippet":"max-snippet:-1","max-image-preview":"max-image-preview:large","max-video-preview":"max-video-preview:-1"},"canonical":"https:\/\/www.etoro.com\/sv\/wp-json\/wp\/v2\/pages\/712609","og_locale":"sv_SE","og_type":"article","og_title":"Investera i b\u00f6rshandlade fonder (ETF:er) p\u00e5 eToro","og_description":"ETF:er erbjuder diversifierad exponering mot en rad tillg\u00e5ngar, s\u00e5som aktier, obligationer, r\u00e5varor och mer.","og_url":"https:\/\/www.etoro.com\/sv\/wp-json\/wp\/v2\/pages\/712609","og_site_name":"eToro","article_publisher":"https:\/\/www.facebook.com\/eToro\/","article_modified_time":"2025-06-19T07:04:43+00:00","og_image":[{"width":1200,"height":630,"url":"https:\/\/www.etoro.com\/wp-content\/uploads\/2025\/04\/Featured-image-ETF_1200x630.png","type":"image\/png"}],"twitter_card":"summary_large_image","twitter_site":"@eToro","twitter_misc":{"Est. reading time":"4 minutes"},"schema":{"@context":"https:\/\/schema.org","@graph":[{"@type":"WebPage","@id":"https:\/\/www.etoro.com\/sv\/investing\/etf\/","url":"https:\/\/www.etoro.com\/sv\/investing\/etf\/","name":"Investera i b\u00f6rshandlade fonder (ETF:er) p\u00e5 eToro","isPartOf":{"@id":"https:\/\/www.etoro.com\/sv\/#website"},"primaryImageOfPage":{"@id":"https:\/\/www.etoro.com\/sv\/investing\/etf\/#primaryimage"},"image":{"@id":"https:\/\/www.etoro.com\/sv\/investing\/etf\/#primaryimage"},"thumbnailUrl":"https:\/\/www.etoro.com\/wp-content\/uploads\/2025\/04\/Featured-image-ETF_1200x630.png","datePublished":"2023-08-30T11:27:33+00:00","dateModified":"2025-06-19T07:04:43+00:00","description":"ETF:er erbjuder diversifierad exponering mot en rad tillg\u00e5ngar, s\u00e5som aktier, obligationer, r\u00e5varor och mer.","breadcrumb":{"@id":"https:\/\/www.etoro.com\/sv\/investing\/etf\/#breadcrumb"},"inLanguage":"sv","potentialAction":[{"@type":"ReadAction","target":["https:\/\/www.etoro.com\/sv\/investing\/etf\/"]}]},{"@type":"ImageObject","inLanguage":"sv","@id":"https:\/\/www.etoro.com\/sv\/investing\/etf\/#primaryimage","url":"https:\/\/www.etoro.com\/wp-content\/uploads\/2025\/04\/Featured-image-ETF_1200x630.png","contentUrl":"https:\/\/www.etoro.com\/wp-content\/uploads\/2025\/04\/Featured-image-ETF_1200x630.png","width":1200,"height":630,"caption":"Invest in exchange-traded funds"},{"@type":"BreadcrumbList","@id":"https:\/\/www.etoro.com\/sv\/investing\/etf\/#breadcrumb","itemListElement":[{"@type":"ListItem","position":1,"name":"Hem","item":"https:\/\/www.etoro.com\/sv\/"},{"@type":"ListItem","position":2,"name":"Investera","item":"https:\/\/www.etoro.com\/sv\/investing\/"},{"@type":"ListItem","position":3,"name":"ETF"}]},{"@type":"WebSite","@id":"https:\/\/www.etoro.com\/sv\/#website","url":"https:\/\/www.etoro.com\/sv\/","name":"eToro","description":"","publisher":{"@id":"https:\/\/www.etoro.com\/sv\/#organization"},"potentialAction":[{"@type":"SearchAction","target":{"@type":"EntryPoint","urlTemplate":"https:\/\/www.etoro.com\/sv\/?s={search_term_string}"},"query-input":{"@type":"PropertyValueSpecification","valueRequired":true,"valueName":"search_term_string"}}],"inLanguage":"sv"},[]]}},"_links":{"self":[{"href":"https:\/\/www.etoro.com\/sv\/wp-json\/wp\/v2\/pages\/712609"}],"collection":[{"href":"https:\/\/www.etoro.com\/sv\/wp-json\/wp\/v2\/pages"}],"about":[{"href":"https:\/\/www.etoro.com\/sv\/wp-json\/wp\/v2\/types\/page"}],"author":[{"embeddable":true,"href":"https:\/\/www.etoro.com\/sv\/wp-json\/wp\/v2\/users\/119"}],"replies":[{"embeddable":true,"href":"https:\/\/www.etoro.com\/sv\/wp-json\/wp\/v2\/comments?post=712609"}],"version-history":[{"count":0,"href":"https:\/\/www.etoro.com\/sv\/wp-json\/wp\/v2\/pages\/712609\/revisions"}],"up":[{"embeddable":true,"href":"https:\/\/www.etoro.com\/sv\/wp-json\/wp\/v2\/pages\/19771"}],"wp:featuredmedia":[{"embeddable":true,"href":"https:\/\/www.etoro.com\/sv\/wp-json\/wp\/v2\/media\/1048440"}],"wp:attachment":[{"href":"https:\/\/www.etoro.com\/sv\/wp-json\/wp\/v2\/media?parent=712609"}],"wp:term":[{"taxonomy":"asset_type","embeddable":true,"href":"https:\/\/www.etoro.com\/sv\/wp-json\/wp\/v2\/asset_type?post=712609"}],"curies":[{"name":"wp","href":"https:\/\/api.w.org\/{rel}","templated":true}]}}