{"id":849378,"date":"2023-06-13T09:50:21","date_gmt":"2023-06-13T06:50:21","guid":{"rendered":"https:\/\/www.etoro.com\/investing\/delta\/"},"modified":"2026-03-24T14:05:19","modified_gmt":"2026-03-24T12:05:19","slug":"delta","status":"publish","type":"page","link":"https:\/\/www.etoro.com\/sv\/investing\/delta\/","title":{"rendered":"DELTA fr\u00e5n eToro"},"content":{"rendered":"\n<div class=\"wp-block-etoro-half-cover has-white-background-color\">\n<div class=\"wp-block-etoro-half-cover-left\"><p id=\"breadcrumbs\" class=\"gray-dark\"><span><span><a href=\"https:\/\/www.etoro.com\/sv\/\">Hem<\/a><\/span><\/span><\/p>\n<h1 class=\"wp-block-heading is-style-banner-title\">DELTA: <b class=\"wp-etoro-format-colored-blue\"><b class=\"wp-etoro-format-colored-green\">den smarta investeringstrackern<\/b><\/b><\/h1>\n\n\n\n<p class=\"is-style-subtitle\">H\u00e5ll koll p\u00e5 alla dina investeringar med Delta, den fr\u00e4msta appen f\u00f6r investeringstracking och en finansiell superkraft!<\/p>\n\n\n\n<div class=\"wp-block-buttons is-layout-flex wp-block-buttons-is-layout-flex\">\n<a class=\"e-cta e-cta-primary qr_delta-popup\" href=\"https:\/\/delta.onelink.me\/Bvvy\/innerpage\" target=\"_blank\" rel=\"noopener\">Ladda ner nu<\/a>\n<\/div>\n<\/div>\n\n\n\n<div class=\"wp-block-etoro-half-cover-right\">\n<img decoding=\"async\" src=\"https:\/\/www.etoro.com\/wp-content\/uploads\/2026\/03\/Delta-Cover-1920.png\" alt=\"\" class=\"wp-block-etoro-half-cover-media\"\/><img decoding=\"async\" src=\"https:\/\/www.etoro.com\/wp-content\/uploads\/2026\/03\/Delta-Cover-1280.png\" alt=\"\" class=\"wp-block-etoro-half-cover-media-desktop\"\/><img decoding=\"async\" src=\"https:\/\/www.etoro.com\/wp-content\/uploads\/2026\/03\/Delta-Cover-Tablet.png\" alt=\"\" class=\"wp-block-etoro-half-cover-media-tablet\"\/><img decoding=\"async\" src=\"https:\/\/www.etoro.com\/wp-content\/uploads\/2026\/03\/Delta-Cover-Mobile.png\" alt=\"\" class=\"wp-block-etoro-half-cover-media-mobile\"\/>\n<\/div>\n<\/div>\n\n\n\n<section class=\"wp-block-group wp-block-group-boxed has-white-background-color has-background\"><div class=\"wp-block-group-inner is-layout-flow wp-block-group-is-layout-flow\">\n<div class=\"wp-block-columns are-vertically-aligned-top wp-block-columns-1 is-layout-flex wp-container-core-columns-is-layout-1 wp-block-columns-is-layout-flex\">\n<div class=\"wp-block-column wp-block-column-align-mobile-left is-layout-flow wp-block-column-is-layout-flow\">\n<h2 class=\"wp-block-heading has-text-align-center\"><strong><strong><strong>Smart sp\u00e5rning<\/strong> <\/strong><\/strong>med Delta<\/h2>\n\n\n\n<p class=\"has-text-align-center\">Med Delta Investment Tracker f\u00e5r du en kristallklar \u00f6verblick \u00f6ver alla dina investeringar. Hantera flera portf\u00f6ljer och f\u00f6lj utvecklingen i realtid med kraftfulla verktyg. F\u00e5 direkt\u00e5tkomst till kursr\u00f6relser och diagram f\u00f6r alla de st\u00f6rsta aktierna, fonderna, valutorna, indexen och r\u00e5varorna.<\/p>\n<\/div>\n<\/div>\n<\/div><\/section>\n\n\n\n<section class=\"wp-block-group wp-block-group-boxed has-dark-blue-background-color has-background\"><div class=\"wp-block-group-inner is-layout-flow wp-block-group-is-layout-flow\">\n<div class=\"wp-block-columns are-vertically-aligned-top wp-block-columns-2 is-swapped-on-mobile is-layout-flex wp-container-core-columns-is-layout-2 wp-block-columns-is-layout-flex\">\n<div class=\"wp-block-column is-layout-flow wp-block-column-is-layout-flow\">\n<h2 class=\"wp-block-heading\"><span>Klarhet f\u00f6r<\/span> <strong>varje \u00e5tg\u00e4rd i din portf\u00f6lj<\/strong><\/h2>\n\n\n\n<p>Varf\u00f6r r\u00f6r det sig och vad h\u00e4nder? F\u00f6rst\u00e5 vad som r\u00f6r sig i din portf\u00f6lj med tydliga f\u00f6rklaringar baserade p\u00e5 Deltas smartaste insikter.<\/p>\n\n\n\n<p class=\"is-style-disclaimer\">eToro \u00e4r en investeringsplattform f\u00f6r handel med flera tillg\u00e5ngsslag. V\u00e4rdet p\u00e5 dina investeringar kan g\u00e5 upp eller ned. Ditt kapital riskeras.<\/p>\n<\/div>\n\n\n\n<div class=\"wp-block-column is-layout-flow wp-block-column-is-layout-flow\">\n<figure class=\"wp-block-image size-large\"><img loading=\"lazy\" decoding=\"async\" width=\"1024\" height=\"700\" src=\"https:\/\/www.etoro.com\/wp-content\/uploads\/2026\/03\/Delta-Clarity-Illustration-1024x700.png\" alt=\"\" class=\"wp-image-1240545 wp-image-desktop\" srcset=\"https:\/\/www.etoro.com\/wp-content\/uploads\/2026\/03\/Delta-Clarity-Illustration-1024x700.png 1024w, https:\/\/www.etoro.com\/wp-content\/uploads\/2026\/03\/Delta-Clarity-Illustration-300x205.png 300w, https:\/\/www.etoro.com\/wp-content\/uploads\/2026\/03\/Delta-Clarity-Illustration-768x525.png 768w, https:\/\/www.etoro.com\/wp-content\/uploads\/2026\/03\/Delta-Clarity-Illustration.png 1152w\" sizes=\"(max-width: 1024px) 100vw, 1024px\" \/><\/figure>\n<\/div>\n<\/div>\n<\/div><\/section>\n\n\n\n<section class=\"wp-block-group wp-block-group-boxed\"><div class=\"wp-block-group-inner is-layout-flow wp-block-group-is-layout-flow\">\n<div class=\"wp-block-columns are-vertically-aligned-top wp-block-columns-1 is-layout-flex wp-container-core-columns-is-layout-3 wp-block-columns-is-layout-flex\">\n<div class=\"wp-block-column wp-block-column-align-mobile-left is-layout-flow wp-block-column-is-layout-flow\">\n<h2 class=\"wp-block-heading has-text-align-center\"><strong><strong><strong>Kraftfulla funktioner<\/strong> <\/strong><\/strong>direkt i handen<\/h2>\n<\/div>\n<\/div>\n\n\n\n<div id=\"swiper1118828058\" class=\"wp-block-etoro-cards wp-block-etoro-card-grid-columns-3\"><div class=\"swiper-wrapper\">\n<div class=\"wp-block-etoro-card wp-block-etoro-card-size-small wp-block-etoro-card-thumbnail-position-above wp-block-etoro-card-default wp-block-etoro-card-aligned-center\"><img decoding=\"async\" src=\"https:\/\/www.etoro.com\/wp-content\/uploads\/2023\/06\/Alert-1.png\" alt=\"F\u00e5 smarta notiser och prisvarningar\" class=\"wp-block-etoro-card-thumbnail\"\/><div class=\"wp-block-etoro-card-body\"><div class=\"wp-block-etoro-card-title\"><strong><strong><strong>F\u00e5 smarta notiser och prisvarningar<\/strong><\/strong><\/strong><\/div><div class=\"wp-block-etoro-card-content\">\n<p>Letar du efter r\u00e4tt tillf\u00e4lle att k\u00f6pa eller s\u00e4lja? Det \u00e4r enkelt att st\u00e4lla in omedelbara aviseringar och anpassade meddelanden f\u00f6r att ligga steget f\u00f6re.<\/p>\n<\/div><\/div><\/div>\n\n\n\n<div class=\"wp-block-etoro-card wp-block-etoro-card-size-small wp-block-etoro-card-thumbnail-position-above wp-block-etoro-card-default wp-block-etoro-card-aligned-center\"><img decoding=\"async\" src=\"https:\/\/www.etoro.com\/wp-content\/uploads\/2023\/06\/Column-1.png\" alt=\"Djupg\u00e5ende analys av tillg\u00e5ngar\" class=\"wp-block-etoro-card-thumbnail\"\/><div class=\"wp-block-etoro-card-body\"><div class=\"wp-block-etoro-card-title\"><strong><strong><strong>Djupg\u00e5ende analys av tillg\u00e5ngar<\/strong><\/strong><\/strong><\/div><div class=\"wp-block-etoro-card-content\">\n<p>Anv\u00e4nd mer avancerade m\u00e5tt som \u00e4r skr\u00e4ddarsydda f\u00f6r dina portf\u00f6ljinnehav. Se alla tillg\u00e5ngars viktigaste marknadsinformation med bara ett klick.<\/p>\n<\/div><\/div><\/div>\n\n\n\n<div class=\"wp-block-etoro-card wp-block-etoro-card-size-small wp-block-etoro-card-thumbnail-position-above wp-block-etoro-card-default wp-block-etoro-card-aligned-center\"><img decoding=\"async\" src=\"https:\/\/www.etoro.com\/wp-content\/uploads\/2023\/06\/Globe-1.png\" alt=\"Anslut till ditt kapital, var det \u00e4n finns\" class=\"wp-block-etoro-card-thumbnail\"\/><div class=\"wp-block-etoro-card-body\"><div class=\"wp-block-etoro-card-title\"><strong><strong><strong><strong>Anslut till ditt kapital, var det \u00e4n finns<\/strong><\/strong><\/strong><\/strong><\/div><div class=\"wp-block-etoro-card-content\">\n<p>S\u00e4g adj\u00f6 till kalkylark &#8230; Delta synkroniseras automatiskt med \u00f6ver 10 000 m\u00e4klare, b\u00f6rser, banker och pl\u00e5nb\u00f6cker, inklusive eToro.<\/p>\n<\/div><\/div><\/div>\n<\/div><\/div>\n<\/div><\/section>\n\n\n\n<section class=\"wp-block-group wp-block-group-boxed has-white-background-color has-background\"><div class=\"wp-block-group-inner is-layout-flow wp-block-group-is-layout-flow\">\n<div class=\"wp-block-columns are-vertically-aligned-top wp-block-columns-1 is-layout-flex wp-container-core-columns-is-layout-4 wp-block-columns-is-layout-flex\">\n<div class=\"wp-block-column wp-block-column-align-mobile-left is-layout-flow wp-block-column-is-layout-flow\">\n<h2 class=\"wp-block-heading has-text-align-center\"><span>En app,<strong><strong> <strong>alla dina investeringar<\/strong><\/strong><\/strong><\/span><\/h2>\n\n\n\n<p class=\"has-text-align-center\">Det \u00e4r dags att sluta jonglera mellan olika appar. Delta ger dig den mest exakta portf\u00f6ljanalysen och sp\u00e5rningen f\u00f6r alla dina tillg\u00e5ngar, och synkar perfekt med ditt befintliga eToro-konto.<\/p>\n<\/div>\n<\/div>\n\n\n\n<div class=\"wp-block-columns are-vertically-aligned-top wp-block-columns-2 wp-block-columns-3 wp-block-columns-1 is-layout-flex wp-container-core-columns-is-layout-5 wp-block-columns-is-layout-flex\">\n<div class=\"wp-block-column is-layout-flow wp-block-column-is-layout-flow\">\n<div class=\"wp-block-etoro-card wp-block-etoro-card-size-small wp-block-etoro-card-thumbnail-position-above wp-block-etoro-card-default\"><img decoding=\"async\" src=\"https:\/\/www.etoro.com\/wp-content\/uploads\/2023\/06\/Stocks.png\" alt=\"Aktier\" class=\"wp-block-etoro-card-thumbnail\"\/><div class=\"wp-block-etoro-card-body\"><div class=\"wp-block-etoro-card-title\">Aktier<\/div><div class=\"wp-block-etoro-card-content\">\n<p><\/p>\n<\/div><\/div><\/div>\n<\/div>\n\n\n\n<div class=\"wp-block-column is-layout-flow wp-block-column-is-layout-flow\">\n<div class=\"wp-block-etoro-card wp-block-etoro-card-size-small wp-block-etoro-card-thumbnail-position-above wp-block-etoro-card-default\"><img decoding=\"async\" src=\"https:\/\/www.etoro.com\/wp-content\/uploads\/2023\/06\/Forex.png\" alt=\"Valuta\" class=\"wp-block-etoro-card-thumbnail\"\/><div class=\"wp-block-etoro-card-body\"><div class=\"wp-block-etoro-card-title\">Valuta<\/div><div class=\"wp-block-etoro-card-content\">\n<p><\/p>\n<\/div><\/div><\/div>\n<\/div>\n<\/div>\n\n\n\n<p><\/p>\n\n\n\n<div class=\"wp-block-columns are-vertically-aligned-top wp-block-columns-2 wp-block-columns-3 wp-block-columns-1 is-layout-flex wp-container-core-columns-is-layout-6 wp-block-columns-is-layout-flex\">\n<div class=\"wp-block-column is-layout-flow wp-block-column-is-layout-flow\">\n<div class=\"wp-block-etoro-card wp-block-etoro-card-size-small wp-block-etoro-card-thumbnail-position-above wp-block-etoro-card-default\"><img decoding=\"async\" src=\"https:\/\/www.etoro.com\/wp-content\/uploads\/2023\/06\/Coins.png\" alt=\"Fonder\" class=\"wp-block-etoro-card-thumbnail\"\/><div class=\"wp-block-etoro-card-body\"><div class=\"wp-block-etoro-card-title\">Fonder<\/div><div class=\"wp-block-etoro-card-content\">\n<p><\/p>\n<\/div><\/div><\/div>\n<\/div>\n\n\n\n<div class=\"wp-block-column is-layout-flow wp-block-column-is-layout-flow\">\n<div class=\"wp-block-etoro-card wp-block-etoro-card-size-small wp-block-etoro-card-thumbnail-position-above wp-block-etoro-card-default\"><img decoding=\"async\" src=\"https:\/\/www.etoro.com\/wp-content\/uploads\/2023\/06\/Commodities.png\" alt=\"R\u00e5varor\" class=\"wp-block-etoro-card-thumbnail\"\/><div class=\"wp-block-etoro-card-body\"><div class=\"wp-block-etoro-card-title\">R\u00e5varor<\/div><div class=\"wp-block-etoro-card-content\">\n<p><\/p>\n<\/div><\/div><\/div>\n<\/div>\n<\/div>\n\n\n\n<div class=\"wp-block-buttons is-content-justification-center is-layout-flex wp-container-core-buttons-is-layout-2 wp-block-buttons-is-layout-flex\">\n<a class=\"e-cta e-cta-primary\" href=\"https:\/\/delta.onelink.me\/Bvvy\/logindelta\" rel=\"nofollow noopener noreferrer\" >Logga in med ditt eToro konto<\/a>\n<\/div>\n<\/div><\/section>\n\n\n\n<section class=\"wp-block-group wp-block-group-boxed has-grey-background-color has-background\"><div class=\"wp-block-group-inner is-layout-flow wp-block-group-is-layout-flow\">\n<div class=\"wp-block-columns are-vertically-aligned-top wp-block-columns-1 is-layout-flex wp-container-core-columns-is-layout-7 wp-block-columns-is-layout-flex\">\n<div class=\"wp-block-column wp-block-column-align-mobile-left is-layout-flow wp-block-column-is-layout-flow\">\n<h2 class=\"wp-block-heading has-text-align-center\"><span>Redo att <strong>go PRO?<\/strong><\/span><\/h2>\n\n\n\n<p class=\"has-text-align-center\">Ta ditt investeringsspel till n\u00e4sta niv\u00e5. Bli en av v\u00e4rldens fr\u00e4msta investerare med Delta PRO!<\/p>\n<\/div>\n<\/div>\n\n\n\n<div class=\"wp-block-etoro-slider-wrapper\" data-swiper=\"{&quot;enableBiggerSlides&quot;:true,&quot;enableArrows&quot;:true,&quot;arrowsDesktopPosition&quot;:&quot;side&quot;}\"><div class=\"wp-block-etoro-slider swiper wp-block-etoro-slider-bigger-slides\"><div class=\"swiper-wrapper\">\n<div class=\"swiper-slide\">\n<div class=\"wp-block-etoro-card wp-block-etoro-card-modern\"><img decoding=\"async\" src=\"https:\/\/www.etoro.com\/wp-content\/uploads\/2023\/06\/Portfolio-Insights.png\" alt=\"Portf\u00f6ljinsikter\" class=\"wp-block-etoro-card-thumbnail\"\/><div class=\"wp-block-etoro-card-body\"><div class=\"wp-block-etoro-card-title\"><strong><strong><strong>Portf\u00f6ljinsikter<\/strong><\/strong><\/strong><\/div><div class=\"wp-block-etoro-card-content\">\n<p>F\u00e5 tillg\u00e5ng till alla portf\u00f6ljanalysmoduler f\u00f6r v\u00e4rdefulla insikter om dina investeringar<\/p>\n<\/div><\/div><\/div>\n<\/div>\n\n\n\n<div class=\"swiper-slide\">\n<div class=\"wp-block-etoro-card wp-block-etoro-card-modern\"><img decoding=\"async\" src=\"https:\/\/www.etoro.com\/wp-content\/uploads\/2023\/06\/Advanced-Metrics.png\" alt=\"Avancerade m\u00e4tv\u00e4rden\" class=\"wp-block-etoro-card-thumbnail\"\/><div class=\"wp-block-etoro-card-body\"><div class=\"wp-block-etoro-card-title\"><strong><strong><strong>Avancerade m\u00e4tv\u00e4rden<\/strong><\/strong><\/strong><\/div><div class=\"wp-block-etoro-card-content\">\n<p>F\u00e5 djupg\u00e5ende insikter om din portf\u00f6lj, visa (o)realiserade vinster och mycket mer!<\/p>\n<\/div><\/div><\/div>\n<\/div>\n\n\n\n<div class=\"swiper-slide\">\n<div class=\"wp-block-etoro-card wp-block-etoro-card-modern\"><img decoding=\"async\" src=\"https:\/\/www.etoro.com\/wp-content\/uploads\/2023\/06\/Live-prices.png\" alt=\"Live-priser\" class=\"wp-block-etoro-card-thumbnail\"\/><div class=\"wp-block-etoro-card-body\"><div class=\"wp-block-etoro-card-title\"><strong><strong><strong>Live-priser<\/strong><\/strong><\/strong><\/div><div class=\"wp-block-etoro-card-content\">\n<p>Du beh\u00f6ver inte l\u00e4ngre trycka p\u00e5 uppdatera &#8211; priserna uppdateras automatiskt i realtid<\/p>\n<\/div><\/div><\/div>\n<\/div>\n\n\n\n<div class=\"swiper-slide\">\n<div class=\"wp-block-etoro-card wp-block-etoro-card-modern\"><img decoding=\"async\" src=\"https:\/\/www.etoro.com\/wp-content\/uploads\/2023\/06\/Image-2-1.png\" alt=\"Obegr\u00e4nsade anslutningar\" class=\"wp-block-etoro-card-thumbnail\"\/><div class=\"wp-block-etoro-card-body\"><div class=\"wp-block-etoro-card-title\"><strong><strong>Obegr\u00e4nsade anslutningar<\/strong><\/strong><\/div><div class=\"wp-block-etoro-card-content\">\n<p>PRO-anv\u00e4ndare har obegr\u00e4nsade anslutningar till valfritt antal b\u00f6rser, pl\u00e5nb\u00f6cker och m\u00e4klare<\/p>\n<\/div><\/div><\/div>\n<\/div>\n\n\n\n<div class=\"swiper-slide\">\n<div class=\"wp-block-etoro-card wp-block-etoro-card-modern\"><img decoding=\"async\" src=\"https:\/\/www.etoro.com\/wp-content\/uploads\/2023\/06\/Why-is-it-moving.png\" alt=\"Varf\u00f6r r\u00f6r den sig?\" class=\"wp-block-etoro-card-thumbnail\"\/><div class=\"wp-block-etoro-card-body\"><div class=\"wp-block-etoro-card-title\"><strong><strong><strong>Varf\u00f6r r\u00f6r den sig?<\/strong><\/strong><\/strong><\/div><div class=\"wp-block-etoro-card-content\">\n<p>Bli meddelad viktig information om varf\u00f6r en tillg\u00e5ng r\u00f6r sig just nu<\/p>\n<\/div><\/div><\/div>\n<\/div>\n<\/div><\/div><div class=\"swiper-button-prev\"><\/div><div class=\"swiper-button-next\"><\/div><\/div>\n\n\n\n<div class=\"wp-block-columns are-vertically-aligned-top wp-block-columns-1 is-layout-flex wp-container-core-columns-is-layout-8 wp-block-columns-is-layout-flex\">\n<div class=\"wp-block-column wp-block-column-align-mobile-left is-layout-flow wp-block-column-is-layout-flow\">\n<div class=\"wp-block-buttons qr_delta-popup is-horizontal is-content-justification-center is-layout-flex wp-container-core-buttons-is-layout-3 wp-block-buttons-is-layout-flex\">\n<a class=\"e-cta e-cta-primary\" href=\"https:\/\/delta.onelink.me\/Bvvy\/innerpage\" rel=\"nofollow noopener noreferrer\" >Ladda ner Delta<\/a>\n<\/div>\n\n\n\n<p class=\"has-text-align-center is-style-disclaimer\">*<a href=\"https:\/\/delta.app\/en\/terms\" target=\"_blank\" rel=\"noreferrer noopener\">Regler och villkor<\/a> g\u00e4ller<\/p>\n<\/div>\n<\/div>\n<\/div><\/section>\n","protected":false},"excerpt":{"rendered":"<p>Smart sp\u00e5rning med Delta Med Delta Investment Tracker f\u00e5r du en kristallklar \u00f6verblick \u00f6ver alla dina investeringar. Hantera flera portf\u00f6ljer och f\u00f6lj utvecklingen i realtid med kraftfulla verktyg. F\u00e5 direkt\u00e5tkomst till kursr\u00f6relser och diagram f\u00f6r alla de st\u00f6rsta aktierna, fonderna, valutorna, indexen och r\u00e5varorna. Klarhet f\u00f6r varje \u00e5tg\u00e4rd i din portf\u00f6lj Varf\u00f6r r\u00f6r det sig&hellip;<\/p>\n","protected":false},"author":75,"featured_media":1048682,"parent":19771,"menu_order":0,"comment_status":"closed","ping_status":"closed","template":"","meta":{"_acf_changed":false,"inline_featured_image":false,"sticky_cta_settings":"","footnotes":""},"asset_type":[],"class_list":["post-849378","page","type-page","status-publish","has-post-thumbnail","hentry"],"acf":[],"yoast_head":"<title>Delta fr\u00e5n eToro, den fr\u00e4msta investeringstrackern<\/title>\n<meta name=\"description\" content=\"Din finansiella superkraft: Sp\u00e5ra alla dina investeringar: aktier, ETF:er, r\u00e5varor, krypto och valutor \u2013 p\u00e5 ett och samma st\u00e4lle\" \/>\n<meta name=\"robots\" content=\"index, follow, max-snippet:-1, max-image-preview:large, max-video-preview:-1\" \/>\n<link rel=\"canonical\" href=\"https:\/\/www.etoro.com\/sv\/wp-json\/wp\/v2\/pages\/849378\" \/>\n<meta property=\"og:locale\" content=\"sv_SE\" \/>\n<meta property=\"og:type\" content=\"article\" \/>\n<meta property=\"og:title\" content=\"Delta fr\u00e5n eToro, den fr\u00e4msta investeringstrackern\" \/>\n<meta property=\"og:description\" content=\"Din finansiella superkraft: Sp\u00e5ra alla dina investeringar: aktier, ETF:er, r\u00e5varor, krypto och valutor \u2013 p\u00e5 ett och samma st\u00e4lle\" \/>\n<meta property=\"og:url\" content=\"https:\/\/www.etoro.com\/sv\/wp-json\/wp\/v2\/pages\/849378\" \/>\n<meta property=\"og:site_name\" content=\"eToro\" \/>\n<meta property=\"article:publisher\" content=\"https:\/\/www.facebook.com\/eToro\/\" \/>\n<meta property=\"article:modified_time\" content=\"2026-03-24T12:05:19+00:00\" \/>\n<meta property=\"og:image\" content=\"https:\/\/www.etoro.com\/wp-content\/uploads\/2025\/04\/Delta-Featured-image-1200x630-1.png\" \/>\n\t<meta property=\"og:image:width\" content=\"1200\" \/>\n\t<meta property=\"og:image:height\" content=\"630\" \/>\n\t<meta property=\"og:image:type\" content=\"image\/png\" \/>\n<meta name=\"twitter:card\" content=\"summary_large_image\" \/>\n<meta name=\"twitter:site\" content=\"@eToro\" \/>\n<meta name=\"twitter:label1\" content=\"Est. reading time\" \/>\n\t<meta name=\"twitter:data1\" content=\"2 minutes\" \/>\n<script type=\"application\/ld+json\" class=\"yoast-schema-graph\">{\"@context\":\"https:\/\/schema.org\",\"@graph\":[{\"@type\":\"WebPage\",\"@id\":\"https:\/\/www.etoro.com\/sv\/investing\/delta\/\",\"url\":\"https:\/\/www.etoro.com\/sv\/investing\/delta\/\",\"name\":\"Delta fr\u00e5n eToro, den fr\u00e4msta investeringstrackern\",\"isPartOf\":{\"@id\":\"https:\/\/www.etoro.com\/sv\/#website\"},\"primaryImageOfPage\":{\"@id\":\"https:\/\/www.etoro.com\/sv\/investing\/delta\/#primaryimage\"},\"image\":{\"@id\":\"https:\/\/www.etoro.com\/sv\/investing\/delta\/#primaryimage\"},\"thumbnailUrl\":\"https:\/\/www.etoro.com\/wp-content\/uploads\/2025\/04\/Delta-Featured-image-1200x630-1.png\",\"datePublished\":\"2023-06-13T06:50:21+00:00\",\"dateModified\":\"2026-03-24T12:05:19+00:00\",\"description\":\"Din finansiella superkraft: Sp\u00e5ra alla dina investeringar: aktier, ETF:er, r\u00e5varor, krypto och valutor \u2013 p\u00e5 ett och samma st\u00e4lle\",\"breadcrumb\":{\"@id\":\"https:\/\/www.etoro.com\/sv\/investing\/delta\/#breadcrumb\"},\"inLanguage\":\"sv\",\"potentialAction\":[{\"@type\":\"ReadAction\",\"target\":[\"https:\/\/www.etoro.com\/sv\/investing\/delta\/\"]}]},{\"@type\":\"ImageObject\",\"inLanguage\":\"sv\",\"@id\":\"https:\/\/www.etoro.com\/sv\/investing\/delta\/#primaryimage\",\"url\":\"https:\/\/www.etoro.com\/wp-content\/uploads\/2025\/04\/Delta-Featured-image-1200x630-1.png\",\"contentUrl\":\"https:\/\/www.etoro.com\/wp-content\/uploads\/2025\/04\/Delta-Featured-image-1200x630-1.png\",\"width\":1200,\"height\":630},{\"@type\":\"BreadcrumbList\",\"@id\":\"https:\/\/www.etoro.com\/sv\/investing\/delta\/#breadcrumb\",\"itemListElement\":[{\"@type\":\"ListItem\",\"position\":1,\"name\":\"Hem\",\"item\":\"https:\/\/www.etoro.com\/sv\/\"},{\"@type\":\"ListItem\",\"position\":2,\"name\":\"Investera\",\"item\":\"https:\/\/www.etoro.com\/sv\/investing\/\"},{\"@type\":\"ListItem\",\"position\":3,\"name\":\"DELTA fr\u00e5n eToro\"}]},{\"@type\":\"WebSite\",\"@id\":\"https:\/\/www.etoro.com\/sv\/#website\",\"url\":\"https:\/\/www.etoro.com\/sv\/\",\"name\":\"eToro\",\"description\":\"\",\"publisher\":{\"@id\":\"https:\/\/www.etoro.com\/sv\/#organization\"},\"potentialAction\":[{\"@type\":\"SearchAction\",\"target\":{\"@type\":\"EntryPoint\",\"urlTemplate\":\"https:\/\/www.etoro.com\/sv\/?s={search_term_string}\"},\"query-input\":{\"@type\":\"PropertyValueSpecification\",\"valueRequired\":true,\"valueName\":\"search_term_string\"}}],\"inLanguage\":\"sv\"},[]]}<\/script>","yoast_head_json":{"title":"Delta fr\u00e5n eToro, den fr\u00e4msta investeringstrackern","description":"Din finansiella superkraft: Sp\u00e5ra alla dina investeringar: aktier, ETF:er, r\u00e5varor, krypto och valutor \u2013 p\u00e5 ett och samma st\u00e4lle","robots":{"index":"index","follow":"follow","max-snippet":"max-snippet:-1","max-image-preview":"max-image-preview:large","max-video-preview":"max-video-preview:-1"},"canonical":"https:\/\/www.etoro.com\/sv\/wp-json\/wp\/v2\/pages\/849378","og_locale":"sv_SE","og_type":"article","og_title":"Delta fr\u00e5n eToro, den fr\u00e4msta investeringstrackern","og_description":"Din finansiella superkraft: Sp\u00e5ra alla dina investeringar: aktier, ETF:er, r\u00e5varor, krypto och valutor \u2013 p\u00e5 ett och samma st\u00e4lle","og_url":"https:\/\/www.etoro.com\/sv\/wp-json\/wp\/v2\/pages\/849378","og_site_name":"eToro","article_publisher":"https:\/\/www.facebook.com\/eToro\/","article_modified_time":"2026-03-24T12:05:19+00:00","og_image":[{"width":1200,"height":630,"url":"https:\/\/www.etoro.com\/wp-content\/uploads\/2025\/04\/Delta-Featured-image-1200x630-1.png","type":"image\/png"}],"twitter_card":"summary_large_image","twitter_site":"@eToro","twitter_misc":{"Est. reading time":"2 minutes"},"schema":{"@context":"https:\/\/schema.org","@graph":[{"@type":"WebPage","@id":"https:\/\/www.etoro.com\/sv\/investing\/delta\/","url":"https:\/\/www.etoro.com\/sv\/investing\/delta\/","name":"Delta fr\u00e5n eToro, den fr\u00e4msta investeringstrackern","isPartOf":{"@id":"https:\/\/www.etoro.com\/sv\/#website"},"primaryImageOfPage":{"@id":"https:\/\/www.etoro.com\/sv\/investing\/delta\/#primaryimage"},"image":{"@id":"https:\/\/www.etoro.com\/sv\/investing\/delta\/#primaryimage"},"thumbnailUrl":"https:\/\/www.etoro.com\/wp-content\/uploads\/2025\/04\/Delta-Featured-image-1200x630-1.png","datePublished":"2023-06-13T06:50:21+00:00","dateModified":"2026-03-24T12:05:19+00:00","description":"Din finansiella superkraft: Sp\u00e5ra alla dina investeringar: aktier, ETF:er, r\u00e5varor, krypto och valutor \u2013 p\u00e5 ett och samma st\u00e4lle","breadcrumb":{"@id":"https:\/\/www.etoro.com\/sv\/investing\/delta\/#breadcrumb"},"inLanguage":"sv","potentialAction":[{"@type":"ReadAction","target":["https:\/\/www.etoro.com\/sv\/investing\/delta\/"]}]},{"@type":"ImageObject","inLanguage":"sv","@id":"https:\/\/www.etoro.com\/sv\/investing\/delta\/#primaryimage","url":"https:\/\/www.etoro.com\/wp-content\/uploads\/2025\/04\/Delta-Featured-image-1200x630-1.png","contentUrl":"https:\/\/www.etoro.com\/wp-content\/uploads\/2025\/04\/Delta-Featured-image-1200x630-1.png","width":1200,"height":630},{"@type":"BreadcrumbList","@id":"https:\/\/www.etoro.com\/sv\/investing\/delta\/#breadcrumb","itemListElement":[{"@type":"ListItem","position":1,"name":"Hem","item":"https:\/\/www.etoro.com\/sv\/"},{"@type":"ListItem","position":2,"name":"Investera","item":"https:\/\/www.etoro.com\/sv\/investing\/"},{"@type":"ListItem","position":3,"name":"DELTA fr\u00e5n eToro"}]},{"@type":"WebSite","@id":"https:\/\/www.etoro.com\/sv\/#website","url":"https:\/\/www.etoro.com\/sv\/","name":"eToro","description":"","publisher":{"@id":"https:\/\/www.etoro.com\/sv\/#organization"},"potentialAction":[{"@type":"SearchAction","target":{"@type":"EntryPoint","urlTemplate":"https:\/\/www.etoro.com\/sv\/?s={search_term_string}"},"query-input":{"@type":"PropertyValueSpecification","valueRequired":true,"valueName":"search_term_string"}}],"inLanguage":"sv"},[]]}},"_links":{"self":[{"href":"https:\/\/www.etoro.com\/sv\/wp-json\/wp\/v2\/pages\/849378"}],"collection":[{"href":"https:\/\/www.etoro.com\/sv\/wp-json\/wp\/v2\/pages"}],"about":[{"href":"https:\/\/www.etoro.com\/sv\/wp-json\/wp\/v2\/types\/page"}],"author":[{"embeddable":true,"href":"https:\/\/www.etoro.com\/sv\/wp-json\/wp\/v2\/users\/75"}],"replies":[{"embeddable":true,"href":"https:\/\/www.etoro.com\/sv\/wp-json\/wp\/v2\/comments?post=849378"}],"version-history":[{"count":0,"href":"https:\/\/www.etoro.com\/sv\/wp-json\/wp\/v2\/pages\/849378\/revisions"}],"up":[{"embeddable":true,"href":"https:\/\/www.etoro.com\/sv\/wp-json\/wp\/v2\/pages\/19771"}],"wp:featuredmedia":[{"embeddable":true,"href":"https:\/\/www.etoro.com\/sv\/wp-json\/wp\/v2\/media\/1048682"}],"wp:attachment":[{"href":"https:\/\/www.etoro.com\/sv\/wp-json\/wp\/v2\/media?parent=849378"}],"wp:term":[{"taxonomy":"asset_type","embeddable":true,"href":"https:\/\/www.etoro.com\/sv\/wp-json\/wp\/v2\/asset_type?post=849378"}],"curies":[{"name":"wp","href":"https:\/\/api.w.org\/{rel}","templated":true}]}}