{"id":867152,"date":"2024-01-05T14:43:27","date_gmt":"2024-01-05T12:43:27","guid":{"rendered":"https:\/\/www.etoro.com\/about\/club\/tax-partners\/"},"modified":"2024-04-11T13:11:50","modified_gmt":"2024-04-11T10:11:50","slug":"tax-partners","status":"publish","type":"page","link":"https:\/\/www.etoro.com\/sv\/about\/club\/tax-partners\/","title":{"rendered":"Tax Partners"},"content":{"rendered":"\n<section class=\"wp-block-group wp-block-group-boxed wp-block-group-medium-bottom-padding has-white-background-color has-background\"><div class=\"wp-block-group-inner is-layout-flow wp-block-group-is-layout-flow\">\n<div class=\"wp-block-columns are-vertically-aligned-top wp-block-columns-1 wp-block-columns-size-14 is-layout-flex wp-container-core-columns-is-layout-1 wp-block-columns-is-layout-flex\">\n<div class=\"wp-block-column wp-block-column-align-desktop-center wp-block-column-align-mobile-left is-layout-flow wp-block-column-is-layout-flow\">\n<p class=\"has-text-align-center\">Som medlem i eToro Club \u00e4r du ber\u00e4ttigad till rabatt p\u00e5 din deklaration som genereras av en av v\u00e5ra partner. V\u00e4lj helt enkelt fr\u00e5n v\u00e5r lista \u00f6ver skatteexperter s\u00e5 g\u00f6r de jobbet \u00e5t dig.<\/p>\n<\/div>\n<\/div>\n<\/div><\/section>\n\n\n\n<section class=\"wp-block-group wp-block-group-boxed wp-block-group-medium-top-padding wp-block-group-medium-bottom-padding has-white-background-color has-background\"><div class=\"wp-block-group-inner is-layout-flow wp-block-group-is-layout-flow\">\n<div class=\"wp-block-columns are-vertically-aligned-top wp-block-columns-3 is-layout-flex wp-container-core-columns-is-layout-2 wp-block-columns-is-layout-flex\">\n<div class=\"wp-block-column is-layout-flow wp-block-column-is-layout-flow\">\n<div class=\"wp-block-etoro-card wp-block-etoro-card-size-small wp-block-etoro-card-thumbnail-position-above wp-block-etoro-card-default\"><img decoding=\"async\" src=\"https:\/\/www.etoro.com\/wp-content\/uploads\/2024\/01\/flag.svg\" alt=\"V\u00e4lj en skattepartner\" class=\"wp-block-etoro-card-thumbnail\"\/><div class=\"wp-block-etoro-card-body\"><div class=\"wp-block-etoro-card-title\">V\u00e4lj en skattepartner<\/div><div class=\"wp-block-etoro-card-content\">\n<p><strong><strong>Se till att du \u00e4r inloggad <\/strong><\/strong>och v\u00e4lj sedan ditt bos\u00e4ttningsland. Tillg\u00e4ngliga skattepartners i din region listas.<\/p>\n<\/div><\/div><\/div>\n<\/div>\n\n\n\n<div class=\"wp-block-column is-layout-flow wp-block-column-is-layout-flow\">\n<div class=\"wp-block-etoro-card wp-block-etoro-card-size-small wp-block-etoro-card-thumbnail-position-above wp-block-etoro-card-default\"><img decoding=\"async\" src=\"https:\/\/www.etoro.com\/wp-content\/uploads\/2024\/01\/featured.svg\" alt=\"F\u00e5 rabatt\" class=\"wp-block-etoro-card-thumbnail\"\/><div class=\"wp-block-etoro-card-body\"><div class=\"wp-block-etoro-card-title\">F\u00e5 rabatt<\/div><div class=\"wp-block-etoro-card-content\">\n<p>Klubbmedlemmar f\u00e5r dessa tj\u00e4nster till betydande rabatter. Rabatten baseras p\u00e5 din niv\u00e5 i eToro Club.<\/p>\n<\/div><\/div><\/div>\n<\/div>\n\n\n\n<div class=\"wp-block-column is-layout-flow wp-block-column-is-layout-flow\">\n<div class=\"wp-block-etoro-card wp-block-etoro-card-size-small wp-block-etoro-card-thumbnail-position-above wp-block-etoro-card-default\"><img decoding=\"async\" src=\"https:\/\/www.etoro.com\/wp-content\/uploads\/2024\/01\/like.svg\" alt=\"Slappna av...\" class=\"wp-block-etoro-card-thumbnail\"\/><div class=\"wp-block-etoro-card-body\"><div class=\"wp-block-etoro-card-title\">Slappna av&#8230;<\/div><div class=\"wp-block-etoro-card-content\">\n<p>Och l\u00e5t skatteproffsen b\u00f6rja arbeta f\u00f6r att g\u00f6ra denna \u00e5rliga syssla mycket enklare f\u00f6r dig!<\/p>\n<\/div><\/div><\/div>\n<\/div>\n<\/div>\n<\/div><\/section>\n\n\n\n<section class=\"wp-block-group wp-block-group-boxed wp-block-group-medium-top-padding has-white-background-color has-background\"><div class=\"wp-block-group-inner is-layout-flow wp-block-group-is-layout-flow\">\n<div class=\"wp-block-columns are-vertically-aligned-top wp-block-columns-1 wp-block-columns-size-14 is-layout-flex wp-container-core-columns-is-layout-3 wp-block-columns-is-layout-flex\">\n<div class=\"wp-block-column wp-block-column-align-desktop-center wp-block-column-align-mobile-left is-layout-flow wp-block-column-is-layout-flow\">\n<p class=\"has-text-align-center\">Observera att eToro kommer att dela med sig av vilken klubbniv\u00e5 du tillh\u00f6r till den tredje parten s\u00e5 att du kan f\u00e5 din rabatt.<\/p>\n\n\n\n<p class=\"is-style-disclaimer\">eToro tillhandah\u00e5ller inte skatter\u00e5dgivning och den information som tillhandah\u00e5lls ska inte tolkas som s\u00e5dan.<br>Kunder b\u00f6r s\u00f6ka oberoende skatter\u00e5dgivning.<\/p>\n<\/div>\n<\/div>\n<\/div><\/section>\n\n\n\n<section class=\"wp-block-group wp-block-group-boxed\"><div class=\"wp-block-group-inner is-layout-flow wp-block-group-is-layout-flow\">\n<h2 class=\"wp-block-heading has-text-align-center is-style-heading-2\" id=\"choose-tax-partner\"><strong><strong>V\u00e4lj din skattepartner <\/strong><\/strong>efter region<\/h2>\n\n\n\n<p class=\"has-text-align-center\">V\u00e4lj \u00f6nskat land och leverant\u00f6r fr\u00e5n rullgardinsmenyn nedan:<\/p>\n\n\n\n<div class=\"wp-block-etoro-tax-partners\"><div class=\"wp-block-etoro-tax-partners-select-wrapper\"><select class=\"wp-block-etoro-tax-partners-select\"><option value=\"\" disabled selected>Land<\/option><option value=\"7453\" data-id=\"12\">Australien<\/option><option value=\"6907\" data-id=\"55\">Tjeckiska republiken<\/option><option value=\"7794\" data-id=\"79\">Tyskland<\/option><option value=\"7311\" data-id=\"102\">Italien<\/option><option value=\"6913\" data-id=\"132\">Mexiko<\/option><option value=\"6911\" data-id=\"164\">Polen<\/option><option value=\"6914\" data-id=\"165\">Portugal<\/option><option value=\"6908\" data-id=\"168\">Rum\u00e4nien<\/option><option value=\"6912\" data-id=\"184\">Slovakien<\/option><option value=\"6909\" data-id=\"185\">Slovenien<\/option><option value=\"6910\" data-id=\"191\">Spanien<\/option><option value=\"6915\" data-id=\"196\">Sverige<\/option><option value=\"6906\" data-id=\"218\">Storbritannien<\/option><\/select><\/div><div class=\"wp-block-etoro-tax-partners-wrapper\"><\/div><\/div>\n<\/div><\/section>\n\n\n\n<section class=\"wp-block-group wp-block-group-boxed has-dark-blue-background-color has-background\"><div class=\"wp-block-group-inner is-layout-flow wp-block-group-is-layout-flow\">\n<div class=\"wp-block-columns are-vertically-aligned-top wp-block-columns-1 wp-block-columns-size-14 is-layout-flex wp-container-core-columns-is-layout-4 wp-block-columns-is-layout-flex\">\n<div class=\"wp-block-column is-layout-flow wp-block-column-is-layout-flow\">\n<h2 class=\"wp-block-heading has-text-align-center is-style-heading-2\"><span>Vilken rabatt <strong>g\u00e4ller f\u00f6r mig?<\/strong><\/span><\/h2>\n\n\n\n<p class=\"has-text-align-center\">Rabatten baseras p\u00e5 din niv\u00e5 i eToro Club. Se till att bes\u00f6ka <a href=\"https:\/\/www.etoro.com\/sv\/dashboard\/club\" target=\"_blank\" rel=\"noreferrer noopener\">Club Dashboard<\/a> d\u00e4r du kan kontrollera din aktuella niv\u00e5status f\u00f6r detta och ytterligare erbjudanden.<\/p>\n<\/div>\n<\/div>\n<\/div><\/section>\n\n\n\n<section class=\"wp-block-group wp-block-group-boxed has-white-background-color has-background\"><div class=\"wp-block-group-inner is-layout-flow wp-block-group-is-layout-flow\">\n<h2 class=\"wp-block-heading has-text-align-center\">FAQ<\/h2>\n\n\n\n<dl class=\"wp-block-etoro-faq\">\n<div class=\"wp-block-etoro-faq-item\"><dt class=\"wp-block-etoro-faq-item-question\">Vad \u00e4r det f\u00f6r erbjudande?<\/dt><dd class=\"wp-block-etoro-faq-item-answer\">\n<p>Som medlem i Club f\u00e5r du rabatt p\u00e5 din deklaration som uppr\u00e4ttas av en av v\u00e5ra samarbetspartners. Du beh\u00f6ver bara v\u00e4lja fr\u00e5n v\u00e5r lista \u00f6ver skatteexperter s\u00e5 g\u00f6r de jobbet \u00e5t dig. Rabatten baseras p\u00e5 din eToro niv\u00e5 i eToro Club. Se till att bes\u00f6ka <a href=\"https:\/\/www.etoro.com\/sv\/dashboard\/club\">klubbens kontrollpanel<\/a> d\u00e4r du kan kontrollera din aktuella niv\u00e5status f\u00f6r detta och ytterligare erbjudanden.<\/p>\n<\/dd><\/div>\n\n\n\n<div class=\"wp-block-etoro-faq-item\"><dt class=\"wp-block-etoro-faq-item-question\">Varf\u00f6r ber ni mig att vara inloggad?<\/dt><dd class=\"wp-block-etoro-faq-item-answer\">\n<p>F\u00f6r att f\u00e5 r\u00e4tt rabatt enligt din Club-niv\u00e5 m\u00e5ste du vara inloggad p\u00e5 ditt eToro-konto.<\/p>\n<\/dd><\/div>\n\n\n\n<div class=\"wp-block-etoro-faq-item\"><dt class=\"wp-block-etoro-faq-item-question\">Vad h\u00e4nder om mitt land inte visas i listan?<\/dt><dd class=\"wp-block-etoro-faq-item-answer\">\n<p>H\u00e5ll \u00f6gonen \u00f6ppna! Vi kommer att l\u00e4gga till fler snart.<\/p>\n<\/dd><\/div>\n\n\n\n<div class=\"wp-block-etoro-faq-item\"><dt class=\"wp-block-etoro-faq-item-question\">Vad h\u00e4nder om jag beh\u00f6ver hj\u00e4lp?<\/dt><dd class=\"wp-block-etoro-faq-item-answer\">\n<p>Om du har ytterligare fr\u00e5gor kan du kontakta din kontaktperson via <a href=\"https:\/\/www.etoro.com\/sv\/dashboard\/club\" target=\"_blank\" rel=\"noreferrer noopener\">klubbens kontrollpanel<\/a>.<\/p>\n<\/dd><\/div>\n\n\n\n<div class=\"wp-block-etoro-faq-item\"><dt class=\"wp-block-etoro-faq-item-question\">Hur f\u00e5r jag tillg\u00e5ng till erbjudandet?<\/dt><dd class=\"wp-block-etoro-faq-item-answer\">\n<p>Se till att du \u00e4r inloggad och v\u00e4lj sedan ditt bos\u00e4ttningsland. Tillg\u00e4ngliga skattepartners i din region listas.<\/p>\n<\/dd><\/div>\n\n\n\n<div class=\"wp-block-etoro-faq-item\"><dt class=\"wp-block-etoro-faq-item-question\">Vem har r\u00e4tt till dessa rabatter?<\/dt><dd class=\"wp-block-etoro-faq-item-answer\">\n<p>Rabatterade skattedeklarationer \u00e4r exklusivt f\u00f6r eToro Club-medlemmar.<\/p>\n<\/dd><\/div>\n\n\n\n<div class=\"wp-block-etoro-faq-item\"><dt class=\"wp-block-etoro-faq-item-question\">Beh\u00f6ver jag l\u00e4mna in en skattedeklaration?<\/dt><dd class=\"wp-block-etoro-faq-item-answer\">\n<p>Du \u00e4r ansvarig f\u00f6r att ber\u00e4kna och betala eventuella till\u00e4mpliga skatter i det land eller de l\u00e4nder d\u00e4r du \u00e4r skattem\u00e4ssigt bosatt.<\/p>\n<\/dd><\/div>\n\n\n\n<div class=\"wp-block-etoro-faq-item\"><dt class=\"wp-block-etoro-faq-item-question\">Var kan jag f\u00e5 en \u00f6versikt \u00f6ver min investeringsverksamhet?<\/dt><dd class=\"wp-block-etoro-faq-item-answer\">\n<p>Du kan skapa ett kontoutdrag genom att klicka p\u00e5 &#8220;Inst\u00e4llningar&#8221; och sedan klicka p\u00e5 &#8220;Konto&#8221; (eller bara g\u00e5 till den h\u00e4r <a href=\"https:\/\/www.etoro.com\/sv\/documents\/accountstatement\" target=\"_blank\" rel=\"noreferrer noopener\">l\u00e4nken<\/a>). Under Dokument klickar du p\u00e5 &#8220;Visa&#8221; bredvid Kontoutdrag. V\u00e4lj en tidsram och klicka p\u00e5 &#8220;Skapa&#8221; f\u00f6r att generera ditt kontoutdrag.<\/p>\n<\/dd><\/div>\n<\/dl>\n<\/div><\/section>\n\n\n\n<section class=\"wp-block-group wp-block-group-boxed\"><div class=\"wp-block-group-inner is-layout-flow wp-block-group-is-layout-flow\">\n<div class=\"wp-block-columns are-vertically-aligned-top wp-block-columns-1 is-layout-flex wp-container-core-columns-is-layout-5 wp-block-columns-is-layout-flex\">\n<div class=\"wp-block-column is-layout-flow wp-block-column-is-layout-flow\">\n<p class=\"has-text-align-center is-style-disclaimer\">Detta meddelande \u00e4r endast avsett i informations- och utbildningssyfte och ska inte betraktas som investeringsr\u00e5dgivning eller investeringsrekommendation. Det \u00e4r absolut inte avsett att tillhandah\u00e5lla, och b\u00f6r inte \u00e5beropas f\u00f6r, skatte- eller redovisningsr\u00e5dgivning, utan du b\u00f6r r\u00e5dfr\u00e5ga dina egna oberoende skatte- och redovisningsr\u00e5dgivare.<\/p>\n<\/div>\n<\/div>\n<\/div><\/section>\n","protected":false},"excerpt":{"rendered":"<p>Som medlem i eToro Club \u00e4r du ber\u00e4ttigad till rabatt p\u00e5 din deklaration som genereras av en av v\u00e5ra partner. V\u00e4lj helt enkelt fr\u00e5n v\u00e5r lista \u00f6ver skatteexperter s\u00e5 g\u00f6r de jobbet \u00e5t dig. Observera att eToro kommer att dela med sig av vilken klubbniv\u00e5 du tillh\u00f6r till den tredje parten s\u00e5 att du kan&hellip;<\/p>\n","protected":false},"author":45,"featured_media":836461,"parent":547164,"menu_order":0,"comment_status":"closed","ping_status":"closed","template":"","meta":{"_acf_changed":false,"inline_featured_image":false,"sticky_cta_settings":"","footnotes":""},"asset_type":[],"class_list":["post-867152","page","type-page","status-publish","has-post-thumbnail","hentry"],"acf":[],"yoast_head":"<title>Rabatterad deklaration f\u00f6r eToro Club-medlemmar<\/title>\n<meta name=\"description\" content=\"F\u00e5 rabatt p\u00e5 din deklaration som genereras av en av v\u00e5ra partners. V\u00e4lj helt enkelt fr\u00e5n v\u00e5r lista \u00f6ver skatteexperter s\u00e5 g\u00f6r de jobbet \u00e5t dig\" \/>\n<meta name=\"robots\" content=\"index, follow, max-snippet:-1, max-image-preview:large, max-video-preview:-1\" \/>\n<link rel=\"canonical\" href=\"https:\/\/www.etoro.com\/sv\/wp-json\/wp\/v2\/pages\/867152\" \/>\n<meta property=\"og:locale\" content=\"sv_SE\" \/>\n<meta property=\"og:type\" content=\"article\" \/>\n<meta property=\"og:title\" content=\"Rabatterad deklaration f\u00f6r eToro Club-medlemmar\" \/>\n<meta property=\"og:description\" content=\"F\u00e5 rabatt p\u00e5 din deklaration som genereras av en av v\u00e5ra partners. V\u00e4lj helt enkelt fr\u00e5n v\u00e5r lista \u00f6ver skatteexperter s\u00e5 g\u00f6r de jobbet \u00e5t dig\" \/>\n<meta property=\"og:url\" content=\"https:\/\/www.etoro.com\/sv\/wp-json\/wp\/v2\/pages\/867152\" \/>\n<meta property=\"og:site_name\" content=\"eToro\" \/>\n<meta property=\"article:publisher\" content=\"https:\/\/www.facebook.com\/eToro\/\" \/>\n<meta property=\"article:modified_time\" content=\"2024-04-11T10:11:50+00:00\" \/>\n<meta property=\"og:image\" content=\"https:\/\/www.etoro.com\/wp-content\/uploads\/2024\/01\/Tax-services.jpg\" \/>\n\t<meta property=\"og:image:width\" content=\"1200\" \/>\n\t<meta property=\"og:image:height\" content=\"630\" \/>\n\t<meta property=\"og:image:type\" content=\"image\/jpeg\" \/>\n<meta name=\"twitter:card\" content=\"summary_large_image\" \/>\n<meta name=\"twitter:site\" content=\"@eToro\" \/>\n<meta name=\"twitter:label1\" content=\"Est. reading time\" \/>\n\t<meta name=\"twitter:data1\" content=\"3 minutes\" \/>\n<script type=\"application\/ld+json\" class=\"yoast-schema-graph\">{\"@context\":\"https:\/\/schema.org\",\"@graph\":[{\"@type\":\"WebPage\",\"@id\":\"https:\/\/www.etoro.com\/sv\/about\/club\/tax-partners\/\",\"url\":\"https:\/\/www.etoro.com\/sv\/about\/club\/tax-partners\/\",\"name\":\"Rabatterad deklaration f\u00f6r eToro Club-medlemmar\",\"isPartOf\":{\"@id\":\"https:\/\/www.etoro.com\/sv\/#website\"},\"primaryImageOfPage\":{\"@id\":\"https:\/\/www.etoro.com\/sv\/about\/club\/tax-partners\/#primaryimage\"},\"image\":{\"@id\":\"https:\/\/www.etoro.com\/sv\/about\/club\/tax-partners\/#primaryimage\"},\"thumbnailUrl\":\"https:\/\/www.etoro.com\/wp-content\/uploads\/2024\/01\/Tax-services.jpg\",\"datePublished\":\"2024-01-05T12:43:27+00:00\",\"dateModified\":\"2024-04-11T10:11:50+00:00\",\"description\":\"F\u00e5 rabatt p\u00e5 din deklaration som genereras av en av v\u00e5ra partners. V\u00e4lj helt enkelt fr\u00e5n v\u00e5r lista \u00f6ver skatteexperter s\u00e5 g\u00f6r de jobbet \u00e5t dig\",\"breadcrumb\":{\"@id\":\"https:\/\/www.etoro.com\/sv\/about\/club\/tax-partners\/#breadcrumb\"},\"inLanguage\":\"sv\",\"potentialAction\":[{\"@type\":\"ReadAction\",\"target\":[\"https:\/\/www.etoro.com\/sv\/about\/club\/tax-partners\/\"]}]},{\"@type\":\"ImageObject\",\"inLanguage\":\"sv\",\"@id\":\"https:\/\/www.etoro.com\/sv\/about\/club\/tax-partners\/#primaryimage\",\"url\":\"https:\/\/www.etoro.com\/wp-content\/uploads\/2024\/01\/Tax-services.jpg\",\"contentUrl\":\"https:\/\/www.etoro.com\/wp-content\/uploads\/2024\/01\/Tax-services.jpg\",\"width\":1200,\"height\":630,\"caption\":\"Tax services\"},{\"@type\":\"BreadcrumbList\",\"@id\":\"https:\/\/www.etoro.com\/sv\/about\/club\/tax-partners\/#breadcrumb\",\"itemListElement\":[{\"@type\":\"ListItem\",\"position\":1,\"name\":\"Hem\",\"item\":\"https:\/\/www.etoro.com\/sv\/\"},{\"@type\":\"ListItem\",\"position\":2,\"name\":\"OM\",\"item\":\"https:\/\/www.etoro.com\/sv\/about\/\"},{\"@type\":\"ListItem\",\"position\":3,\"name\":\"eToro Club\",\"item\":\"https:\/\/www.etoro.com\/sv\/about\/club\/\"},{\"@type\":\"ListItem\",\"position\":4,\"name\":\"Tax Partners\"}]},{\"@type\":\"WebSite\",\"@id\":\"https:\/\/www.etoro.com\/sv\/#website\",\"url\":\"https:\/\/www.etoro.com\/sv\/\",\"name\":\"eToro\",\"description\":\"\",\"publisher\":{\"@id\":\"https:\/\/www.etoro.com\/sv\/#organization\"},\"potentialAction\":[{\"@type\":\"SearchAction\",\"target\":{\"@type\":\"EntryPoint\",\"urlTemplate\":\"https:\/\/www.etoro.com\/sv\/?s={search_term_string}\"},\"query-input\":{\"@type\":\"PropertyValueSpecification\",\"valueRequired\":true,\"valueName\":\"search_term_string\"}}],\"inLanguage\":\"sv\"},[]]}<\/script>","yoast_head_json":{"title":"Rabatterad deklaration f\u00f6r eToro Club-medlemmar","description":"F\u00e5 rabatt p\u00e5 din deklaration som genereras av en av v\u00e5ra partners. V\u00e4lj helt enkelt fr\u00e5n v\u00e5r lista \u00f6ver skatteexperter s\u00e5 g\u00f6r de jobbet \u00e5t dig","robots":{"index":"index","follow":"follow","max-snippet":"max-snippet:-1","max-image-preview":"max-image-preview:large","max-video-preview":"max-video-preview:-1"},"canonical":"https:\/\/www.etoro.com\/sv\/wp-json\/wp\/v2\/pages\/867152","og_locale":"sv_SE","og_type":"article","og_title":"Rabatterad deklaration f\u00f6r eToro Club-medlemmar","og_description":"F\u00e5 rabatt p\u00e5 din deklaration som genereras av en av v\u00e5ra partners. V\u00e4lj helt enkelt fr\u00e5n v\u00e5r lista \u00f6ver skatteexperter s\u00e5 g\u00f6r de jobbet \u00e5t dig","og_url":"https:\/\/www.etoro.com\/sv\/wp-json\/wp\/v2\/pages\/867152","og_site_name":"eToro","article_publisher":"https:\/\/www.facebook.com\/eToro\/","article_modified_time":"2024-04-11T10:11:50+00:00","og_image":[{"width":1200,"height":630,"url":"https:\/\/www.etoro.com\/wp-content\/uploads\/2024\/01\/Tax-services.jpg","type":"image\/jpeg"}],"twitter_card":"summary_large_image","twitter_site":"@eToro","twitter_misc":{"Est. reading time":"3 minutes"},"schema":{"@context":"https:\/\/schema.org","@graph":[{"@type":"WebPage","@id":"https:\/\/www.etoro.com\/sv\/about\/club\/tax-partners\/","url":"https:\/\/www.etoro.com\/sv\/about\/club\/tax-partners\/","name":"Rabatterad deklaration f\u00f6r eToro Club-medlemmar","isPartOf":{"@id":"https:\/\/www.etoro.com\/sv\/#website"},"primaryImageOfPage":{"@id":"https:\/\/www.etoro.com\/sv\/about\/club\/tax-partners\/#primaryimage"},"image":{"@id":"https:\/\/www.etoro.com\/sv\/about\/club\/tax-partners\/#primaryimage"},"thumbnailUrl":"https:\/\/www.etoro.com\/wp-content\/uploads\/2024\/01\/Tax-services.jpg","datePublished":"2024-01-05T12:43:27+00:00","dateModified":"2024-04-11T10:11:50+00:00","description":"F\u00e5 rabatt p\u00e5 din deklaration som genereras av en av v\u00e5ra partners. V\u00e4lj helt enkelt fr\u00e5n v\u00e5r lista \u00f6ver skatteexperter s\u00e5 g\u00f6r de jobbet \u00e5t dig","breadcrumb":{"@id":"https:\/\/www.etoro.com\/sv\/about\/club\/tax-partners\/#breadcrumb"},"inLanguage":"sv","potentialAction":[{"@type":"ReadAction","target":["https:\/\/www.etoro.com\/sv\/about\/club\/tax-partners\/"]}]},{"@type":"ImageObject","inLanguage":"sv","@id":"https:\/\/www.etoro.com\/sv\/about\/club\/tax-partners\/#primaryimage","url":"https:\/\/www.etoro.com\/wp-content\/uploads\/2024\/01\/Tax-services.jpg","contentUrl":"https:\/\/www.etoro.com\/wp-content\/uploads\/2024\/01\/Tax-services.jpg","width":1200,"height":630,"caption":"Tax services"},{"@type":"BreadcrumbList","@id":"https:\/\/www.etoro.com\/sv\/about\/club\/tax-partners\/#breadcrumb","itemListElement":[{"@type":"ListItem","position":1,"name":"Hem","item":"https:\/\/www.etoro.com\/sv\/"},{"@type":"ListItem","position":2,"name":"OM","item":"https:\/\/www.etoro.com\/sv\/about\/"},{"@type":"ListItem","position":3,"name":"eToro Club","item":"https:\/\/www.etoro.com\/sv\/about\/club\/"},{"@type":"ListItem","position":4,"name":"Tax Partners"}]},{"@type":"WebSite","@id":"https:\/\/www.etoro.com\/sv\/#website","url":"https:\/\/www.etoro.com\/sv\/","name":"eToro","description":"","publisher":{"@id":"https:\/\/www.etoro.com\/sv\/#organization"},"potentialAction":[{"@type":"SearchAction","target":{"@type":"EntryPoint","urlTemplate":"https:\/\/www.etoro.com\/sv\/?s={search_term_string}"},"query-input":{"@type":"PropertyValueSpecification","valueRequired":true,"valueName":"search_term_string"}}],"inLanguage":"sv"},[]]}},"_links":{"self":[{"href":"https:\/\/www.etoro.com\/sv\/wp-json\/wp\/v2\/pages\/867152"}],"collection":[{"href":"https:\/\/www.etoro.com\/sv\/wp-json\/wp\/v2\/pages"}],"about":[{"href":"https:\/\/www.etoro.com\/sv\/wp-json\/wp\/v2\/types\/page"}],"author":[{"embeddable":true,"href":"https:\/\/www.etoro.com\/sv\/wp-json\/wp\/v2\/users\/45"}],"replies":[{"embeddable":true,"href":"https:\/\/www.etoro.com\/sv\/wp-json\/wp\/v2\/comments?post=867152"}],"version-history":[{"count":0,"href":"https:\/\/www.etoro.com\/sv\/wp-json\/wp\/v2\/pages\/867152\/revisions"}],"up":[{"embeddable":true,"href":"https:\/\/www.etoro.com\/sv\/wp-json\/wp\/v2\/pages\/547164"}],"wp:featuredmedia":[{"embeddable":true,"href":"https:\/\/www.etoro.com\/sv\/wp-json\/wp\/v2\/media\/836461"}],"wp:attachment":[{"href":"https:\/\/www.etoro.com\/sv\/wp-json\/wp\/v2\/media?parent=867152"}],"wp:term":[{"taxonomy":"asset_type","embeddable":true,"href":"https:\/\/www.etoro.com\/sv\/wp-json\/wp\/v2\/asset_type?post=867152"}],"curies":[{"name":"wp","href":"https:\/\/api.w.org\/{rel}","templated":true}]}}