{"id":1259342,"date":"2026-04-20T10:10:55","date_gmt":"2026-04-20T07:10:55","guid":{"rendered":"https:\/\/www.etoro.com\/copytrader\/risk-warnings\/"},"modified":"2026-04-30T09:16:03","modified_gmt":"2026-04-30T06:16:03","slug":"risk-warnings","status":"publish","type":"page","link":"https:\/\/www.etoro.com\/vi-vn\/copytrader\/risk-warnings\/","title":{"rendered":"Risks Associated with Social Trading (Copy Trading)"},"content":{"rendered":"\n<section class=\"wp-block-group wp-block-group-boxed wp-block-group-small-bottom-padding\"><div class=\"wp-block-group-inner is-layout-flow wp-block-group-is-layout-flow\">\n<div class=\"wp-block-columns are-vertically-aligned-top wp-block-columns-1 is-layout-flex wp-container-core-columns-is-layout-1 wp-block-columns-is-layout-flex\">\n<div class=\"wp-block-column is-layout-flow wp-block-column-is-layout-flow\">\n<p>eToro Group Ltd. v\u00e0 c\u00e1c c\u00f4ng ty li\u00ean k\u1ebft cung c\u1ea5p c\u00e1c t\u00ednh n\u0103ng giao d\u1ecbch x\u00e3 h\u1ed9i cho ph\u00e9p b\u1ea1n t\u01b0\u01a1ng t\u00e1c, theo d\u00f5i v\u00e0 sao ch\u00e9p c\u00e1c nh\u00e0 giao d\u1ecbch kh\u00e1c (\u201cC\u00e1c T\u00ednh n\u0103ng Giao d\u1ecbch X\u00e3 h\u1ed9i\u201d), bao g\u1ed3m CopyTrader\u2122, Smart Portfolios, b\u1ea3ng x\u1ebfp h\u1ea1ng v\u00e0 c\u00e1c c\u00f4ng c\u1ee5 c\u1ed9ng \u0111\u1ed3ng.<\/p>\n\n\n\n<p>M\u1eb7c d\u00f9 c\u00e1c t\u00ednh n\u0103ng n\u00e0y c\u00f3 th\u1ec3 gi\u00fap b\u1ea1n kh\u00e1m ph\u00e1 c\u00e1c chi\u1ebfn l\u01b0\u1ee3c \u0111\u1ea7u t\u01b0, nh\u01b0ng ch\u00fang c\u0169ng ti\u1ec1m \u1ea9n c\u00e1c r\u1ee7i ro. B\u1ea1n n\u00ean c\u00e2n nh\u1eafc k\u1ef9 c\u00e1c \u0111i\u1ec1u sau \u0111\u00e2y tr\u01b0\u1edbc khi s\u1eed d\u1ee5ng:<\/p>\n<\/div>\n<\/div>\n\n\n\n<div class=\"wp-block-columns are-vertically-aligned-top wp-block-columns-1 is-layout-flex wp-container-core-columns-is-layout-2 wp-block-columns-is-layout-flex\">\n<div class=\"wp-block-column is-layout-flow wp-block-column-is-layout-flow\">\n<div class=\"wp-block-etoro-simple-collapsable-item-list\">\n<div class=\"wp-block-etoro-simple-collapsable-item\"><div class=\"wp-block-etoro-simple-collapsable-item-heading\">1. B\u1ea1n Ho\u00e0n to\u00e0n Ch\u1ecbu tr\u00e1ch nhi\u1ec7m v\u1ec1 C\u00e1c Quy\u1ebft \u0111\u1ecbnh c\u1ee7a M\u00ecnh<\/div><div class=\"wp-block-etoro-simple-collapsable-item-content-wrapper\"><div class=\"wp-block-etoro-simple-collapsable-item-content\">\n<p>Copy Trading d\u1ef1a tr\u00ean l\u1ef1a ch\u1ecdn c\u1ee7a b\u1ea1n v\u1ec1 vi\u1ec7c theo d\u00f5i ho\u1eb7c sao ch\u00e9p c\u00e1c nh\u00e0 giao d\u1ecbch kh\u00e1c.<\/p>\n\n\n\n<ul class=\"wp-block-list wp-block-list wp-block-list-circle\">\n<li>B\u1ea1n ph\u1ea3i c\u00e2n nh\u1eafc t\u00ecnh h\u00ecnh t\u00e0i ch\u00ednh, m\u1ee5c ti\u00eau \u0111\u1ea7u t\u01b0 v\u00e0 kh\u1ea3 n\u0103ng ch\u1ecbu \u0111\u1ef1ng r\u1ee7i ro c\u1ee7a m\u00ecnh.<\/li>\n\n\n\n<li>eToro kh\u00f4ng cung c\u1ea5p l\u1eddi khuy\u00ean \u0111\u1ea7u t\u01b0.<\/li>\n\n\n\n<li>M\u1ecdi quy\u1ebft \u0111\u1ecbnh n\u00e0o b\u1ea1n \u0111\u01b0a ra d\u1ef1a tr\u00ean th\u00f4ng tin c\u1ee7a n\u1ec1n t\u1ea3ng \u0111\u1ec1u do b\u1ea1n t\u1ef1 ch\u1ecbu r\u1ee7i ro.<\/li>\n<\/ul>\n\n\n\n<p>B\u1ea1n lu\u00f4n n\u00ean t\u1ef1 nghi\u00ean c\u1ee9u tr\u01b0\u1edbc khi \u0111\u1ea7u t\u01b0.<\/p>\n<\/div><\/div><\/div>\n\n\n\n<div class=\"wp-block-etoro-simple-collapsable-item\"><div class=\"wp-block-etoro-simple-collapsable-item-heading\">2. R\u1ee7i ro Giao d\u1ecbch T\u1ef1 \u0111\u1ed9ng<\/div><div class=\"wp-block-etoro-simple-collapsable-item-content-wrapper\"><div class=\"wp-block-etoro-simple-collapsable-item-content\">\n<p>Khi b\u1ea1n sao ch\u00e9p m\u1ed9t nh\u00e0 giao d\u1ecbch ho\u1eb7c Smart Portfolio:<\/p>\n\n\n\n<ul class=\"wp-block-list wp-block-list wp-block-list-circle\">\n<li>C\u00e1c giao d\u1ecbch \u0111\u01b0\u1ee3c th\u1ef1c hi\u1ec7n t\u1ef1 \u0111\u1ed9ng trong t\u00e0i kho\u1ea3n c\u1ee7a b\u1ea1n m\u00e0 kh\u00f4ng c\u1ea7n can thi\u1ec7p.<\/li>\n\n\n\n<li>C\u00e1c v\u1ecb th\u1ebf \u0111\u01b0\u1ee3c m\u1edf, \u0111i\u1ec1u ch\u1ec9nh v\u00e0 \u0111\u00f3ng theo th\u1eddi gian th\u1ef1c d\u1ef1a tr\u00ean h\u00e0nh \u0111\u1ed9ng c\u1ee7a nh\u00e0 giao d\u1ecbch \u0111\u01b0\u1ee3c sao ch\u00e9p.<\/li>\n<\/ul>\n\n\n\n<p>\u0110i\u1ec1u n\u00e0y c\u00f3 ngh\u0129a l\u00e0:<\/p>\n\n\n\n<ul class=\"wp-block-list wp-block-list wp-block-list-circle\">\n<li>B\u1ea1n c\u00f3 th\u1ec3 kh\u00f4ng c\u00f3 quy\u1ec1n ki\u1ec3m so\u00e1t v\u1ec1 th\u1eddi \u0111i\u1ec3m ho\u1eb7c gi\u00e1 c\u1ea3.<\/li>\n\n\n\n<li>\u0110i\u1ec1u ki\u1ec7n th\u1ecb tr\u01b0\u1eddng (v\u00ed d\u1ee5: bi\u1ebfn \u0111\u1ed9ng, tr\u01b0\u1ee3t gi\u00e1, thanh kho\u1ea3n) c\u00f3 th\u1ec3 d\u1eabn \u0111\u1ebfn k\u1ebft qu\u1ea3 kh\u00e1c bi\u1ec7t so v\u1edbi nh\u00e0 giao d\u1ecbch ho\u1eb7c Smart Portfolio m\u00e0 b\u1ea1n sao ch\u00e9p.<\/li>\n\n\n\n<li>B\u1ea1n c\u00f3 th\u1ec3 m\u1ea5t s\u1ed1 ti\u1ec1n \u0111\u00e3 ph\u00e2n b\u1ed5 cho vi\u1ec7c sao ch\u00e9p.<\/li>\n<\/ul>\n<\/div><\/div><\/div>\n\n\n\n<div class=\"wp-block-etoro-simple-collapsable-item\"><div class=\"wp-block-etoro-simple-collapsable-item-heading\">3. Gi\u00e1 tr\u1ecb r\u1ee7i ro \u0111\u1ed1i v\u1edbi CFD v\u00e0 t\u00e0i s\u1ea3n ti\u1ec1n \u0111i\u1ec7n t\u1eed<\/div><div class=\"wp-block-etoro-simple-collapsable-item-content-wrapper\"><div class=\"wp-block-etoro-simple-collapsable-item-content\">\n<p>Khi sao ch\u00e9p m\u1ed9t nh\u00e0 giao d\u1ecbch ho\u1eb7c Smart Portfolio, b\u1ea1n c\u00f3 th\u1ec3 ti\u1ebfp x\u00fac v\u1edbi c\u00e1c c\u00f4ng c\u1ee5 ph\u1ee9c t\u1ea1p v\u00e0 c\u00f3 r\u1ee7i ro cao nh\u01b0:<\/p>\n\n\n\n<ul class=\"wp-block-list wp-block-list wp-block-list-circle\">\n<li><strong>CFD (H\u1ee3p \u0111\u1ed3ng Ch\u00eanh l\u1ec7ch)<\/strong>\n<ul class=\"wp-block-list wp-block-list wp-block-list-circle\">\n<li>Th\u01b0\u1eddng li\u00ean quan \u0111\u1ebfn \u0111\u00f2n b\u1ea9y, c\u00f3 th\u1ec3 khu\u1ebfch \u0111\u1ea1i c\u1ea3 l\u1ee3i nhu\u1eadn v\u00e0 thua l\u1ed7.<\/li>\n\n\n\n<li>Gi\u00e1 c\u00f3 th\u1ec3 bi\u1ebfn \u0111\u1ed9ng nhanh, l\u00e0m t\u0103ng nguy c\u01a1 thua l\u1ed7 \u0111\u00e1ng k\u1ec3.<\/li>\n\n\n\n<li>B\u1ea1n kh\u00f4ng s\u1edf h\u1eefu t\u00e0i s\u1ea3n c\u01a1 b\u1ea3n.<\/li>\n<\/ul>\n<\/li>\n\n\n\n<li><strong>T\u00e0i s\u1ea3n ti\u1ec1n \u0111i\u1ec7n t\u1eed:<\/strong>\n<ul class=\"wp-block-list wp-block-list wp-block-list-circle\">\n<li>C\u00f3 t\u00ednh bi\u1ebfn \u0111\u1ed9ng cao v\u00e0 c\u00f3 th\u1ec3 tr\u1ea3i qua nh\u1eefng \u0111\u1ee3t bi\u1ebfn \u0111\u1ed9ng gi\u00e1 c\u1ef1c l\u1edbn.<\/li>\n\n\n\n<li>C\u00f3 th\u1ec3 g\u1eb7p ph\u1ea3i t\u00ecnh tr\u1ea1ng thanh kho\u1ea3n th\u1ea5p, thao t\u00fang th\u1ecb tr\u01b0\u1eddng ho\u1eb7c kh\u00f4ng x\u00e1c \u0111\u1ecbnh v\u1ec1 ph\u00e1p l\u00fd.<\/li>\n<\/ul>\n<\/li>\n<\/ul>\n\n\n\n<p>Ngay c\u1ea3 khi b\u1ea1n kh\u00f4ng ch\u1ee7 \u0111\u1ed9ng ch\u1ecdn nh\u1eefng t\u00e0i s\u1ea3n n\u00e0y, vi\u1ec7c sao ch\u00e9p m\u1ed9t nh\u00e0 giao d\u1ecbch ho\u1eb7c Smart Portfolio \u0111\u1ed3ng ngh\u0129a v\u1edbi vi\u1ec7c b\u1ea1n t\u1ef1 \u0111\u1ed9ng ti\u1ebfp x\u00fac v\u1edbi c\u00e1c c\u00f4ng c\u1ee5 m\u00e0 h\u1ecd giao d\u1ecbch.<\/p>\n<\/div><\/div><\/div>\n\n\n\n<div class=\"wp-block-etoro-simple-collapsable-item\"><div class=\"wp-block-etoro-simple-collapsable-item-heading\">4. S\u1ef1 kh\u00e1c bi\u1ec7t v\u1ec1 Hi\u1ec7u su\u1ea5t<\/div><div class=\"wp-block-etoro-simple-collapsable-item-content-wrapper\"><div class=\"wp-block-etoro-simple-collapsable-item-content\">\n<p>K\u1ebft qu\u1ea3 c\u1ee7a b\u1ea1n c\u00f3 th\u1ec3 kh\u00e1c v\u1edbi nh\u00e0 giao d\u1ecbch ho\u1eb7c Smart Portfolio m\u00e0 b\u1ea1n sao ch\u00e9p do c\u00e1c y\u1ebfu t\u1ed1 nh\u01b0:<\/p>\n\n\n\n<ul class=\"wp-block-list wp-block-list wp-block-list-circle\">\n<li>N\u1ea1p ho\u1eb7c r\u00fat ti\u1ec1n t\u1eeb v\u1ecb th\u1ebf sao ch\u00e9p.<\/li>\n\n\n\n<li>\u0110i\u1ec1u ki\u1ec7n th\u1ecb tr\u01b0\u1eddng v\u00e0 s\u1ef1 kh\u00e1c bi\u1ec7t trong vi\u1ec7c kh\u1edbp l\u1ec7nh.<\/li>\n<\/ul>\n<\/div><\/div><\/div>\n\n\n\n<div class=\"wp-block-etoro-simple-collapsable-item\"><div class=\"wp-block-etoro-simple-collapsable-item-heading\">5. Hi\u1ec7u su\u1ea5t trong Qu\u00e1 kh\u1ee9 Kh\u00f4ng ph\u1ea3i l\u00e0 Ch\u1ec9 b\u00e1o \u0110\u00e1ng tin c\u1eady<\/div><div class=\"wp-block-etoro-simple-collapsable-item-content-wrapper\"><div class=\"wp-block-etoro-simple-collapsable-item-content\">\n<p>C\u00e1c s\u1ed1 li\u1ec7u th\u1ed1ng k\u00ea nh\u01b0:<\/p>\n\n\n\n<ul class=\"wp-block-list wp-block-list wp-block-list-circle\">\n<li>\u0110i\u1ec3m r\u1ee7i ro.<\/li>\n\n\n\n<li>Hi\u1ec7u su\u1ea5t l\u1ecbch s\u1eed.<\/li>\n\n\n\n<li>D\u1eef li\u1ec7u danh m\u1ee5c \u0111\u1ea7u t\u01b0 kh\u00f4ng \u0111\u1ea3m b\u1ea3o cho k\u1ebft qu\u1ea3 trong t\u01b0\u01a1ng lai.<\/li>\n<\/ul>\n\n\n\n<p>K\u1ebft qu\u1ea3 th\u1ef1c t\u1ebf c\u00f3 th\u1ec3 thay \u0111\u1ed5i r\u1ea5t nhi\u1ec1u do s\u1ef1 thay \u0111\u1ed5i c\u1ee7a \u0111i\u1ec1u ki\u1ec7n th\u1ecb tr\u01b0\u1eddng v\u00e0 h\u00e0nh vi c\u1ee7a nh\u00e0 \u0111\u1ea7u t\u01b0.<\/p>\n<\/div><\/div><\/div>\n\n\n\n<div class=\"wp-block-etoro-simple-collapsable-item\"><div class=\"wp-block-etoro-simple-collapsable-item-heading\">6. Kh\u00f4ng \u0110\u1ea3m b\u1ea3o v\u1ec1 Kh\u1edbp l\u1ec7nh ho\u1eb7c Ki\u1ec3m so\u00e1t R\u1ee7i ro<\/div><div class=\"wp-block-etoro-simple-collapsable-item-content-wrapper\"><div class=\"wp-block-etoro-simple-collapsable-item-content\">\n<ul class=\"wp-block-list wp-block-list wp-block-list-circle\">\n<li>C\u00e1c c\u01a1 ch\u1ebf D\u1eebng L\u1ed7 (bao g\u1ed3m Sao ch\u00e9p D\u1eebng L\u1ed7) kh\u00f4ng \u0111\u01b0\u1ee3c \u0111\u1ea3m b\u1ea3o.<\/li>\n\n\n\n<li>Giao d\u1ecbch c\u00f3 th\u1ec3 kh\u00f4ng \u0111\u01b0\u1ee3c kh\u1edbp \u1edf m\u1ee9c gi\u00e1 d\u1ef1 ki\u1ebfn.<\/li>\n\n\n\n<li>C\u00e1c kho\u1ea3n l\u1ed7 c\u00f3 th\u1ec3 v\u01b0\u1ee3t qu\u00e1 d\u1ef1 ki\u1ebfn do ph\u00e2n kh\u00fac th\u1ecb tr\u01b0\u1eddng ho\u1eb7c bi\u1ebfn \u0111\u1ed9ng.<\/li>\n<\/ul>\n<\/div><\/div><\/div>\n\n\n\n<div class=\"wp-block-etoro-simple-collapsable-item\"><div class=\"wp-block-etoro-simple-collapsable-item-heading\">7. C\u00e1c Nh\u00e0 giao d\u1ecbch B\u1ea1n Sao ch\u00e9p Kh\u00f4ng ph\u1ea3i l\u00e0 C\u1ed1 v\u1ea5n<\/div><div class=\"wp-block-etoro-simple-collapsable-item-content-wrapper\"><div class=\"wp-block-etoro-simple-collapsable-item-content\">\n<ul class=\"wp-block-list wp-block-list wp-block-list-circle\">\n<li>Nh\u1eefng ng\u01b0\u1eddi d\u00f9ng kh\u00e1c c\u00f3 th\u1ec3 chia s\u1ebb \u00fd ki\u1ebfn ho\u1eb7c chi\u1ebfn l\u01b0\u1ee3c, nh\u01b0ng h\u1ecd kh\u00f4ng nh\u1ea5t thi\u1ebft ph\u1ea3i c\u00f3 chuy\u00ean m\u00f4n ho\u1eb7c s\u1ef1 kh\u00e1ch quan.<\/li>\n\n\n\n<li>Th\u00f4ng tin \u0111\u01b0\u1ee3c chia s\u1ebb tr\u00ean n\u1ec1n t\u1ea3ng kh\u00f4ng n\u00ean \u0111\u01b0\u1ee3c coi l\u00e0 l\u1eddi khuy\u00ean t\u00e0i ch\u00ednh chuy\u00ean nghi\u1ec7p.<\/li>\n<\/ul>\n\n\n\n<p>Lu\u00f4n coi n\u1ed9i dung giao d\u1ecbch x\u00e3 h\u1ed9i l\u00e0 \u0111i\u1ec3m tham kh\u1ea3o ban \u0111\u1ea7u \u2014 kh\u00f4ng ph\u1ea3i l\u00e0 m\u1ed9t l\u1eddi khuy\u1ebfn ngh\u1ecb.<\/p>\n<\/div><\/div><\/div>\n\n\n\n<div class=\"wp-block-etoro-simple-collapsable-item\"><div class=\"wp-block-etoro-simple-collapsable-item-heading\">8. R\u1ee7i ro v\u1ec1 Chi\u1ebfn l\u01b0\u1ee3c &amp; H\u00e0nh vi<\/div><div class=\"wp-block-etoro-simple-collapsable-item-content-wrapper\"><div class=\"wp-block-etoro-simple-collapsable-item-content\">\n<p>Copy Trading ph\u1ee5 thu\u1ed9c ho\u00e0n to\u00e0n v\u00e0o nh\u00e0 giao d\u1ecbch ho\u1eb7c Smart Portfolio m\u00e0 b\u1ea1n theo d\u00f5i:<\/p>\n\n\n\n<ul class=\"wp-block-list wp-block-list wp-block-list-circle\">\n<li>Chi\u1ebfn l\u01b0\u1ee3c c\u1ee7a h\u1ecd c\u00f3 th\u1ec3 thay \u0111\u1ed5i m\u00e0 kh\u00f4ng c\u1ea7n th\u00f4ng b\u00e1o tr\u01b0\u1edbc.<\/li>\n\n\n\n<li>H\u1ecd c\u00f3 th\u1ec3 ch\u1ea5p nh\u1eadn m\u1ee9c r\u1ee7i ro cao h\u01a1n b\u1ea1n mong \u0111\u1ee3i.<\/li>\n\n\n\n<li>Nh\u1eefng quy\u1ebft \u0111\u1ecbnh theo c\u1ea3m x\u00fac ho\u1eb7c thi\u1ebfu nh\u1ea5t qu\u00e1n c\u00f3 th\u1ec3 \u1ea3nh h\u01b0\u1edfng \u0111\u1ebfn hi\u1ec7u su\u1ea5t.<\/li>\n<\/ul>\n\n\n\n<p>Ngo\u00e0i ra:<\/p>\n\n\n\n<ul class=\"wp-block-list wp-block-list wp-block-list-circle\">\n<li>Vi\u1ec7c t\u1eadp trung v\u1ed1n v\u00e0o m\u1ed9t nh\u00e0 giao d\u1ecbch duy nh\u1ea5t s\u1ebd l\u00e0m t\u0103ng r\u1ee7i ro.<\/li>\n\n\n\n<li>\u0110a d\u1ea1ng h\u00f3a kh\u00f4ng gi\u00fap lo\u1ea1i b\u1ecf ho\u00e0n to\u00e0n c\u00e1c kho\u1ea3n l\u1ed7.<\/li>\n<\/ul>\n<\/div><\/div><\/div>\n\n\n\n<div class=\"wp-block-etoro-simple-collapsable-item\"><div class=\"wp-block-etoro-simple-collapsable-item-heading\">9. Copy Trading Kh\u00f4ng ph\u1ea3i l\u00e0 H\u00ecnh th\u1ee9c \u0110\u1ea7u t\u01b0 An to\u00e0n h\u01a1n<\/div><div class=\"wp-block-etoro-simple-collapsable-item-content-wrapper\"><div class=\"wp-block-etoro-simple-collapsable-item-content\">\n<p>Copy trading c\u00f3 th\u1ec3 gi\u00fap \u0111a d\u1ea1ng h\u00f3a v\u00e0 gi\u1ea3m nhu c\u1ea7u ph\u1ea3i \u0111\u01b0a ra c\u00e1c quy\u1ebft \u0111\u1ecbnh giao d\u1ecbch ch\u1ee7 \u0111\u1ed9ng, nh\u01b0ng:<\/p>\n\n\n\n<ul class=\"wp-block-list wp-block-list wp-block-list-circle\">\n<li>Hi\u1ec7u su\u1ea5t c\u1ee7a b\u1ea1n ph\u1ee5 thu\u1ed9c v\u00e0o c\u00e1c nh\u00e0 giao d\u1ecbch ho\u1eb7c Smart Portfolio m\u00e0 b\u1ea1n sao ch\u00e9p.<\/li>\n\n\n\n<li>B\u1ea1n v\u1eabn ph\u1ea3i ho\u00e0n to\u00e0n ch\u1ecbu tr\u00e1ch nhi\u1ec7m cho b\u1ea5t k\u1ef3 kho\u1ea3n l\u1ed7 n\u00e0o.<\/li>\n<\/ul>\n<\/div><\/div><\/div>\n\n\n\n<div class=\"wp-block-etoro-simple-collapsable-item\"><div class=\"wp-block-etoro-simple-collapsable-item-heading\">10. T\u1ef1 Th\u1ef1c hi\u1ec7n Th\u1ea9m \u0111\u1ecbnh<\/div><div class=\"wp-block-etoro-simple-collapsable-item-content-wrapper\"><div class=\"wp-block-etoro-simple-collapsable-item-content\">\n<p>Tr\u01b0\u1edbc khi sao ch\u00e9p m\u1ed9t nh\u00e0 giao d\u1ecbch ho\u1eb7c Smart Portfolio, h\u00e3y xem x\u00e9t:<\/p>\n\n\n\n<ul class=\"wp-block-list wp-block-list wp-block-list-circle\">\n<li>\u0110i\u1ec3m r\u1ee7i ro c\u1ee7a h\u1ecd.<\/li>\n\n\n\n<li>L\u1ecbch s\u1eed giao d\u1ecbch v\u00e0 chi\u1ebfn l\u01b0\u1ee3c.<\/li>\n\n\n\n<li>Th\u00e0nh ph\u1ea7n danh m\u1ee5c \u0111\u1ea7u t\u01b0.<\/li>\n\n\n\n<li>M\u1ee9c \u0111\u1ed9 ho\u1ea1t \u0111\u1ed9ng v\u00e0 giao ti\u1ebfp (v\u00ed d\u1ee5: c\u00e1c b\u00e0i \u0111\u0103ng, c\u1eadp nh\u1eadt).<\/li>\n<\/ul>\n\n\n\n<p>Ngay c\u1ea3 khi c\u00f3 nh\u1eefng th\u00f4ng tin n\u00e0y, v\u1eabn kh\u00f4ng c\u00f3 g\u00ec \u0111\u1ea3m b\u1ea3o th\u00e0nh c\u00f4ng.<\/p>\n<\/div><\/div><\/div>\n<\/div>\n\n\n\n<hr class=\"wp-block-separator wp-block-separator-color-dark-grey wp-block-separator-spaces-medium wp-block-separator-weight-1\"\/>\n<\/div>\n<\/div>\n<\/div><\/section>\n","protected":false},"excerpt":{"rendered":"<p>eToro Group Ltd. v\u00e0 c\u00e1c c\u00f4ng ty li\u00ean k\u1ebft cung c\u1ea5p c\u00e1c t\u00ednh n\u0103ng giao d\u1ecbch x\u00e3 h\u1ed9i cho ph\u00e9p b\u1ea1n t\u01b0\u01a1ng t\u00e1c, theo d\u00f5i v\u00e0 sao ch\u00e9p c\u00e1c nh\u00e0 giao d\u1ecbch kh\u00e1c (\u201cC\u00e1c T\u00ednh n\u0103ng Giao d\u1ecbch X\u00e3 h\u1ed9i\u201d), bao g\u1ed3m CopyTrader\u2122, Smart Portfolios, b\u1ea3ng x\u1ebfp h\u1ea1ng v\u00e0 c\u00e1c c\u00f4ng c\u1ee5 c\u1ed9ng \u0111\u1ed3ng. M\u1eb7c&hellip;<\/p>\n","protected":false},"author":158,"featured_media":0,"parent":55593,"menu_order":0,"comment_status":"closed","ping_status":"closed","template":"","meta":{"_acf_changed":true,"inline_featured_image":false,"sticky_cta_settings":"","footnotes":""},"asset_type":[],"class_list":["post-1259342","page","type-page","status-publish","hentry"],"acf":[],"yoast_head":"<title>C\u00e1c r\u1ee7i ro li\u00ean quan \u0111\u1ebfn Giao d\u1ecbch X\u00e3 h\u1ed9i (Copy Trading)<\/title>\n<meta name=\"description\" content=\"T\u00ecm hi\u1ec3u v\u1ec1 c\u00e1c r\u1ee7i ro li\u00ean quan \u0111\u1ebfn giao d\u1ecbch x\u00e3 h\u1ed9i v\u00e0 copy trading, bao g\u1ed3m CFD, t\u00e0i s\u1ea3n ti\u1ec1n \u0111i\u1ec7n t\u1eed, s\u1ef1 kh\u00e1c bi\u1ec7t v\u1ec1 hi\u1ec7u su\u1ea5t v\u00e0 qu\u00e1 tr\u00ecnh t\u1ef1 th\u1ea9m \u0111\u1ecbnh.\" \/>\n<meta name=\"robots\" content=\"noindex\" \/>\n<meta property=\"og:locale\" content=\"vi_VN\" \/>\n<meta property=\"og:type\" content=\"article\" \/>\n<meta property=\"og:title\" content=\"C\u00e1c r\u1ee7i ro li\u00ean quan \u0111\u1ebfn Giao d\u1ecbch X\u00e3 h\u1ed9i (Copy Trading)\" \/>\n<meta property=\"og:description\" content=\"T\u00ecm hi\u1ec3u v\u1ec1 c\u00e1c r\u1ee7i ro li\u00ean quan \u0111\u1ebfn giao d\u1ecbch x\u00e3 h\u1ed9i v\u00e0 copy trading, bao g\u1ed3m CFD, t\u00e0i s\u1ea3n ti\u1ec1n \u0111i\u1ec7n t\u1eed, s\u1ef1 kh\u00e1c bi\u1ec7t v\u1ec1 hi\u1ec7u su\u1ea5t v\u00e0 qu\u00e1 tr\u00ecnh t\u1ef1 th\u1ea9m \u0111\u1ecbnh.\" \/>\n<meta property=\"og:url\" content=\"https:\/\/www.etoro.com\/vi-vn\/wp-json\/wp\/v2\/pages\/1259342\" \/>\n<meta property=\"og:site_name\" content=\"eToro\" \/>\n<meta property=\"article:publisher\" content=\"https:\/\/www.facebook.com\/eToro\/\" \/>\n<meta property=\"article:modified_time\" content=\"2026-04-30T06:16:03+00:00\" \/>\n<meta property=\"og:image\" content=\"https:\/\/www.etoro.com\/wp-content\/uploads\/2019\/12\/etoro_logo_social_share1.png\" \/>\n\t<meta property=\"og:image:width\" content=\"240\" \/>\n\t<meta property=\"og:image:height\" content=\"240\" \/>\n\t<meta property=\"og:image:type\" content=\"image\/png\" \/>\n<meta name=\"twitter:card\" content=\"summary_large_image\" \/>\n<meta name=\"twitter:site\" content=\"@eToro\" \/>\n<meta name=\"twitter:label1\" content=\"\u01af\u1edbc t\u00ednh th\u1eddi gian \u0111\u1ecdc\" \/>\n\t<meta name=\"twitter:data1\" content=\"7 ph\u00fat\" \/>\n<script type=\"application\/ld+json\" class=\"yoast-schema-graph\">{\"@context\":\"https:\/\/schema.org\",\"@graph\":[{\"@type\":\"WebPage\",\"@id\":\"https:\/\/www.etoro.com\/vi-vn\/copytrader\/risk-warnings\/\",\"url\":\"https:\/\/www.etoro.com\/vi-vn\/copytrader\/risk-warnings\/\",\"name\":\"C\u00e1c r\u1ee7i ro li\u00ean quan \u0111\u1ebfn Giao d\u1ecbch X\u00e3 h\u1ed9i (Copy Trading)\",\"isPartOf\":{\"@id\":\"https:\/\/www.etoro.com\/vi-vn\/#website\"},\"datePublished\":\"2026-04-20T07:10:55+00:00\",\"dateModified\":\"2026-04-30T06:16:03+00:00\",\"description\":\"T\u00ecm hi\u1ec3u v\u1ec1 c\u00e1c r\u1ee7i ro li\u00ean quan \u0111\u1ebfn giao d\u1ecbch x\u00e3 h\u1ed9i v\u00e0 copy trading, bao g\u1ed3m CFD, t\u00e0i s\u1ea3n ti\u1ec1n \u0111i\u1ec7n t\u1eed, s\u1ef1 kh\u00e1c bi\u1ec7t v\u1ec1 hi\u1ec7u su\u1ea5t v\u00e0 qu\u00e1 tr\u00ecnh t\u1ef1 th\u1ea9m \u0111\u1ecbnh.\",\"breadcrumb\":{\"@id\":\"https:\/\/www.etoro.com\/vi-vn\/copytrader\/risk-warnings\/#breadcrumb\"},\"inLanguage\":\"vi\",\"potentialAction\":[{\"@type\":\"ReadAction\",\"target\":[\"https:\/\/www.etoro.com\/vi-vn\/copytrader\/risk-warnings\/\"]}]},{\"@type\":\"BreadcrumbList\",\"@id\":\"https:\/\/www.etoro.com\/vi-vn\/copytrader\/risk-warnings\/#breadcrumb\",\"itemListElement\":[{\"@type\":\"ListItem\",\"position\":1,\"name\":\"Trang ch\u1ee7\",\"item\":\"https:\/\/www.etoro.com\/vi-vn\/\"},{\"@type\":\"ListItem\",\"position\":2,\"name\":\"CopyTrader\",\"item\":\"https:\/\/www.etoro.com\/vi-vn\/copytrader\/\"},{\"@type\":\"ListItem\",\"position\":3,\"name\":\"Risks Associated with Social Trading (Copy Trading)\"}]},{\"@type\":\"WebSite\",\"@id\":\"https:\/\/www.etoro.com\/vi-vn\/#website\",\"url\":\"https:\/\/www.etoro.com\/vi-vn\/\",\"name\":\"eToro\",\"description\":\"\",\"publisher\":{\"@id\":\"https:\/\/www.etoro.com\/vi-vn\/#organization\"},\"potentialAction\":[{\"@type\":\"SearchAction\",\"target\":{\"@type\":\"EntryPoint\",\"urlTemplate\":\"https:\/\/www.etoro.com\/vi-vn\/?s={search_term_string}\"},\"query-input\":{\"@type\":\"PropertyValueSpecification\",\"valueRequired\":true,\"valueName\":\"search_term_string\"}}],\"inLanguage\":\"vi\"},[]]}<\/script>","yoast_head_json":{"title":"C\u00e1c r\u1ee7i ro li\u00ean quan \u0111\u1ebfn Giao d\u1ecbch X\u00e3 h\u1ed9i (Copy Trading)","description":"T\u00ecm hi\u1ec3u v\u1ec1 c\u00e1c r\u1ee7i ro li\u00ean quan \u0111\u1ebfn giao d\u1ecbch x\u00e3 h\u1ed9i v\u00e0 copy trading, bao g\u1ed3m CFD, t\u00e0i s\u1ea3n ti\u1ec1n \u0111i\u1ec7n t\u1eed, s\u1ef1 kh\u00e1c bi\u1ec7t v\u1ec1 hi\u1ec7u su\u1ea5t v\u00e0 qu\u00e1 tr\u00ecnh t\u1ef1 th\u1ea9m \u0111\u1ecbnh.","robots":{"index":"noindex"},"og_locale":"vi_VN","og_type":"article","og_title":"C\u00e1c r\u1ee7i ro li\u00ean quan \u0111\u1ebfn Giao d\u1ecbch X\u00e3 h\u1ed9i (Copy Trading)","og_description":"T\u00ecm hi\u1ec3u v\u1ec1 c\u00e1c r\u1ee7i ro li\u00ean quan \u0111\u1ebfn giao d\u1ecbch x\u00e3 h\u1ed9i v\u00e0 copy trading, bao g\u1ed3m CFD, t\u00e0i s\u1ea3n ti\u1ec1n \u0111i\u1ec7n t\u1eed, s\u1ef1 kh\u00e1c bi\u1ec7t v\u1ec1 hi\u1ec7u su\u1ea5t v\u00e0 qu\u00e1 tr\u00ecnh t\u1ef1 th\u1ea9m \u0111\u1ecbnh.","og_url":"https:\/\/www.etoro.com\/vi-vn\/wp-json\/wp\/v2\/pages\/1259342","og_site_name":"eToro","article_publisher":"https:\/\/www.facebook.com\/eToro\/","article_modified_time":"2026-04-30T06:16:03+00:00","og_image":[{"width":240,"height":240,"url":"https:\/\/www.etoro.com\/wp-content\/uploads\/2019\/12\/etoro_logo_social_share1.png","type":"image\/png"}],"twitter_card":"summary_large_image","twitter_site":"@eToro","twitter_misc":{"\u01af\u1edbc t\u00ednh th\u1eddi gian \u0111\u1ecdc":"7 ph\u00fat"},"schema":{"@context":"https:\/\/schema.org","@graph":[{"@type":"WebPage","@id":"https:\/\/www.etoro.com\/vi-vn\/copytrader\/risk-warnings\/","url":"https:\/\/www.etoro.com\/vi-vn\/copytrader\/risk-warnings\/","name":"C\u00e1c r\u1ee7i ro li\u00ean quan \u0111\u1ebfn Giao d\u1ecbch X\u00e3 h\u1ed9i (Copy Trading)","isPartOf":{"@id":"https:\/\/www.etoro.com\/vi-vn\/#website"},"datePublished":"2026-04-20T07:10:55+00:00","dateModified":"2026-04-30T06:16:03+00:00","description":"T\u00ecm hi\u1ec3u v\u1ec1 c\u00e1c r\u1ee7i ro li\u00ean quan \u0111\u1ebfn giao d\u1ecbch x\u00e3 h\u1ed9i v\u00e0 copy trading, bao g\u1ed3m CFD, t\u00e0i s\u1ea3n ti\u1ec1n \u0111i\u1ec7n t\u1eed, s\u1ef1 kh\u00e1c bi\u1ec7t v\u1ec1 hi\u1ec7u su\u1ea5t v\u00e0 qu\u00e1 tr\u00ecnh t\u1ef1 th\u1ea9m \u0111\u1ecbnh.","breadcrumb":{"@id":"https:\/\/www.etoro.com\/vi-vn\/copytrader\/risk-warnings\/#breadcrumb"},"inLanguage":"vi","potentialAction":[{"@type":"ReadAction","target":["https:\/\/www.etoro.com\/vi-vn\/copytrader\/risk-warnings\/"]}]},{"@type":"BreadcrumbList","@id":"https:\/\/www.etoro.com\/vi-vn\/copytrader\/risk-warnings\/#breadcrumb","itemListElement":[{"@type":"ListItem","position":1,"name":"Trang ch\u1ee7","item":"https:\/\/www.etoro.com\/vi-vn\/"},{"@type":"ListItem","position":2,"name":"CopyTrader","item":"https:\/\/www.etoro.com\/vi-vn\/copytrader\/"},{"@type":"ListItem","position":3,"name":"Risks Associated with Social Trading (Copy Trading)"}]},{"@type":"WebSite","@id":"https:\/\/www.etoro.com\/vi-vn\/#website","url":"https:\/\/www.etoro.com\/vi-vn\/","name":"eToro","description":"","publisher":{"@id":"https:\/\/www.etoro.com\/vi-vn\/#organization"},"potentialAction":[{"@type":"SearchAction","target":{"@type":"EntryPoint","urlTemplate":"https:\/\/www.etoro.com\/vi-vn\/?s={search_term_string}"},"query-input":{"@type":"PropertyValueSpecification","valueRequired":true,"valueName":"search_term_string"}}],"inLanguage":"vi"},[]]}},"_links":{"self":[{"href":"https:\/\/www.etoro.com\/vi-vn\/wp-json\/wp\/v2\/pages\/1259342"}],"collection":[{"href":"https:\/\/www.etoro.com\/vi-vn\/wp-json\/wp\/v2\/pages"}],"about":[{"href":"https:\/\/www.etoro.com\/vi-vn\/wp-json\/wp\/v2\/types\/page"}],"author":[{"embeddable":true,"href":"https:\/\/www.etoro.com\/vi-vn\/wp-json\/wp\/v2\/users\/158"}],"replies":[{"embeddable":true,"href":"https:\/\/www.etoro.com\/vi-vn\/wp-json\/wp\/v2\/comments?post=1259342"}],"version-history":[{"count":0,"href":"https:\/\/www.etoro.com\/vi-vn\/wp-json\/wp\/v2\/pages\/1259342\/revisions"}],"up":[{"embeddable":true,"href":"https:\/\/www.etoro.com\/vi-vn\/wp-json\/wp\/v2\/pages\/55593"}],"wp:attachment":[{"href":"https:\/\/www.etoro.com\/vi-vn\/wp-json\/wp\/v2\/media?parent=1259342"}],"wp:term":[{"taxonomy":"asset_type","embeddable":true,"href":"https:\/\/www.etoro.com\/vi-vn\/wp-json\/wp\/v2\/asset_type?post=1259342"}],"curies":[{"name":"wp","href":"https:\/\/api.w.org\/{rel}","templated":true}]}}