{"id":244576,"date":"2021-06-17T10:17:11","date_gmt":"2021-06-17T07:17:11","guid":{"rendered":"https:\/\/www.etoro.com\/about\/imprint\/"},"modified":"2024-06-19T18:16:52","modified_gmt":"2024-06-19T15:16:52","slug":"imprint","status":"publish","type":"page","link":"https:\/\/www.etoro.com\/vi-vn\/about\/imprint\/","title":{"rendered":"\u0110\u00f3ng d\u1ea5u"},"content":{"rendered":"\n<section class=\"wp-block-group wp-block-group-boxed has-white-background-color has-background\"><div class=\"wp-block-group-inner is-layout-flow wp-block-group-is-layout-flow\">\n<div class=\"wp-block-columns are-vertically-aligned-top wp-block-columns-1 is-layout-flex wp-container-core-columns-is-layout-1 wp-block-columns-is-layout-flex\">\n<div class=\"wp-block-column is-layout-flow wp-block-column-is-layout-flow\">\n<h2 class=\"wp-block-heading\">\u0110\u00f3ng d\u1ea5u<\/h2>\n\n\n\n<p>Nh\u00e0 cung c\u1ea5p D\u1ecbch v\u1ee5 theo \u0111\u1ecbnh ngh\u0129a trong Kho\u1ea3n 5 c\u1ee7a Ch\u1ec9 th\u1ecb 2000\/31\/EC (Ch\u1ec9 th\u1ecb v\u1ec1 th\u01b0\u01a1ng m\u1ea1i \u0111i\u1ec7n t\u1eed):<\/p>\n\n\n\n<figure class=\"wp-block-image\"><img loading=\"lazy\" decoding=\"async\" width=\"512\" height=\"266\" src=\"https:\/\/www.etoro.com\/wp-content\/uploads\/2021\/06\/unnamed-1.jpg\" alt=\"\" class=\"wp-image-240873 wp-image-desktop\" srcset=\"https:\/\/www.etoro.com\/wp-content\/uploads\/2021\/06\/unnamed-1.jpg 512w, https:\/\/www.etoro.com\/wp-content\/uploads\/2021\/06\/unnamed-1-300x156.jpg 300w\" sizes=\"(max-width: 512px) 100vw, 512px\" \/><\/figure>\n\n\n\n<p>Cypriot Investment Firm (CIF)<\/p>\n\n\n\n<p>S\u1ed1 \u0111\u0103ng k\u00fd: HE200585<\/p>\n\n\n\n<p>M\u00e3 s\u1ed1 thu\u1ebf GTGT: 10200585J<\/p>\n\n\n\n<p>\u0110\u1ea1i di\u1ec7n \u0111\u01b0\u1ee3c \u1ee7y quy\u1ec1n: Avi Sela<\/p>\n\n\n\n<p>Email:&nbsp;<a href=\"mailto:customerservice@etoro.com\" target=\"_blank\" rel=\"noreferrer noopener\">customerservice@etoro.com<\/a><\/p>\n\n\n\n<p><a href=\"http:\/\/etoro.com\/vi-vn\/customer-service\/\" target=\"_blank\" rel=\"noreferrer noopener\">D\u1ecbch v\u1ee5 Kh\u00e1ch h\u00e0ng<\/a><\/p>\n\n\n\n<p>C\u01a1 quan Gi\u00e1m s\u00e1t:<\/p>\n\n\n\n<p>\u1ee6y ban Ch\u1ee9ng kho\u00e1n v\u00e0 Giao d\u1ecbch C\u1ed9ng h\u00f2a S\u00edp (CySEC)<\/p>\n\n\n\n<p>S\u1ed1 gi\u1ea5y ph\u00e9p: 109\/10<\/p>\n\n\n\n<p>19 Diagorou Str.<\/p>\n\n\n\n<p>CY-1097 Nikosia<\/p>\n\n\n\n<p>Email: info@cysec.gov.cy<\/p>\n\n\n\n<p>Trang web: www.cysec.gov.cy<\/p>\n<\/div>\n<\/div>\n<\/div><\/section>\n","protected":false},"excerpt":{"rendered":"<p>\u0110\u00f3ng d\u1ea5u Nh\u00e0 cung c\u1ea5p D\u1ecbch v\u1ee5 theo \u0111\u1ecbnh ngh\u0129a trong Kho\u1ea3n 5 c\u1ee7a Ch\u1ec9 th\u1ecb 2000\/31\/EC (Ch\u1ec9 th\u1ecb v\u1ec1 th\u01b0\u01a1ng m\u1ea1i \u0111i\u1ec7n t\u1eed): Cypriot Investment Firm (CIF) S\u1ed1 \u0111\u0103ng k\u00fd: HE200585 M\u00e3 s\u1ed1 thu\u1ebf GTGT: 10200585J \u0110\u1ea1i di\u1ec7n \u0111\u01b0\u1ee3c \u1ee7y quy\u1ec1n: Avi Sela Email:&nbsp;customerservice@etoro.com D\u1ecbch v\u1ee5 Kh\u00e1ch h\u00e0ng C\u01a1 quan Gi\u00e1m s\u00e1t: \u1ee6y ban&hellip;<\/p>\n","protected":false},"author":75,"featured_media":0,"parent":35374,"menu_order":133,"comment_status":"closed","ping_status":"closed","template":"","meta":{"_acf_changed":false,"inline_featured_image":false,"sticky_cta_settings":"","footnotes":""},"asset_type":[],"class_list":["post-244576","page","type-page","status-publish","hentry"],"acf":[],"yoast_head":"<title>\u0110\u00f3ng d\u1ea5u - eToro<\/title>\n<meta name=\"robots\" content=\"noindex\" \/>\n<meta property=\"og:locale\" content=\"vi_VN\" \/>\n<meta property=\"og:type\" content=\"article\" \/>\n<meta property=\"og:title\" content=\"\u0110\u00f3ng d\u1ea5u - eToro\" \/>\n<meta property=\"og:description\" content=\"\u0110\u00f3ng d\u1ea5u Nh\u00e0 cung c\u1ea5p D\u1ecbch v\u1ee5 theo \u0111\u1ecbnh ngh\u0129a trong Kho\u1ea3n 5 c\u1ee7a Ch\u1ec9 th\u1ecb 2000\/31\/EC (Ch\u1ec9 th\u1ecb v\u1ec1 th\u01b0\u01a1ng m\u1ea1i \u0111i\u1ec7n t\u1eed): Cypriot Investment Firm (CIF) S\u1ed1 \u0111\u0103ng k\u00fd: HE200585 M\u00e3 s\u1ed1 thu\u1ebf GTGT: 10200585J \u0110\u1ea1i di\u1ec7n \u0111\u01b0\u1ee3c \u1ee7y quy\u1ec1n: Avi Sela Email:&nbsp;customerservice@etoro.com D\u1ecbch v\u1ee5 Kh\u00e1ch h\u00e0ng C\u01a1 quan Gi\u00e1m s\u00e1t: \u1ee6y ban&hellip;\" \/>\n<meta property=\"og:url\" content=\"https:\/\/www.etoro.com\/vi-vn\/wp-json\/wp\/v2\/pages\/244576\" \/>\n<meta property=\"og:site_name\" content=\"eToro\" \/>\n<meta property=\"article:publisher\" content=\"https:\/\/www.facebook.com\/eToro\/\" \/>\n<meta property=\"article:modified_time\" content=\"2024-06-19T15:16:52+00:00\" \/>\n<meta property=\"og:image\" content=\"https:\/\/www.etoro.com\/wp-content\/uploads\/2021\/06\/unnamed-1.jpg\" \/>\n<meta name=\"twitter:card\" content=\"summary_large_image\" \/>\n<meta name=\"twitter:site\" content=\"@eToro\" \/>\n<meta name=\"twitter:label1\" content=\"\u01af\u1edbc t\u00ednh th\u1eddi gian \u0111\u1ecdc\" \/>\n\t<meta name=\"twitter:data1\" content=\"1 ph\u00fat\" \/>\n<script type=\"application\/ld+json\" class=\"yoast-schema-graph\">{\"@context\":\"https:\/\/schema.org\",\"@graph\":[{\"@type\":\"WebPage\",\"@id\":\"https:\/\/www.etoro.com\/vi-vn\/about\/imprint\/\",\"url\":\"https:\/\/www.etoro.com\/vi-vn\/about\/imprint\/\",\"name\":\"\u0110\u00f3ng d\u1ea5u - eToro\",\"isPartOf\":{\"@id\":\"https:\/\/www.etoro.com\/vi-vn\/#website\"},\"primaryImageOfPage\":{\"@id\":\"https:\/\/www.etoro.com\/vi-vn\/about\/imprint\/#primaryimage\"},\"image\":{\"@id\":\"https:\/\/www.etoro.com\/vi-vn\/about\/imprint\/#primaryimage\"},\"thumbnailUrl\":\"https:\/\/www.etoro.com\/wp-content\/uploads\/2021\/06\/unnamed-1.jpg\",\"datePublished\":\"2021-06-17T07:17:11+00:00\",\"dateModified\":\"2024-06-19T15:16:52+00:00\",\"breadcrumb\":{\"@id\":\"https:\/\/www.etoro.com\/vi-vn\/about\/imprint\/#breadcrumb\"},\"inLanguage\":\"vi\",\"potentialAction\":[{\"@type\":\"ReadAction\",\"target\":[\"https:\/\/www.etoro.com\/vi-vn\/about\/imprint\/\"]}]},{\"@type\":\"ImageObject\",\"inLanguage\":\"vi\",\"@id\":\"https:\/\/www.etoro.com\/vi-vn\/about\/imprint\/#primaryimage\",\"url\":\"https:\/\/www.etoro.com\/wp-content\/uploads\/2021\/06\/unnamed-1.jpg\",\"contentUrl\":\"https:\/\/www.etoro.com\/wp-content\/uploads\/2021\/06\/unnamed-1.jpg\"},{\"@type\":\"BreadcrumbList\",\"@id\":\"https:\/\/www.etoro.com\/vi-vn\/about\/imprint\/#breadcrumb\",\"itemListElement\":[{\"@type\":\"ListItem\",\"position\":1,\"name\":\"Trang ch\u1ee7\",\"item\":\"https:\/\/www.etoro.com\/vi-vn\/\"},{\"@type\":\"ListItem\",\"position\":2,\"name\":\"About eToro\",\"item\":\"https:\/\/www.etoro.com\/vi-vn\/about\/\"},{\"@type\":\"ListItem\",\"position\":3,\"name\":\"\u0110\u00f3ng d\u1ea5u\"}]},{\"@type\":\"WebSite\",\"@id\":\"https:\/\/www.etoro.com\/vi-vn\/#website\",\"url\":\"https:\/\/www.etoro.com\/vi-vn\/\",\"name\":\"eToro\",\"description\":\"\",\"publisher\":{\"@id\":\"https:\/\/www.etoro.com\/vi-vn\/#organization\"},\"potentialAction\":[{\"@type\":\"SearchAction\",\"target\":{\"@type\":\"EntryPoint\",\"urlTemplate\":\"https:\/\/www.etoro.com\/vi-vn\/?s={search_term_string}\"},\"query-input\":{\"@type\":\"PropertyValueSpecification\",\"valueRequired\":true,\"valueName\":\"search_term_string\"}}],\"inLanguage\":\"vi\"},[]]}<\/script>","yoast_head_json":{"title":"\u0110\u00f3ng d\u1ea5u - eToro","robots":{"index":"noindex"},"og_locale":"vi_VN","og_type":"article","og_title":"\u0110\u00f3ng d\u1ea5u - eToro","og_description":"\u0110\u00f3ng d\u1ea5u Nh\u00e0 cung c\u1ea5p D\u1ecbch v\u1ee5 theo \u0111\u1ecbnh ngh\u0129a trong Kho\u1ea3n 5 c\u1ee7a Ch\u1ec9 th\u1ecb 2000\/31\/EC (Ch\u1ec9 th\u1ecb v\u1ec1 th\u01b0\u01a1ng m\u1ea1i \u0111i\u1ec7n t\u1eed): Cypriot Investment Firm (CIF) S\u1ed1 \u0111\u0103ng k\u00fd: HE200585 M\u00e3 s\u1ed1 thu\u1ebf GTGT: 10200585J \u0110\u1ea1i di\u1ec7n \u0111\u01b0\u1ee3c \u1ee7y quy\u1ec1n: Avi Sela Email:&nbsp;customerservice@etoro.com D\u1ecbch v\u1ee5 Kh\u00e1ch h\u00e0ng C\u01a1 quan Gi\u00e1m s\u00e1t: \u1ee6y ban&hellip;","og_url":"https:\/\/www.etoro.com\/vi-vn\/wp-json\/wp\/v2\/pages\/244576","og_site_name":"eToro","article_publisher":"https:\/\/www.facebook.com\/eToro\/","article_modified_time":"2024-06-19T15:16:52+00:00","og_image":[{"url":"https:\/\/www.etoro.com\/wp-content\/uploads\/2021\/06\/unnamed-1.jpg","type":"","width":"","height":""}],"twitter_card":"summary_large_image","twitter_site":"@eToro","twitter_misc":{"\u01af\u1edbc t\u00ednh th\u1eddi gian \u0111\u1ecdc":"1 ph\u00fat"},"schema":{"@context":"https:\/\/schema.org","@graph":[{"@type":"WebPage","@id":"https:\/\/www.etoro.com\/vi-vn\/about\/imprint\/","url":"https:\/\/www.etoro.com\/vi-vn\/about\/imprint\/","name":"\u0110\u00f3ng d\u1ea5u - eToro","isPartOf":{"@id":"https:\/\/www.etoro.com\/vi-vn\/#website"},"primaryImageOfPage":{"@id":"https:\/\/www.etoro.com\/vi-vn\/about\/imprint\/#primaryimage"},"image":{"@id":"https:\/\/www.etoro.com\/vi-vn\/about\/imprint\/#primaryimage"},"thumbnailUrl":"https:\/\/www.etoro.com\/wp-content\/uploads\/2021\/06\/unnamed-1.jpg","datePublished":"2021-06-17T07:17:11+00:00","dateModified":"2024-06-19T15:16:52+00:00","breadcrumb":{"@id":"https:\/\/www.etoro.com\/vi-vn\/about\/imprint\/#breadcrumb"},"inLanguage":"vi","potentialAction":[{"@type":"ReadAction","target":["https:\/\/www.etoro.com\/vi-vn\/about\/imprint\/"]}]},{"@type":"ImageObject","inLanguage":"vi","@id":"https:\/\/www.etoro.com\/vi-vn\/about\/imprint\/#primaryimage","url":"https:\/\/www.etoro.com\/wp-content\/uploads\/2021\/06\/unnamed-1.jpg","contentUrl":"https:\/\/www.etoro.com\/wp-content\/uploads\/2021\/06\/unnamed-1.jpg"},{"@type":"BreadcrumbList","@id":"https:\/\/www.etoro.com\/vi-vn\/about\/imprint\/#breadcrumb","itemListElement":[{"@type":"ListItem","position":1,"name":"Trang ch\u1ee7","item":"https:\/\/www.etoro.com\/vi-vn\/"},{"@type":"ListItem","position":2,"name":"About eToro","item":"https:\/\/www.etoro.com\/vi-vn\/about\/"},{"@type":"ListItem","position":3,"name":"\u0110\u00f3ng d\u1ea5u"}]},{"@type":"WebSite","@id":"https:\/\/www.etoro.com\/vi-vn\/#website","url":"https:\/\/www.etoro.com\/vi-vn\/","name":"eToro","description":"","publisher":{"@id":"https:\/\/www.etoro.com\/vi-vn\/#organization"},"potentialAction":[{"@type":"SearchAction","target":{"@type":"EntryPoint","urlTemplate":"https:\/\/www.etoro.com\/vi-vn\/?s={search_term_string}"},"query-input":{"@type":"PropertyValueSpecification","valueRequired":true,"valueName":"search_term_string"}}],"inLanguage":"vi"},[]]}},"_links":{"self":[{"href":"https:\/\/www.etoro.com\/vi-vn\/wp-json\/wp\/v2\/pages\/244576"}],"collection":[{"href":"https:\/\/www.etoro.com\/vi-vn\/wp-json\/wp\/v2\/pages"}],"about":[{"href":"https:\/\/www.etoro.com\/vi-vn\/wp-json\/wp\/v2\/types\/page"}],"author":[{"embeddable":true,"href":"https:\/\/www.etoro.com\/vi-vn\/wp-json\/wp\/v2\/users\/75"}],"replies":[{"embeddable":true,"href":"https:\/\/www.etoro.com\/vi-vn\/wp-json\/wp\/v2\/comments?post=244576"}],"version-history":[{"count":0,"href":"https:\/\/www.etoro.com\/vi-vn\/wp-json\/wp\/v2\/pages\/244576\/revisions"}],"up":[{"embeddable":true,"href":"https:\/\/www.etoro.com\/vi-vn\/wp-json\/wp\/v2\/pages\/35374"}],"wp:attachment":[{"href":"https:\/\/www.etoro.com\/vi-vn\/wp-json\/wp\/v2\/media?parent=244576"}],"wp:term":[{"taxonomy":"asset_type","embeddable":true,"href":"https:\/\/www.etoro.com\/vi-vn\/wp-json\/wp\/v2\/asset_type?post=244576"}],"curies":[{"name":"wp","href":"https:\/\/api.w.org\/{rel}","templated":true}]}}