{"id":320526,"date":"2022-01-25T10:03:47","date_gmt":"2022-01-25T08:03:47","guid":{"rendered":"https:\/\/www.etoro.com\/customer-service\/vulnerability-program\/"},"modified":"2024-06-12T21:42:08","modified_gmt":"2024-06-12T18:42:08","slug":"vulnerability-program","status":"publish","type":"page","link":"https:\/\/www.etoro.com\/vi-vn\/customer-service\/vulnerability-program\/","title":{"rendered":"Kh\u00e1ch h\u00e0ng d\u1ec5 b\u1ecb t\u1ed5n th\u01b0\u01a1ng"},"content":{"rendered":"\n<section class=\"wp-block-group wp-block-group-boxed has-white-background-color has-background\"><div class=\"wp-block-group-inner is-layout-flow wp-block-group-is-layout-flow\">\n<div class=\"wp-block-columns are-vertically-aligned-top wp-block-columns-1 is-layout-flex wp-container-core-columns-is-layout-1 wp-block-columns-is-layout-flex\">\n<div class=\"wp-block-column is-layout-flow wp-block-column-is-layout-flow\">\n<h2 class=\"wp-block-heading\">Kh\u00e1ch h\u00e0ng d\u1ec5 b\u1ecb t\u1ed5n th\u01b0\u01a1ng<\/h2>\n\n\n\n<dl class=\"wp-block-etoro-faq\">\n<div class=\"wp-block-etoro-faq-item\"><dt class=\"wp-block-etoro-faq-item-question\">Th\u1ebf n\u00e0o l\u00e0 kh\u00e1ch h\u00e0ng d\u1ec5 b\u1ecb t\u1ed5n th\u01b0\u01a1ng?<\/dt><dd class=\"wp-block-etoro-faq-item-answer\">\n<p>Kh\u00e1ch h\u00e0ng d\u1ec5 b\u1ecb t\u1ed5n th\u01b0\u01a1ng l\u00e0 ng\u01b0\u1eddi khi \u0111\u01b0a ra quy\u1ebft \u0111\u1ecbnh v\u00e0 tham gia v\u00e0o c\u00e1c d\u1ecbch v\u1ee5 t\u00e0i ch\u00ednh c\u00f3 th\u1ec3 ch\u1ecbu t\u00e1c \u0111\u1ed9ng ti\u00eau c\u1ef1c do ho\u00e0n c\u1ea3nh c\u00e1 nh\u00e2n c\u1ee7a h\u1ecd. Nh\u1eefng kh\u00e1ch h\u00e0ng d\u1ec5 b\u1ecb t\u1ed5n th\u01b0\u01a1ng s\u1ebd d\u1ec5 g\u1eb7p ph\u1ea3i nh\u1eefng k\u1ebft qu\u1ea3 b\u1ea5t l\u1ee3i, m\u00e0 trong tr\u01b0\u1eddng h\u1ee3p nh\u1eefng k\u1ebft qu\u1ea3 \u0111\u00f3 th\u1ef1c s\u1ef1 x\u1ea3y ra, nh\u1eefng b\u1ea5t l\u1ee3i n\u00e0y l\u1edbn h\u01a1n nhi\u1ec1u so v\u1edbi nh\u1eefng kh\u00e1ch h\u00e0ng (kh\u00f4ng d\u1ec5 b\u1ecb t\u1ed5n th\u01b0\u01a1ng) kh\u00e1c.<\/p>\n<\/dd><\/div>\n\n\n\n<div class=\"wp-block-etoro-faq-item\"><dt class=\"wp-block-etoro-faq-item-question\">Nh\u1eefng y\u1ebfu t\u1ed1 n\u00e0o c\u00f3 th\u1ec3 g\u00e2y ra t\u00ednh d\u1ec5 b\u1ecb t\u1ed5n th\u01b0\u01a1ng c\u1ee7a kh\u00e1ch h\u00e0ng?<\/dt><dd class=\"wp-block-etoro-faq-item-answer\">\n<p>C\u00f3 r\u1ea5t nhi\u1ec1u l\u00fd do t\u1ea1i sao m\u1ed9t ng\u01b0\u1eddi c\u00f3 th\u1ec3 c\u1ea3m th\u1ea5y d\u1ec5 b\u1ecb t\u1ed5n th\u01b0\u01a1ng trong su\u1ed1t cu\u1ed9c \u0111\u1eddi c\u1ee7a h\u1ecd.&nbsp; M\u1ed9t s\u1ed1 \u0111\u1eb7c \u0111i\u1ec3m c\u00f3 th\u1ec3 g\u00e2y ra t\u00ednh d\u1ec5 b\u1ecb t\u1ed5n th\u01b0\u01a1ng c\u1ee7a kh\u00e1ch h\u00e0ng l\u00e0:<\/p>\n\n\n\n<p>S\u1ee9c kh\u1ecfe \u2013 khi\u1ebfm khuy\u1ebft v\u1ec1 th\u1ec3 ch\u1ea5t ho\u1eb7c tinh th\u1ea7n ho\u1eb7c b\u1ec7nh t\u1eadt \u1ea3nh h\u01b0\u1edfng \u0111\u1ebfn kh\u1ea3 n\u0103ng th\u1ef1c hi\u1ec7n c\u00e1c c\u00f4ng vi\u1ec7c h\u00e0ng ng\u00e0y;<\/p>\n\n\n\n<p>S\u1ef1 ki\u1ec7n trong \u0111\u1eddi \u2013 nh\u1eefng s\u1ef1 ki\u1ec7n l\u1edbn trong \u0111\u1eddi nh\u01b0 m\u1ea5t ng\u01b0\u1eddi th\u00e2n, m\u1ea5t vi\u1ec7c ho\u1eb7c \u0111\u1ed5 v\u1ee1 m\u1ed1i quan h\u1ec7;<\/p>\n\n\n\n<p>Kh\u1ea3 n\u0103ng ph\u1ee5c h\u1ed3i \u2013 thi\u1ebfu kh\u1ea3 n\u0103ng ch\u1ecbu \u0111\u1ef1ng nh\u1eefng c\u00fa s\u1ed1c v\u1ec1 t\u00e0i ch\u00ednh ho\u1eb7c t\u00ecnh c\u1ea3m; v\u00e0<\/p>\n\n\n\n<p>N\u0103ng l\u1ef1c \u2013 thi\u1ebfu ki\u1ebfn th\u1ee9c v\u1ec1 c\u00e1c v\u1ea5n \u0111\u1ec1 t\u00e0i ch\u00ednh ho\u1eb7c thi\u1ebfu t\u1ef1 tin trong vi\u1ec7c qu\u1ea3n l\u00fd ti\u1ec1n b\u1ea1c (kh\u1ea3 n\u0103ng t\u00e0i ch\u00ednh) v\u00e0 thi\u1ebfu n\u0103ng l\u1ef1c trong c\u00e1c l\u0129nh v\u1ef1c li\u00ean quan kh\u00e1c nh\u01b0 kh\u1ea3 n\u0103ng \u0111\u1ecdc vi\u1ebft ho\u1eb7c k\u1ef9 n\u0103ng s\u1ed1.<\/p>\n<\/dd><\/div>\n\n\n\n<div class=\"wp-block-etoro-faq-item\"><dt class=\"wp-block-etoro-faq-item-question\">T\u00ednh d\u1ec5 b\u1ecb t\u1ed5n th\u01b0\u01a1ng c\u00f3 th\u1ec3 \u1ea3nh h\u01b0\u1edfng \u0111\u1ebfn kh\u00e1ch h\u00e0ng nh\u01b0 th\u1ebf n\u00e0o?<\/dt><dd class=\"wp-block-etoro-faq-item-answer\">\n<p>C\u00e1c \u0111\u1eb7c \u0111i\u1ec3m v\u1ec1 t\u00ednh d\u1ec5 b\u1ecb t\u1ed5n th\u01b0\u01a1ng c\u00f3 th\u1ec3 ti\u1ec1m \u1ea9n m\u1ed9t s\u1ed1 t\u00e1c \u0111\u1ed9ng b\u1ea5t l\u1ee3i \u0111\u1ed1i v\u1edbi kh\u00e1ch h\u00e0ng c\u1ee7a eToro.&nbsp; Sau \u0111\u00e2y l\u00e0 m\u1ed9t s\u1ed1 v\u00ed d\u1ee5:<\/p>\n\n\n\n<ol class=\"wp-block-list\">\n<li>Thi\u1ebfu kh\u1ea3 n\u0103ng v\u00e0 kinh nghi\u1ec7m v\u1ec1 c\u00f4ng ngh\u1ec7 do tu\u1ed5i cao, d\u1eabn \u0111\u1ebfn gi\u1ea3m kh\u1ea3 n\u0103ng s\u1eed d\u1ee5ng n\u1ec1n t\u1ea3ng \u0111\u1ea7u t\u01b0 c\u1ee7a eToro;<\/li>\n\n\n\n<li>Thi\u1ebfu n\u0103ng l\u1ef1c tr\u00ed \u00f3c d\u1eabn \u0111\u1ebfn c\u00e1c quy\u1ebft \u0111\u1ecbnh giao d\u1ecbch sai l\u1ea7m, \u0111\u1eb7c bi\u1ec7t l\u00e0 li\u00ean quan \u0111\u1ebfn c\u00e1c s\u1ea3n ph\u1ea9m c\u00f3 m\u1ee9c \u0111\u1ed9 r\u1ee7i ro cao;<\/li>\n\n\n\n<li>M\u1ed9t s\u1ed1 \u0111\u1eb7c \u0111i\u1ec3m ho\u1eb7c s\u1ef1 ki\u1ec7n nh\u1ea5t \u0111\u1ecbnh c\u00f3 th\u1ec3 d\u1eabn \u0111\u1ebfn c\u00e1c quy\u1ebft \u0111\u1ecbnh \u0111\u1ea7u t\u01b0 li\u1ec1u l\u0129nh ho\u1eb7c d\u1ef1a tr\u00ean c\u1ea3m x\u00fac, ch\u1eb3ng h\u1ea1n nh\u01b0:<\/li>\n<\/ol>\n\n\n\n<ul class=\"wp-block-list wp-block-list-circle\">\n<li>Ch\u1ea9n \u0111o\u00e1n \u0111\u1ed9t ng\u1ed9t v\u1ec1 b\u1ec7nh nghi\u00eam tr\u1ecdng \u0111\u1ed1i v\u1edbi kh\u00e1ch h\u00e0ng ho\u1eb7c ng\u01b0\u1eddi th\u00e2n trong gia \u0111\u00ecnh kh\u00e1ch h\u00e0ng;<\/li>\n\n\n\n<li>Kh\u00f3 kh\u0103n t\u00e0i ch\u00ednh;<\/li>\n\n\n\n<li>T\u00ecnh tr\u1ea1ng s\u1ee9c kh\u1ecfe li\u00ean quan \u0111\u1ebfn ch\u1ee9ng nghi\u1ec7n, ch\u1eb3ng h\u1ea1n nh\u01b0 nghi\u1ec7n c\u1edd b\u1ea1c ho\u1eb7c c\u00e1c h\u00e0nh vi c\u01b0\u1ee1ng ch\u1ebf; ho\u1eb7c<\/li>\n\n\n\n<li>C\u00e1c r\u1ed1i lo\u1ea1n s\u1ee9c kh\u1ecfe t\u00e2m th\u1ea7n bao g\u1ed3m tr\u1ea7m c\u1ea3m, lo l\u1eafng cao \u0111\u1ed9 v\u00e0 \u00fd ngh\u0129 t\u1ef1 t\u1eed.<\/li>\n<\/ul>\n<\/dd><\/div>\n\n\n\n<div class=\"wp-block-etoro-faq-item\"><dt class=\"wp-block-etoro-faq-item-question\">eToro h\u1ed7 tr\u1ee3 nh\u1eefng kh\u00e1ch h\u00e0ng d\u1ec5 b\u1ecb t\u1ed5n th\u01b0\u01a1ng b\u1eb1ng c\u00e1ch n\u00e0o?<\/dt><dd class=\"wp-block-etoro-faq-item-answer\">\n<p>N\u1ebfu b\u1ea1n cho r\u1eb1ng m\u00ecnh c\u00f3 th\u1ec3 b\u1ecb \u1ea3nh h\u01b0\u1edfng b\u1edfi b\u1ea5t k\u1ef3 \u0111\u1eb7c \u0111i\u1ec3m n\u00e0o c\u1ee7a t\u00ednh d\u1ec5 b\u1ecb t\u1ed5n th\u01b0\u01a1ng, b\u1ea1n c\u1ea7n th\u00f4ng b\u00e1o cho ch\u00fang t\u00f4i c\u00e0ng s\u1edbm c\u00e0ng t\u1ed1t.\u00a0 T\u00ednh d\u1ec5 b\u1ecb t\u1ed5n th\u01b0\u01a1ng th\u01b0\u1eddng kh\u00f4ng d\u1ec5 nh\u1eadn th\u1ea5y v\u00e0 ch\u00fang t\u00f4i d\u1ef1a v\u00e0o s\u1ef1 c\u1edfi m\u1edf c\u1ee7a kh\u00e1ch h\u00e0ng v\u00e0 vi\u1ec7c kh\u00e1ch h\u00e0ng cho ch\u00fang t\u00f4i bi\u1ebft c\u00e1c t\u00ecnh hu\u1ed1ng nh\u01b0 v\u1eady.\u00a0 N\u1ebfu b\u1ea1n mu\u1ed1n th\u00f4ng b\u00e1o cho ch\u00fang t\u00f4i v\u1ec1 t\u00ecnh h\u00ecnh c\u1ee7a b\u1ea1n ho\u1eb7c n\u1ebfu b\u1ea1n cho r\u1eb1ng b\u1ea1n l\u00e0 m\u1ed9t kh\u00e1ch h\u00e0ng d\u1ec5 b\u1ecb t\u1ed5n th\u01b0\u01a1ng, vui l\u00f2ng cho ch\u00fang t\u00f4i bi\u1ebft b\u1eb1ng c\u00e1ch m\u1edf m\u1ed9t phi\u1ebfu y\u00eau c\u1ea7u th\u00f4ng qua<a href=\"https:\/\/www.etoro.com\/vi-vn\/customer-service\/\">\u00a0Trung t\u00e2m d\u1ecbch v\u1ee5 kh\u00e1ch h\u00e0ng<\/a>. Khi b\u1ea1n \u0111\u00e3 m\u1edf y\u00eau c\u1ea7u D\u1ecbch v\u1ee5 kh\u00e1ch h\u00e0ng, vui l\u00f2ng \u0111\u1ee3i cho \u0111\u1ebfn khi y\u00eau c\u1ea7u \u0111\u01b0\u1ee3c gi\u1ea3i quy\u1ebft v\u00e0 kh\u00f4ng m\u1edf nhi\u1ec1u phi\u1ebfu cho c\u00f9ng m\u1ed9t v\u1ea5n \u0111\u1ec1. Vi\u1ec7c m\u1edf nhi\u1ec1u phi\u1ebfu cho c\u00f9ng m\u1ed9t y\u00eau c\u1ea7u s\u1ebd tr\u00ec ho\u00e3n th\u1eddi gian ph\u1ea3n h\u1ed3i t\u1eeb \u0111\u1ed9i ng\u0169 ch\u00fang t\u00f4i.<\/p>\n<\/dd><\/div>\n\n\n\n<div class=\"wp-block-etoro-faq-item\"><dt class=\"wp-block-etoro-faq-item-question\">C\u00e1c b\u01b0\u1edbc ch\u00fang t\u00f4i c\u00f3 th\u1ec3 th\u1ef1c hi\u1ec7n \u0111\u1ec3 \u0111\u1ed1i ph\u00f3 v\u1edbi t\u00ecnh tr\u1ea1ng d\u1ec5 b\u1ecb t\u1ed5n th\u01b0\u01a1ng c\u1ee7a kh\u00e1ch h\u00e0ng<\/dt><dd class=\"wp-block-etoro-faq-item-answer\">\n<p>eToro c\u00f3 c\u00e1c ch\u00ednh s\u00e1ch v\u00e0 quy tr\u00ecnh \u0111\u01b0\u1ee3c&nbsp; r\u00f5 r\u00e0ng \u0111\u1ec3 gi\u1ea3i quy\u1ebft t\u00ecnh tr\u1ea1ng d\u1ec5 b\u1ecb t\u1ed5n th\u01b0\u01a1ng c\u1ee7a kh\u00e1ch h\u00e0ng.&nbsp; C\u00e1c tr\u01b0\u1eddng h\u1ee3p d\u1ec5 b\u1ecb t\u1ed5n th\u01b0\u01a1ng kh\u00f4ng gi\u1ed1ng nhau v\u00e0 eToro ch\u1ecdn c\u00e1ch ti\u1ebfp c\u1eadn ph\u00f9 h\u1ee3p cho \u0111\u1eb7c \u0111i\u1ec3m ri\u00eang c\u1ee7a t\u1eebng tr\u01b0\u1eddng h\u1ee3p d\u1ec5 b\u1ecb t\u1ed5n th\u01b0\u01a1ng.&nbsp; N\u00f3i chung, eToro ho\u1ea1t \u0111\u1ed9ng tu\u00e2n theo c\u00e1c nguy\u00ean t\u1eafc sau:<\/p>\n\n\n\n<ol class=\"wp-block-list\">\n<li>eToro ho\u1ea1t \u0111\u1ed9ng tr\u00ean nguy\u00ean t\u1eafc chung l\u00e0 s\u1ebd th\u1ef1c hi\u1ec7n c\u00e1c b\u01b0\u1edbc th\u00edch h\u1ee3p \u0111\u1ec3 \u0111\u00e1nh gi\u00e1 ho\u00e0n c\u1ea3nh c\u1ee7a c\u00e1c c\u00e1 nh\u00e2n \u0111\u1eb7c bi\u1ec7t d\u1ec5 b\u1ecb t\u1ed5n th\u01b0\u01a1ng ho\u1eb7c d\u1ec5 b\u1ecb t\u1ed5n h\u1ea1i v\u00e0 do \u0111\u00f3 c\u1ea7n \u0111i\u1ec1u ch\u1ec9nh c\u00e1ch th\u1ee9c m\u00e0 C\u00f4ng ty giao ti\u1ebfp v\u00e0 h\u1ed7 tr\u1ee3 h\u1ecd.<\/li>\n\n\n\n<li>eToro nh\u1eadn ra r\u1eb1ng t\u00ednh d\u1ec5 b\u1ecb t\u1ed5n th\u01b0\u01a1ng l\u00e0 m\u1ed9t tr\u1ea1ng th\u00e1i, kh\u00f4ng ph\u1ea3i l\u00e0 m\u1ed9t \u0111\u1eb7c \u0111i\u1ec3m, c\u00f3 thang \u0111o m\u1ee9c \u0111\u1ed9 m\u1ee9c \u0111\u1ed9 t\u1ed5n th\u01b0\u01a1ng v\u00e0 m\u1ed7i ng\u01b0\u1eddi m\u1ed7i kh\u00e1c, m\u1ed9t s\u1ed1 kh\u00e1ch h\u00e0ng s\u1ebd tr\u1edf n\u00ean d\u1ec5 b\u1ecb t\u1ed5n th\u01b0\u01a1ng trong nh\u1eefng tr\u01b0\u1eddng h\u1ee3p m\u00e0 nh\u1eefng ng\u01b0\u1eddi kh\u00e1c c\u00f3 th\u1ec3 kh\u00f4ng b\u1ecb t\u1ed5n th\u01b0\u01a1ng.<\/li>\n\n\n\n<li>eToro tin r\u1eb1ng ph\u00fac l\u1ee3i c\u1ee7a nh\u1eefng ng\u01b0\u1eddi d\u1ec5 b\u1ecb t\u1ed5n th\u01b0\u01a1ng n\u00e0o l\u00e0 t\u1ed1i quan tr\u1ecdng; nh\u1eefng ng\u01b0\u1eddi d\u1ec5 b\u1ecb t\u1ed5n th\u01b0\u01a1ng, kh\u00f4ng c\u00f3 ngo\u1ea1i l\u1ec7, c\u00f3 quy\u1ec1n \u0111\u01b0\u1ee3c b\u1ea3o v\u1ec7 kh\u1ecfi b\u1ecb l\u1ea1m d\u1ee5ng b\u1ea5t k\u1ec3 gi\u1edbi t\u00ednh, s\u1eafc t\u1ed9c, khuy\u1ebft t\u1eadt, gi\u1edbi t\u00ednh ho\u1eb7c t\u00edn ng\u01b0\u1ee1ng t\u00f4n gi\u00e1o.<\/li>\n\n\n\n<li>eToro ho\u1ea1t \u0111\u1ed9ng tr\u00ean c\u01a1 s\u1edf m\u1ed7i c\u00e1 nh\u00e2n l\u00e0 m\u1ed9t ch\u1ee7 th\u1ec3 kh\u00e1c nhau v\u00e0 c\u00f3 nh\u1eefng tr\u01b0\u1eddng h\u1ee3p kh\u00e1c nhau. \u0110i\u1ec1u n\u00e0y ngh\u0129a l\u00e0, trong ch\u1eebng m\u1ef1c c\u00f3 th\u1ec3, C\u00f4ng ty s\u1ebd \u0111\u1ed1i x\u1eed v\u1edbi c\u00e1c c\u00e1 nh\u00e2n theo c\u00e1ch ph\u00f9 h\u1ee3p v\u1edbi nhu c\u1ea7u c\u1ee7a h\u1ecd, v\u00e0 s\u1ebd \u0111i\u1ec1u ch\u1ec9nh c\u00e1ch ti\u1ebfp c\u1eadn c\u1ee7a m\u00ecnh n\u1ebfu c\u00f3 th\u1ec3.<\/li>\n<\/ol>\n\n\n\n<p>Khi ph\u1ea3n h\u1ed3i v\u1ec1 tr\u01b0\u1eddng h\u1ee3p d\u1ec5 b\u1ecb t\u1ed5n th\u01b0\u01a1ng, eToro s\u1ebd xem x\u00e9t c\u00e1c kh\u00eda c\u1ea1nh trong t\u00ecnh hu\u1ed1ng c\u1ee7a kh\u00e1ch h\u00e0ng v\u00e0 c\u00f3 th\u1ec3 th\u1ef1c hi\u1ec7n c\u00e1c b\u01b0\u1edbc \u0111\u1ec3 theo d\u00f5i v\u00e0 h\u1ed7 tr\u1ee3 ng\u01b0\u1eddi d\u00f9ng, sau c\u00f9ng l\u00e0 \u0111\u00e1nh gi\u00e1 m\u1ee9c \u0111\u1ed9 t\u1ed5n h\u1ea1i m\u00e0 t\u00ecnh hu\u1ed1ng \u0111\u00f3 g\u00e2y ra cho tr\u1ea3i nghi\u1ec7m eToro trong t\u01b0\u01a1ng lai c\u1ee7a h\u1ecd.<\/p>\n\n\n\n<p>Cu\u1ed1i c\u00f9ng, n\u1ebfu ch\u00fang t\u00f4i kh\u00f4ng th\u1ec3 \u0111\u1ea3m b\u1ea3o \u0111\u1ed1i x\u1eed c\u00f4ng b\u1eb1ng v\u1edbi nh\u1eefng kh\u00e1ch h\u00e0ng \u0111\u01b0\u1ee3c coi l\u00e0 d\u1ec5 b\u1ecb t\u1ed5n th\u01b0\u01a1ng, ch\u00fang t\u00f4i c\u00f3 th\u1ec3 kh\u00f4ng tham gia v\u00e0o m\u1ed1i quan h\u1ec7 v\u1edbi b\u1ea1n. Ngo\u00e0i ra, khi tr\u01b0\u1eddng h\u1ee3p d\u1ec5 b\u1ecb t\u1ed5n th\u01b0\u01a1ng c\u1ee7a kh\u00e1ch h\u00e0ng kh\u00f4ng r\u00f5 r\u00e0ng\/d\u1ec5 th\u1ea5y ngay l\u1eadp t\u1ee9c, th\u00f4ng tin \u0111\u01b0\u1ee3c kh\u00e1ch h\u00e0ng ti\u1ebft l\u1ed9 sau \u0111\u00f3 c\u00f3 th\u1ec3 d\u1eabn \u0111\u1ebfn vi\u1ec7c ch\u1ea5m d\u1ee9t m\u1ed1i quan h\u1ec7. \u0110i\u1ec1u quan tr\u1ecdng c\u1ea7n nh\u1ea5n m\u1ea1nh l\u00e0 m\u1ed9t s\u1ed1 tr\u01b0\u1eddng h\u1ee3p d\u1ec5 b\u1ecb t\u1ed5n th\u01b0\u01a1ng d\u1ec5 th\u1ea5y h\u01a1n so v\u1edbi nh\u1eefng tr\u01b0\u1eddng h\u1ee3p kh\u00e1c (ch\u1eb3ng h\u1ea1n nh\u01b0 \u0111\u1ed9 tu\u1ed5i) v\u00e0 ch\u00fang t\u00f4i kh\u00f4ng c\u1ea7n ph\u1ea3i ch\u1ee7 \u0111\u1ed9ng t\u00ecm ki\u1ebfm v\u00e0 xem x\u00e9t c\u00e1c tr\u01b0\u1eddng h\u1ee3p d\u1ec5 b\u1ecb t\u1ed5n th\u01b0\u01a1ng kh\u00f3 th\u1ea5y h\u01a1n.<\/p>\n<\/dd><\/div>\n\n\n\n<div class=\"wp-block-etoro-faq-item\"><dt class=\"wp-block-etoro-faq-item-question\">T\u00f4i c\u00f3 th\u1ec3 t\u00ecm ki\u1ebfm s\u1ef1 tr\u1ee3 gi\u00fap t\u1eeb c\u00e1c ngu\u1ed3n kh\u00e1c \u1edf \u0111\u00e2u?<\/dt><dd class=\"wp-block-etoro-faq-item-answer\">\n<p>Kh\u00e1ch h\u00e0ng d\u1ec5 b\u1ecb t\u1ed5n th\u01b0\u01a1ng c\u00f3 th\u1ec3 t\u00ecm ki\u1ebfm s\u1ef1 h\u1ed7 tr\u1ee3 b\u00ean ngo\u00e0i t\u1eeb c\u00e1c t\u1ed5 ch\u1ee9c sau:<\/p>\n\n\n\n<ul class=\"wp-block-list wp-block-list-circle\">\n<li>Nh\u1eefng kh\u00e1ch h\u00e0ng d\u1ec5 b\u1ecb t\u1ed5n th\u01b0\u01a1ng c\u00f3 \u00fd \u0111\u1ecbnh t\u1ef1 t\u1eed ho\u1eb7c \u0111ang trong t\u00ecnh tr\u1ea1ng tr\u1ea7m c\u1ea3m ho\u1eb7c lo l\u1eafng cao \u0111\u1ed9 n\u00ean li\u00ean h\u1ec7 v\u1edbi<a href=\"https:\/\/www.samaritans.org\/\" rel=\"noreferrer noopener\" target=\"_blank\">&nbsp;Samaritans<\/a><\/li>\n\n\n\n<li><a href=\"https:\/\/www.moneyhelper.org.uk\/en?source=mas\" rel=\"noreferrer noopener\" target=\"_blank\">MoneyHelper<\/a>&nbsp;(tr\u01b0\u1edbc \u0111\u00e2y g\u1ecdi l\u00e0 Money Advice Service);<\/li>\n\n\n\n<li><a href=\"https:\/\/www.citizensadvice.org.uk\/\" rel=\"noreferrer noopener\" target=\"_blank\">Citizens Advice Service<\/a><\/li>\n\n\n\n<li><a href=\"https:\/\/www.mentalhealth.org.uk\/\" rel=\"noreferrer noopener\" target=\"_blank\">Mental Health Foundation<\/a><\/li>\n\n\n\n<li><a href=\"https:\/\/www.mind.org.uk\/\" rel=\"noreferrer noopener\" target=\"_blank\">MIND<\/a><\/li>\n\n\n\n<li><a href=\"https:\/\/nationaldebtline.org\/\" rel=\"noreferrer noopener\" target=\"_blank\">National Debt Helpline<\/a><\/li>\n\n\n\n<li><a href=\"https:\/\/www.stepchange.org\/\" rel=\"noreferrer noopener\" target=\"_blank\">Step Change<\/a><\/li>\n\n\n\n<li><a href=\"https:\/\/www.alzheimers.org.uk\/\" rel=\"noreferrer noopener\" target=\"_blank\">Alzheimer\u2019s Society<\/a><\/li>\n\n\n\n<li><a href=\"https:\/\/www.rnib.org.uk\/\" target=\"_blank\" rel=\"noreferrer noopener\">Vi\u1ec7n Ho\u00e0ng gia cho Ng\u01b0\u1eddi khi\u1ebfm th\u1ecb Anh (The Royal National Institute of Blind People, RNIB)<\/a><\/li>\n\n\n\n<li><a href=\"https:\/\/rnid.org.uk\/\" rel=\"noreferrer noopener\" target=\"_blank\">Vi\u1ec7n Ho\u00e0ng gia cho Ng\u01b0\u1eddi khi\u1ebfm th\u00ednh Anh (Action on Hearing Loss, RNID)<\/a><\/li>\n<\/ul>\n<\/dd><\/div>\n<\/dl>\n<\/div>\n<\/div>\n<\/div><\/section>\n","protected":false},"excerpt":{"rendered":"<p>Kh\u00e1ch h\u00e0ng d\u1ec5 b\u1ecb t\u1ed5n th\u01b0\u01a1ng<\/p>\n","protected":false},"author":75,"featured_media":0,"parent":35972,"menu_order":0,"comment_status":"closed","ping_status":"closed","template":"","meta":{"_acf_changed":false,"inline_featured_image":false,"sticky_cta_settings":"","footnotes":""},"asset_type":[],"class_list":["post-320526","page","type-page","status-publish","hentry"],"acf":[],"yoast_head":"<title>C\u00e2u h\u1ecfi th\u01b0\u1eddng g\u1eb7p v\u1ec1 t\u00ednh d\u1ec5 b\u1ecb t\u1ed5n th\u01b0\u01a1ng c\u1ee7a kh\u00e1ch h\u00e0ng | eToro<\/title>\n<meta name=\"description\" content=\"T\u00ecm hi\u1ec3u v\u1ec1 t\u00ednh d\u1ec5 b\u1ecb t\u1ed5n th\u01b0\u01a1ng c\u1ee7a kh\u00e1ch h\u00e0ng, c\u00e1c ch\u00ednh s\u00e1ch h\u1ed7 tr\u1ee3 kh\u00e1ch h\u00e0ng d\u1ec5 b\u1ecb t\u1ed5n th\u01b0\u01a1ng c\u1ee7a eToro v\u00e0 nh\u1eefng ngu\u1ed3n l\u1ef1c b\u00ean ngo\u00e0i kh\u00e1c \u0111\u1ec3 t\u00ecm ki\u1ebfm tr\u1ee3 gi\u00fap\" \/>\n<meta name=\"robots\" content=\"noindex\" \/>\n<meta property=\"og:locale\" content=\"vi_VN\" \/>\n<meta property=\"og:type\" content=\"article\" \/>\n<meta property=\"og:title\" content=\"C\u00e2u h\u1ecfi th\u01b0\u1eddng g\u1eb7p v\u1ec1 t\u00ednh d\u1ec5 b\u1ecb t\u1ed5n th\u01b0\u01a1ng c\u1ee7a kh\u00e1ch h\u00e0ng | eToro\" \/>\n<meta property=\"og:description\" content=\"T\u00ecm hi\u1ec3u v\u1ec1 t\u00ednh d\u1ec5 b\u1ecb t\u1ed5n th\u01b0\u01a1ng c\u1ee7a kh\u00e1ch h\u00e0ng, c\u00e1c ch\u00ednh s\u00e1ch h\u1ed7 tr\u1ee3 kh\u00e1ch h\u00e0ng d\u1ec5 b\u1ecb t\u1ed5n th\u01b0\u01a1ng c\u1ee7a eToro v\u00e0 nh\u1eefng ngu\u1ed3n l\u1ef1c b\u00ean ngo\u00e0i kh\u00e1c \u0111\u1ec3 t\u00ecm ki\u1ebfm tr\u1ee3 gi\u00fap\" \/>\n<meta property=\"og:url\" content=\"https:\/\/www.etoro.com\/vi-vn\/wp-json\/wp\/v2\/pages\/320526\" \/>\n<meta property=\"og:site_name\" content=\"eToro\" \/>\n<meta property=\"article:publisher\" content=\"https:\/\/www.facebook.com\/eToro\/\" \/>\n<meta property=\"article:modified_time\" content=\"2024-06-12T18:42:08+00:00\" \/>\n<meta property=\"og:image\" content=\"https:\/\/www.etoro.com\/wp-content\/uploads\/2019\/12\/etoro_logo_social_share1.png\" \/>\n\t<meta property=\"og:image:width\" content=\"240\" \/>\n\t<meta property=\"og:image:height\" content=\"240\" \/>\n\t<meta property=\"og:image:type\" content=\"image\/png\" \/>\n<meta name=\"twitter:card\" content=\"summary_large_image\" \/>\n<meta name=\"twitter:site\" content=\"@eToro\" \/>\n<meta name=\"twitter:label1\" content=\"\u01af\u1edbc t\u00ednh th\u1eddi gian \u0111\u1ecdc\" \/>\n\t<meta name=\"twitter:data1\" content=\"1 ph\u00fat\" \/>\n<script type=\"application\/ld+json\" class=\"yoast-schema-graph\">{\"@context\":\"https:\/\/schema.org\",\"@graph\":[{\"@type\":\"WebPage\",\"@id\":\"https:\/\/www.etoro.com\/vi-vn\/customer-service\/vulnerability-program\/\",\"url\":\"https:\/\/www.etoro.com\/vi-vn\/customer-service\/vulnerability-program\/\",\"name\":\"C\u00e2u h\u1ecfi th\u01b0\u1eddng g\u1eb7p v\u1ec1 t\u00ednh d\u1ec5 b\u1ecb t\u1ed5n th\u01b0\u01a1ng c\u1ee7a kh\u00e1ch h\u00e0ng | eToro\",\"isPartOf\":{\"@id\":\"https:\/\/www.etoro.com\/vi-vn\/#website\"},\"datePublished\":\"2022-01-25T08:03:47+00:00\",\"dateModified\":\"2024-06-12T18:42:08+00:00\",\"description\":\"T\u00ecm hi\u1ec3u v\u1ec1 t\u00ednh d\u1ec5 b\u1ecb t\u1ed5n th\u01b0\u01a1ng c\u1ee7a kh\u00e1ch h\u00e0ng, c\u00e1c ch\u00ednh s\u00e1ch h\u1ed7 tr\u1ee3 kh\u00e1ch h\u00e0ng d\u1ec5 b\u1ecb t\u1ed5n th\u01b0\u01a1ng c\u1ee7a eToro v\u00e0 nh\u1eefng ngu\u1ed3n l\u1ef1c b\u00ean ngo\u00e0i kh\u00e1c \u0111\u1ec3 t\u00ecm ki\u1ebfm tr\u1ee3 gi\u00fap\",\"breadcrumb\":{\"@id\":\"https:\/\/www.etoro.com\/vi-vn\/customer-service\/vulnerability-program\/#breadcrumb\"},\"inLanguage\":\"vi\",\"potentialAction\":[{\"@type\":\"ReadAction\",\"target\":[\"https:\/\/www.etoro.com\/vi-vn\/customer-service\/vulnerability-program\/\"]}]},{\"@type\":\"BreadcrumbList\",\"@id\":\"https:\/\/www.etoro.com\/vi-vn\/customer-service\/vulnerability-program\/#breadcrumb\",\"itemListElement\":[{\"@type\":\"ListItem\",\"position\":1,\"name\":\"Trang ch\u1ee7\",\"item\":\"https:\/\/www.etoro.com\/vi-vn\/\"},{\"@type\":\"ListItem\",\"position\":2,\"name\":\"D\u1ecbch v\u1ee5 Kh\u00e1ch h\u00e0ng\",\"item\":\"https:\/\/www.etoro.com\/vi-vn\/customer-service\/\"},{\"@type\":\"ListItem\",\"position\":3,\"name\":\"Kh\u00e1ch h\u00e0ng d\u1ec5 b\u1ecb t\u1ed5n th\u01b0\u01a1ng\"}]},{\"@type\":\"WebSite\",\"@id\":\"https:\/\/www.etoro.com\/vi-vn\/#website\",\"url\":\"https:\/\/www.etoro.com\/vi-vn\/\",\"name\":\"eToro\",\"description\":\"\",\"publisher\":{\"@id\":\"https:\/\/www.etoro.com\/vi-vn\/#organization\"},\"potentialAction\":[{\"@type\":\"SearchAction\",\"target\":{\"@type\":\"EntryPoint\",\"urlTemplate\":\"https:\/\/www.etoro.com\/vi-vn\/?s={search_term_string}\"},\"query-input\":{\"@type\":\"PropertyValueSpecification\",\"valueRequired\":true,\"valueName\":\"search_term_string\"}}],\"inLanguage\":\"vi\"},[]]}<\/script>","yoast_head_json":{"title":"C\u00e2u h\u1ecfi th\u01b0\u1eddng g\u1eb7p v\u1ec1 t\u00ednh d\u1ec5 b\u1ecb t\u1ed5n th\u01b0\u01a1ng c\u1ee7a kh\u00e1ch h\u00e0ng | eToro","description":"T\u00ecm hi\u1ec3u v\u1ec1 t\u00ednh d\u1ec5 b\u1ecb t\u1ed5n th\u01b0\u01a1ng c\u1ee7a kh\u00e1ch h\u00e0ng, c\u00e1c ch\u00ednh s\u00e1ch h\u1ed7 tr\u1ee3 kh\u00e1ch h\u00e0ng d\u1ec5 b\u1ecb t\u1ed5n th\u01b0\u01a1ng c\u1ee7a eToro v\u00e0 nh\u1eefng ngu\u1ed3n l\u1ef1c b\u00ean ngo\u00e0i kh\u00e1c \u0111\u1ec3 t\u00ecm ki\u1ebfm tr\u1ee3 gi\u00fap","robots":{"index":"noindex"},"og_locale":"vi_VN","og_type":"article","og_title":"C\u00e2u h\u1ecfi th\u01b0\u1eddng g\u1eb7p v\u1ec1 t\u00ednh d\u1ec5 b\u1ecb t\u1ed5n th\u01b0\u01a1ng c\u1ee7a kh\u00e1ch h\u00e0ng | eToro","og_description":"T\u00ecm hi\u1ec3u v\u1ec1 t\u00ednh d\u1ec5 b\u1ecb t\u1ed5n th\u01b0\u01a1ng c\u1ee7a kh\u00e1ch h\u00e0ng, c\u00e1c ch\u00ednh s\u00e1ch h\u1ed7 tr\u1ee3 kh\u00e1ch h\u00e0ng d\u1ec5 b\u1ecb t\u1ed5n th\u01b0\u01a1ng c\u1ee7a eToro v\u00e0 nh\u1eefng ngu\u1ed3n l\u1ef1c b\u00ean ngo\u00e0i kh\u00e1c \u0111\u1ec3 t\u00ecm ki\u1ebfm tr\u1ee3 gi\u00fap","og_url":"https:\/\/www.etoro.com\/vi-vn\/wp-json\/wp\/v2\/pages\/320526","og_site_name":"eToro","article_publisher":"https:\/\/www.facebook.com\/eToro\/","article_modified_time":"2024-06-12T18:42:08+00:00","og_image":[{"width":240,"height":240,"url":"https:\/\/www.etoro.com\/wp-content\/uploads\/2019\/12\/etoro_logo_social_share1.png","type":"image\/png"}],"twitter_card":"summary_large_image","twitter_site":"@eToro","twitter_misc":{"\u01af\u1edbc t\u00ednh th\u1eddi gian \u0111\u1ecdc":"1 ph\u00fat"},"schema":{"@context":"https:\/\/schema.org","@graph":[{"@type":"WebPage","@id":"https:\/\/www.etoro.com\/vi-vn\/customer-service\/vulnerability-program\/","url":"https:\/\/www.etoro.com\/vi-vn\/customer-service\/vulnerability-program\/","name":"C\u00e2u h\u1ecfi th\u01b0\u1eddng g\u1eb7p v\u1ec1 t\u00ednh d\u1ec5 b\u1ecb t\u1ed5n th\u01b0\u01a1ng c\u1ee7a kh\u00e1ch h\u00e0ng | eToro","isPartOf":{"@id":"https:\/\/www.etoro.com\/vi-vn\/#website"},"datePublished":"2022-01-25T08:03:47+00:00","dateModified":"2024-06-12T18:42:08+00:00","description":"T\u00ecm hi\u1ec3u v\u1ec1 t\u00ednh d\u1ec5 b\u1ecb t\u1ed5n th\u01b0\u01a1ng c\u1ee7a kh\u00e1ch h\u00e0ng, c\u00e1c ch\u00ednh s\u00e1ch h\u1ed7 tr\u1ee3 kh\u00e1ch h\u00e0ng d\u1ec5 b\u1ecb t\u1ed5n th\u01b0\u01a1ng c\u1ee7a eToro v\u00e0 nh\u1eefng ngu\u1ed3n l\u1ef1c b\u00ean ngo\u00e0i kh\u00e1c \u0111\u1ec3 t\u00ecm ki\u1ebfm tr\u1ee3 gi\u00fap","breadcrumb":{"@id":"https:\/\/www.etoro.com\/vi-vn\/customer-service\/vulnerability-program\/#breadcrumb"},"inLanguage":"vi","potentialAction":[{"@type":"ReadAction","target":["https:\/\/www.etoro.com\/vi-vn\/customer-service\/vulnerability-program\/"]}]},{"@type":"BreadcrumbList","@id":"https:\/\/www.etoro.com\/vi-vn\/customer-service\/vulnerability-program\/#breadcrumb","itemListElement":[{"@type":"ListItem","position":1,"name":"Trang ch\u1ee7","item":"https:\/\/www.etoro.com\/vi-vn\/"},{"@type":"ListItem","position":2,"name":"D\u1ecbch v\u1ee5 Kh\u00e1ch h\u00e0ng","item":"https:\/\/www.etoro.com\/vi-vn\/customer-service\/"},{"@type":"ListItem","position":3,"name":"Kh\u00e1ch h\u00e0ng d\u1ec5 b\u1ecb t\u1ed5n th\u01b0\u01a1ng"}]},{"@type":"WebSite","@id":"https:\/\/www.etoro.com\/vi-vn\/#website","url":"https:\/\/www.etoro.com\/vi-vn\/","name":"eToro","description":"","publisher":{"@id":"https:\/\/www.etoro.com\/vi-vn\/#organization"},"potentialAction":[{"@type":"SearchAction","target":{"@type":"EntryPoint","urlTemplate":"https:\/\/www.etoro.com\/vi-vn\/?s={search_term_string}"},"query-input":{"@type":"PropertyValueSpecification","valueRequired":true,"valueName":"search_term_string"}}],"inLanguage":"vi"},[]]}},"_links":{"self":[{"href":"https:\/\/www.etoro.com\/vi-vn\/wp-json\/wp\/v2\/pages\/320526"}],"collection":[{"href":"https:\/\/www.etoro.com\/vi-vn\/wp-json\/wp\/v2\/pages"}],"about":[{"href":"https:\/\/www.etoro.com\/vi-vn\/wp-json\/wp\/v2\/types\/page"}],"author":[{"embeddable":true,"href":"https:\/\/www.etoro.com\/vi-vn\/wp-json\/wp\/v2\/users\/75"}],"replies":[{"embeddable":true,"href":"https:\/\/www.etoro.com\/vi-vn\/wp-json\/wp\/v2\/comments?post=320526"}],"version-history":[{"count":0,"href":"https:\/\/www.etoro.com\/vi-vn\/wp-json\/wp\/v2\/pages\/320526\/revisions"}],"up":[{"embeddable":true,"href":"https:\/\/www.etoro.com\/vi-vn\/wp-json\/wp\/v2\/pages\/35972"}],"wp:attachment":[{"href":"https:\/\/www.etoro.com\/vi-vn\/wp-json\/wp\/v2\/media?parent=320526"}],"wp:term":[{"taxonomy":"asset_type","embeddable":true,"href":"https:\/\/www.etoro.com\/vi-vn\/wp-json\/wp\/v2\/asset_type?post=320526"}],"curies":[{"name":"wp","href":"https:\/\/api.w.org\/{rel}","templated":true}]}}