{"id":34852,"date":"2017-08-15T10:56:22","date_gmt":"2017-08-15T09:56:22","guid":{"rendered":"http:\/\/www.etoro.com\/terms-conditions\/"},"modified":"2026-01-06T16:57:57","modified_gmt":"2026-01-06T14:57:57","slug":"terms-conditions","status":"publish","type":"page","link":"https:\/\/www.etoro.com\/vi-vn\/customer-service\/terms-conditions\/","title":{"rendered":"\u0110i\u1ec1u kho\u1ea3n v\u00e0 \u0110i\u1ec1u ki\u1ec7n"},"content":{"rendered":"<h2>C\u00e1c kh\u00e1ch h\u00e0ng c\u1ee7a eToro (Europe) vui l\u00f2ng \u0111\u1ecdc c\u00e1c \u0110i\u1ec1u kho\u1ea3n v\u00e0 \u0110i\u1ec1u ki\u1ec7n c\u1ee7a eToro (Europe) Ltd. \u0110i\u1ec1u kho\u1ea3n v\u00e0 \u0110i\u1ec1u ki\u1ec7n<\/h2>\n<div class=\"documets_table documents_table_two_cols\"><a file_type='pdf' class='document_td' href='https:\/\/www.etoro.com\/wp-content\/uploads\/2026\/01\/eToro-EU-Terms-and-Conditions-7-January-2026-Clean.pdf' target='_blank'>\n            <span class='document_td_vertical'>\n                <span class='file_name'>eToro (Europe) Ltd. Terms and Conditions<\/span>\n                <span class='file_link'>T\u1ea3i xu\u1ed1ng PDF<\/span>\n            <\/span>\n        <\/a><a file_type='pdf' class='document_td' href='https:\/\/www.etoro.com\/wp-content\/uploads\/2026\/01\/eToro-EU-Terms-and-Conditions-German-Translation-7-January-2026-Clean.pdf' target='_blank'>\n            <span class='document_td_vertical'>\n                <span class='file_name'>eToro (EU) Terms and Conditions \u2013 German Translation<\/span>\n                <span class='file_link'>T\u1ea3i xu\u1ed1ng PDF<\/span>\n            <\/span>\n        <\/a><a file_type='pdf' class='document_td' href='https:\/\/www.etoro.com\/wp-content\/uploads\/2022\/10\/eToro-EU-Terms-and-Conditions-Spanish-Translation-Update-30-August-2022.pdf' target='_blank'>\n            <span class='document_td_vertical'>\n                <span class='file_name'>eToro (EU) Terms and Conditions \u2013 Spanish Translation<\/span>\n                <span class='file_link'>T\u1ea3i xu\u1ed1ng PDF<\/span>\n            <\/span>\n        <\/a><a file_type='pdf' class='document_td' href='https:\/\/www.etoro.com\/wp-content\/uploads\/2022\/10\/eToro-EU-Terms-and-Conditions-French-Translation-Update-30-August-2022.pdf' target='_blank'>\n            <span class='document_td_vertical'>\n                <span class='file_name'>eToro (EU) Terms and Conditions \u2013 French Translation<\/span>\n                <span class='file_link'>T\u1ea3i xu\u1ed1ng PDF<\/span>\n            <\/span>\n        <\/a><a file_type='pdf' class='document_td' href='https:\/\/www.etoro.com\/wp-content\/uploads\/2022\/10\/eToro-EU-Terms-and-Conditions-Italian-Translation-Update-30-August-2022.pdf' target='_blank'>\n            <span class='document_td_vertical'>\n                <span class='file_name'>eToro EU Terms and Conditions \u2013 Italian Translation<\/span>\n                <span class='file_link'>T\u1ea3i xu\u1ed1ng PDF<\/span>\n            <\/span>\n        <\/a><a file_type='pdf' class='document_td' href='https:\/\/www.etoro.com\/wp-content\/uploads\/2022\/10\/eToro-EU-Terms-and-Conditions-Arabic-Translation-Update-30-August-2022.pdf' target='_blank'>\n            <span class='document_td_vertical'>\n                <span class='file_name'>eToro (EU) Terms and Conditions \u2013 Arabic translation<\/span>\n                <span class='file_link'>T\u1ea3i xu\u1ed1ng PDF<\/span>\n            <\/span>\n        <\/a><\/div>\n<h2>C\u00e1c kh\u00e1ch h\u00e0ng c\u1ee7a eToro (UK) vui l\u00f2ng \u0111\u1ecdc c\u00e1c \u0110i\u1ec1u kho\u1ea3n v\u00e0 \u0110i\u1ec1u ki\u1ec7n c\u1ee7a eToro (UK) Ltd. \u0110i\u1ec1u kho\u1ea3n v\u00e0 \u0110i\u1ec1u ki\u1ec7n<\/h2>\n<div class=\"documets_table documents_table_two_cols\"><a file_type='pdf' class='document_td' href='https:\/\/www.etoro.com\/wp-content\/uploads\/2025\/09\/eToro-UK-Terms-and-Conditions-26-January-2026-Clean-1.pdf' target='_blank'>\n            <span class='document_td_vertical'>\n                <span class='file_name'>eToro (UK) Ltd. Terms and Conditions<\/span>\n                <span class='file_link'>T\u1ea3i xu\u1ed1ng PDF<\/span>\n            <\/span>\n        <\/a><\/div>\n<h2>C\u00e1c kh\u00e1ch h\u00e0ng c\u1ee7a eToro (Australia) vui l\u00f2ng \u0111\u1ecdc PDS, C\u00e1c \u0110i\u1ec1u kho\u1ea3n S\u1ea3n ph\u1ea9m T\u00e0i ch\u00ednh v\u00e0 FSG c\u1ee7a eToro AUS Capital Limited<\/h2>\n<div class=\"documets_table documents_table_two_cols\"><a file_type='pdf' class='document_td' href='https:\/\/www.etoro.com\/wp-content\/uploads\/2021\/09\/20230724_PDS.pdf' target='_blank'>\n            <span class='document_td_vertical'>\n                <span class='file_name'>eToro AUS Capital Limited PDS<\/span>\n                <span class='file_link'>T\u1ea3i xu\u1ed1ng PDF<\/span>\n            <\/span>\n        <\/a><a file_type='pdf' class='document_td' href='https:\/\/www.etoro.com\/wp-content\/uploads\/2023\/05\/20230510_FSG.pdf' target='_blank'>\n            <span class='document_td_vertical'>\n                <span class='file_name'>eToro AUS Capital Limited FSG<\/span>\n                <span class='file_link'>T\u1ea3i xu\u1ed1ng PDF<\/span>\n            <\/span>\n        <\/a><a file_type='pdf' class='document_td' href='https:\/\/www.etoro.com\/wp-content\/uploads\/2023\/05\/20230510_TCs.pdf' target='_blank'>\n            <span class='document_td_vertical'>\n                <span class='file_name'>eToro AUS Capital Limited Financial Product Terms<\/span>\n                <span class='file_link'>T\u1ea3i xu\u1ed1ng PDF<\/span>\n            <\/span>\n        <\/a><a file_type='pdf' class='document_td' href='https:\/\/www.etoro.com\/wp-content\/uploads\/2023\/05\/20230510_RAF.pdf' target='_blank'>\n            <span class='document_td_vertical'>\n                <span class='file_name'>eToro Aus Capital Ltd. Refer a Friend Terms & Conditions (the \u201cTerms\u201d)<\/span>\n                <span class='file_link'>T\u1ea3i xu\u1ed1ng PDF<\/span>\n            <\/span>\n        <\/a><\/div>\n<h2>C\u00e1c kh\u00e1ch h\u00e0ng c\u1ee7a eToro (Seychelles) vui l\u00f2ng \u0111\u1ecdc c\u00e1c \u0110i\u1ec1u kho\u1ea3n v\u00e0 \u0110i\u1ec1u ki\u1ec7n c\u1ee7a eToro (Seychelles) Ltd. \u0110i\u1ec1u kho\u1ea3n v\u00e0 \u0110i\u1ec1u ki\u1ec7n<\/h2>\n<div class=\"documets_table documents_table_two_cols\"><a file_type='pdf' class='document_td' href='https:\/\/www.etoro.com\/wp-content\/uploads\/2025\/12\/eToro-Seychelles-Terms-and-Conditions-15-December-2025.pdf' target='_blank'>\n            <span class='document_td_vertical'>\n                <span class='file_name'>eToro Seychelles - Terms and Conditions<\/span>\n                <span class='file_link'>T\u1ea3i xu\u1ed1ng PDF<\/span>\n            <\/span>\n        <\/a><\/div>\n","protected":false},"excerpt":{"rendered":"<p>C\u00e1c kh\u00e1ch h\u00e0ng c\u1ee7a eToro (Europe) vui l\u00f2ng \u0111\u1ecdc c\u00e1c \u0110i\u1ec1u kho\u1ea3n v\u00e0 \u0110i\u1ec1u ki\u1ec7n c\u1ee7a eToro (Europe) Ltd. \u0110i\u1ec1u kho\u1ea3n v\u00e0 \u0110i\u1ec1u ki\u1ec7n C\u00e1c kh\u00e1ch h\u00e0ng c\u1ee7a eToro (UK) vui l\u00f2ng \u0111\u1ecdc c\u00e1c \u0110i\u1ec1u kho\u1ea3n v\u00e0 \u0110i\u1ec1u ki\u1ec7n c\u1ee7a eToro (UK) Ltd. \u0110i\u1ec1u kho\u1ea3n v\u00e0 \u0110i\u1ec1u ki\u1ec7n C\u00e1c kh\u00e1ch h\u00e0ng c\u1ee7a eToro (Australia) vui&hellip;<\/p>\n","protected":false},"author":1,"featured_media":0,"parent":35972,"menu_order":1836,"comment_status":"closed","ping_status":"closed","template":"","meta":{"_acf_changed":false,"inline_featured_image":false,"sticky_cta_settings":"","footnotes":""},"asset_type":[],"class_list":["post-34852","page","type-page","status-publish","hentry"],"acf":[],"yoast_head":"<title>\u0110i\u1ec1u kho\u1ea3n v\u00e0 \u0110i\u1ec1u ki\u1ec7n - eToro<\/title>\n<meta name=\"robots\" content=\"noindex\" \/>\n<meta property=\"og:locale\" content=\"vi_VN\" \/>\n<meta property=\"og:type\" content=\"article\" \/>\n<meta property=\"og:title\" content=\"\u0110i\u1ec1u kho\u1ea3n v\u00e0 \u0110i\u1ec1u ki\u1ec7n - eToro\" \/>\n<meta property=\"og:description\" content=\"C\u00e1c kh\u00e1ch h\u00e0ng c\u1ee7a eToro (Europe) vui l\u00f2ng \u0111\u1ecdc c\u00e1c \u0110i\u1ec1u kho\u1ea3n v\u00e0 \u0110i\u1ec1u ki\u1ec7n c\u1ee7a eToro (Europe) Ltd. \u0110i\u1ec1u kho\u1ea3n v\u00e0 \u0110i\u1ec1u ki\u1ec7n C\u00e1c kh\u00e1ch h\u00e0ng c\u1ee7a eToro (UK) vui l\u00f2ng \u0111\u1ecdc c\u00e1c \u0110i\u1ec1u kho\u1ea3n v\u00e0 \u0110i\u1ec1u ki\u1ec7n c\u1ee7a eToro (UK) Ltd. \u0110i\u1ec1u kho\u1ea3n v\u00e0 \u0110i\u1ec1u ki\u1ec7n C\u00e1c kh\u00e1ch h\u00e0ng c\u1ee7a eToro (Australia) vui&hellip;\" \/>\n<meta property=\"og:url\" content=\"https:\/\/www.etoro.com\/vi-vn\/wp-json\/wp\/v2\/pages\/34852\" \/>\n<meta property=\"og:site_name\" content=\"eToro\" \/>\n<meta property=\"article:publisher\" content=\"https:\/\/www.facebook.com\/eToro\/\" \/>\n<meta property=\"article:modified_time\" content=\"2026-01-06T14:57:57+00:00\" \/>\n<meta property=\"og:image\" content=\"https:\/\/www.etoro.com\/wp-content\/uploads\/2019\/12\/etoro_logo_social_share1.png\" \/>\n\t<meta property=\"og:image:width\" content=\"240\" \/>\n\t<meta property=\"og:image:height\" content=\"240\" \/>\n\t<meta property=\"og:image:type\" content=\"image\/png\" \/>\n<meta name=\"twitter:card\" content=\"summary_large_image\" \/>\n<meta name=\"twitter:site\" content=\"@eToro\" \/>\n<meta name=\"twitter:label1\" content=\"\u01af\u1edbc t\u00ednh th\u1eddi gian \u0111\u1ecdc\" \/>\n\t<meta name=\"twitter:data1\" content=\"1 ph\u00fat\" \/>\n<script type=\"application\/ld+json\" class=\"yoast-schema-graph\">{\"@context\":\"https:\/\/schema.org\",\"@graph\":[{\"@type\":\"WebPage\",\"@id\":\"https:\/\/www.etoro.com\/vi-vn\/customer-service\/terms-conditions\/\",\"url\":\"https:\/\/www.etoro.com\/vi-vn\/customer-service\/terms-conditions\/\",\"name\":\"\u0110i\u1ec1u kho\u1ea3n v\u00e0 \u0110i\u1ec1u ki\u1ec7n - eToro\",\"isPartOf\":{\"@id\":\"https:\/\/www.etoro.com\/vi-vn\/#website\"},\"datePublished\":\"2017-08-15T09:56:22+00:00\",\"dateModified\":\"2026-01-06T14:57:57+00:00\",\"breadcrumb\":{\"@id\":\"https:\/\/www.etoro.com\/vi-vn\/customer-service\/terms-conditions\/#breadcrumb\"},\"inLanguage\":\"vi\",\"potentialAction\":[{\"@type\":\"ReadAction\",\"target\":[\"https:\/\/www.etoro.com\/vi-vn\/customer-service\/terms-conditions\/\"]}]},{\"@type\":\"BreadcrumbList\",\"@id\":\"https:\/\/www.etoro.com\/vi-vn\/customer-service\/terms-conditions\/#breadcrumb\",\"itemListElement\":[{\"@type\":\"ListItem\",\"position\":1,\"name\":\"Trang ch\u1ee7\",\"item\":\"https:\/\/www.etoro.com\/vi-vn\/\"},{\"@type\":\"ListItem\",\"position\":2,\"name\":\"D\u1ecbch v\u1ee5 Kh\u00e1ch h\u00e0ng\",\"item\":\"https:\/\/www.etoro.com\/vi-vn\/customer-service\/\"},{\"@type\":\"ListItem\",\"position\":3,\"name\":\"\u0110i\u1ec1u kho\u1ea3n v\u00e0 \u0110i\u1ec1u ki\u1ec7n\"}]},{\"@type\":\"WebSite\",\"@id\":\"https:\/\/www.etoro.com\/vi-vn\/#website\",\"url\":\"https:\/\/www.etoro.com\/vi-vn\/\",\"name\":\"eToro\",\"description\":\"\",\"publisher\":{\"@id\":\"https:\/\/www.etoro.com\/vi-vn\/#organization\"},\"potentialAction\":[{\"@type\":\"SearchAction\",\"target\":{\"@type\":\"EntryPoint\",\"urlTemplate\":\"https:\/\/www.etoro.com\/vi-vn\/?s={search_term_string}\"},\"query-input\":{\"@type\":\"PropertyValueSpecification\",\"valueRequired\":true,\"valueName\":\"search_term_string\"}}],\"inLanguage\":\"vi\"},[]]}<\/script>","yoast_head_json":{"title":"\u0110i\u1ec1u kho\u1ea3n v\u00e0 \u0110i\u1ec1u ki\u1ec7n - eToro","robots":{"index":"noindex"},"og_locale":"vi_VN","og_type":"article","og_title":"\u0110i\u1ec1u kho\u1ea3n v\u00e0 \u0110i\u1ec1u ki\u1ec7n - eToro","og_description":"C\u00e1c kh\u00e1ch h\u00e0ng c\u1ee7a eToro (Europe) vui l\u00f2ng \u0111\u1ecdc c\u00e1c \u0110i\u1ec1u kho\u1ea3n v\u00e0 \u0110i\u1ec1u ki\u1ec7n c\u1ee7a eToro (Europe) Ltd. \u0110i\u1ec1u kho\u1ea3n v\u00e0 \u0110i\u1ec1u ki\u1ec7n C\u00e1c kh\u00e1ch h\u00e0ng c\u1ee7a eToro (UK) vui l\u00f2ng \u0111\u1ecdc c\u00e1c \u0110i\u1ec1u kho\u1ea3n v\u00e0 \u0110i\u1ec1u ki\u1ec7n c\u1ee7a eToro (UK) Ltd. \u0110i\u1ec1u kho\u1ea3n v\u00e0 \u0110i\u1ec1u ki\u1ec7n C\u00e1c kh\u00e1ch h\u00e0ng c\u1ee7a eToro (Australia) vui&hellip;","og_url":"https:\/\/www.etoro.com\/vi-vn\/wp-json\/wp\/v2\/pages\/34852","og_site_name":"eToro","article_publisher":"https:\/\/www.facebook.com\/eToro\/","article_modified_time":"2026-01-06T14:57:57+00:00","og_image":[{"width":240,"height":240,"url":"https:\/\/www.etoro.com\/wp-content\/uploads\/2019\/12\/etoro_logo_social_share1.png","type":"image\/png"}],"twitter_card":"summary_large_image","twitter_site":"@eToro","twitter_misc":{"\u01af\u1edbc t\u00ednh th\u1eddi gian \u0111\u1ecdc":"1 ph\u00fat"},"schema":{"@context":"https:\/\/schema.org","@graph":[{"@type":"WebPage","@id":"https:\/\/www.etoro.com\/vi-vn\/customer-service\/terms-conditions\/","url":"https:\/\/www.etoro.com\/vi-vn\/customer-service\/terms-conditions\/","name":"\u0110i\u1ec1u kho\u1ea3n v\u00e0 \u0110i\u1ec1u ki\u1ec7n - eToro","isPartOf":{"@id":"https:\/\/www.etoro.com\/vi-vn\/#website"},"datePublished":"2017-08-15T09:56:22+00:00","dateModified":"2026-01-06T14:57:57+00:00","breadcrumb":{"@id":"https:\/\/www.etoro.com\/vi-vn\/customer-service\/terms-conditions\/#breadcrumb"},"inLanguage":"vi","potentialAction":[{"@type":"ReadAction","target":["https:\/\/www.etoro.com\/vi-vn\/customer-service\/terms-conditions\/"]}]},{"@type":"BreadcrumbList","@id":"https:\/\/www.etoro.com\/vi-vn\/customer-service\/terms-conditions\/#breadcrumb","itemListElement":[{"@type":"ListItem","position":1,"name":"Trang ch\u1ee7","item":"https:\/\/www.etoro.com\/vi-vn\/"},{"@type":"ListItem","position":2,"name":"D\u1ecbch v\u1ee5 Kh\u00e1ch h\u00e0ng","item":"https:\/\/www.etoro.com\/vi-vn\/customer-service\/"},{"@type":"ListItem","position":3,"name":"\u0110i\u1ec1u kho\u1ea3n v\u00e0 \u0110i\u1ec1u ki\u1ec7n"}]},{"@type":"WebSite","@id":"https:\/\/www.etoro.com\/vi-vn\/#website","url":"https:\/\/www.etoro.com\/vi-vn\/","name":"eToro","description":"","publisher":{"@id":"https:\/\/www.etoro.com\/vi-vn\/#organization"},"potentialAction":[{"@type":"SearchAction","target":{"@type":"EntryPoint","urlTemplate":"https:\/\/www.etoro.com\/vi-vn\/?s={search_term_string}"},"query-input":{"@type":"PropertyValueSpecification","valueRequired":true,"valueName":"search_term_string"}}],"inLanguage":"vi"},[]]}},"_links":{"self":[{"href":"https:\/\/www.etoro.com\/vi-vn\/wp-json\/wp\/v2\/pages\/34852"}],"collection":[{"href":"https:\/\/www.etoro.com\/vi-vn\/wp-json\/wp\/v2\/pages"}],"about":[{"href":"https:\/\/www.etoro.com\/vi-vn\/wp-json\/wp\/v2\/types\/page"}],"author":[{"embeddable":true,"href":"https:\/\/www.etoro.com\/vi-vn\/wp-json\/wp\/v2\/users\/1"}],"replies":[{"embeddable":true,"href":"https:\/\/www.etoro.com\/vi-vn\/wp-json\/wp\/v2\/comments?post=34852"}],"version-history":[{"count":0,"href":"https:\/\/www.etoro.com\/vi-vn\/wp-json\/wp\/v2\/pages\/34852\/revisions"}],"up":[{"embeddable":true,"href":"https:\/\/www.etoro.com\/vi-vn\/wp-json\/wp\/v2\/pages\/35972"}],"wp:attachment":[{"href":"https:\/\/www.etoro.com\/vi-vn\/wp-json\/wp\/v2\/media?parent=34852"}],"wp:term":[{"taxonomy":"asset_type","embeddable":true,"href":"https:\/\/www.etoro.com\/vi-vn\/wp-json\/wp\/v2\/asset_type?post=34852"}],"curies":[{"name":"wp","href":"https:\/\/api.w.org\/{rel}","templated":true}]}}