{"id":34855,"date":"2017-08-13T07:26:51","date_gmt":"2017-08-13T04:26:51","guid":{"rendered":"http:\/\/www.etoro.com\/contact-us\/"},"modified":"2025-12-29T13:35:49","modified_gmt":"2025-12-29T11:35:49","slug":"our-offices","status":"publish","type":"page","link":"https:\/\/www.etoro.com\/vi-vn\/about\/our-offices\/","title":{"rendered":"C\u00e1c v\u0103n ph\u00f2ng c\u1ee7a ch\u00fang t\u00f4i"},"content":{"rendered":"\n<div class=\"wp-block-etoro-half-cover has-white-background-color\">\n<div class=\"wp-block-etoro-half-cover-left is-aligned-center-on-mobile\"><p id=\"breadcrumbs\" class=\"gray-dark\"><span><span><a href=\"https:\/\/www.etoro.com\/vi-vn\/\">Trang ch\u1ee7<\/a><\/span><\/span><\/p>\n<h1 class=\"wp-block-heading is-style-banner-title\">C\u00e1c <b class=\"wp-etoro-format-colored-green\">V\u0103n Ph\u00f2ng<\/b> To\u00e0n C\u1ea7u C\u1ee7a Ch\u00fang T\u00f4i<\/h1>\n\n\n\n<p>C\u00e1c \u0111\u1ed9i ng\u0169 khu v\u1ef1c c\u1ee7a eToro k\u1ebft h\u1ee3p chuy\u00ean m\u00f4n \u0111\u1ecba ph\u01b0\u01a1ng v\u1edbi t\u1ea7m nh\u00ecn to\u00e0n c\u1ea7u \u0111\u1ec3 mang l\u1ea1i tr\u1ea3i nghi\u1ec7m \u0111\u1ea7u t\u01b0 \u0111\u01b0\u1ee3c c\u00e1 nh\u00e2n h\u00f3a<\/p>\n\n\n\n<p><\/p>\n<\/div>\n\n\n\n<div class=\"wp-block-etoro-half-cover-right\">\n<img decoding=\"async\" src=\"https:\/\/www.etoro.com\/wp-content\/uploads\/2025\/12\/Offices-Cover-1920.png\" alt=\"\" class=\"wp-block-etoro-half-cover-media\"\/><img decoding=\"async\" src=\"https:\/\/www.etoro.com\/wp-content\/uploads\/2025\/12\/Offices-Cover-1280.png\" alt=\"\" class=\"wp-block-etoro-half-cover-media-desktop\"\/><img decoding=\"async\" src=\"https:\/\/www.etoro.com\/wp-content\/uploads\/2025\/12\/Offices-Cover-Tablet.png\" alt=\"\" class=\"wp-block-etoro-half-cover-media-tablet\"\/><img decoding=\"async\" src=\"https:\/\/www.etoro.com\/wp-content\/uploads\/2025\/12\/Offices-Cover-Mobile.png\" alt=\"\" class=\"wp-block-etoro-half-cover-media-mobile\"\/>\n<\/div>\n<\/div>\n\n\n\n<section class=\"wp-block-group wp-block-group-boxed has-dark-blue-background-color has-background\"><div class=\"wp-block-group-inner is-layout-flow wp-block-group-is-layout-flow\">\n<div class=\"wp-block-columns are-vertically-aligned-top wp-block-columns-1 is-layout-flex wp-container-core-columns-is-layout-1 wp-block-columns-is-layout-flex\">\n<div class=\"wp-block-column is-layout-constrained wp-container-core-column-is-layout-1 wp-block-column-is-layout-constrained\">\n<p class=\"has-text-align-center is-style-heading-3\"><b class=\"wp-etoro-format-colored-green\">S\u1ef1 hi\u1ec7n di\u1ec7n c\u1ee7a eToro tr\u1ea3i r\u1ed9ng kh\u1eafp to\u00e0n c\u1ea7u<\/b><span style=\"font-weight:normal;\">, <\/span>v\u1edbi c\u00e1c \u0111\u1ed9i ng\u0169 t\u1eadn t\u00e2m ph\u1ee5c v\u1ee5 c\u1ed9ng \u0111\u1ed3ng c\u1ee7a ch\u00fang t\u00f4i t\u1ea1i c\u00e1c khu v\u1ef1c tr\u1ecdng \u0111i\u1ec3m. B\u1eb1ng c\u00e1ch k\u1ebft h\u1ee3p s\u1ef1 am hi\u1ec3u th\u1ecb tr\u01b0\u1eddng \u0111\u1eb7c th\u00f9 v\u1edbi t\u1ea7m nh\u00ecn to\u00e0n c\u1ea7u th\u1ed1ng nh\u1ea5t, eToro c\u00f3 th\u1ec3 cung c\u1ea5p c\u00e1c d\u1ecbch v\u1ee5 \u0111\u1ed5i m\u1edbi \u0111\u01b0\u1ee3c \u0111\u00f3n nh\u1eadn tr\u00ean to\u00e0n th\u1ebf gi\u1edbi.<\/p>\n<\/div>\n<\/div>\n<\/div><\/section>\n\n\n\n<section class=\"wp-block-group wp-block-group-boxed\"><div class=\"wp-block-group-inner is-layout-flow wp-block-group-is-layout-flow\">\n<div id=\"swiper1198585495\" class=\"wp-block-etoro-cards wp-block-etoro-card-grid-columns-3\"><div class=\"swiper-wrapper\">\n<div class=\"wp-block-etoro-card wp-block-etoro-card-size-small wp-block-etoro-card-thumbnail-position-above wp-block-etoro-card-default wp-block-etoro-card-aligned-center\"><img decoding=\"async\" src=\"https:\/\/www.etoro.com\/wp-content\/uploads\/2025\/12\/Office-Icon-Singapore.png\" alt=\"eToro Singapore\" class=\"wp-block-etoro-card-thumbnail\"\/><div class=\"wp-block-etoro-card-body\"><div class=\"wp-block-etoro-card-title\">eToro Singapore<\/div><div class=\"wp-block-etoro-card-content\">\n<p>eToro Singapore Pte Ltd.<\/p>\n\n\n\n<p>111 Somerset Road<br>#07\u201310<br>Singapore 238164<\/p>\n<\/div><\/div><\/div>\n\n\n\n<div class=\"wp-block-etoro-card wp-block-etoro-card-size-small wp-block-etoro-card-thumbnail-position-above wp-block-etoro-card-default wp-block-etoro-card-aligned-center\"><img decoding=\"async\" src=\"https:\/\/www.etoro.com\/wp-content\/uploads\/2025\/12\/Office-Icon-UK.png\" alt=\"eToro UK\" class=\"wp-block-etoro-card-thumbnail\"\/><div class=\"wp-block-etoro-card-body\"><div class=\"wp-block-etoro-card-title\">eToro UK<\/div><div class=\"wp-block-etoro-card-content\">\n<p>eToro (UK) Ltd.<\/p>\n\n\n\n<p>24th floor,<br>One Canada Square<br>Canary Wharf London,<br>E14 5AB<br>United Kingdom<\/p>\n<\/div><\/div><\/div>\n\n\n\n<div class=\"wp-block-etoro-card wp-block-etoro-card-size-small wp-block-etoro-card-thumbnail-position-above wp-block-etoro-card-default wp-block-etoro-card-aligned-center\"><img decoding=\"async\" src=\"https:\/\/www.etoro.com\/wp-content\/uploads\/2025\/12\/Office-Icon-Europe.png\" alt=\"eToro EU\" class=\"wp-block-etoro-card-thumbnail\"\/><div class=\"wp-block-etoro-card-body\"><div class=\"wp-block-etoro-card-title\">eToro EU<\/div><div class=\"wp-block-etoro-card-content\">\n<p>eToro (Europe) Ltd.<\/p>\n\n\n\n<p>4 Profiti Ilia Street<br>Kanika International Business Center (KIBC) <br>7th Floor<br>Germasogeia 4046<br>Limassol<br>Cyprus<\/p>\n<\/div><\/div><\/div>\n\n\n\n<div class=\"wp-block-etoro-card wp-block-etoro-card-size-small wp-block-etoro-card-thumbnail-position-above wp-block-etoro-card-default wp-block-etoro-card-aligned-center\"><img decoding=\"async\" src=\"https:\/\/www.etoro.com\/wp-content\/uploads\/2025\/12\/Office-Icon-USA.png\" alt=\"eToro USA\" class=\"wp-block-etoro-card-thumbnail\"\/><div class=\"wp-block-etoro-card-body\"><div class=\"wp-block-etoro-card-title\">eToro USA<\/div><div class=\"wp-block-etoro-card-content\">\n<p>eToro USA LLC.<\/p>\n\n\n\n<p>221 River St.<br>9th Floor<br>Hoboken, NJ 07030<br>USA<\/p>\n<\/div><\/div><\/div>\n\n\n\n<div class=\"wp-block-etoro-card wp-block-etoro-card-size-small wp-block-etoro-card-thumbnail-position-above wp-block-etoro-card-default wp-block-etoro-card-aligned-center\"><img decoding=\"async\" src=\"https:\/\/www.etoro.com\/wp-content\/uploads\/2025\/12\/Office-Icon-Aus.png\" alt=\"eToro Australia\" class=\"wp-block-etoro-card-thumbnail\"\/><div class=\"wp-block-etoro-card-body\"><div class=\"wp-block-etoro-card-title\">eToro Australia<\/div><div class=\"wp-block-etoro-card-content\">\n<p>eToro AUS Capital Limited<\/p>\n\n\n\n<p>L3 \u2013 60 Castlereagh street<br>Sydney NSW 2000<br>Australia<\/p>\n<\/div><\/div><\/div>\n\n\n\n<div class=\"wp-block-etoro-card wp-block-etoro-card-size-small wp-block-etoro-card-thumbnail-position-above wp-block-etoro-card-default wp-block-etoro-card-aligned-center\"><img decoding=\"async\" src=\"https:\/\/www.etoro.com\/wp-content\/uploads\/2025\/12\/Office-Icon-UAE.png\" alt=\"eToro UAE\" class=\"wp-block-etoro-card-thumbnail\"\/><div class=\"wp-block-etoro-card-body\"><div class=\"wp-block-etoro-card-title\">eToro UAE<\/div><div class=\"wp-block-etoro-card-content\">\n<p>eToro (ME) Ltd<\/p>\n\n\n\n<p>25th Floor, Al Sila Tower, ADGM Square, Al Maryah Island, Abu Dhabi, United Arab Emirates<\/p>\n<\/div><\/div><\/div>\n<\/div><\/div>\n<\/div><\/section>\n","protected":false},"excerpt":{"rendered":"<p>S\u1ef1 hi\u1ec7n di\u1ec7n c\u1ee7a eToro tr\u1ea3i r\u1ed9ng kh\u1eafp to\u00e0n c\u1ea7u, v\u1edbi c\u00e1c \u0111\u1ed9i ng\u0169 t\u1eadn t\u00e2m ph\u1ee5c v\u1ee5 c\u1ed9ng \u0111\u1ed3ng c\u1ee7a ch\u00fang t\u00f4i t\u1ea1i c\u00e1c khu v\u1ef1c tr\u1ecdng \u0111i\u1ec3m. B\u1eb1ng c\u00e1ch k\u1ebft h\u1ee3p s\u1ef1 am hi\u1ec3u th\u1ecb tr\u01b0\u1eddng \u0111\u1eb7c th\u00f9 v\u1edbi t\u1ea7m nh\u00ecn to\u00e0n c\u1ea7u th\u1ed1ng nh\u1ea5t, eToro c\u00f3 th\u1ec3 cung c\u1ea5p c\u00e1c d\u1ecbch v\u1ee5&hellip;<\/p>\n","protected":false},"author":1,"featured_media":0,"parent":35374,"menu_order":2010,"comment_status":"closed","ping_status":"closed","template":"","meta":{"_acf_changed":true,"inline_featured_image":false,"sticky_cta_settings":"","footnotes":""},"asset_type":[],"class_list":["post-34855","page","type-page","status-publish","hentry"],"acf":[],"yoast_head":"<title>C\u00e1c v\u0103n ph\u00f2ng c\u1ee7a ch\u00fang t\u00f4i - eToro<\/title>\n<meta name=\"robots\" content=\"noindex\" \/>\n<meta property=\"og:locale\" content=\"vi_VN\" \/>\n<meta property=\"og:type\" content=\"article\" \/>\n<meta property=\"og:title\" content=\"C\u00e1c v\u0103n ph\u00f2ng c\u1ee7a ch\u00fang t\u00f4i - eToro\" \/>\n<meta property=\"og:description\" content=\"S\u1ef1 hi\u1ec7n di\u1ec7n c\u1ee7a eToro tr\u1ea3i r\u1ed9ng kh\u1eafp to\u00e0n c\u1ea7u, v\u1edbi c\u00e1c \u0111\u1ed9i ng\u0169 t\u1eadn t\u00e2m ph\u1ee5c v\u1ee5 c\u1ed9ng \u0111\u1ed3ng c\u1ee7a ch\u00fang t\u00f4i t\u1ea1i c\u00e1c khu v\u1ef1c tr\u1ecdng \u0111i\u1ec3m. B\u1eb1ng c\u00e1ch k\u1ebft h\u1ee3p s\u1ef1 am hi\u1ec3u th\u1ecb tr\u01b0\u1eddng \u0111\u1eb7c th\u00f9 v\u1edbi t\u1ea7m nh\u00ecn to\u00e0n c\u1ea7u th\u1ed1ng nh\u1ea5t, eToro c\u00f3 th\u1ec3 cung c\u1ea5p c\u00e1c d\u1ecbch v\u1ee5&hellip;\" \/>\n<meta property=\"og:url\" content=\"https:\/\/www.etoro.com\/vi-vn\/wp-json\/wp\/v2\/pages\/34855\" \/>\n<meta property=\"og:site_name\" content=\"eToro\" \/>\n<meta property=\"article:publisher\" content=\"https:\/\/www.facebook.com\/eToro\/\" \/>\n<meta property=\"article:modified_time\" content=\"2025-12-29T11:35:49+00:00\" \/>\n<meta property=\"og:image\" content=\"https:\/\/www.etoro.com\/wp-content\/uploads\/2025\/12\/Offices-Cover-1920.png\" \/>\n<meta name=\"twitter:card\" content=\"summary_large_image\" \/>\n<meta name=\"twitter:site\" content=\"@eToro\" \/>\n<meta name=\"twitter:label1\" content=\"\u01af\u1edbc t\u00ednh th\u1eddi gian \u0111\u1ecdc\" \/>\n\t<meta name=\"twitter:data1\" content=\"1 ph\u00fat\" \/>\n<script type=\"application\/ld+json\" class=\"yoast-schema-graph\">{\"@context\":\"https:\/\/schema.org\",\"@graph\":[{\"@type\":\"WebPage\",\"@id\":\"https:\/\/www.etoro.com\/vi-vn\/about\/our-offices\/\",\"url\":\"https:\/\/www.etoro.com\/vi-vn\/about\/our-offices\/\",\"name\":\"C\u00e1c v\u0103n ph\u00f2ng c\u1ee7a ch\u00fang t\u00f4i - eToro\",\"isPartOf\":{\"@id\":\"https:\/\/www.etoro.com\/vi-vn\/#website\"},\"primaryImageOfPage\":{\"@id\":\"https:\/\/www.etoro.com\/vi-vn\/about\/our-offices\/#primaryimage\"},\"image\":{\"@id\":\"https:\/\/www.etoro.com\/vi-vn\/about\/our-offices\/#primaryimage\"},\"thumbnailUrl\":\"https:\/\/www.etoro.com\/wp-content\/uploads\/2025\/12\/Offices-Cover-1920.png\",\"datePublished\":\"2017-08-13T04:26:51+00:00\",\"dateModified\":\"2025-12-29T11:35:49+00:00\",\"breadcrumb\":{\"@id\":\"https:\/\/www.etoro.com\/vi-vn\/about\/our-offices\/#breadcrumb\"},\"inLanguage\":\"vi\",\"potentialAction\":[{\"@type\":\"ReadAction\",\"target\":[\"https:\/\/www.etoro.com\/vi-vn\/about\/our-offices\/\"]}]},{\"@type\":\"ImageObject\",\"inLanguage\":\"vi\",\"@id\":\"https:\/\/www.etoro.com\/vi-vn\/about\/our-offices\/#primaryimage\",\"url\":\"https:\/\/www.etoro.com\/wp-content\/uploads\/2025\/12\/Offices-Cover-1920.png\",\"contentUrl\":\"https:\/\/www.etoro.com\/wp-content\/uploads\/2025\/12\/Offices-Cover-1920.png\"},{\"@type\":\"BreadcrumbList\",\"@id\":\"https:\/\/www.etoro.com\/vi-vn\/about\/our-offices\/#breadcrumb\",\"itemListElement\":[{\"@type\":\"ListItem\",\"position\":1,\"name\":\"Trang ch\u1ee7\",\"item\":\"https:\/\/www.etoro.com\/vi-vn\/\"},{\"@type\":\"ListItem\",\"position\":2,\"name\":\"About eToro\",\"item\":\"https:\/\/www.etoro.com\/vi-vn\/about\/\"},{\"@type\":\"ListItem\",\"position\":3,\"name\":\"C\u00e1c v\u0103n ph\u00f2ng c\u1ee7a ch\u00fang t\u00f4i\"}]},{\"@type\":\"WebSite\",\"@id\":\"https:\/\/www.etoro.com\/vi-vn\/#website\",\"url\":\"https:\/\/www.etoro.com\/vi-vn\/\",\"name\":\"eToro\",\"description\":\"\",\"publisher\":{\"@id\":\"https:\/\/www.etoro.com\/vi-vn\/#organization\"},\"potentialAction\":[{\"@type\":\"SearchAction\",\"target\":{\"@type\":\"EntryPoint\",\"urlTemplate\":\"https:\/\/www.etoro.com\/vi-vn\/?s={search_term_string}\"},\"query-input\":{\"@type\":\"PropertyValueSpecification\",\"valueRequired\":true,\"valueName\":\"search_term_string\"}}],\"inLanguage\":\"vi\"},[]]}<\/script>","yoast_head_json":{"title":"C\u00e1c v\u0103n ph\u00f2ng c\u1ee7a ch\u00fang t\u00f4i - eToro","robots":{"index":"noindex"},"og_locale":"vi_VN","og_type":"article","og_title":"C\u00e1c v\u0103n ph\u00f2ng c\u1ee7a ch\u00fang t\u00f4i - eToro","og_description":"S\u1ef1 hi\u1ec7n di\u1ec7n c\u1ee7a eToro tr\u1ea3i r\u1ed9ng kh\u1eafp to\u00e0n c\u1ea7u, v\u1edbi c\u00e1c \u0111\u1ed9i ng\u0169 t\u1eadn t\u00e2m ph\u1ee5c v\u1ee5 c\u1ed9ng \u0111\u1ed3ng c\u1ee7a ch\u00fang t\u00f4i t\u1ea1i c\u00e1c khu v\u1ef1c tr\u1ecdng \u0111i\u1ec3m. B\u1eb1ng c\u00e1ch k\u1ebft h\u1ee3p s\u1ef1 am hi\u1ec3u th\u1ecb tr\u01b0\u1eddng \u0111\u1eb7c th\u00f9 v\u1edbi t\u1ea7m nh\u00ecn to\u00e0n c\u1ea7u th\u1ed1ng nh\u1ea5t, eToro c\u00f3 th\u1ec3 cung c\u1ea5p c\u00e1c d\u1ecbch v\u1ee5&hellip;","og_url":"https:\/\/www.etoro.com\/vi-vn\/wp-json\/wp\/v2\/pages\/34855","og_site_name":"eToro","article_publisher":"https:\/\/www.facebook.com\/eToro\/","article_modified_time":"2025-12-29T11:35:49+00:00","og_image":[{"url":"https:\/\/www.etoro.com\/wp-content\/uploads\/2025\/12\/Offices-Cover-1920.png","type":"","width":"","height":""}],"twitter_card":"summary_large_image","twitter_site":"@eToro","twitter_misc":{"\u01af\u1edbc t\u00ednh th\u1eddi gian \u0111\u1ecdc":"1 ph\u00fat"},"schema":{"@context":"https:\/\/schema.org","@graph":[{"@type":"WebPage","@id":"https:\/\/www.etoro.com\/vi-vn\/about\/our-offices\/","url":"https:\/\/www.etoro.com\/vi-vn\/about\/our-offices\/","name":"C\u00e1c v\u0103n ph\u00f2ng c\u1ee7a ch\u00fang t\u00f4i - eToro","isPartOf":{"@id":"https:\/\/www.etoro.com\/vi-vn\/#website"},"primaryImageOfPage":{"@id":"https:\/\/www.etoro.com\/vi-vn\/about\/our-offices\/#primaryimage"},"image":{"@id":"https:\/\/www.etoro.com\/vi-vn\/about\/our-offices\/#primaryimage"},"thumbnailUrl":"https:\/\/www.etoro.com\/wp-content\/uploads\/2025\/12\/Offices-Cover-1920.png","datePublished":"2017-08-13T04:26:51+00:00","dateModified":"2025-12-29T11:35:49+00:00","breadcrumb":{"@id":"https:\/\/www.etoro.com\/vi-vn\/about\/our-offices\/#breadcrumb"},"inLanguage":"vi","potentialAction":[{"@type":"ReadAction","target":["https:\/\/www.etoro.com\/vi-vn\/about\/our-offices\/"]}]},{"@type":"ImageObject","inLanguage":"vi","@id":"https:\/\/www.etoro.com\/vi-vn\/about\/our-offices\/#primaryimage","url":"https:\/\/www.etoro.com\/wp-content\/uploads\/2025\/12\/Offices-Cover-1920.png","contentUrl":"https:\/\/www.etoro.com\/wp-content\/uploads\/2025\/12\/Offices-Cover-1920.png"},{"@type":"BreadcrumbList","@id":"https:\/\/www.etoro.com\/vi-vn\/about\/our-offices\/#breadcrumb","itemListElement":[{"@type":"ListItem","position":1,"name":"Trang ch\u1ee7","item":"https:\/\/www.etoro.com\/vi-vn\/"},{"@type":"ListItem","position":2,"name":"About eToro","item":"https:\/\/www.etoro.com\/vi-vn\/about\/"},{"@type":"ListItem","position":3,"name":"C\u00e1c v\u0103n ph\u00f2ng c\u1ee7a ch\u00fang t\u00f4i"}]},{"@type":"WebSite","@id":"https:\/\/www.etoro.com\/vi-vn\/#website","url":"https:\/\/www.etoro.com\/vi-vn\/","name":"eToro","description":"","publisher":{"@id":"https:\/\/www.etoro.com\/vi-vn\/#organization"},"potentialAction":[{"@type":"SearchAction","target":{"@type":"EntryPoint","urlTemplate":"https:\/\/www.etoro.com\/vi-vn\/?s={search_term_string}"},"query-input":{"@type":"PropertyValueSpecification","valueRequired":true,"valueName":"search_term_string"}}],"inLanguage":"vi"},[]]}},"_links":{"self":[{"href":"https:\/\/www.etoro.com\/vi-vn\/wp-json\/wp\/v2\/pages\/34855"}],"collection":[{"href":"https:\/\/www.etoro.com\/vi-vn\/wp-json\/wp\/v2\/pages"}],"about":[{"href":"https:\/\/www.etoro.com\/vi-vn\/wp-json\/wp\/v2\/types\/page"}],"author":[{"embeddable":true,"href":"https:\/\/www.etoro.com\/vi-vn\/wp-json\/wp\/v2\/users\/1"}],"replies":[{"embeddable":true,"href":"https:\/\/www.etoro.com\/vi-vn\/wp-json\/wp\/v2\/comments?post=34855"}],"version-history":[{"count":0,"href":"https:\/\/www.etoro.com\/vi-vn\/wp-json\/wp\/v2\/pages\/34855\/revisions"}],"up":[{"embeddable":true,"href":"https:\/\/www.etoro.com\/vi-vn\/wp-json\/wp\/v2\/pages\/35374"}],"wp:attachment":[{"href":"https:\/\/www.etoro.com\/vi-vn\/wp-json\/wp\/v2\/media?parent=34855"}],"wp:term":[{"taxonomy":"asset_type","embeddable":true,"href":"https:\/\/www.etoro.com\/vi-vn\/wp-json\/wp\/v2\/asset_type?post=34855"}],"curies":[{"name":"wp","href":"https:\/\/api.w.org\/{rel}","templated":true}]}}