{"id":35387,"date":"2017-08-07T10:51:57","date_gmt":"2017-08-07T09:51:57","guid":{"rendered":"http:\/\/www.etoro.com\/about\/vision\/"},"modified":"2025-05-11T11:08:30","modified_gmt":"2025-05-11T08:08:30","slug":"vision","status":"publish","type":"page","link":"https:\/\/www.etoro.com\/vi-vn\/about\/vision\/","title":{"rendered":"Our Vision"},"content":{"rendered":"\n<div class=\"wp-block-etoro-related-pages has-green-background-color wp-etoro-block-related-pages\"><div class=\"wp-etoro-block-related-pages-to-center\"><div class=\"wp-etoro-block-related-pages-menu-name\">Trang li\u00ean quan:<\/div><div class=\"wp-etoro-block-related-pages-list-container\"><div class=\"wp-etoro-block-related-pages-arrow-left\"><button><\/button><\/div><div class=\"wp-etoro-block-related-pages-list\">\n<div class=\"wp-etoro-block-related-pages-link\"><a class=\"wp-etoro-block-related-page-link\" href=\"https:\/\/www.etoro.com\/vi-vn\/about\/\">C\u00e2u chuy\u1ec7n c\u1ee7a ch\u00fang t\u00f4i <\/a><\/div>\n\n\n\n<div class=\"wp-etoro-block-related-pages-link\"><a class=\"wp-etoro-block-related-page-link\" href=\"https:\/\/www.etoro.com\/vi-vn\/about\/team\/\">L\u00e3nh \u0111\u1ea1o c\u1ee7a ch\u00fang t\u00f4i <\/a><\/div>\n\n\n\n<div class=\"wp-etoro-block-related-pages-link\"><a class=\"wp-etoro-block-related-page-link\" href=\"https:\/\/www.etoro.com\/vi-vn\/about\/awards\/\">Gi\u1ea3i th\u01b0\u1edfng c\u1ee7a ch\u00fang t\u00f4i <\/a><\/div>\n<\/div><div class=\"wp-etoro-block-related-pages-arrow-right\"><button><\/button><\/div><\/div><\/div><\/div>\n\n\n\n<section class=\"wp-block-group wp-block-group-boxed\"><div class=\"wp-block-group-inner is-layout-flow wp-block-group-is-layout-flow\">\n<div class=\"wp-block-columns are-vertically-aligned-top wp-block-columns-1 is-layout-flex wp-container-core-columns-is-layout-1 wp-block-columns-is-layout-flex\">\n<div class=\"wp-block-column is-layout-flow wp-block-column-is-layout-flow\">\n<h2 class=\"wp-block-heading has-text-align-center\">M\u1ed9t th\u1ebf gi\u1edbi n\u01a1i m\u1ecdi ng\u01b0\u1eddi c\u00f3 th\u1ec3 giao d\u1ecbch v\u00e0 \u0111\u1ea7u t\u01b0 m\u1ed9t c\u00e1ch \u0111\u01a1n gi\u1ea3n v\u00e0 minh b\u1ea1ch.<\/h2>\n<\/div>\n<\/div>\n<\/div><\/section>\n\n\n\n<section class=\"wp-block-group wp-block-group-boxed has-white-background-color has-background\"><div class=\"wp-block-group-inner is-layout-flow wp-block-group-is-layout-flow\">\n<div class=\"wp-block-columns are-vertically-aligned-center wp-block-columns-2 is-swapped-on-mobile is-layout-flex wp-container-core-columns-is-layout-2 wp-block-columns-is-layout-flex\">\n<div class=\"wp-block-column is-text-column is-layout-flow wp-block-column-is-layout-flow\">\n<h2 class=\"wp-block-heading\"><strong>S\u1ee9 m\u1ec7nh<\/strong> <span>c\u1ee7a ch\u00fang t\u00f4i<\/span><\/h2>\n\n\n\n<p>M\u1edf c\u1eeda th\u1ecb tr\u01b0\u1eddng to\u00e0n c\u1ea7u, k\u1ebft n\u1ed1i b\u1ea1n v\u1edbi c\u00e1c nh\u00e0 \u0111\u1ea7u t\u01b0 h\u00e0ng \u0111\u1ea7u v\u00e0 cung c\u1ea5p nh\u1eefng c\u00f4ng c\u1ee5 c\u1ea7n thi\u1ebft \u0111\u1ec3 b\u1ea1n t\u0103ng tr\u01b0\u1edfng ki\u1ebfn th\u1ee9c v\u00e0 t\u00e0i s\u1ea3n.<\/p>\n<\/div>\n\n\n\n<div class=\"wp-block-column is-layout-flow wp-block-column-is-layout-flow\">\n<figure class=\"wp-block-image size-full\"><img loading=\"lazy\" decoding=\"async\" width=\"864\" height=\"600\" src=\"https:\/\/www.etoro.com\/wp-content\/uploads\/2025\/05\/our-mission-new.png\" alt=\"\" class=\"wp-image-1060915 wp-image-desktop\" srcset=\"https:\/\/www.etoro.com\/wp-content\/uploads\/2025\/05\/our-mission-new.png 864w, https:\/\/www.etoro.com\/wp-content\/uploads\/2025\/05\/our-mission-new-300x208.png 300w, https:\/\/www.etoro.com\/wp-content\/uploads\/2025\/05\/our-mission-new-768x533.png 768w\" sizes=\"(max-width: 864px) 100vw, 864px\" \/><\/figure>\n<\/div>\n<\/div>\n<\/div><\/section>\n\n\n\n<section class=\"wp-block-group wp-block-group-boxed\"><div class=\"wp-block-group-inner is-layout-flow wp-block-group-is-layout-flow\">\n<h2 class=\"wp-block-heading has-text-align-center\"><span>L\u1eddi h\u1ee9a <strong>v\u1edbi b\u1ea1n<\/strong><\/span><\/h2>\n\n\n\n<div class=\"wp-block-columns are-vertically-aligned-top wp-block-columns-2 wp-block-columns-1 is-layout-flex wp-container-core-columns-is-layout-3 wp-block-columns-is-layout-flex\">\n<div class=\"wp-block-column is-layout-flow wp-block-column-is-layout-flow\">\n<div class=\"wp-block-etoro-card wp-block-etoro-card-size-small wp-block-etoro-card-thumbnail-position-side wp-block-etoro-card-default\"><img decoding=\"async\" src=\"https:\/\/www.etoro.com\/wp-content\/uploads\/2023\/06\/Frame-60.png\" alt=\"Gi\u1eef m\u1ecdi vi\u1ec7c \u0111\u01a1n gi\u1ea3n\" class=\"wp-block-etoro-card-thumbnail\"\/><div class=\"wp-block-etoro-card-body\"><div class=\"wp-block-etoro-card-title\">Gi\u1eef m\u1ecdi vi\u1ec7c \u0111\u01a1n gi\u1ea3n<\/div><div class=\"wp-block-etoro-card-content\">\n<p>Ch\u00fang t\u00f4i c\u1ed1 g\u1eafng lo\u1ea1i b\u1ecf c\u00e1c r\u00e0o c\u1ea3n \u0111\u1ec3 gi\u00fap m\u1ecdi ng\u01b0\u1eddi giao d\u1ecbch v\u00e0 \u0111\u1ea7u t\u01b0 tr\u1ef1c tuy\u1ebfn m\u1ed9t c\u00e1ch \u0111\u01a1n gi\u1ea3n v\u00e0 minh b\u1ea1ch h\u01a1n. T\u1eeb n\u1ec1n t\u1ea3ng d\u1ec5 s\u1eed d\u1ee5ng \u0111\u1ebfn ng\u00f4n ng\u1eef khi tr\u00f2 chuy\u1ec7n v\u1edbi b\u1ea1n, ch\u00fang t\u00f4i s\u1ebd lu\u00f4n l\u00e0m m\u1ecdi th\u1ee9 tr\u1edf n\u00ean \u0111\u01a1n gi\u1ea3n nh\u1ea5t c\u00f3 th\u1ec3.<\/p>\n<\/div><\/div><\/div>\n<\/div>\n\n\n\n<div class=\"wp-block-column is-layout-flow wp-block-column-is-layout-flow\">\n<div class=\"wp-block-etoro-card wp-block-etoro-card-size-small wp-block-etoro-card-thumbnail-position-side wp-block-etoro-card-default\"><img decoding=\"async\" src=\"https:\/\/www.etoro.com\/wp-content\/uploads\/2023\/06\/Innovative-1.png\" alt=\"Kh\u00f4ng ng\u1eebng \u0111\u1ed5i m\u1edbi\" class=\"wp-block-etoro-card-thumbnail\"\/><div class=\"wp-block-etoro-card-body\"><div class=\"wp-block-etoro-card-title\">Kh\u00f4ng ng\u1eebng \u0111\u1ed5i m\u1edbi<\/div><div class=\"wp-block-etoro-card-content\">\n<p>eToro \u0111\u01b0\u1ee3c th\u00e0nh l\u1eadp \u0111\u1ec3 thay \u0111\u1ed5i ng\u00e0nh t\u00e0i ch\u00ednh truy\u1ec1n th\u1ed1ng v\u00e0 s\u1ef1 \u0111\u1ed5i m\u1edbi l\u00e0 c\u1ed1t l\u00f5i c\u1ee7a ch\u00fang t\u00f4i. V\u1eeba quan t\u00e2m \u0111\u1ebfn th\u1ecb tr\u01b0\u1eddng v\u1eeba quan t\u00e2m \u0111\u1ebfn c\u1ed9ng \u0111\u1ed3ng, ch\u00fang t\u00f4i s\u1ebd ti\u1ebfp t\u1ee5c x\u00e2y d\u1ef1ng c\u00e1c s\u1ea3n ph\u1ea9m v\u00e0 d\u1ecbch v\u1ee5 t\u00e0i ch\u00ednh ti\u00ean ti\u1ebfn \u0111\u1ec3 \u0111\u00e1p \u1ee9ng nh\u1eefng nhu c\u1ea7u m\u1edbi c\u1ee7a b\u1ea1n.<\/p>\n<\/div><\/div><\/div>\n<\/div>\n<\/div>\n\n\n\n<div class=\"wp-block-columns are-vertically-aligned-top wp-block-columns-2 wp-block-columns-1 is-layout-flex wp-container-core-columns-is-layout-4 wp-block-columns-is-layout-flex\">\n<div class=\"wp-block-column is-layout-flow wp-block-column-is-layout-flow\">\n<div class=\"wp-block-etoro-card wp-block-etoro-card-size-small wp-block-etoro-card-thumbnail-position-side wp-block-etoro-card-default\"><img decoding=\"async\" src=\"https:\/\/www.etoro.com\/wp-content\/uploads\/2023\/06\/Team.png\" alt=\"T\u1ed1t h\u01a1n khi h\u1ee3p t\u00e1c c\u00f9ng nhau\" class=\"wp-block-etoro-card-thumbnail\"\/><div class=\"wp-block-etoro-card-body\"><div class=\"wp-block-etoro-card-title\">T\u1ed1t h\u01a1n khi h\u1ee3p t\u00e1c c\u00f9ng nhau<\/div><div class=\"wp-block-etoro-card-content\">\n<p>B\u1ea1n kh\u00f4ng \u0111\u01a1n \u0111\u1ed9c. B\u1ea1n l\u00e0 m\u1ed9t ph\u1ea7n c\u1ee7a c\u1ed9ng \u0111\u1ed3ng to\u00e0n c\u1ea7u ng\u00e0y c\u00e0ng ph\u00e1t tri\u1ec3n. Chia s\u1ebb ki\u1ebfn th\u1ee9c l\u00e0 s\u1ee9c m\u1ea1nh. Ch\u00fang t\u00f4i gi\u00fap b\u1ea1n k\u1ebft n\u1ed1i, h\u1ecdc h\u1ecfi v\u00e0 chia s\u1ebb v\u1edbi c\u00e1c nh\u00e0 \u0111\u1ea7u t\u01b0 kh\u00e1c. B\u1eb1ng c\u00e1ch bi\u1ebfn vi\u1ec7c \u0111\u1ea7u t\u01b0 th\u00e0nh n\u1ed7 l\u1ef1c c\u1ed9ng \u0111\u1ed3ng, ch\u00fang ta s\u1ebd c\u00f9ng nhau \u0111\u1ea1t \u0111\u01b0\u1ee3c k\u1ebft qu\u1ea3 t\u1ed1t h\u01a1n v\u00e0 tr\u1edf n\u00ean th\u00e0nh c\u00f4ng h\u01a1n.<\/p>\n<\/div><\/div><\/div>\n<\/div>\n\n\n\n<div class=\"wp-block-column is-layout-flow wp-block-column-is-layout-flow\">\n<div class=\"wp-block-etoro-card wp-block-etoro-card-size-small wp-block-etoro-card-thumbnail-position-side wp-block-etoro-card-default\"><img decoding=\"async\" src=\"https:\/\/www.etoro.com\/wp-content\/uploads\/2023\/06\/Frame-60-1.png\" alt=\"Lu\u00f4n c\u1ed1 g\u1eafng \u0111\u1ec3 tr\u1edf n\u00ean xu\u1ea5t s\u1eafc\" class=\"wp-block-etoro-card-thumbnail\"\/><div class=\"wp-block-etoro-card-body\"><div class=\"wp-block-etoro-card-title\">Lu\u00f4n c\u1ed1 g\u1eafng \u0111\u1ec3 tr\u1edf n\u00ean xu\u1ea5t s\u1eafc<\/div><div class=\"wp-block-etoro-card-content\">\n<p>Nh\u1eb1m cung c\u1ea5p tr\u1ea3i nghi\u1ec7m ng\u01b0\u1eddi d\u00f9ng t\u1ed1t nh\u1ea5t c\u00f3 th\u1ec3, ch\u00fang t\u00f4i c\u1ed1 g\u1eafng d\u1ef1 \u0111o\u00e1n v\u00e0 v\u01b0\u1ee3t qua mong \u0111\u1ee3i c\u1ee7a b\u1ea1n b\u1eb1ng c\u00e1ch \u0111\u1eb7t b\u1ea1n v\u00e0o trung t\u00e2m c\u1ee7a m\u1ecdi quy\u1ebft \u0111\u1ecbnh. L\u00e0 m\u1ed9t doanh nghi\u1ec7p \u0111\u01b0\u1ee3c gi\u00e1m s\u00e1t, ch\u00fang t\u00f4i \u00e1p d\u1ee5ng c\u00e1c gi\u1ea3i ph\u00e1p ti\u00ean ti\u1ebfn nh\u1ea5t \u0111\u1ec3 b\u1ea3o v\u1ec7 nghi\u00eam ng\u1eb7t quy\u1ec1n ri\u00eang t\u01b0 v\u00e0 s\u1ef1 an to\u00e0n c\u1ee7a b\u1ea1n.<\/p>\n<\/div><\/div><\/div>\n<\/div>\n<\/div>\n\n\n\n<div class=\"wp-block-columns are-vertically-aligned-top wp-block-columns-2 wp-block-columns-1 is-layout-flex wp-container-core-columns-is-layout-5 wp-block-columns-is-layout-flex\">\n<div class=\"wp-block-column is-layout-flow wp-block-column-is-layout-flow\">\n<div class=\"wp-block-etoro-card wp-block-etoro-card-size-small wp-block-etoro-card-thumbnail-position-side wp-block-etoro-card-default\"><img decoding=\"async\" src=\"https:\/\/www.etoro.com\/wp-content\/uploads\/2023\/06\/Rocket-ship.png\" alt=\"Trao quy\u1ec1n cho b\u1ea1n\" class=\"wp-block-etoro-card-thumbnail\"\/><div class=\"wp-block-etoro-card-body\"><div class=\"wp-block-etoro-card-title\">Trao quy\u1ec1n cho b\u1ea1n<\/div><div class=\"wp-block-etoro-card-content\">\n<p>Thi\u1ebfu kinh nghi\u1ec7m v\u00e0 thi\u1ebfu ki\u1ebfn th\u1ee9c l\u00e0 2 trong s\u1ed1 nh\u1eefng l\u00fd do ch\u00ednh khi\u1ebfn m\u1ecdi ng\u01b0\u1eddi kh\u00f4ng \u0111\u1ea7u t\u01b0. Ch\u00fang t\u00f4i mu\u1ed1n gi\u00fap b\u1ea1n tho\u00e1t kh\u1ecfi r\u00e0o c\u1ea3n \u0111\u00f3 b\u1eb1ng c\u00e1ch cung c\u1ea5p c\u00e1c c\u00f4ng c\u1ee5 v\u00e0 t\u00e0i nguy\u00ean gi\u00e1o d\u1ee5c, c\u00f9ng m\u1ed9t n\u1ec1n t\u1ea3ng d\u1ec5 s\u1eed d\u1ee5ng \u2013 t\u1ea5t c\u1ea3 nh\u1eb1m h\u1ed7 tr\u1ee3 h\u00e0nh tr\u00ecnh \u0111\u1ea7u t\u01b0 c\u1ee7a b\u1ea1n.<\/p>\n<\/div><\/div><\/div>\n<\/div>\n\n\n\n<div class=\"wp-block-column is-layout-flow wp-block-column-is-layout-flow\"><\/div>\n<\/div>\n<\/div><\/section>\n","protected":false},"excerpt":{"rendered":"<p>M\u1ed9t th\u1ebf gi\u1edbi n\u01a1i m\u1ecdi ng\u01b0\u1eddi c\u00f3 th\u1ec3 giao d\u1ecbch v\u00e0 \u0111\u1ea7u t\u01b0 m\u1ed9t c\u00e1ch \u0111\u01a1n gi\u1ea3n v\u00e0 minh b\u1ea1ch. S\u1ee9 m\u1ec7nh c\u1ee7a ch\u00fang t\u00f4i M\u1edf c\u1eeda th\u1ecb tr\u01b0\u1eddng to\u00e0n c\u1ea7u, k\u1ebft n\u1ed1i b\u1ea1n v\u1edbi c\u00e1c nh\u00e0 \u0111\u1ea7u t\u01b0 h\u00e0ng \u0111\u1ea7u v\u00e0 cung c\u1ea5p nh\u1eefng c\u00f4ng c\u1ee5 c\u1ea7n thi\u1ebft \u0111\u1ec3 b\u1ea1n t\u0103ng tr\u01b0\u1edfng ki\u1ebfn th\u1ee9c&hellip;<\/p>\n","protected":false},"author":1,"featured_media":1060962,"parent":35374,"menu_order":2032,"comment_status":"closed","ping_status":"closed","template":"","meta":{"_acf_changed":true,"inline_featured_image":false,"sticky_cta_settings":"","footnotes":""},"asset_type":[],"class_list":["post-35387","page","type-page","status-publish","has-post-thumbnail","hentry"],"acf":[],"yoast_head":"<title>Tuy\u00ean b\u1ed1 T\u1ea7m nh\u00ecn &amp; S\u1ee9 m\u1ec7nh | eToro<\/title>\n<meta name=\"description\" content=\"Tham gia eToro \u2014 nh\u00e0 ti\u00ean phong trong giao d\u1ecbch tr\u1ef1c tuy\u1ebfn h\u01a1n 10 n\u0103m qua. S\u1ee9 m\u1ec7nh c\u1ee7a ch\u00fang t\u00f4i: t\u1ea1o ra 1 th\u1ebf gi\u1edbi n\u01a1i vi\u1ec7c \u0111\u1ea7u t\u01b0 c\u1ef1c k\u1ef3 \u0111\u01a1n gi\u1ea3n &amp; minh b\u1ea1ch.\" \/>\n<meta name=\"robots\" content=\"noindex\" \/>\n<meta property=\"og:locale\" content=\"vi_VN\" \/>\n<meta property=\"og:type\" content=\"article\" \/>\n<meta property=\"og:title\" content=\"Tuy\u00ean b\u1ed1 T\u1ea7m nh\u00ecn &amp; S\u1ee9 m\u1ec7nh | eToro\" \/>\n<meta property=\"og:description\" content=\"Tham gia eToro \u2014 nh\u00e0 ti\u00ean phong trong giao d\u1ecbch tr\u1ef1c tuy\u1ebfn h\u01a1n 10 n\u0103m qua. S\u1ee9 m\u1ec7nh c\u1ee7a ch\u00fang t\u00f4i: t\u1ea1o ra 1 th\u1ebf gi\u1edbi n\u01a1i vi\u1ec7c \u0111\u1ea7u t\u01b0 c\u1ef1c k\u1ef3 \u0111\u01a1n gi\u1ea3n &amp; minh b\u1ea1ch.\" \/>\n<meta property=\"og:url\" content=\"https:\/\/www.etoro.com\/vi-vn\/wp-json\/wp\/v2\/pages\/35387\" \/>\n<meta property=\"og:site_name\" content=\"eToro\" \/>\n<meta property=\"article:publisher\" content=\"https:\/\/www.facebook.com\/eToro\/\" \/>\n<meta property=\"article:modified_time\" content=\"2025-05-11T08:08:30+00:00\" \/>\n<meta property=\"og:image\" content=\"https:\/\/www.etoro.com\/wp-content\/uploads\/2025\/05\/Our-Vision-Featured-1200x630-1.jpg\" \/>\n\t<meta property=\"og:image:width\" content=\"1200\" \/>\n\t<meta property=\"og:image:height\" content=\"630\" \/>\n\t<meta property=\"og:image:type\" content=\"image\/jpeg\" \/>\n<meta name=\"twitter:card\" content=\"summary_large_image\" \/>\n<meta name=\"twitter:site\" content=\"@eToro\" \/>\n<script type=\"application\/ld+json\" class=\"yoast-schema-graph\">{\"@context\":\"https:\/\/schema.org\",\"@graph\":[{\"@type\":\"WebPage\",\"@id\":\"https:\/\/www.etoro.com\/vi-vn\/about\/vision\/\",\"url\":\"https:\/\/www.etoro.com\/vi-vn\/about\/vision\/\",\"name\":\"Tuy\u00ean b\u1ed1 T\u1ea7m nh\u00ecn & S\u1ee9 m\u1ec7nh | eToro\",\"isPartOf\":{\"@id\":\"https:\/\/www.etoro.com\/vi-vn\/#website\"},\"primaryImageOfPage\":{\"@id\":\"https:\/\/www.etoro.com\/vi-vn\/about\/vision\/#primaryimage\"},\"image\":{\"@id\":\"https:\/\/www.etoro.com\/vi-vn\/about\/vision\/#primaryimage\"},\"thumbnailUrl\":\"https:\/\/www.etoro.com\/wp-content\/uploads\/2025\/05\/Our-Vision-Featured-1200x630-1.jpg\",\"datePublished\":\"2017-08-07T09:51:57+00:00\",\"dateModified\":\"2025-05-11T08:08:30+00:00\",\"description\":\"Tham gia eToro \u2014 nh\u00e0 ti\u00ean phong trong giao d\u1ecbch tr\u1ef1c tuy\u1ebfn h\u01a1n 10 n\u0103m qua. S\u1ee9 m\u1ec7nh c\u1ee7a ch\u00fang t\u00f4i: t\u1ea1o ra 1 th\u1ebf gi\u1edbi n\u01a1i vi\u1ec7c \u0111\u1ea7u t\u01b0 c\u1ef1c k\u1ef3 \u0111\u01a1n gi\u1ea3n & minh b\u1ea1ch.\",\"breadcrumb\":{\"@id\":\"https:\/\/www.etoro.com\/vi-vn\/about\/vision\/#breadcrumb\"},\"inLanguage\":\"vi\",\"potentialAction\":[{\"@type\":\"ReadAction\",\"target\":[\"https:\/\/www.etoro.com\/vi-vn\/about\/vision\/\"]}]},{\"@type\":\"ImageObject\",\"inLanguage\":\"vi\",\"@id\":\"https:\/\/www.etoro.com\/vi-vn\/about\/vision\/#primaryimage\",\"url\":\"https:\/\/www.etoro.com\/wp-content\/uploads\/2025\/05\/Our-Vision-Featured-1200x630-1.jpg\",\"contentUrl\":\"https:\/\/www.etoro.com\/wp-content\/uploads\/2025\/05\/Our-Vision-Featured-1200x630-1.jpg\",\"width\":1200,\"height\":630},{\"@type\":\"BreadcrumbList\",\"@id\":\"https:\/\/www.etoro.com\/vi-vn\/about\/vision\/#breadcrumb\",\"itemListElement\":[{\"@type\":\"ListItem\",\"position\":1,\"name\":\"Trang ch\u1ee7\",\"item\":\"https:\/\/www.etoro.com\/vi-vn\/\"},{\"@type\":\"ListItem\",\"position\":2,\"name\":\"About eToro\",\"item\":\"https:\/\/www.etoro.com\/vi-vn\/about\/\"},{\"@type\":\"ListItem\",\"position\":3,\"name\":\"Our Vision\"}]},{\"@type\":\"WebSite\",\"@id\":\"https:\/\/www.etoro.com\/vi-vn\/#website\",\"url\":\"https:\/\/www.etoro.com\/vi-vn\/\",\"name\":\"eToro\",\"description\":\"\",\"publisher\":{\"@id\":\"https:\/\/www.etoro.com\/vi-vn\/#organization\"},\"potentialAction\":[{\"@type\":\"SearchAction\",\"target\":{\"@type\":\"EntryPoint\",\"urlTemplate\":\"https:\/\/www.etoro.com\/vi-vn\/?s={search_term_string}\"},\"query-input\":{\"@type\":\"PropertyValueSpecification\",\"valueRequired\":true,\"valueName\":\"search_term_string\"}}],\"inLanguage\":\"vi\"},[]]}<\/script>","yoast_head_json":{"title":"Tuy\u00ean b\u1ed1 T\u1ea7m nh\u00ecn & S\u1ee9 m\u1ec7nh | eToro","description":"Tham gia eToro \u2014 nh\u00e0 ti\u00ean phong trong giao d\u1ecbch tr\u1ef1c tuy\u1ebfn h\u01a1n 10 n\u0103m qua. S\u1ee9 m\u1ec7nh c\u1ee7a ch\u00fang t\u00f4i: t\u1ea1o ra 1 th\u1ebf gi\u1edbi n\u01a1i vi\u1ec7c \u0111\u1ea7u t\u01b0 c\u1ef1c k\u1ef3 \u0111\u01a1n gi\u1ea3n & minh b\u1ea1ch.","robots":{"index":"noindex"},"og_locale":"vi_VN","og_type":"article","og_title":"Tuy\u00ean b\u1ed1 T\u1ea7m nh\u00ecn & S\u1ee9 m\u1ec7nh | eToro","og_description":"Tham gia eToro \u2014 nh\u00e0 ti\u00ean phong trong giao d\u1ecbch tr\u1ef1c tuy\u1ebfn h\u01a1n 10 n\u0103m qua. S\u1ee9 m\u1ec7nh c\u1ee7a ch\u00fang t\u00f4i: t\u1ea1o ra 1 th\u1ebf gi\u1edbi n\u01a1i vi\u1ec7c \u0111\u1ea7u t\u01b0 c\u1ef1c k\u1ef3 \u0111\u01a1n gi\u1ea3n & minh b\u1ea1ch.","og_url":"https:\/\/www.etoro.com\/vi-vn\/wp-json\/wp\/v2\/pages\/35387","og_site_name":"eToro","article_publisher":"https:\/\/www.facebook.com\/eToro\/","article_modified_time":"2025-05-11T08:08:30+00:00","og_image":[{"width":1200,"height":630,"url":"https:\/\/www.etoro.com\/wp-content\/uploads\/2025\/05\/Our-Vision-Featured-1200x630-1.jpg","type":"image\/jpeg"}],"twitter_card":"summary_large_image","twitter_site":"@eToro","schema":{"@context":"https:\/\/schema.org","@graph":[{"@type":"WebPage","@id":"https:\/\/www.etoro.com\/vi-vn\/about\/vision\/","url":"https:\/\/www.etoro.com\/vi-vn\/about\/vision\/","name":"Tuy\u00ean b\u1ed1 T\u1ea7m nh\u00ecn & S\u1ee9 m\u1ec7nh | eToro","isPartOf":{"@id":"https:\/\/www.etoro.com\/vi-vn\/#website"},"primaryImageOfPage":{"@id":"https:\/\/www.etoro.com\/vi-vn\/about\/vision\/#primaryimage"},"image":{"@id":"https:\/\/www.etoro.com\/vi-vn\/about\/vision\/#primaryimage"},"thumbnailUrl":"https:\/\/www.etoro.com\/wp-content\/uploads\/2025\/05\/Our-Vision-Featured-1200x630-1.jpg","datePublished":"2017-08-07T09:51:57+00:00","dateModified":"2025-05-11T08:08:30+00:00","description":"Tham gia eToro \u2014 nh\u00e0 ti\u00ean phong trong giao d\u1ecbch tr\u1ef1c tuy\u1ebfn h\u01a1n 10 n\u0103m qua. S\u1ee9 m\u1ec7nh c\u1ee7a ch\u00fang t\u00f4i: t\u1ea1o ra 1 th\u1ebf gi\u1edbi n\u01a1i vi\u1ec7c \u0111\u1ea7u t\u01b0 c\u1ef1c k\u1ef3 \u0111\u01a1n gi\u1ea3n & minh b\u1ea1ch.","breadcrumb":{"@id":"https:\/\/www.etoro.com\/vi-vn\/about\/vision\/#breadcrumb"},"inLanguage":"vi","potentialAction":[{"@type":"ReadAction","target":["https:\/\/www.etoro.com\/vi-vn\/about\/vision\/"]}]},{"@type":"ImageObject","inLanguage":"vi","@id":"https:\/\/www.etoro.com\/vi-vn\/about\/vision\/#primaryimage","url":"https:\/\/www.etoro.com\/wp-content\/uploads\/2025\/05\/Our-Vision-Featured-1200x630-1.jpg","contentUrl":"https:\/\/www.etoro.com\/wp-content\/uploads\/2025\/05\/Our-Vision-Featured-1200x630-1.jpg","width":1200,"height":630},{"@type":"BreadcrumbList","@id":"https:\/\/www.etoro.com\/vi-vn\/about\/vision\/#breadcrumb","itemListElement":[{"@type":"ListItem","position":1,"name":"Trang ch\u1ee7","item":"https:\/\/www.etoro.com\/vi-vn\/"},{"@type":"ListItem","position":2,"name":"About eToro","item":"https:\/\/www.etoro.com\/vi-vn\/about\/"},{"@type":"ListItem","position":3,"name":"Our Vision"}]},{"@type":"WebSite","@id":"https:\/\/www.etoro.com\/vi-vn\/#website","url":"https:\/\/www.etoro.com\/vi-vn\/","name":"eToro","description":"","publisher":{"@id":"https:\/\/www.etoro.com\/vi-vn\/#organization"},"potentialAction":[{"@type":"SearchAction","target":{"@type":"EntryPoint","urlTemplate":"https:\/\/www.etoro.com\/vi-vn\/?s={search_term_string}"},"query-input":{"@type":"PropertyValueSpecification","valueRequired":true,"valueName":"search_term_string"}}],"inLanguage":"vi"},[]]}},"_links":{"self":[{"href":"https:\/\/www.etoro.com\/vi-vn\/wp-json\/wp\/v2\/pages\/35387"}],"collection":[{"href":"https:\/\/www.etoro.com\/vi-vn\/wp-json\/wp\/v2\/pages"}],"about":[{"href":"https:\/\/www.etoro.com\/vi-vn\/wp-json\/wp\/v2\/types\/page"}],"author":[{"embeddable":true,"href":"https:\/\/www.etoro.com\/vi-vn\/wp-json\/wp\/v2\/users\/1"}],"replies":[{"embeddable":true,"href":"https:\/\/www.etoro.com\/vi-vn\/wp-json\/wp\/v2\/comments?post=35387"}],"version-history":[{"count":0,"href":"https:\/\/www.etoro.com\/vi-vn\/wp-json\/wp\/v2\/pages\/35387\/revisions"}],"up":[{"embeddable":true,"href":"https:\/\/www.etoro.com\/vi-vn\/wp-json\/wp\/v2\/pages\/35374"}],"wp:featuredmedia":[{"embeddable":true,"href":"https:\/\/www.etoro.com\/vi-vn\/wp-json\/wp\/v2\/media\/1060962"}],"wp:attachment":[{"href":"https:\/\/www.etoro.com\/vi-vn\/wp-json\/wp\/v2\/media?parent=35387"}],"wp:term":[{"taxonomy":"asset_type","embeddable":true,"href":"https:\/\/www.etoro.com\/vi-vn\/wp-json\/wp\/v2\/asset_type?post=35387"}],"curies":[{"name":"wp","href":"https:\/\/api.w.org\/{rel}","templated":true}]}}