{"id":35940,"date":"2018-02-28T17:45:54","date_gmt":"2018-02-28T15:45:54","guid":{"rendered":"http:\/\/www.etoro.com\/account-verification\/"},"modified":"2025-05-12T15:06:31","modified_gmt":"2025-05-12T12:06:31","slug":"account-verification","status":"publish","type":"page","link":"https:\/\/www.etoro.com\/vi-vn\/customer-service\/account-verification\/","title":{"rendered":"C\u00e1ch x\u00e1c minh t\u00e0i kho\u1ea3n eToro"},"content":{"rendered":"\n<section class=\"wp-block-group wp-block-group-boxed\"><div class=\"wp-block-group-inner is-layout-flow wp-block-group-is-layout-flow\">\n<div class=\"wp-block-columns are-vertically-aligned-top wp-block-columns-1 is-layout-flex wp-container-core-columns-is-layout-1 wp-block-columns-is-layout-flex\">\n<div class=\"wp-block-column is-layout-flow wp-block-column-is-layout-flow\"><\/div>\n<\/div>\n\n\n\n<p><strong>X\u00e1c minh t\u00e0i kho\u1ea3n l\u00e0 m\u1ed9t ph\u1ea7n b\u1eaft bu\u1ed9c c\u1ee7a quy tr\u00ecnh \u0111\u0103ng k\u00fd tr\u00ean n\u1ec1n t\u1ea3ng eToro. C\u00e1c y\u00eau c\u1ea7u qu\u1ea3n l\u00fd bu\u1ed9c ch\u00fang t\u00f4i ph\u1ea3i x\u00e1c minh t\u1ea5t c\u1ea3 t\u00e0i kho\u1ea3n eToro m\u1edbi t\u1ea1o. Vi\u1ec7c n\u00e0y gi\u00fap n\u1ec1n t\u1ea3ng c\u1ee7a ch\u00fang t\u00f4i b\u1ea3o m\u1eadt v\u00e0 tr\u00e1nh c\u00e1c ho\u1ea1t \u0111\u1ed9ng kh\u00f4ng \u0111\u01b0\u1ee3c ch\u00e0o \u0111\u00f3n.<\/strong><\/p>\n\n\n\n<p>Sau khi t\u00e0i kho\u1ea3n c\u1ee7a b\u1ea1n \u0111\u01b0\u1ee3c x\u00e1c minh, b\u1ea1n s\u1ebd c\u00f3 th\u1ec3 t\u1eadn h\u01b0\u1edfng to\u00e0n b\u1ed9 ti\u1ec7n \u00edch c\u1ee7a n\u1ec1n t\u1ea3ng eToro. \u0110\u1ec3 x\u00e1c minh t\u00e0i kho\u1ea3n, b\u1ea1n c\u1ea7n t\u1ea3i c\u1ea3 gi\u1ea5y t\u1edd tu\u1ef3 th\u00e2n (POI) v\u00e0 gi\u1ea5y t\u1edd ch\u1ee9ng minh \u0111\u1ecba ch\u1ec9 (POA) c\u1ee7a m\u00ecnh l\u00ean. Ch\u1ec9 sau khi b\u1ea1n cung c\u1ea5p cho ch\u00fang t\u00f4i c\u1ea3 hai t\u00e0i li\u1ec7u n\u00e0y th\u00ec quy tr\u00ecnh x\u00e1c minh c\u1ee7a b\u1ea1n m\u1edbi c\u00f3 th\u1ec3 b\u1eaft \u0111\u1ea7u. B\u1ea1n c\u00f3 th\u1ec3 s\u1eed d\u1ee5ng \u1ee9ng d\u1ee5ng eToro \u0111\u1ec3 qu\u00e9t t\u00e0i li\u1ec7u c\u1ee7a m\u00ecnh tr\u1ef1c ti\u1ebfp l\u00ean n\u1ec1n t\u1ea3ng.<\/p>\n\n\n<figure class=\"wp-block-embed is-type-video is-provider-youtube wp-block-embed-youtube wp-embed-aspect-16-9 wp-has-aspect-ratio\"><a href=\"https:\/\/www.youtube.com\/watch?v=aMbvkxcpjTw\" data-fancybox class=\"wp-block-embed-link\" rel=\"nofollow noopener noreferrer\" >\n\t\t\t\t<img decoding=\"async\" src=\"https:\/\/img.youtube.com\/vi\/aMbvkxcpjTw\/maxresdefault.jpg\" alt=\"\" class=\"wp-block-embed-preview\">\n\t\t\t<\/a><\/figure><\/div><\/section>\n\n\n\n<section class=\"wp-block-group wp-block-group-boxed wp-block-group-medium-top-padding has-white-background-color has-background\"><div class=\"wp-block-group-inner is-layout-flow wp-block-group-is-layout-flow\">\n<div class=\"wp-block-columns are-vertically-aligned-top wp-block-columns-1 is-layout-flex wp-container-core-columns-is-layout-2 wp-block-columns-is-layout-flex\">\n<div class=\"wp-block-column is-layout-flow wp-block-column-is-layout-flow\">\n<h2 class=\"wp-block-heading\"><span>Gi\u1ea5y t\u1edd tu\u1ef3 th\u00e2n<\/span><\/h2>\n<\/div>\n<\/div>\n\n\n\n<hr class=\"wp-block-separator wp-block-separator-color-dark-grey wp-block-separator-spaces-small wp-block-separator-weight-1\"\/>\n\n\n\n<p>T\u00e0i li\u1ec7u POI c\u1ee7a b\u1ea1n n\u00ean ch\u1ee9a t\u00ean, ng\u00e0y sinh, m\u1ed9t \u1ea3nh r\u00f5 r\u00e0ng, ng\u00e0y c\u1ea5p v\u00e0 n\u1ebfu c\u00f3 ng\u00e0y h\u1ebft h\u1ea1n, th\u00f4ng tin n\u00e0y c\u0169ng n\u00ean \u0111\u01b0\u1ee3c hi\u1ec3n th\u1ecb. H\u1ed9 chi\u1ebfu l\u00e0 gi\u1ea5y t\u1edd ch\u1ee9ng minh nh\u00e2n th\u00e2n t\u1ed1t nh\u1ea5t, b\u1edfi \u0111\u00e2y l\u00e0 t\u00e0i li\u1ec7u m\u00e0 nh\u00f3m eToro c\u00f3 th\u1ec3 x\u1eed l\u00fd nhanh nh\u1ea5t. Ho\u1eb7c, b\u1ea1n c\u0169ng c\u00f3 th\u1ec3 s\u1eed d\u1ee5ng gi\u1ea5y ph\u00e9p l\u00e1i xe ho\u1eb7c b\u1ea5t k\u1ef3 gi\u1ea5y t\u1edd t\u00f9y th\u00e2n n\u00e0o do ch\u00ednh ph\u1ee7 c\u1ea5p. N\u1ebfu t\u00e0i li\u1ec7u n\u00e0y c\u00f3 hai m\u1eb7t, v\u00e0 c\u00f3 th\u00f4ng tin li\u00ean quan \u1edf m\u1eb7t sau, h\u00e3y \u0111\u1ea3m b\u1ea3o t\u1ea3i l\u00ean c\u1ea3 m\u1eb7t \u0111\u00f3 n\u1eefa.<\/p>\n\n\n\n<p><strong>M\u1ecdi th\u00f4ng tin tr\u00ean POI c\u1ee7a b\u1ea1n n\u00ean \u0111\u01b0\u1ee3c hi\u1ec3n th\u1ecb r\u00f5 r\u00e0ng<\/strong><\/p>\n\n\n\n<hr class=\"wp-block-separator wp-block-separator-color-dark-grey wp-block-separator-spaces-small wp-block-separator-weight-1\"\/>\n\n\n\n<figure class=\"wp-block-image size-large wp-block-image-has-mobile\"><img loading=\"lazy\" decoding=\"async\" width=\"1024\" height=\"247\" src=\"https:\/\/www.etoro.com\/wp-content\/uploads\/2025\/01\/image-1-2-1024x247.png\" alt=\"\" class=\"wp-image-979317 wp-image-desktop\" srcset=\"https:\/\/www.etoro.com\/wp-content\/uploads\/2025\/01\/image-1-2-1024x247.png 1024w, https:\/\/www.etoro.com\/wp-content\/uploads\/2025\/01\/image-1-2-300x72.png 300w, https:\/\/www.etoro.com\/wp-content\/uploads\/2025\/01\/image-1-2-768x185.png 768w, https:\/\/www.etoro.com\/wp-content\/uploads\/2025\/01\/image-1-2.png 1060w\" sizes=\"(max-width: 1024px) 100vw, 1024px\" \/><img loading=\"lazy\" decoding=\"async\" width=\"343\" height=\"103\" src=\"https:\/\/www.etoro.com\/wp-content\/uploads\/2025\/01\/Frame-20413297-1.png\" alt=\"\" class=\"wp-image-979367 wp-image-mobile\" srcset=\"https:\/\/www.etoro.com\/wp-content\/uploads\/2025\/01\/Frame-20413297-1.png 343w, https:\/\/www.etoro.com\/wp-content\/uploads\/2025\/01\/Frame-20413297-1-300x90.png 300w\" sizes=\"(max-width: 343px) 100vw, 343px\" \/><\/figure>\n\n\n\n<p><strong>T\u1ea3i l\u00ean to\u00e0n b\u1ed9 t\u00e0i li\u1ec7u r\u00f5 n\u00e9t v\u00e0 kh\u00f4ng c\u1eaft c\u00fap<\/strong><\/p>\n\n\n\n<hr class=\"wp-block-separator wp-block-separator-color-dark-grey wp-block-separator-spaces-small wp-block-separator-weight-1\"\/>\n\n\n\n<figure class=\"wp-block-image size-large wp-block-image-has-mobile\"><img loading=\"lazy\" decoding=\"async\" width=\"1024\" height=\"286\" src=\"https:\/\/www.etoro.com\/wp-content\/uploads\/2025\/01\/Frame-20413298-1-1024x286.png\" alt=\"\" class=\"wp-image-979341 wp-image-desktop\" srcset=\"https:\/\/www.etoro.com\/wp-content\/uploads\/2025\/01\/Frame-20413298-1-1024x286.png 1024w, https:\/\/www.etoro.com\/wp-content\/uploads\/2025\/01\/Frame-20413298-1-300x84.png 300w, https:\/\/www.etoro.com\/wp-content\/uploads\/2025\/01\/Frame-20413298-1-768x214.png 768w, https:\/\/www.etoro.com\/wp-content\/uploads\/2025\/01\/Frame-20413298-1.png 1060w\" sizes=\"(max-width: 1024px) 100vw, 1024px\" \/><img loading=\"lazy\" decoding=\"async\" width=\"343\" height=\"84\" src=\"https:\/\/www.etoro.com\/wp-content\/uploads\/2025\/01\/image-2-1.png\" alt=\"\" class=\"wp-image-979391 wp-image-mobile\" srcset=\"https:\/\/www.etoro.com\/wp-content\/uploads\/2025\/01\/image-2-1.png 343w, https:\/\/www.etoro.com\/wp-content\/uploads\/2025\/01\/image-2-1-300x73.png 300w\" sizes=\"(max-width: 343px) 100vw, 343px\" \/><\/figure>\n\n\n\n<p><strong>\u0110\u1ec3 t\u1ea3i l\u00ean POI c\u1ee7a b\u1ea1n ngay,&nbsp;<a href=\"https:\/\/www.etoro.com\/settings\/account?action=autokyc&amp;deepLink=uploadID\">h\u00e3y nh\u1ea5n v\u00e0o \u0111\u00e2y<\/a>.<\/strong><\/p>\n<\/div><\/section>\n\n\n\n<section class=\"wp-block-group wp-block-group-boxed\"><div class=\"wp-block-group-inner is-layout-flow wp-block-group-is-layout-flow\">\n<div class=\"wp-block-columns are-vertically-aligned-top wp-block-columns-1 is-layout-flex wp-container-core-columns-is-layout-3 wp-block-columns-is-layout-flex\">\n<div class=\"wp-block-column is-layout-flow wp-block-column-is-layout-flow\">\n<h2 class=\"wp-block-heading\"><span>Gi\u1ea5y t\u1edd ch\u1ee9ng minh \u0111\u1ecba ch\u1ec9<\/span><\/h2>\n<\/div>\n<\/div>\n\n\n\n<hr class=\"wp-block-separator wp-block-separator-color-dark-grey wp-block-separator-spaces-small wp-block-separator-weight-1\"\/>\n\n\n\n<p>T\u00e0i li\u1ec7u POA c\u1ee7a b\u1ea1n n\u00ean ch\u1ee9a t\u00ean \u0111\u1ea7y \u0111\u1ee7, \u0111\u1ecba ch\u1ec9 v\u00e0 ng\u00e0y c\u1ea5p, v\u00e0 kh\u00f4ng \u0111\u01b0\u1ee3c c\u0169 h\u01a1n 3 th\u00e1ng. T\u00ean ho\u1eb7c logo c\u1ee7a \u0111\u01a1n v\u1ecb c\u1ea5p c\u0169ng c\u1ea7n \u0111\u01b0\u1ee3c hi\u1ec3n th\u1ecb r\u00f5 r\u00e0ng. H\u00e3y nh\u1edb qu\u00e9t t\u00e0i li\u1ec7u c\u1ee7a b\u1ea1n tr\u00ean m\u1ed9t n\u1ec1n kh\u00e1c m\u00e0u, \u0111\u1ec3 c\u1ea3 b\u1ed1n g\u00f3c \u0111\u1ec1u hi\u1ec3n th\u1ecb r\u00f5 r\u00e0ng.<\/p>\n\n\n\n<p class=\"is-style-heading-4\">Gi\u1ea5y t\u1edd ch\u1ee9ng minh \u0111\u1ecba ch\u1ec9 c\u1ee7a b\u1ea1n c\u00f3 th\u1ec3 l\u00e0 m\u1ed9t trong nh\u1eefng t\u00e0i li\u1ec7u sau:<\/p>\n\n\n\n<div class=\"wp-block-columns are-vertically-aligned-top wp-block-columns-3 is-layout-flex wp-container-core-columns-is-layout-4 wp-block-columns-is-layout-flex\">\n<div class=\"wp-block-column is-layout-flow wp-block-column-is-layout-flow\">\n<ul class=\"wp-block-list wp-block-list wp-block-list-circle\">\n<li>H\u00f3a \u0111\u01a1n ti\u1ec1n \u0111i\u1ec7n\/n\u01b0\u1edbc\/ga\/internet<\/li>\n\n\n\n<li>Sao k\u00ea th\u1ebb t\u00edn d\u1ee5ng<\/li>\n<\/ul>\n<\/div>\n\n\n\n<div class=\"wp-block-column is-layout-flow wp-block-column-is-layout-flow\">\n<ul class=\"wp-block-list wp-block-list wp-block-list-circle\">\n<li>Th\u01b0 t\u1eeb th\u00e0nh ph\u1ed1 c\u1ee7a b\u1ea1n<\/li>\n\n\n\n<li>Sao k\u00ea ng\u00e2n h\u00e0ng<\/li>\n<\/ul>\n<\/div>\n\n\n\n<div class=\"wp-block-column is-layout-flow wp-block-column-is-layout-flow\">\n<ul class=\"wp-block-list wp-block-list wp-block-list-circle\">\n<li>H\u1ee3p \u0111\u1ed3ng Ch\u00ednh th\u1ee9c cho Thu\u00ea nh\u00e0 \u2013 Do Ch\u00ednh quy\u1ec1n c\u1ea5p<\/li>\n\n\n\n<li>Th\u01b0 ho\u1eb7c h\u00f3a \u0111\u01a1n n\u1ed9p thu\u1ebf<\/li>\n<\/ul>\n<\/div>\n<\/div>\n<\/div><\/section>\n\n\n\n<section class=\"wp-block-group wp-block-group-boxed has-white-background-color has-background\"><div class=\"wp-block-group-inner is-layout-flow wp-block-group-is-layout-flow\">\n<div class=\"wp-block-columns are-vertically-aligned-top wp-block-columns-1 is-layout-flex wp-container-core-columns-is-layout-5 wp-block-columns-is-layout-flex\">\n<div class=\"wp-block-column is-layout-flow wp-block-column-is-layout-flow\">\n<p><strong>T\u00e0i li\u1ec7u c\u1ee7a b\u1ea1n c\u1ea7n \u0111\u01b0\u1ee3c qu\u00e9t trong t\u00ecnh tr\u1ea1ng \u00e9p ph\u1eb3ng<\/strong><\/p>\n<\/div>\n<\/div>\n\n\n\n<hr class=\"wp-block-separator wp-block-separator-color-dark-grey wp-block-separator-spaces-small wp-block-separator-weight-1\"\/>\n\n\n\n<figure class=\"wp-block-image size-large wp-block-image-has-mobile\"><img loading=\"lazy\" decoding=\"async\" width=\"1024\" height=\"247\" src=\"https:\/\/www.etoro.com\/wp-content\/uploads\/2025\/01\/image-1-1-1024x247.png\" alt=\"\" class=\"wp-image-979254 wp-image-desktop\" srcset=\"https:\/\/www.etoro.com\/wp-content\/uploads\/2025\/01\/image-1-1-1024x247.png 1024w, https:\/\/www.etoro.com\/wp-content\/uploads\/2025\/01\/image-1-1-300x72.png 300w, https:\/\/www.etoro.com\/wp-content\/uploads\/2025\/01\/image-1-1-768x185.png 768w, https:\/\/www.etoro.com\/wp-content\/uploads\/2025\/01\/image-1-1.png 1060w\" sizes=\"(max-width: 1024px) 100vw, 1024px\" \/><img loading=\"lazy\" decoding=\"async\" width=\"343\" height=\"84\" src=\"https:\/\/www.etoro.com\/wp-content\/uploads\/2025\/01\/image-2-2.png\" alt=\"\" class=\"wp-image-979416 wp-image-mobile\" srcset=\"https:\/\/www.etoro.com\/wp-content\/uploads\/2025\/01\/image-2-2.png 343w, https:\/\/www.etoro.com\/wp-content\/uploads\/2025\/01\/image-2-2-300x73.png 300w\" sizes=\"(max-width: 343px) 100vw, 343px\" \/><\/figure>\n\n\n\n<p><strong>Kh\u00f4ng \u0111\u01b0\u1ee3c c\u1eaft c\u00fap v\u00e0 c\u1ea3 b\u1ed1n g\u00f3c ph\u1ea3i \u0111\u01b0\u1ee3c nh\u00ecn th\u1ea5y r\u00f5 r\u00e0ng<\/strong><\/p>\n\n\n\n<hr class=\"wp-block-separator wp-block-separator-color-dark-grey wp-block-separator-spaces-small wp-block-separator-weight-1\"\/>\n\n\n\n<figure class=\"wp-block-image size-large wp-block-image-has-mobile\"><img loading=\"lazy\" decoding=\"async\" width=\"1024\" height=\"247\" src=\"https:\/\/www.etoro.com\/wp-content\/uploads\/2025\/01\/image-2-1024x247.png\" alt=\"\" class=\"wp-image-979279 wp-image-desktop\" srcset=\"https:\/\/www.etoro.com\/wp-content\/uploads\/2025\/01\/image-2-1024x247.png 1024w, https:\/\/www.etoro.com\/wp-content\/uploads\/2025\/01\/image-2-300x72.png 300w, https:\/\/www.etoro.com\/wp-content\/uploads\/2025\/01\/image-2-768x185.png 768w, https:\/\/www.etoro.com\/wp-content\/uploads\/2025\/01\/image-2.png 1060w\" sizes=\"(max-width: 1024px) 100vw, 1024px\" \/><img loading=\"lazy\" decoding=\"async\" width=\"343\" height=\"84\" src=\"https:\/\/www.etoro.com\/wp-content\/uploads\/2025\/01\/image-2-3.png\" alt=\"\" class=\"wp-image-979440 wp-image-mobile\" srcset=\"https:\/\/www.etoro.com\/wp-content\/uploads\/2025\/01\/image-2-3.png 343w, https:\/\/www.etoro.com\/wp-content\/uploads\/2025\/01\/image-2-3-300x73.png 300w\" sizes=\"(max-width: 343px) 100vw, 343px\" \/><\/figure>\n\n\n\n<p><strong>*Xin l\u01b0u \u00fd ch\u00fang t\u00f4i kh\u00f4ng ch\u1ea5p nh\u1eadn \u1ea3nh ch\u1ee5p m\u00e0n h\u00ecnh n\u1ebfu POA c\u1ee7a b\u1ea1n \u0111\u01b0\u1ee3c ch\u1ee5p t\u1eeb m\u1ed9t t\u00e0i li\u1ec7u k\u1ef9 thu\u1eadt s\u1ed1.<\/strong><\/p>\n\n\n\n<p><strong>\u0110\u1ec3 t\u1ea3i l\u00ean POA c\u1ee7a b\u1ea1n ngay,&nbsp;<a href=\"https:\/\/www.etoro.com\/settings\/account?action=autokyc&amp;deepLink=uploadutilitybill\">h\u00e3y nh\u1ea5n v\u00e0o \u0111\u00e2y<\/a>.<\/strong><\/p>\n\n\n\n<p>Quy tr\u00ecnh x\u00e1c minh c\u00f3 th\u1ec3 m\u1ea5t m\u1ed9t v\u00e0i ng\u00e0y, ch\u00fang t\u00f4i s\u1ebd th\u00f4ng b\u00e1o sau khi ho\u00e0n t\u1ea5t vi\u1ec7c x\u00e1c minh t\u00e0i kho\u1ea3n c\u1ee7a b\u1ea1n. B\u1ea1n c\u0169ng c\u00f3 th\u1ec3 theo d\u00f5i tr\u1ea1ng th\u00e1i x\u00e1c minh c\u1ee7a m\u00ecnh tr\u00ean n\u1ec1n t\u1ea3ng eToro. C\u00e1c t\u00e0i kho\u1ea3n \u0111\u00e3 x\u00e1c minh s\u1ebd c\u00f3 d\u1ea5u t\u00edch m\u00e0u xanh l\u1ee5c c\u1ea1nh t\u00ean ng\u01b0\u1eddi d\u00f9ng tr\u00ean h\u1ed3 s\u01a1 c\u1ee7a h\u1ecd.<\/p>\n\n\n\n<p>\u0110\u1ed9i ng\u0169 c\u1ee7a ch\u00fang t\u00f4i s\u1ebd xem x\u00e9t t\u00e0i li\u1ec7u v\u00e0 c\u1eadp nh\u1eadt tr\u1ea1ng th\u00e1i x\u00e1c minh c\u1ee7a b\u1ea1n,&nbsp;<strong>b\u1ea1n s\u1ebd kh\u00f4ng c\u1ea7n m\u1edf phi\u1ebfu D\u1ecbch v\u1ee5 Kh\u00e1ch h\u00e0ng \u0111\u1ec3 h\u1ecfi v\u1ec1 quy tr\u00ecnh x\u00e1c minh c\u1ee7a m\u00ecnh<\/strong>. Trong tr\u01b0\u1eddng h\u1ee3p t\u00e0i li\u1ec7u c\u1ee7a b\u1ea1n b\u1ecb t\u1eeb ch\u1ed1i, ch\u00fang t\u00f4i s\u1ebd g\u1eedi m\u1ed9t email k\u00e8m l\u1eddi gi\u1ea3i th\u00edch r\u00f5 r\u00e0ng v\u1ec1 nh\u1eefng th\u00f4ng tin b\u1ea1n c\u1ea7n cung c\u1ea5p. \u0110\u1ec3 tr\u00e1nh th\u1ea5t l\u1ea1c email, h\u00e3y th\u00eam eToro v\u00e0o danh s\u00e1ch \u2018ng\u01b0\u1eddi g\u1eedi an to\u00e0n\u2019 c\u1ee7a b\u1ea1n trong ph\u1ea7n c\u00e0i \u0111\u1eb7t email.<\/p>\n<\/div><\/section>\n\n\n\n<p><\/p>\n","protected":false},"excerpt":{"rendered":"<p>X\u00e1c minh t\u00e0i kho\u1ea3n l\u00e0 m\u1ed9t ph\u1ea7n b\u1eaft bu\u1ed9c c\u1ee7a quy tr\u00ecnh \u0111\u0103ng k\u00fd tr\u00ean n\u1ec1n t\u1ea3ng eToro. C\u00e1c y\u00eau c\u1ea7u qu\u1ea3n l\u00fd bu\u1ed9c ch\u00fang t\u00f4i ph\u1ea3i x\u00e1c minh t\u1ea5t c\u1ea3 t\u00e0i kho\u1ea3n eToro m\u1edbi t\u1ea1o. Vi\u1ec7c n\u00e0y gi\u00fap n\u1ec1n t\u1ea3ng c\u1ee7a ch\u00fang t\u00f4i b\u1ea3o m\u1eadt v\u00e0 tr\u00e1nh c\u00e1c ho\u1ea1t \u0111\u1ed9ng kh\u00f4ng \u0111\u01b0\u1ee3c ch\u00e0o \u0111\u00f3n.&hellip;<\/p>\n","protected":false},"author":45,"featured_media":817853,"parent":35972,"menu_order":1078,"comment_status":"closed","ping_status":"closed","template":"","meta":{"_acf_changed":true,"inline_featured_image":false,"sticky_cta_settings":"","footnotes":""},"asset_type":[],"class_list":["post-35940","page","type-page","status-publish","has-post-thumbnail","hentry"],"acf":[],"yoast_head":"<title>C\u00e1ch x\u00e1c minh t\u00e0i kho\u1ea3n eToro - eToro<\/title>\n<meta name=\"description\" content=\"X\u00e1c minh t\u00e0i kho\u1ea3n eToro trong v\u00e0i b\u01b0\u1edbc. X\u00e1c minh t\u00e0i kho\u1ea3n l\u00e0 m\u1ed9t ph\u1ea7n b\u1eaft bu\u1ed9c khi \u0111\u0103ng k\u00fd \u0111\u1ec3 g\u1ee1 b\u1ecf c\u00e1c h\u1ea1n m\u1ee9c khi n\u1ea1p ti\u1ec1n.\" \/>\n<meta name=\"robots\" content=\"noindex\" \/>\n<meta property=\"og:locale\" content=\"vi_VN\" \/>\n<meta property=\"og:type\" content=\"article\" \/>\n<meta property=\"og:title\" content=\"C\u00e1ch x\u00e1c minh t\u00e0i kho\u1ea3n eToro - eToro\" \/>\n<meta property=\"og:description\" content=\"X\u00e1c minh t\u00e0i kho\u1ea3n eToro trong v\u00e0i b\u01b0\u1edbc. X\u00e1c minh t\u00e0i kho\u1ea3n l\u00e0 m\u1ed9t ph\u1ea7n b\u1eaft bu\u1ed9c khi \u0111\u0103ng k\u00fd \u0111\u1ec3 g\u1ee1 b\u1ecf c\u00e1c h\u1ea1n m\u1ee9c khi n\u1ea1p ti\u1ec1n.\" \/>\n<meta property=\"og:url\" content=\"https:\/\/www.etoro.com\/vi-vn\/wp-json\/wp\/v2\/pages\/35940\" \/>\n<meta property=\"og:site_name\" content=\"eToro\" \/>\n<meta property=\"article:publisher\" content=\"https:\/\/www.facebook.com\/eToro\/\" \/>\n<meta property=\"article:modified_time\" content=\"2025-05-12T12:06:31+00:00\" \/>\n<meta property=\"og:image\" content=\"https:\/\/www.etoro.com\/wp-content\/uploads\/2024\/01\/How-to-verify-your-eToro-account_Featured-image-1200x630_Vietnamese-vi-vn.png\" \/>\n\t<meta property=\"og:image:width\" content=\"1200\" \/>\n\t<meta property=\"og:image:height\" content=\"630\" \/>\n\t<meta property=\"og:image:type\" content=\"image\/png\" \/>\n<meta name=\"twitter:card\" content=\"summary_large_image\" \/>\n<meta name=\"twitter:site\" content=\"@eToro\" \/>\n<meta name=\"twitter:label1\" content=\"\u01af\u1edbc t\u00ednh th\u1eddi gian \u0111\u1ecdc\" \/>\n\t<meta name=\"twitter:data1\" content=\"4 ph\u00fat\" \/>\n<script type=\"application\/ld+json\" class=\"yoast-schema-graph\">{\"@context\":\"https:\/\/schema.org\",\"@graph\":[{\"@type\":\"WebPage\",\"@id\":\"https:\/\/www.etoro.com\/vi-vn\/customer-service\/account-verification\/\",\"url\":\"https:\/\/www.etoro.com\/vi-vn\/customer-service\/account-verification\/\",\"name\":\"C\u00e1ch x\u00e1c minh t\u00e0i kho\u1ea3n eToro - eToro\",\"isPartOf\":{\"@id\":\"https:\/\/www.etoro.com\/vi-vn\/#website\"},\"primaryImageOfPage\":{\"@id\":\"https:\/\/www.etoro.com\/vi-vn\/customer-service\/account-verification\/#primaryimage\"},\"image\":{\"@id\":\"https:\/\/www.etoro.com\/vi-vn\/customer-service\/account-verification\/#primaryimage\"},\"thumbnailUrl\":\"https:\/\/www.etoro.com\/wp-content\/uploads\/2024\/01\/How-to-verify-your-eToro-account_Featured-image-1200x630_Vietnamese-vi-vn.png\",\"datePublished\":\"2018-02-28T15:45:54+00:00\",\"dateModified\":\"2025-05-12T12:06:31+00:00\",\"description\":\"X\u00e1c minh t\u00e0i kho\u1ea3n eToro trong v\u00e0i b\u01b0\u1edbc. X\u00e1c minh t\u00e0i kho\u1ea3n l\u00e0 m\u1ed9t ph\u1ea7n b\u1eaft bu\u1ed9c khi \u0111\u0103ng k\u00fd \u0111\u1ec3 g\u1ee1 b\u1ecf c\u00e1c h\u1ea1n m\u1ee9c khi n\u1ea1p ti\u1ec1n.\",\"breadcrumb\":{\"@id\":\"https:\/\/www.etoro.com\/vi-vn\/customer-service\/account-verification\/#breadcrumb\"},\"inLanguage\":\"vi\",\"potentialAction\":[{\"@type\":\"ReadAction\",\"target\":[\"https:\/\/www.etoro.com\/vi-vn\/customer-service\/account-verification\/\"]}]},{\"@type\":\"ImageObject\",\"inLanguage\":\"vi\",\"@id\":\"https:\/\/www.etoro.com\/vi-vn\/customer-service\/account-verification\/#primaryimage\",\"url\":\"https:\/\/www.etoro.com\/wp-content\/uploads\/2024\/01\/How-to-verify-your-eToro-account_Featured-image-1200x630_Vietnamese-vi-vn.png\",\"contentUrl\":\"https:\/\/www.etoro.com\/wp-content\/uploads\/2024\/01\/How-to-verify-your-eToro-account_Featured-image-1200x630_Vietnamese-vi-vn.png\",\"width\":1200,\"height\":630},{\"@type\":\"BreadcrumbList\",\"@id\":\"https:\/\/www.etoro.com\/vi-vn\/customer-service\/account-verification\/#breadcrumb\",\"itemListElement\":[{\"@type\":\"ListItem\",\"position\":1,\"name\":\"Trang ch\u1ee7\",\"item\":\"https:\/\/www.etoro.com\/vi-vn\/\"},{\"@type\":\"ListItem\",\"position\":2,\"name\":\"D\u1ecbch v\u1ee5 Kh\u00e1ch h\u00e0ng\",\"item\":\"https:\/\/www.etoro.com\/vi-vn\/customer-service\/\"},{\"@type\":\"ListItem\",\"position\":3,\"name\":\"X\u00c1C MINH T\u00c0I KHO\u1ea2N\"}]},{\"@type\":\"WebSite\",\"@id\":\"https:\/\/www.etoro.com\/vi-vn\/#website\",\"url\":\"https:\/\/www.etoro.com\/vi-vn\/\",\"name\":\"eToro\",\"description\":\"\",\"publisher\":{\"@id\":\"https:\/\/www.etoro.com\/vi-vn\/#organization\"},\"potentialAction\":[{\"@type\":\"SearchAction\",\"target\":{\"@type\":\"EntryPoint\",\"urlTemplate\":\"https:\/\/www.etoro.com\/vi-vn\/?s={search_term_string}\"},\"query-input\":{\"@type\":\"PropertyValueSpecification\",\"valueRequired\":true,\"valueName\":\"search_term_string\"}}],\"inLanguage\":\"vi\"},[]]}<\/script>","yoast_head_json":{"title":"C\u00e1ch x\u00e1c minh t\u00e0i kho\u1ea3n eToro - eToro","description":"X\u00e1c minh t\u00e0i kho\u1ea3n eToro trong v\u00e0i b\u01b0\u1edbc. X\u00e1c minh t\u00e0i kho\u1ea3n l\u00e0 m\u1ed9t ph\u1ea7n b\u1eaft bu\u1ed9c khi \u0111\u0103ng k\u00fd \u0111\u1ec3 g\u1ee1 b\u1ecf c\u00e1c h\u1ea1n m\u1ee9c khi n\u1ea1p ti\u1ec1n.","robots":{"index":"noindex"},"og_locale":"vi_VN","og_type":"article","og_title":"C\u00e1ch x\u00e1c minh t\u00e0i kho\u1ea3n eToro - eToro","og_description":"X\u00e1c minh t\u00e0i kho\u1ea3n eToro trong v\u00e0i b\u01b0\u1edbc. X\u00e1c minh t\u00e0i kho\u1ea3n l\u00e0 m\u1ed9t ph\u1ea7n b\u1eaft bu\u1ed9c khi \u0111\u0103ng k\u00fd \u0111\u1ec3 g\u1ee1 b\u1ecf c\u00e1c h\u1ea1n m\u1ee9c khi n\u1ea1p ti\u1ec1n.","og_url":"https:\/\/www.etoro.com\/vi-vn\/wp-json\/wp\/v2\/pages\/35940","og_site_name":"eToro","article_publisher":"https:\/\/www.facebook.com\/eToro\/","article_modified_time":"2025-05-12T12:06:31+00:00","og_image":[{"width":1200,"height":630,"url":"https:\/\/www.etoro.com\/wp-content\/uploads\/2024\/01\/How-to-verify-your-eToro-account_Featured-image-1200x630_Vietnamese-vi-vn.png","type":"image\/png"}],"twitter_card":"summary_large_image","twitter_site":"@eToro","twitter_misc":{"\u01af\u1edbc t\u00ednh th\u1eddi gian \u0111\u1ecdc":"4 ph\u00fat"},"schema":{"@context":"https:\/\/schema.org","@graph":[{"@type":"WebPage","@id":"https:\/\/www.etoro.com\/vi-vn\/customer-service\/account-verification\/","url":"https:\/\/www.etoro.com\/vi-vn\/customer-service\/account-verification\/","name":"C\u00e1ch x\u00e1c minh t\u00e0i kho\u1ea3n eToro - eToro","isPartOf":{"@id":"https:\/\/www.etoro.com\/vi-vn\/#website"},"primaryImageOfPage":{"@id":"https:\/\/www.etoro.com\/vi-vn\/customer-service\/account-verification\/#primaryimage"},"image":{"@id":"https:\/\/www.etoro.com\/vi-vn\/customer-service\/account-verification\/#primaryimage"},"thumbnailUrl":"https:\/\/www.etoro.com\/wp-content\/uploads\/2024\/01\/How-to-verify-your-eToro-account_Featured-image-1200x630_Vietnamese-vi-vn.png","datePublished":"2018-02-28T15:45:54+00:00","dateModified":"2025-05-12T12:06:31+00:00","description":"X\u00e1c minh t\u00e0i kho\u1ea3n eToro trong v\u00e0i b\u01b0\u1edbc. X\u00e1c minh t\u00e0i kho\u1ea3n l\u00e0 m\u1ed9t ph\u1ea7n b\u1eaft bu\u1ed9c khi \u0111\u0103ng k\u00fd \u0111\u1ec3 g\u1ee1 b\u1ecf c\u00e1c h\u1ea1n m\u1ee9c khi n\u1ea1p ti\u1ec1n.","breadcrumb":{"@id":"https:\/\/www.etoro.com\/vi-vn\/customer-service\/account-verification\/#breadcrumb"},"inLanguage":"vi","potentialAction":[{"@type":"ReadAction","target":["https:\/\/www.etoro.com\/vi-vn\/customer-service\/account-verification\/"]}]},{"@type":"ImageObject","inLanguage":"vi","@id":"https:\/\/www.etoro.com\/vi-vn\/customer-service\/account-verification\/#primaryimage","url":"https:\/\/www.etoro.com\/wp-content\/uploads\/2024\/01\/How-to-verify-your-eToro-account_Featured-image-1200x630_Vietnamese-vi-vn.png","contentUrl":"https:\/\/www.etoro.com\/wp-content\/uploads\/2024\/01\/How-to-verify-your-eToro-account_Featured-image-1200x630_Vietnamese-vi-vn.png","width":1200,"height":630},{"@type":"BreadcrumbList","@id":"https:\/\/www.etoro.com\/vi-vn\/customer-service\/account-verification\/#breadcrumb","itemListElement":[{"@type":"ListItem","position":1,"name":"Trang ch\u1ee7","item":"https:\/\/www.etoro.com\/vi-vn\/"},{"@type":"ListItem","position":2,"name":"D\u1ecbch v\u1ee5 Kh\u00e1ch h\u00e0ng","item":"https:\/\/www.etoro.com\/vi-vn\/customer-service\/"},{"@type":"ListItem","position":3,"name":"X\u00c1C MINH T\u00c0I KHO\u1ea2N"}]},{"@type":"WebSite","@id":"https:\/\/www.etoro.com\/vi-vn\/#website","url":"https:\/\/www.etoro.com\/vi-vn\/","name":"eToro","description":"","publisher":{"@id":"https:\/\/www.etoro.com\/vi-vn\/#organization"},"potentialAction":[{"@type":"SearchAction","target":{"@type":"EntryPoint","urlTemplate":"https:\/\/www.etoro.com\/vi-vn\/?s={search_term_string}"},"query-input":{"@type":"PropertyValueSpecification","valueRequired":true,"valueName":"search_term_string"}}],"inLanguage":"vi"},[]]}},"_links":{"self":[{"href":"https:\/\/www.etoro.com\/vi-vn\/wp-json\/wp\/v2\/pages\/35940"}],"collection":[{"href":"https:\/\/www.etoro.com\/vi-vn\/wp-json\/wp\/v2\/pages"}],"about":[{"href":"https:\/\/www.etoro.com\/vi-vn\/wp-json\/wp\/v2\/types\/page"}],"author":[{"embeddable":true,"href":"https:\/\/www.etoro.com\/vi-vn\/wp-json\/wp\/v2\/users\/45"}],"replies":[{"embeddable":true,"href":"https:\/\/www.etoro.com\/vi-vn\/wp-json\/wp\/v2\/comments?post=35940"}],"version-history":[{"count":0,"href":"https:\/\/www.etoro.com\/vi-vn\/wp-json\/wp\/v2\/pages\/35940\/revisions"}],"up":[{"embeddable":true,"href":"https:\/\/www.etoro.com\/vi-vn\/wp-json\/wp\/v2\/pages\/35972"}],"wp:featuredmedia":[{"embeddable":true,"href":"https:\/\/www.etoro.com\/vi-vn\/wp-json\/wp\/v2\/media\/817853"}],"wp:attachment":[{"href":"https:\/\/www.etoro.com\/vi-vn\/wp-json\/wp\/v2\/media?parent=35940"}],"wp:term":[{"taxonomy":"asset_type","embeddable":true,"href":"https:\/\/www.etoro.com\/vi-vn\/wp-json\/wp\/v2\/asset_type?post=35940"}],"curies":[{"name":"wp","href":"https:\/\/api.w.org\/{rel}","templated":true}]}}