{"id":35972,"date":"2017-08-30T15:15:26","date_gmt":"2017-08-30T12:15:26","guid":{"rendered":"http:\/\/www.etoro.com\/customer-service\/"},"modified":"2019-01-07T16:15:46","modified_gmt":"2019-01-07T14:15:46","slug":"customer-service","status":"publish","type":"page","link":"https:\/\/www.etoro.com\/vi-vn\/customer-service\/","title":{"rendered":"D\u1ecbch v\u1ee5 Kh\u00e1ch h\u00e0ng"},"content":{"rendered":"<h1>Trung t\u00e2m D\u1ecbch v\u1ee5 Kh\u00e1ch h\u00e0ng<\/h1>\n<p>Ch\u00e0o m\u1eebng b\u1ea1n \u0111\u1ebfn v\u1edbi Trung t\u00e2m D\u1ecbch v\u1ee5 Kh\u00e1ch h\u00e0ng, trang web \u0111a n\u0103ng \u0111\u1ec3 theo d\u00f5i ti\u1ebfn \u0111\u1ed9 gi\u1ea3i quy\u1ebft c\u00e1c phi\u1ebfu m\u1edf c\u1ee7a b\u1ea1n, l\u01b0u tr\u1eef b\u1ea3n ghi c\u1ee7a c\u00e1c v\u1ea5n \u0111\u1ec1 \u0111\u00e3 \u0111\u00f3ng, t\u00ecm ki\u1ebfm c\u00e2u tr\u1ea3 l\u1eddi cho th\u1eafc m\u1eafc c\u1ee7a b\u1ea1n trong c\u01a1 s\u1edf tri th\u1ee9c v\u00e0 g\u1eedi tr\u1ef1c ti\u1ebfp c\u00e1c c\u00e2u h\u1ecfi v\u00e0 ph\u1ea3n h\u1ed3i \u0111\u1ebfn nh\u00f3m c\u1ee7a ch\u00fang t\u00f4i<\/p>\n","protected":false},"excerpt":{"rendered":"<p>Trung t\u00e2m D\u1ecbch v\u1ee5 Kh\u00e1ch h\u00e0ng Ch\u00e0o m\u1eebng b\u1ea1n \u0111\u1ebfn v\u1edbi Trung t\u00e2m D\u1ecbch v\u1ee5 Kh\u00e1ch h\u00e0ng, trang web \u0111a n\u0103ng \u0111\u1ec3 theo d\u00f5i ti\u1ebfn \u0111\u1ed9 gi\u1ea3i quy\u1ebft c\u00e1c phi\u1ebfu m\u1edf c\u1ee7a b\u1ea1n, l\u01b0u tr\u1eef b\u1ea3n ghi c\u1ee7a c\u00e1c v\u1ea5n \u0111\u1ec1 \u0111\u00e3 \u0111\u00f3ng, t\u00ecm ki\u1ebfm c\u00e2u tr\u1ea3 l\u1eddi cho th\u1eafc m\u1eafc c\u1ee7a b\u1ea1n trong c\u01a1&hellip;<\/p>\n","protected":false},"author":1,"featured_media":0,"parent":0,"menu_order":1765,"comment_status":"closed","ping_status":"closed","template":"template-support.php","meta":{"_acf_changed":false,"inline_featured_image":false,"sticky_cta_settings":"","footnotes":""},"asset_type":[],"class_list":["post-35972","page","type-page","status-publish","hentry"],"acf":[],"yoast_head":"<title>D\u1ecbch v\u1ee5 Kh\u00e1ch h\u00e0ng - eToro<\/title>\n<meta name=\"robots\" content=\"noindex\" \/>\n<meta property=\"og:locale\" content=\"vi_VN\" \/>\n<meta property=\"og:type\" content=\"article\" \/>\n<meta property=\"og:title\" content=\"D\u1ecbch v\u1ee5 Kh\u00e1ch h\u00e0ng - eToro\" \/>\n<meta property=\"og:description\" content=\"Trung t\u00e2m D\u1ecbch v\u1ee5 Kh\u00e1ch h\u00e0ng Ch\u00e0o m\u1eebng b\u1ea1n \u0111\u1ebfn v\u1edbi Trung t\u00e2m D\u1ecbch v\u1ee5 Kh\u00e1ch h\u00e0ng, trang web \u0111a n\u0103ng \u0111\u1ec3 theo d\u00f5i ti\u1ebfn \u0111\u1ed9 gi\u1ea3i quy\u1ebft c\u00e1c phi\u1ebfu m\u1edf c\u1ee7a b\u1ea1n, l\u01b0u tr\u1eef b\u1ea3n ghi c\u1ee7a c\u00e1c v\u1ea5n \u0111\u1ec1 \u0111\u00e3 \u0111\u00f3ng, t\u00ecm ki\u1ebfm c\u00e2u tr\u1ea3 l\u1eddi cho th\u1eafc m\u1eafc c\u1ee7a b\u1ea1n trong c\u01a1&hellip;\" \/>\n<meta property=\"og:url\" content=\"https:\/\/www.etoro.com\/vi-vn\/wp-json\/wp\/v2\/pages\/35972\" \/>\n<meta property=\"og:site_name\" content=\"eToro\" \/>\n<meta property=\"article:publisher\" content=\"https:\/\/www.facebook.com\/eToro\/\" \/>\n<meta property=\"article:modified_time\" content=\"2019-01-07T14:15:46+00:00\" \/>\n<meta property=\"og:image\" content=\"https:\/\/www.etoro.com\/wp-content\/uploads\/2019\/12\/etoro_logo_social_share1.png\" \/>\n\t<meta property=\"og:image:width\" content=\"240\" \/>\n\t<meta property=\"og:image:height\" content=\"240\" \/>\n\t<meta property=\"og:image:type\" content=\"image\/png\" \/>\n<meta name=\"twitter:card\" content=\"summary_large_image\" \/>\n<meta name=\"twitter:site\" content=\"@eToro\" \/>\n<meta name=\"twitter:label1\" content=\"\u01af\u1edbc t\u00ednh th\u1eddi gian \u0111\u1ecdc\" \/>\n\t<meta name=\"twitter:data1\" content=\"1 ph\u00fat\" \/>\n<script type=\"application\/ld+json\" class=\"yoast-schema-graph\">{\"@context\":\"https:\/\/schema.org\",\"@graph\":[{\"@type\":\"WebPage\",\"@id\":\"https:\/\/www.etoro.com\/vi-vn\/customer-service\/\",\"url\":\"https:\/\/www.etoro.com\/vi-vn\/customer-service\/\",\"name\":\"D\u1ecbch v\u1ee5 Kh\u00e1ch h\u00e0ng - eToro\",\"isPartOf\":{\"@id\":\"https:\/\/www.etoro.com\/vi-vn\/#website\"},\"datePublished\":\"2017-08-30T12:15:26+00:00\",\"dateModified\":\"2019-01-07T14:15:46+00:00\",\"breadcrumb\":{\"@id\":\"https:\/\/www.etoro.com\/vi-vn\/customer-service\/#breadcrumb\"},\"inLanguage\":\"vi\",\"potentialAction\":[{\"@type\":\"ReadAction\",\"target\":[\"https:\/\/www.etoro.com\/vi-vn\/customer-service\/\"]}]},{\"@type\":\"BreadcrumbList\",\"@id\":\"https:\/\/www.etoro.com\/vi-vn\/customer-service\/#breadcrumb\",\"itemListElement\":[{\"@type\":\"ListItem\",\"position\":1,\"name\":\"Trang ch\u1ee7\",\"item\":\"https:\/\/www.etoro.com\/vi-vn\/\"},{\"@type\":\"ListItem\",\"position\":2,\"name\":\"D\u1ecbch v\u1ee5 Kh\u00e1ch h\u00e0ng\"}]},{\"@type\":\"WebSite\",\"@id\":\"https:\/\/www.etoro.com\/vi-vn\/#website\",\"url\":\"https:\/\/www.etoro.com\/vi-vn\/\",\"name\":\"eToro\",\"description\":\"\",\"publisher\":{\"@id\":\"https:\/\/www.etoro.com\/vi-vn\/#organization\"},\"potentialAction\":[{\"@type\":\"SearchAction\",\"target\":{\"@type\":\"EntryPoint\",\"urlTemplate\":\"https:\/\/www.etoro.com\/vi-vn\/?s={search_term_string}\"},\"query-input\":{\"@type\":\"PropertyValueSpecification\",\"valueRequired\":true,\"valueName\":\"search_term_string\"}}],\"inLanguage\":\"vi\"},[]]}<\/script>","yoast_head_json":{"title":"D\u1ecbch v\u1ee5 Kh\u00e1ch h\u00e0ng - eToro","robots":{"index":"noindex"},"og_locale":"vi_VN","og_type":"article","og_title":"D\u1ecbch v\u1ee5 Kh\u00e1ch h\u00e0ng - eToro","og_description":"Trung t\u00e2m D\u1ecbch v\u1ee5 Kh\u00e1ch h\u00e0ng Ch\u00e0o m\u1eebng b\u1ea1n \u0111\u1ebfn v\u1edbi Trung t\u00e2m D\u1ecbch v\u1ee5 Kh\u00e1ch h\u00e0ng, trang web \u0111a n\u0103ng \u0111\u1ec3 theo d\u00f5i ti\u1ebfn \u0111\u1ed9 gi\u1ea3i quy\u1ebft c\u00e1c phi\u1ebfu m\u1edf c\u1ee7a b\u1ea1n, l\u01b0u tr\u1eef b\u1ea3n ghi c\u1ee7a c\u00e1c v\u1ea5n \u0111\u1ec1 \u0111\u00e3 \u0111\u00f3ng, t\u00ecm ki\u1ebfm c\u00e2u tr\u1ea3 l\u1eddi cho th\u1eafc m\u1eafc c\u1ee7a b\u1ea1n trong c\u01a1&hellip;","og_url":"https:\/\/www.etoro.com\/vi-vn\/wp-json\/wp\/v2\/pages\/35972","og_site_name":"eToro","article_publisher":"https:\/\/www.facebook.com\/eToro\/","article_modified_time":"2019-01-07T14:15:46+00:00","og_image":[{"width":240,"height":240,"url":"https:\/\/www.etoro.com\/wp-content\/uploads\/2019\/12\/etoro_logo_social_share1.png","type":"image\/png"}],"twitter_card":"summary_large_image","twitter_site":"@eToro","twitter_misc":{"\u01af\u1edbc t\u00ednh th\u1eddi gian \u0111\u1ecdc":"1 ph\u00fat"},"schema":{"@context":"https:\/\/schema.org","@graph":[{"@type":"WebPage","@id":"https:\/\/www.etoro.com\/vi-vn\/customer-service\/","url":"https:\/\/www.etoro.com\/vi-vn\/customer-service\/","name":"D\u1ecbch v\u1ee5 Kh\u00e1ch h\u00e0ng - eToro","isPartOf":{"@id":"https:\/\/www.etoro.com\/vi-vn\/#website"},"datePublished":"2017-08-30T12:15:26+00:00","dateModified":"2019-01-07T14:15:46+00:00","breadcrumb":{"@id":"https:\/\/www.etoro.com\/vi-vn\/customer-service\/#breadcrumb"},"inLanguage":"vi","potentialAction":[{"@type":"ReadAction","target":["https:\/\/www.etoro.com\/vi-vn\/customer-service\/"]}]},{"@type":"BreadcrumbList","@id":"https:\/\/www.etoro.com\/vi-vn\/customer-service\/#breadcrumb","itemListElement":[{"@type":"ListItem","position":1,"name":"Trang ch\u1ee7","item":"https:\/\/www.etoro.com\/vi-vn\/"},{"@type":"ListItem","position":2,"name":"D\u1ecbch v\u1ee5 Kh\u00e1ch h\u00e0ng"}]},{"@type":"WebSite","@id":"https:\/\/www.etoro.com\/vi-vn\/#website","url":"https:\/\/www.etoro.com\/vi-vn\/","name":"eToro","description":"","publisher":{"@id":"https:\/\/www.etoro.com\/vi-vn\/#organization"},"potentialAction":[{"@type":"SearchAction","target":{"@type":"EntryPoint","urlTemplate":"https:\/\/www.etoro.com\/vi-vn\/?s={search_term_string}"},"query-input":{"@type":"PropertyValueSpecification","valueRequired":true,"valueName":"search_term_string"}}],"inLanguage":"vi"},[]]}},"_links":{"self":[{"href":"https:\/\/www.etoro.com\/vi-vn\/wp-json\/wp\/v2\/pages\/35972"}],"collection":[{"href":"https:\/\/www.etoro.com\/vi-vn\/wp-json\/wp\/v2\/pages"}],"about":[{"href":"https:\/\/www.etoro.com\/vi-vn\/wp-json\/wp\/v2\/types\/page"}],"author":[{"embeddable":true,"href":"https:\/\/www.etoro.com\/vi-vn\/wp-json\/wp\/v2\/users\/1"}],"replies":[{"embeddable":true,"href":"https:\/\/www.etoro.com\/vi-vn\/wp-json\/wp\/v2\/comments?post=35972"}],"version-history":[{"count":0,"href":"https:\/\/www.etoro.com\/vi-vn\/wp-json\/wp\/v2\/pages\/35972\/revisions"}],"wp:attachment":[{"href":"https:\/\/www.etoro.com\/vi-vn\/wp-json\/wp\/v2\/media?parent=35972"}],"wp:term":[{"taxonomy":"asset_type","embeddable":true,"href":"https:\/\/www.etoro.com\/vi-vn\/wp-json\/wp\/v2\/asset_type?post=35972"}],"curies":[{"name":"wp","href":"https:\/\/api.w.org\/{rel}","templated":true}]}}