{"id":36266,"date":"2017-10-24T09:56:32","date_gmt":"2017-10-24T06:56:32","guid":{"rendered":"http:\/\/www.etoro.com\/customer-service\/responsible-trading\/"},"modified":"2024-07-08T13:42:18","modified_gmt":"2024-07-08T10:42:18","slug":"responsible-trading","status":"publish","type":"page","link":"https:\/\/www.etoro.com\/vi-vn\/customer-service\/responsible-trading\/","title":{"rendered":"Ch\u00ednh s\u00e1ch Giao d\u1ecbch c\u00f3 Tr\u00e1ch nhi\u1ec7m"},"content":{"rendered":"\n<section class=\"wp-block-group wp-block-group-boxed has-white-background-color has-background\"><div class=\"wp-block-group-inner is-layout-flow wp-block-group-is-layout-flow\">\n<div class=\"wp-block-columns are-vertically-aligned-top wp-block-columns-1 is-layout-flex wp-container-core-columns-is-layout-1 wp-block-columns-is-layout-flex\">\n<div class=\"wp-block-column is-layout-flow wp-block-column-is-layout-flow\">\n<p>Khi x\u00e9t \u0111\u1ebfn vi\u1ec7c giao d\u1ecbch tr\u00ean eToro v\u00e0 s\u1eed d\u1ee5ng c\u00e1c t\u00ednh n\u0103ng giao d\u1ecbch x\u00e3 h\u1ed9i c\u1ee7a n\u1ec1n t\u1ea3ng n\u00e0y, ch\u00fang t\u00f4i khuy\u1ebfn kh\u00edch t\u1ea5t c\u1ea3 ng\u01b0\u1eddi d\u00f9ng c\u1ee7a m\u00ecnh n\u00ean h\u00e0nh x\u1eed c\u00f3 tr\u00e1ch nhi\u1ec7m. \u201cCh\u00ednh s\u00e1ch giao d\u1ecbch c\u00f3 tr\u00e1ch nhi\u1ec7m\u201d c\u1ee7a ch\u00fang t\u00f4i k\u00eau g\u1ecdi c\u00e1c nh\u00e0 giao d\u1ecbch tr\u00e1nh nh\u1eefng quy\u1ebft \u0111\u1ecbnh d\u1ef1a tr\u00ean c\u1ea3m x\u00fac c\u00f3 th\u1ec3 d\u1eabn \u0111\u1ebfn thua l\u1ed7 kh\u00f4ng c\u1ea7n thi\u1ebft.<\/p>\n\n\n\n<p>C\u1ee5 th\u1ec3, c\u00e1c nh\u00e0 giao d\u1ecbch ch\u01b0a c\u00f3 kinh nghi\u1ec7m th\u01b0\u1eddng ph\u1ee5 thu\u1ed9c v\u00e0o \u201ctr\u1ef1c gi\u00e1c\u201d, b\u1edfi h\u1ecd kh\u00f4ng c\u00f3 nhi\u1ec1u kinh nghi\u1ec7m trong l\u0129nh v\u1ef1c giao d\u1ecbch t\u00e0i ch\u00ednh \u0111\u1ec3 \u0111\u01b0a ra c\u00e1c quy\u1ebft \u0111\u1ecbnh kh\u00e1ch quan v\u00e0 \u0111\u1ea7y \u0111\u1ee7 ki\u1ebfn th\u1ee9c.<\/p>\n\n\n\n<p>\u0110\u1ec3 gi\u00fap c\u00e1c nh\u00e0 giao d\u1ecbch tr\u00e1nh nh\u1eefng quy\u1ebft \u0111\u1ecbnh giao d\u1ecbch tr\u1ef1c tuy\u1ebfn n\u00f3ng v\u1ed9i v\u00e0 cho ph\u00f9 h\u1ee3p v\u1edbi c\u00e1c quy \u0111\u1ecbnh t\u00e0i ch\u00ednh \u0111\u1ecba ph\u01b0\u01a1ng, eToro khuy\u1ebfn ngh\u1ecb nh\u1eefng \u0111i\u1ec1u sau:<\/p>\n\n\n\n<ul class=\"wp-block-list wp-block-list-circle\">\n<li>M\u1ee9c \u0111\u00f2n b\u1ea9y t\u1ed1i \u0111a theo danh s\u00e1ch sau:<\/li>\n<\/ul>\n\n\n\n<p><strong>1. <\/strong>30:1 cho c\u00e1c c\u1eb7p ti\u1ec1n t\u1ec7 l\u1edbn;<\/p>\n\n\n\n<p><strong>2. <\/strong>20:1 cho c\u00e1c c\u1eb7p ti\u1ec1n t\u1ec7 kh\u00f4ng l\u1edbn, v\u00e0ng v\u00e0 c\u00e1c ch\u1ec9 s\u1ed1 l\u1edbn;<\/p>\n\n\n\n<p><strong>3. <\/strong>10:1 cho h\u00e0ng h\u00f3a ngo\u00e0i v\u00e0ng v\u00e0 ch\u1ec9 s\u1ed1 c\u1ed5 ph\u1ea7n kh\u00f4ng l\u1edbn;<\/p>\n\n\n\n<p><strong>4. <\/strong>5:1 cho c\u1ed5 ph\u1ea7n c\u00e1 nh\u00e2n v\u00e0 c\u00e1c gi\u00e1 tr\u1ecb tham chi\u1ebfu kh\u00e1c;<\/p>\n\n\n\n<p><strong>5. <\/strong>2:1 cho ti\u1ec1n \u0111i\u1ec7n t\u1eed;<\/p>\n\n\n\n<ul class=\"wp-block-list wp-block-list-circle\">\n<li>Ch\u1ec9 \u0111\u1eb7t t\u1ed1i \u0111a 20% gi\u00e1 tr\u1ecb t\u00e0i s\u1ea3n c\u1ee7a b\u1ea1n v\u00e0o m\u1ed9t giao d\u1ecbch<\/li>\n\n\n\n<li>Ph\u00e2n b\u1ed5 t\u1ed1i \u0111a 40% t\u1ed5ng s\u1ed1 d\u01b0 c\u1ee7a b\u1ea1n \u0111\u1ec3 sao ch\u00e9p m\u1ed9t nh\u00e0 giao d\u1ecbch<\/li>\n<\/ul>\n\n\n\n<p>Ch\u00eca kh\u00f3a \u0111\u1ec3 \u0111\u1ea7u t\u01b0 th\u00f4ng minh l\u00e0 m\u1ee9c \u0111\u00f2n b\u1ea9y th\u1ea5p v\u00e0 danh m\u1ee5c \u0111a d\u1ea1ng, m\u1ed9t d\u1eef ki\u1ec7n \u0111\u00e3 \u0111\u01b0\u1ee3c ch\u1ee9ng th\u1ef1c b\u1edfi danh m\u1ee5c c\u1ee7a nh\u1eefng nh\u00e0 \u0111\u1ea7u t\u01b0 h\u00e0ng \u0111\u1ea7u tr\u00ean eToro.<\/p>\n\n\n\n<h2 class=\"wp-block-heading\">Sau \u0111\u00e2y l\u00e0 m\u1ed9t s\u1ed1 m\u1eb9o \u0111\u1ec3 tr\u1edf th\u00e0nh m\u1ed9t nh\u00e0 giao d\u1ecbch c\u00f3 tr\u00e1ch nhi\u1ec7m h\u01a1n:<\/h2>\n\n\n\n<ol class=\"wp-block-list\">\n<li>Ch\u1ec9 \u0111\u1ea7u t\u01b0 v\u00e0o nh\u1eefng g\u00ec b\u1ea1n bi\u1ebft: \u0110\u1eebng \u0111i theo c\u00e1c l\u1eddi khuy\u00ean ng\u1eabu h\u1ee9ng ho\u1eb7c tr\u1ef1c gi\u00e1c. N\u1ebfu b\u1ea1n mu\u1ed1n \u0111\u1ea7u t\u01b0 v\u00e0o m\u1ed9t t\u00e0i s\u1ea3n nh\u1ea5t \u0111\u1ecbnh, h\u00e3y l\u00e0m quen v\u1edbi l\u1ecbch s\u1eed v\u00e0 c\u00e1c xu h\u01b0\u1edbng c\u1ee7a n\u00f3.<\/li>\n\n\n\n<li>Nh\u00ecn v\u00e0o \u0110i\u1ec3m R\u1ee7i ro c\u1ee7a b\u1ea1n: \u0110i\u1ec3m R\u1ee7i ro \u0111\u1eb7c tr\u01b0ng c\u1ee7a b\u1ea1n l\u00e0 m\u1ed9t c\u00e1ch tuy\u1ec7t v\u1eddi \u0111\u1ec3 xem b\u1ea1n c\u00f3 ph\u1ea3i l\u00e0 m\u1ed9t nh\u00e0 giao d\u1ecbch c\u00f3 tr\u00e1ch nhi\u1ec7m hay kh\u00f4ng. eToro khuy\u1ebfn ngh\u1ecb duy tr\u00ec m\u1ed9t \u0110i\u1ec3m R\u1ee7i ro l\u00e0 3 ho\u1eb7c th\u1ea5p h\u01a1n.<\/li>\n\n\n\n<li>\u0110i\u1ec1u ch\u1ec9nh danh m\u1ee5c c\u1ee7a b\u1ea1n: \u0110a d\u1ea1ng h\u00f3a danh m\u1ee5c c\u1ee7a b\u1ea1n v\u1edbi c\u00e1c t\u00e0i s\u1ea3n thu\u1ed9c nhi\u1ec1u l\u1edbp t\u00e0i s\u1ea3n kh\u00e1c nhau. N\u1ebfu b\u1ea1n kh\u00f4ng mu\u1ed1n th\u01b0\u1eddng xuy\u00ean gi\u00e1m s\u00e1t danh m\u1ee5c c\u1ee7a m\u00ecnh, h\u00e3y ch\u1ecdn c\u00e1c c\u00f4ng c\u1ee5 \u00edt ch\u1ee7 \u0111\u1ed9ng h\u01a1n, v\u00ed d\u1ee5 nh\u01b0 Smart Portfolio ho\u1eb7c h\u1ec7 th\u1ed1ng CopyTrader\u2122 c\u1ee7a ch\u00fang t\u00f4i.<\/li>\n\n\n\n<li>H\u00e3y sao ch\u00e9p nh\u1eefng nh\u00e0 giao d\u1ecbch c\u00f3 tr\u00e1ch nhi\u1ec7m kh\u00e1c: Khi b\u1ea1n sao ch\u00e9p m\u1ed9t nh\u00e0 giao d\u1ecbch kh\u00e1c, h\u00e3y nh\u00ecn v\u00e0o \u0110i\u1ec3m R\u1ee7i ro, l\u1ecbch s\u1eed v\u00e0 m\u1ee9c \u0111a d\u1ea1ng danh m\u1ee5c c\u1ee7a h\u1ecd.<\/li>\n<\/ol>\n\n\n\n<figure class=\"wp-block-image aligncenter\"><img loading=\"lazy\" decoding=\"async\" width=\"1059\" height=\"529\" src=\"\/wp-content\/uploads\/2017\/10\/trading-guideline-img.png\" alt=\"\" class=\"wp-image-19091 wp-image-desktop\" srcset=\"https:\/\/www.etoro.com\/wp-content\/uploads\/2017\/10\/trading-guideline-img.png 1059w, https:\/\/www.etoro.com\/wp-content\/uploads\/2017\/10\/trading-guideline-img-300x150.png 300w, https:\/\/www.etoro.com\/wp-content\/uploads\/2017\/10\/trading-guideline-img-768x384.png 768w, https:\/\/www.etoro.com\/wp-content\/uploads\/2017\/10\/trading-guideline-img-1024x512.png 1024w\" sizes=\"(max-width: 1059px) 100vw, 1059px\" \/><\/figure>\n\n\n\n<h2 class=\"wp-block-heading\">Human Psychology &amp; Emotional Trading<\/h2>\n\n\n\n<h2 class=\"wp-block-heading\">T\u00e2m l\u00fd Ng\u01b0\u1eddi &amp; Giao d\u1ecbch theo C\u1ea3m x\u00fac<\/h2>\n\n\n\n<p>Nh\u1eefng nh\u00e0 giao d\u1ecbch thu\u1ed9c \u0111\u1ee7 m\u1ecdi c\u1ea5p \u0111\u1ed9 c\u00f3 th\u1ec3 qu\u00e1 ph\u1ee5 thu\u1ed9c v\u00e0o c\u1ea3m x\u00fac c\u1ee7a h\u1ecd khi giao d\u1ecbch. \u0110\u00e2y l\u00e0 m\u1ed9t sai l\u1ea7m b\u1edfi s\u1ef1 s\u1ee3 h\u00e3i, l\u00f2ng tham v\u00e0 ph\u1ea5n kh\u00edch \u0111\u1ec1u c\u00f3 th\u1ec3 g\u00f3p ph\u1ea7n v\u00e0o nh\u1eefng quy\u1ebft \u0111\u1ecbnh k\u00e9m kh\u00f4n ngoan. Lu\u00f4n c\u00f3 m\u1ed9t k\u1ebf ho\u1ea1ch giao d\u1ecbch, v\u00e0 tu\u00e2n th\u1ee7 n\u00f3 d\u00f9 chuy\u1ec7n g\u00ec x\u1ea3y ra. Khi t\u1ea1o k\u1ebf ho\u1ea1ch giao d\u1ecbch c\u1ee7a b\u1ea1n, h\u00e3y t\u00edch h\u1ee3p nh\u1eefng m\u1eb9o \u1edf tr\u00ean, ch\u00fa \u00fd \u0111\u1ebfn:<\/p>\n\n\n\n<ol class=\"wp-block-list\">\n<li>M\u1ee9c \u0111\u00f2n b\u1ea9y t\u1ed1i \u0111a<\/li>\n\n\n\n<li>Danh m\u1ee5c \u0111a d\u1ea1ng<\/li>\n\n\n\n<li>\u0110i\u1ec3m r\u1ee7i ro v\u00e0 h\u1ed3 s\u01a1 c\u1ee7a nh\u1eefng nh\u00e0 giao d\u1ecbch kh\u00e1c<\/li>\n<\/ol>\n\n\n\n<p>N\u1ebfu b\u1ea1n c\u00f3 th\u1eafc m\u1eafc v\u1ec1 giao d\u1ecbch c\u00f3 tr\u00e1ch nhi\u1ec7m, h\u00e3y li\u00ean h\u1ec7 v\u1edbi&nbsp;<a href=\"https:\/\/www.etoro.com\/vi-vn\/customer-service\/\">trung t\u00e2m d\u1ecbch v\u1ee5 kh\u00e1ch h\u00e0ng<\/a>&nbsp;c\u1ee7a ch\u00fang t\u00f4i.<\/p>\n<\/div>\n<\/div>\n<\/div><\/section>\n","protected":false},"excerpt":{"rendered":"<p>Khi x\u00e9t \u0111\u1ebfn vi\u1ec7c giao d\u1ecbch tr\u00ean eToro v\u00e0 s\u1eed d\u1ee5ng c\u00e1c t\u00ednh n\u0103ng giao d\u1ecbch x\u00e3 h\u1ed9i c\u1ee7a n\u1ec1n t\u1ea3ng n\u00e0y, ch\u00fang t\u00f4i khuy\u1ebfn kh\u00edch t\u1ea5t c\u1ea3 ng\u01b0\u1eddi d\u00f9ng c\u1ee7a m\u00ecnh n\u00ean h\u00e0nh x\u1eed c\u00f3 tr\u00e1ch nhi\u1ec7m. \u201cCh\u00ednh s\u00e1ch giao d\u1ecbch c\u00f3 tr\u00e1ch nhi\u1ec7m\u201d c\u1ee7a ch\u00fang t\u00f4i k\u00eau g\u1ecdi c\u00e1c nh\u00e0 giao d\u1ecbch tr\u00e1nh&hellip;<\/p>\n","protected":false},"author":1,"featured_media":0,"parent":35972,"menu_order":1512,"comment_status":"closed","ping_status":"closed","template":"","meta":{"_acf_changed":false,"inline_featured_image":false,"sticky_cta_settings":"","footnotes":""},"asset_type":[],"class_list":["post-36266","page","type-page","status-publish","hentry"],"acf":[],"yoast_head":"<title>Ch\u00ednh s\u00e1ch Giao d\u1ecbch c\u00f3 Tr\u00e1ch nhi\u1ec7m | eToro<\/title>\n<meta name=\"description\" content=\"eToro khuy\u1ebfn kh\u00edch kh\u00e1ch h\u00e0ng giao d\u1ecbch c\u00f3 tr\u00e1ch nhi\u1ec7m, v\u00e0 ch\u00fang t\u00f4i lu\u00f4n h\u01b0\u1edbng d\u1eabn kh\u00e1ch h\u00e0ng giao d\u1ecbch an to\u00e0n. H\u00e3y \u0111\u1ecdc ch\u00ednh s\u00e1ch giao d\u1ecbch c\u00f3 tr\u00e1ch nhi\u1ec7m c\u1ee7a ch\u00fang t\u00f4i \u0111\u1ec3 t\u00ecm hi\u1ec3u ch\u00fang t\u00f4i th\u1ef1c hi\u1ec7n \u0111i\u1ec1u \u0111\u00f3 b\u1eb1ng c\u00e1ch n\u00e0o.\" \/>\n<meta name=\"robots\" content=\"noindex\" \/>\n<meta property=\"og:locale\" content=\"vi_VN\" \/>\n<meta property=\"og:type\" content=\"article\" \/>\n<meta property=\"og:title\" content=\"Ch\u00ednh s\u00e1ch Giao d\u1ecbch c\u00f3 Tr\u00e1ch nhi\u1ec7m | eToro\" \/>\n<meta property=\"og:description\" content=\"eToro khuy\u1ebfn kh\u00edch kh\u00e1ch h\u00e0ng giao d\u1ecbch c\u00f3 tr\u00e1ch nhi\u1ec7m, v\u00e0 ch\u00fang t\u00f4i lu\u00f4n h\u01b0\u1edbng d\u1eabn kh\u00e1ch h\u00e0ng giao d\u1ecbch an to\u00e0n. H\u00e3y \u0111\u1ecdc ch\u00ednh s\u00e1ch giao d\u1ecbch c\u00f3 tr\u00e1ch nhi\u1ec7m c\u1ee7a ch\u00fang t\u00f4i \u0111\u1ec3 t\u00ecm hi\u1ec3u ch\u00fang t\u00f4i th\u1ef1c hi\u1ec7n \u0111i\u1ec1u \u0111\u00f3 b\u1eb1ng c\u00e1ch n\u00e0o.\" \/>\n<meta property=\"og:url\" content=\"https:\/\/www.etoro.com\/vi-vn\/wp-json\/wp\/v2\/pages\/36266\" \/>\n<meta property=\"og:site_name\" content=\"eToro\" \/>\n<meta property=\"article:publisher\" content=\"https:\/\/www.facebook.com\/eToro\/\" \/>\n<meta property=\"article:modified_time\" content=\"2024-07-08T10:42:18+00:00\" \/>\n<meta property=\"og:image\" content=\"https:\/\/www.etoro.com\/wp-content\/uploads\/2019\/12\/etoro_logo_social_share1.png\" \/>\n\t<meta property=\"og:image:width\" content=\"240\" \/>\n\t<meta property=\"og:image:height\" content=\"240\" \/>\n\t<meta property=\"og:image:type\" content=\"image\/png\" \/>\n<meta name=\"twitter:card\" content=\"summary_large_image\" \/>\n<meta name=\"twitter:site\" content=\"@eToro\" \/>\n<meta name=\"twitter:label1\" content=\"\u01af\u1edbc t\u00ednh th\u1eddi gian \u0111\u1ecdc\" \/>\n\t<meta name=\"twitter:data1\" content=\"5 ph\u00fat\" \/>\n<script type=\"application\/ld+json\" class=\"yoast-schema-graph\">{\"@context\":\"https:\/\/schema.org\",\"@graph\":[{\"@type\":\"WebPage\",\"@id\":\"https:\/\/www.etoro.com\/vi-vn\/customer-service\/responsible-trading\/\",\"url\":\"https:\/\/www.etoro.com\/vi-vn\/customer-service\/responsible-trading\/\",\"name\":\"Ch\u00ednh s\u00e1ch Giao d\u1ecbch c\u00f3 Tr\u00e1ch nhi\u1ec7m | eToro\",\"isPartOf\":{\"@id\":\"https:\/\/www.etoro.com\/vi-vn\/#website\"},\"datePublished\":\"2017-10-24T06:56:32+00:00\",\"dateModified\":\"2024-07-08T10:42:18+00:00\",\"description\":\"eToro khuy\u1ebfn kh\u00edch kh\u00e1ch h\u00e0ng giao d\u1ecbch c\u00f3 tr\u00e1ch nhi\u1ec7m, v\u00e0 ch\u00fang t\u00f4i lu\u00f4n h\u01b0\u1edbng d\u1eabn kh\u00e1ch h\u00e0ng giao d\u1ecbch an to\u00e0n. H\u00e3y \u0111\u1ecdc ch\u00ednh s\u00e1ch giao d\u1ecbch c\u00f3 tr\u00e1ch nhi\u1ec7m c\u1ee7a ch\u00fang t\u00f4i \u0111\u1ec3 t\u00ecm hi\u1ec3u ch\u00fang t\u00f4i th\u1ef1c hi\u1ec7n \u0111i\u1ec1u \u0111\u00f3 b\u1eb1ng c\u00e1ch n\u00e0o.\",\"breadcrumb\":{\"@id\":\"https:\/\/www.etoro.com\/vi-vn\/customer-service\/responsible-trading\/#breadcrumb\"},\"inLanguage\":\"vi\",\"potentialAction\":[{\"@type\":\"ReadAction\",\"target\":[\"https:\/\/www.etoro.com\/vi-vn\/customer-service\/responsible-trading\/\"]}]},{\"@type\":\"BreadcrumbList\",\"@id\":\"https:\/\/www.etoro.com\/vi-vn\/customer-service\/responsible-trading\/#breadcrumb\",\"itemListElement\":[{\"@type\":\"ListItem\",\"position\":1,\"name\":\"Trang ch\u1ee7\",\"item\":\"https:\/\/www.etoro.com\/vi-vn\/\"},{\"@type\":\"ListItem\",\"position\":2,\"name\":\"D\u1ecbch v\u1ee5 Kh\u00e1ch h\u00e0ng\",\"item\":\"https:\/\/www.etoro.com\/vi-vn\/customer-service\/\"},{\"@type\":\"ListItem\",\"position\":3,\"name\":\"Ch\u00ednh s\u00e1ch Giao d\u1ecbch c\u00f3 Tr\u00e1ch nhi\u1ec7m\"}]},{\"@type\":\"WebSite\",\"@id\":\"https:\/\/www.etoro.com\/vi-vn\/#website\",\"url\":\"https:\/\/www.etoro.com\/vi-vn\/\",\"name\":\"eToro\",\"description\":\"\",\"publisher\":{\"@id\":\"https:\/\/www.etoro.com\/vi-vn\/#organization\"},\"potentialAction\":[{\"@type\":\"SearchAction\",\"target\":{\"@type\":\"EntryPoint\",\"urlTemplate\":\"https:\/\/www.etoro.com\/vi-vn\/?s={search_term_string}\"},\"query-input\":{\"@type\":\"PropertyValueSpecification\",\"valueRequired\":true,\"valueName\":\"search_term_string\"}}],\"inLanguage\":\"vi\"},[]]}<\/script>","yoast_head_json":{"title":"Ch\u00ednh s\u00e1ch Giao d\u1ecbch c\u00f3 Tr\u00e1ch nhi\u1ec7m | eToro","description":"eToro khuy\u1ebfn kh\u00edch kh\u00e1ch h\u00e0ng giao d\u1ecbch c\u00f3 tr\u00e1ch nhi\u1ec7m, v\u00e0 ch\u00fang t\u00f4i lu\u00f4n h\u01b0\u1edbng d\u1eabn kh\u00e1ch h\u00e0ng giao d\u1ecbch an to\u00e0n. H\u00e3y \u0111\u1ecdc ch\u00ednh s\u00e1ch giao d\u1ecbch c\u00f3 tr\u00e1ch nhi\u1ec7m c\u1ee7a ch\u00fang t\u00f4i \u0111\u1ec3 t\u00ecm hi\u1ec3u ch\u00fang t\u00f4i th\u1ef1c hi\u1ec7n \u0111i\u1ec1u \u0111\u00f3 b\u1eb1ng c\u00e1ch n\u00e0o.","robots":{"index":"noindex"},"og_locale":"vi_VN","og_type":"article","og_title":"Ch\u00ednh s\u00e1ch Giao d\u1ecbch c\u00f3 Tr\u00e1ch nhi\u1ec7m | eToro","og_description":"eToro khuy\u1ebfn kh\u00edch kh\u00e1ch h\u00e0ng giao d\u1ecbch c\u00f3 tr\u00e1ch nhi\u1ec7m, v\u00e0 ch\u00fang t\u00f4i lu\u00f4n h\u01b0\u1edbng d\u1eabn kh\u00e1ch h\u00e0ng giao d\u1ecbch an to\u00e0n. H\u00e3y \u0111\u1ecdc ch\u00ednh s\u00e1ch giao d\u1ecbch c\u00f3 tr\u00e1ch nhi\u1ec7m c\u1ee7a ch\u00fang t\u00f4i \u0111\u1ec3 t\u00ecm hi\u1ec3u ch\u00fang t\u00f4i th\u1ef1c hi\u1ec7n \u0111i\u1ec1u \u0111\u00f3 b\u1eb1ng c\u00e1ch n\u00e0o.","og_url":"https:\/\/www.etoro.com\/vi-vn\/wp-json\/wp\/v2\/pages\/36266","og_site_name":"eToro","article_publisher":"https:\/\/www.facebook.com\/eToro\/","article_modified_time":"2024-07-08T10:42:18+00:00","og_image":[{"width":240,"height":240,"url":"https:\/\/www.etoro.com\/wp-content\/uploads\/2019\/12\/etoro_logo_social_share1.png","type":"image\/png"}],"twitter_card":"summary_large_image","twitter_site":"@eToro","twitter_misc":{"\u01af\u1edbc t\u00ednh th\u1eddi gian \u0111\u1ecdc":"5 ph\u00fat"},"schema":{"@context":"https:\/\/schema.org","@graph":[{"@type":"WebPage","@id":"https:\/\/www.etoro.com\/vi-vn\/customer-service\/responsible-trading\/","url":"https:\/\/www.etoro.com\/vi-vn\/customer-service\/responsible-trading\/","name":"Ch\u00ednh s\u00e1ch Giao d\u1ecbch c\u00f3 Tr\u00e1ch nhi\u1ec7m | eToro","isPartOf":{"@id":"https:\/\/www.etoro.com\/vi-vn\/#website"},"datePublished":"2017-10-24T06:56:32+00:00","dateModified":"2024-07-08T10:42:18+00:00","description":"eToro khuy\u1ebfn kh\u00edch kh\u00e1ch h\u00e0ng giao d\u1ecbch c\u00f3 tr\u00e1ch nhi\u1ec7m, v\u00e0 ch\u00fang t\u00f4i lu\u00f4n h\u01b0\u1edbng d\u1eabn kh\u00e1ch h\u00e0ng giao d\u1ecbch an to\u00e0n. H\u00e3y \u0111\u1ecdc ch\u00ednh s\u00e1ch giao d\u1ecbch c\u00f3 tr\u00e1ch nhi\u1ec7m c\u1ee7a ch\u00fang t\u00f4i \u0111\u1ec3 t\u00ecm hi\u1ec3u ch\u00fang t\u00f4i th\u1ef1c hi\u1ec7n \u0111i\u1ec1u \u0111\u00f3 b\u1eb1ng c\u00e1ch n\u00e0o.","breadcrumb":{"@id":"https:\/\/www.etoro.com\/vi-vn\/customer-service\/responsible-trading\/#breadcrumb"},"inLanguage":"vi","potentialAction":[{"@type":"ReadAction","target":["https:\/\/www.etoro.com\/vi-vn\/customer-service\/responsible-trading\/"]}]},{"@type":"BreadcrumbList","@id":"https:\/\/www.etoro.com\/vi-vn\/customer-service\/responsible-trading\/#breadcrumb","itemListElement":[{"@type":"ListItem","position":1,"name":"Trang ch\u1ee7","item":"https:\/\/www.etoro.com\/vi-vn\/"},{"@type":"ListItem","position":2,"name":"D\u1ecbch v\u1ee5 Kh\u00e1ch h\u00e0ng","item":"https:\/\/www.etoro.com\/vi-vn\/customer-service\/"},{"@type":"ListItem","position":3,"name":"Ch\u00ednh s\u00e1ch Giao d\u1ecbch c\u00f3 Tr\u00e1ch nhi\u1ec7m"}]},{"@type":"WebSite","@id":"https:\/\/www.etoro.com\/vi-vn\/#website","url":"https:\/\/www.etoro.com\/vi-vn\/","name":"eToro","description":"","publisher":{"@id":"https:\/\/www.etoro.com\/vi-vn\/#organization"},"potentialAction":[{"@type":"SearchAction","target":{"@type":"EntryPoint","urlTemplate":"https:\/\/www.etoro.com\/vi-vn\/?s={search_term_string}"},"query-input":{"@type":"PropertyValueSpecification","valueRequired":true,"valueName":"search_term_string"}}],"inLanguage":"vi"},[]]}},"_links":{"self":[{"href":"https:\/\/www.etoro.com\/vi-vn\/wp-json\/wp\/v2\/pages\/36266"}],"collection":[{"href":"https:\/\/www.etoro.com\/vi-vn\/wp-json\/wp\/v2\/pages"}],"about":[{"href":"https:\/\/www.etoro.com\/vi-vn\/wp-json\/wp\/v2\/types\/page"}],"author":[{"embeddable":true,"href":"https:\/\/www.etoro.com\/vi-vn\/wp-json\/wp\/v2\/users\/1"}],"replies":[{"embeddable":true,"href":"https:\/\/www.etoro.com\/vi-vn\/wp-json\/wp\/v2\/comments?post=36266"}],"version-history":[{"count":0,"href":"https:\/\/www.etoro.com\/vi-vn\/wp-json\/wp\/v2\/pages\/36266\/revisions"}],"up":[{"embeddable":true,"href":"https:\/\/www.etoro.com\/vi-vn\/wp-json\/wp\/v2\/pages\/35972"}],"wp:attachment":[{"href":"https:\/\/www.etoro.com\/vi-vn\/wp-json\/wp\/v2\/media?parent=36266"}],"wp:term":[{"taxonomy":"asset_type","embeddable":true,"href":"https:\/\/www.etoro.com\/vi-vn\/wp-json\/wp\/v2\/asset_type?post=36266"}],"curies":[{"name":"wp","href":"https:\/\/api.w.org\/{rel}","templated":true}]}}