{"id":36276,"date":"2017-10-24T10:23:14","date_gmt":"2017-10-24T07:23:14","guid":{"rendered":"http:\/\/www.etoro.com\/tips\/"},"modified":"2022-12-28T11:16:24","modified_gmt":"2022-12-28T09:16:24","slug":"tips","status":"publish","type":"page","link":"https:\/\/www.etoro.com\/vi-vn\/trading\/tips\/","title":{"rendered":"M\u1eb9o Giao d\u1ecbch v\u00e0 \u0110\u1ea7u t\u01b0"},"content":{"rendered":"<h2>V\u00ec sao b\u1ea1n c\u1ea7n c\u00e1c m\u1eb9o giao d\u1ecbch n\u00e0y?<\/h2>\n<p>Nh\u1eefng b\u01b0\u1edbc \u0111\u1ea7u ti\u00ean c\u1ee7a b\u1ea1n tr\u00ean n\u1ec1n t\u1ea3ng eToro r\u1ea5t quan tr\u1ecdng. V\u00ec v\u1eady, ch\u00fang t\u00f4i \u0111\u00e3 so\u1ea1n th\u1ea3o nh\u1eefng m\u1eb9o giao d\u1ecbch v\u00e0 \u0111\u1ea7u t\u01b0 h\u00e0ng \u0111\u1ea7u \u0111\u1ec3 gi\u00fap b\u1ea1n l\u00e0m quen v\u1edbi nh\u1eefng c\u00f4ng c\u1ee5 v\u00e0 t\u00ednh n\u0103ng kh\u00e1c nhau \u0111\u01b0\u1ee3c cung c\u1ea5p. T\u1ea1i \u0111\u00e2y, b\u1ea1n c\u00f3 th\u1ec3 t\u00ecm th\u1ea5y nh\u1eefng nguy\u00ean t\u1eafc v\u1eefng ch\u1eafc \u0111\u1ec3 giao d\u1ecbch v\u00e0 s\u1eed d\u1ee5ng c\u00e1c t\u00ednh n\u0103ng giao d\u1ecbch x\u00e3 h\u1ed9i tr\u00ean eToro.<\/p>\n<h2>M\u1eb9o giao d\u1ecbch tr\u00ean eToro<\/h2>\n<ul>\n<li>Ch\u1ecdn t\u00e0i s\u1ea3n c\u1ee7a b\u1ea1n: B\u1ea1n c\u00f3 th\u00edch c\u1ed5 phi\u1ebfu kh\u00f4ng? Ti\u1ec1n t\u1ec7? Hay l\u00e0 Bitcoin? M\u1ed7i l\u1edbp t\u00e0i s\u1ea3n \u0111\u1ec1u c\u00f3 c\u00e1c \u01b0u \u0111i\u1ec3m v\u00e0 th\u1eed th\u00e1ch ri\u00eang, v\u1eady n\u00ean h\u00e3y l\u00e0m quen v\u1edbi ch\u00fang.<\/li>\n<li>H\u00e3y \u0111a d\u1ea1ng h\u00f3a: M\u1ecdi nh\u00e0 giao d\u1ecbch \u0111\u1ec1u s\u1ebd n\u00f3i v\u1edbi b\u1ea1n r\u1eb1ng ch\u00eca kh\u00f3a \u0111\u1ec3 c\u00f3 m\u1ed9t danh m\u1ee5c \u00edt r\u1ee7i ro l\u00e0 s\u1ef1 \u0111a d\u1ea1ng. H\u00e3y d\u00e0n tr\u1ea3i ti\u1ec1n v\u1ed1n c\u1ee7a b\u1ea1n m\u1ed9t c\u00e1ch kh\u00f4n ngoan tr\u00ean nhi\u1ec1u t\u00e0i s\u1ea3n v\u00e0 l\u1edbp t\u00e0i s\u1ea3n kh\u00e1c nhau.<\/li>\n<li>Lu\u00f4n theo d\u00f5i: H\u00e3y lu\u00f4n c\u1eadp nh\u1eadt nh\u1eefng tin t\u1ee9c m\u1edbi nh\u1ea5t v\u00e0 s\u1ef1 ki\u1ec7n t\u00e0i ch\u00ednh s\u1eafp t\u1edbi. B\u1ea1n c\u00f3 th\u1ec3 s\u1eed d\u1ee5ng\u00a0<a href=\"https:\/\/www.etoro.com\/vi-vn\/trading\/economic-calendar\/\">L\u1ecbch eToro<\/a>\u00a0\u0111\u1ec3 l\u00e0m \u0111i\u1ec1u n\u00e0y, c\u0169ng nh\u01b0 nh\u1eadn ph\u00e2n t\u00edch th\u1ecb tr\u01b0\u1eddng h\u00e0ng ng\u00e0y c\u1ee7a ch\u00fang t\u00f4i qua email.<\/li>\n<li>Ch\u1ecdn m\u1ed9t phong c\u00e1ch: C\u00e1ch b\u1ea1n giao d\u1ecbch c\u00f3 th\u1ec3 thay \u0111\u1ed5i t\u00f9y theo l\u01b0\u1ee3ng v\u1ed1n b\u1ea1n c\u00f3, m\u1ee9c \u0111\u1ed9 tham gia c\u1ee7a b\u1ea1n v\u00e0 c\u00e1c ti\u00eau ch\u00ed kh\u00e1c. B\u1ea1n c\u00f3 th\u1ec3 ch\u1ecdn m\u1ed9t l\u1ed1i ti\u1ebfp c\u1eadn k\u1ef9 thu\u1eadt, v\u1ed1n ph\u1ee5 thu\u1ed9c v\u00e0o \u0111\u1ecdc bi\u1ec3u \u0111\u1ed3 v\u00e0 t\u00ecm quy lu\u1eadt, ho\u1eb7c l\u1ed1i ti\u1ebfp c\u1eadn c\u01a1 b\u1ea3n, ngh\u0129a l\u00e0 c\u1ed1 g\u1eafng hi\u1ec3u c\u00e1ch m\u00e0 m\u1ed9t lo\u1ea1i t\u00e0i s\u1ea3n s\u1ebd ph\u1ea3n \u1ee9ng v\u1edbi m\u1ed9t s\u1ef1 ki\u1ec7n ho\u1eb7c th\u1eddi \u0111i\u1ec3m nh\u1ea5t \u0111\u1ecbnh trong n\u0103m.<\/li>\n<li>Th\u1ef1c h\u00e0nh: Khi b\u1ea1n \u0111\u0103ng k\u00fd eToro, b\u1ea1n s\u1ebd \u0111\u01b0\u1ee3c nh\u1eadn m\u1ed9t t\u00e0i kho\u1ea3n demo v\u1edbi $100.000 ti\u1ec1n \u1ea3o. H\u00e3y s\u1eed d\u1ee5ng n\u00f3 \u0111\u1ec3 l\u00e0m quen v\u1edbi vi\u1ec7c giao d\u1ecbch tr\u01b0\u1edbc khi m\u1ea1o hi\u1ec3m ti\u1ec1n th\u1eadt c\u1ee7a b\u1ea1n. B\u1ea1n c\u00f3 th\u1ec3 s\u1eed d\u1ee5ng t\u00e0i kho\u1ea3n n\u00e0y cho giao d\u1ecbch truy\u1ec1n th\u1ed1ng c\u0169ng nh\u01b0 sao ch\u00e9p giao d\u1ecbch.<\/li>\n<\/ul>\n<h2>M\u1eb9o giao d\u1ecbch x\u00e3 h\u1ed9i tr\u00ean eToro<\/h2>\n<ul>\n<li>T\u00ecm \u0111\u00fang ng\u01b0\u1eddi \u0111\u1ec3 sao ch\u00e9p: H\u00e3y s\u1eed d\u1ee5ng c\u00f4ng c\u1ee5 Kh\u00e1m ph\u00e1 M\u1ecdi ng\u01b0\u1eddi \u0111\u1ec3 t\u00ecm nh\u1eefng nh\u00e0 giao d\u1ecbch gi\u1ecfi nh\u1ea5t \u0111\u1ec3 theo d\u00f5i v\u00e0 sao ch\u00e9p. L\u1ecdc k\u1ebft qu\u1ea3 theo \u0111i\u1ec3m r\u1ee7i ro, l\u1ee3i nhu\u1eadn, ngu\u1ed3n g\u1ed1c qu\u1ed1c gia v\u00e0 nhi\u1ec1u h\u1ea1ng m\u1ee5c kh\u00e1c.<\/li>\n<li>Sao ch\u00e9p nh\u1eefng nh\u00e0 giao d\u1ecbch h\u00e0ng \u0111\u1ea7u: H\u1ec7 th\u1ed1ng CopyTrader\u2122 l\u00e0 m\u1ed9t c\u00e1ch tuy\u1ec7t v\u1eddi \u0111\u1ec3 t\u1ef1 \u0111\u1ed9ng h\u00f3a th\u00f3i quen giao d\u1ecbch c\u1ee7a b\u1ea1n. N\u1ebfu b\u1ea1n kh\u00f4ng ph\u1ea3i l\u00e0 m\u1ed9t nh\u00e0 giao d\u1ecbch \u201ct\u00edch c\u1ef1c\u201d, ho\u1eb7c \u0111\u01a1n gi\u1ea3n l\u00e0 kh\u00f4ng c\u00f3 th\u1eddi gian r\u1ea3nh r\u1ed7i, vi\u1ec7c sao ch\u00e9p m\u1ed9t nh\u00e0 giao d\u1ecbch c\u00f3 kinh nghi\u1ec7m v\u00e0 t\u1ef1 \u0111\u1ed9ng th\u1ef1c hi\u1ec7n t\u1ea5t c\u1ea3 nh\u1eefng vi\u1ec7c h\u1ecd l\u00e0m trong th\u1eddi gian th\u1ef1c l\u00e0 m\u1ed9t l\u1ef1a ch\u1ecdn tuy\u1ec7t v\u1eddi.<\/li>\n<li>T\u00ecm hi\u1ec3u v\u1ec1 Popular Investor: C\u00e1c nh\u00e0 giao d\u1ecbch th\u00e0nh c\u00f4ng v\u00e0 \u0111\u01b0\u1ee3c nhi\u1ec1u ng\u01b0\u1eddi theo d\u00f5i c\u00f3 th\u1ec3 \u0111\u01b0\u1ee3c nh\u1eadn v\u00e0o ch\u01b0\u01a1ng tr\u00ecnh Popular Investor c\u1ee7a eToro. Ch\u01b0\u01a1ng tr\u00ecnh n\u00e0y s\u1ebd t\u01b0\u1edfng th\u01b0\u1edfng nh\u1eefng \u0111\u1eb7c quy\u1ec1n l\u1edbn cho nh\u1eefng nh\u00e0 giao d\u1ecbch n\u00e0y \u0111\u1ec3 khuy\u1ebfn kh\u00edch h\u1ecd chia s\u1ebb ki\u1ebfn th\u1ee9c c\u1ee7a m\u00ecnh v\u00e0 giao d\u1ecbch m\u1ed9t c\u00e1ch c\u00f3 tr\u00e1ch nhi\u1ec7m. N\u1ebfu b\u1ea1n l\u00e0 m\u1ed9t nh\u00e0 giao d\u1ecbch t\u1ed1t v\u00e0 th\u1ec3 hi\u1ec7n l\u1ee3i nhu\u1eadn t\u1ed1t v\u1edbi m\u1ee9c r\u1ee7i ro th\u1ea5p, b\u1ea1n c\u00f3 th\u1ec3 \u0111\u1ee7 \u0111i\u1ec1u ki\u1ec7n tham gia ch\u01b0\u01a1ng tr\u00ecnh.<\/li>\n<li>Th\u1eddi gian l\u00e0 t\u1ea5t c\u1ea3: Khi sao ch\u00e9p m\u1ed9t nh\u00e0 giao d\u1ecbch m\u1edbi, h\u00e3y \u0111\u1ecdc h\u1ed3 s\u01a1 v\u00e0 l\u00e0m quen v\u1edbi chi\u1ebfn l\u01b0\u1ee3c c\u1ee7a h\u1ecd. M\u1ed9t s\u1ed1 nh\u00e0 giao d\u1ecbch c\u00f3 c\u00e1c chi\u1ebfn l\u01b0\u1ee3c d\u00e0i h\u1ea1n c\u00f3 th\u1ec3 bao g\u1ed3m thua l\u1ed7 trong ng\u1eafn h\u1ea1n, v\u1edbi m\u1ee5c ti\u00eau sinh l\u1eddi sau \u0111\u00f3 &#8211; v\u1eady n\u00ean h\u00e3y \u0111\u1ea3m b\u1ea3o b\u1ea1n bi\u1ebft chu k\u1ef3 d\u1ef1 ki\u1ebfn c\u1ee7a m\u1ed9t nh\u00e0 giao d\u1ecbch.<\/li>\n<\/ul>\n<h2>M\u1eb9o \u0111\u1ea7u t\u01b0 v\u00e0o Smart Portfolio<\/h2>\n<ul>\n<li>Gi\u1edbi thi\u1ec7u \u0111\u1ea7u t\u01b0 theo ch\u1ee7 \u0111\u1ec1 v\u00e0o danh m\u1ee5c c\u1ee7a b\u1ea1n: \u0110\u1ea7u t\u01b0 theo ch\u1ee7 \u0111\u1ec1 l\u00e0 m\u1ed9t c\u00e1ch tuy\u1ec7t v\u1eddi \u0111\u1ec3 \u0111\u1ea7u t\u01b0 d\u00e0i h\u1ea1n v\u00e0 gi\u1ea3m thi\u1ec3u r\u1ee7i ro. T\u00ecm hi\u1ec3u v\u1ec1 h\u00ecnh th\u1ee9c \u0111\u1ea7u t\u01b0 n\u00e0y tr\u00ean\u00a0<u><a href=\"http:\/\/www.etoro.com\/vi-vn\/blog\">blog eToro<\/a><\/u>.<\/li>\n<li>Smart Portfolio l\u00e0 g\u00ec: M\u1ed9t c\u00f4ng c\u1ee5 t\u00e0i ch\u00ednh m\u1edbi \u0111\u01b0\u1ee3c ph\u00e1t tri\u1ec3n b\u1edfi eToro. M\u1ed7i chi\u1ebfn l\u01b0\u1ee3c \u0111\u1ea7u t\u01b0 Smart Portfolio \u0111\u1ec1u ch\u1ee9a c\u00e1c lo\u1ea1i t\u00e0i s\u1ea3n ho\u1eb7c nh\u00e0 giao d\u1ecbch kh\u00e1c nhau v\u00e0 kh\u00f4ng ng\u1eebng \u0111\u01b0\u1ee3c t\u1ed1i \u01b0u b\u1edfi m\u1ed9t thu\u1eadt to\u00e1n nh\u1eb1m gi\u1ea3m thi\u1ec3u r\u1ee7i ro v\u00e0 t\u0103ng l\u1ee3i nhu\u1eadn.<\/li>\n<li>Hi\u1ec3u Smart Portfolio c\u1ee7a b\u1ea1n: C\u00f3 ba lo\u1ea1i Smart Portfolio:<\/li>\n<\/ul>\n<ol>\n<li>Smart Portfolio Top Trader, t\u1eadp h\u1ee3p c\u00e1c nh\u00e0 giao d\u1ecbch th\u00e0nh c\u00f4ng tr\u00ean eToro;<\/li>\n<li>Smart Portfolio Th\u1ecb tr\u01b0\u1eddng, t\u1ed5ng h\u1ee3p nh\u1eefng lo\u1ea1i t\u00e0i s\u1ea3n kh\u00e1c nhau tu\u00e2n theo m\u1ed9t chi\u1ebfn l\u01b0\u1ee3c th\u1ecb tr\u01b0\u1eddng c\u1ee5 th\u1ec3; v\u00e0<\/li>\n<li>Smart Portfolio \u0110\u1ed1i t\u00e1c, \u0111\u01b0\u1ee3c thi\u1ebft k\u1ebf b\u1edfi m\u1ed9t s\u1ed1 nh\u1eefng c\u00f4ng ty d\u1ecbch v\u1ee5 t\u00e0i ch\u00ednh s\u00e1ng t\u1ea1o nh\u1ea5t tr\u00ean th\u1ebf gi\u1edbi.<\/li>\n<\/ol>\n<ul>\n<li>H\u00e3y ngh\u0129 d\u00e0i h\u1ea1n: R\u1ee7i ro th\u1ea5p h\u01a1n th\u01b0\u1eddng \u0111\u1ed3ng ngh\u0129a v\u1edbi l\u1ee3i nhu\u1eadn th\u1ea5p h\u01a1n. Do \u0111\u00f3, n\u1ebfu b\u1ea1n \u0111\u1ea7u t\u01b0 v\u00e0o Smart Portfolio, h\u00e3y nh\u1edb r\u1eb1ng ch\u00fang kh\u00f4ng mang l\u1ea1i l\u1ee3i nhu\u1eadn nhanh ch\u00f3ng, v\u00e0 \u0111\u01b0\u1ee3c thi\u1ebft k\u1ebf \u0111\u1ec3 t\u1ea1o l\u1ee3i nhu\u1eadn theo th\u1eddi gian.<\/li>\n<\/ul>\n<h2>M\u1eb9o \u0111\u1ea7u t\u01b0<\/h2>\n<p><strong>M\u1ee5c ti\u00eau:<\/strong> Khi b\u1eaft \u0111\u1ea7u \u0111\u1ea7u t\u01b0, b\u1ea1n ph\u1ea3i x\u00e1c \u0111\u1ecbnh m\u1ed9t lo\u1ea1t c\u00e1c m\u1ee5c ti\u00eau. B\u1ea1n mu\u1ed1n ki\u1ebfm ti\u1ec1n nhanh? Hay \u0111\u1ea7u t\u01b0 d\u00e0i h\u1ea1n? C\u00e1c m\u1ee5c ti\u00eau r\u00f5 r\u00e0ng gi\u1ed1ng nh\u01b0 kim ch\u1ec9 nam, ch\u00fang s\u1ebd d\u1eabn \u0111\u01b0\u1eddng khi b\u1ea1n g\u1eb7p ch\u01b0\u1edbng ng\u1ea1i v\u1eadt v\u00e0 ph\u1ea3i ra c\u00e1c quy\u1ebft \u0111\u1ecbnh kh\u00e1c nhau.<\/p>\n<p><strong>K\u1ebf ho\u1ea1ch:<\/strong> N\u1ebfu \u0111\u00e3 x\u00e1c \u0111\u1ecbnh \u0111\u01b0\u1ee3c m\u1ee5c ti\u00eau, b\u1ea1n c\u1ea7n c\u00f3 k\u1ebf ho\u1ea1ch \u0111\u1ec3 \u0111\u1ea1t \u0111\u01b0\u1ee3c ch\u00fang. C\u00e1c b\u01b0\u1edbc c\u1ea7n thi\u1ebft \u0111\u1ec3 \u0111\u1ea1t \u0111\u01b0\u1ee3c nh\u1eefng m\u1ee5c ti\u00eau \u0111\u00f3 l\u00e0 g\u00ec?<\/p>\n<p><strong>T\u00e0i s\u1ea3n \u0111\u1ea7u t\u01b0:<\/strong> Khi b\u1eaft \u0111\u1ea7u x\u00e2y d\u1ef1ng k\u1ebf ho\u1ea1ch, b\u1ea1n h\u00e3y l\u00e0m quen v\u1edbi m\u1ecdi lo\u1ea1i t\u00e0i s\u1ea3n trong th\u1ebf gi\u1edbi \u0111\u1ea7u t\u01b0. Ch\u00fang \u0111\u1ec1u s\u1edf h\u1eefu nh\u1eefng r\u1ee7i ro v\u00e0 ph\u1ea7n th\u01b0\u1edfng t\u01b0\u01a1ng \u1ee9ng \u0111\u1ed9c nh\u1ea5t, c\u0169ng nh\u01b0 vi\u1ec7c t\u00ecm hi\u1ec3u c\u00e1ch ch\u00fang t\u01b0\u01a1ng t\u00e1c v\u1edbi nhau r\u1ea5t quan tr\u1ecdng.<\/p>\n<p><strong>Chi\u1ebfn l\u01b0\u1ee3c \u0111\u1ea7u t\u01b0:<\/strong> C\u00f3 r\u1ea5t nhi\u1ec1u <a class=\"waffle-rich-text-link\" href=\"https:\/\/www.etoro.com\/vi-vn\/news-and-analysis\/copytrader\/6-investment-strategies-gaspersopi\/\">chi\u1ebfn l\u01b0\u1ee3c \u0111\u1ea7u t\u01b0<\/a> m\u00e0 b\u1ea1n c\u00f3 th\u1ec3 d\u00f9ng \u0111\u1ec3 \u0111\u1ea1t \u0111\u01b0\u1ee3c m\u1ee5c ti\u00eau c\u1ee7a m\u00ecnh. V\u00e0i chi\u1ebfn l\u01b0\u1ee3c d\u00f9ng ph\u00e2n t\u00edch k\u1ef9 thu\u1eadt, trong khi s\u1ed1 c\u00f2n l\u1ea1i d\u00f9ng ph\u00e2n t\u00edch c\u01a1 b\u1ea3n. Trong th\u1ebf k\u1ef7 v\u1eeba qua, \u0111\u00e3 c\u00f3 r\u1ea5t nhi\u1ec1u nh\u00e0 \u0111\u1ea7u t\u01b0 th\u00e0nh c\u00f4ng chia s\u1ebb chi\u1ebfn l\u01b0\u1ee3c m\u00e0 h\u1ecd s\u1eed d\u1ee5ng \u0111\u1ec3 g\u1ea7y d\u1ef1ng t\u00e0i s\u1ea3n.<\/p>\n<p><strong>C\u00f3 r\u1ee7i ro:<\/strong> D\u00f9 cho b\u1ea1n ch\u1ecdn c\u00e1ch n\u00e0o \u0111\u1ec3 \u0111\u1ea7u t\u01b0, h\u00e3y lu\u00f4n nh\u1edb r\u1eb1ng <a class=\"waffle-rich-text-link\" href=\"https:\/\/www.etoro.com\/vi-vn\/stocks\/risk-management\/\">lu\u00f4n c\u00f3 r\u1ee7i ro \u0111i k\u00e8m.<\/a> B\u1ea1n c\u00f3 th\u1ec3 ki\u1ebfm \u0111\u01b0\u1ee3c nhi\u1ec1u ti\u1ec1n, nh\u01b0ng b\u1ea1n c\u0169ng c\u00f3 th\u1ec3 m\u1ea5t r\u1ea5t nhi\u1ec1u ti\u1ec1n. Khi quy\u1ebft \u0111\u1ecbnh s\u1ed1 ti\u1ec1n \u0111\u1ea7u t\u01b0, b\u1ea1n ph\u1ea3i lu\u00f4n nh\u1edb \u0111\u1ebfn \u0111i\u1ec1u quan tr\u1ecdng \u0111\u00f3 Lu\u00f4n \u0111\u1ea3m b\u1ea3o r\u1eb1ng, ch\u1ec9 \u0111\u1ea7u t\u01b0 kho\u1ea3n ti\u1ec1n b\u1ea1n c\u00f3 th\u1ec3 ch\u1ea5p nh\u1eadn m\u1ea5t.<\/p>\n<p><strong>T\u1ef1 gi\u00e1o d\u1ee5c b\u1ea3n th\u00e2n:<\/strong> H\u1ecdc c\u00e0ng nhi\u1ec1u c\u00e0ng t\u1ed1t v\u1ec1 th\u1ebf gi\u1edbi \u0111\u1ea7u t\u01b0 tr\u01b0\u1edbc khi b\u1ecf ti\u1ec1n v\u00e0o. Ng\u00e0y nay, c\u00f3 h\u00e0ng t\u00e1 t\u00e0i li\u1ec7u mi\u1ec5n ph\u00ed tr\u00ean m\u1ea1ng cho b\u1ea1n s\u1eed d\u1ee5ng n\u1ebfu c\u1ea7n. <a class=\"waffle-rich-text-link\" href=\"https:\/\/www.etoro.com\/vi-vn\/academy\/\">eToro c\u0169ng c\u00f3 t\u00e0i li\u1ec7u ri\u00eang<\/a> H\u1ecdc vi\u1ec7n v\u1edbi v\u00f4 s\u1ed1 video gi\u00e1o d\u1ee5c, b\u00e0i vi\u1ebft gi\u1ea3i th\u00edch, webinar, kho\u00e1 h\u1ecdc, b\u00e0i gi\u1ea3ng, c\u00e1c cu\u1ed9c ph\u1ecfng v\u1ea5n v\u00e0 h\u01a1n th\u1ebf n\u1eefa, ch\u00fang c\u00f3 th\u1ec3 gi\u00fap b\u1ea1n ti\u1ebfp c\u1eadn th\u1ebf gi\u1edbi \u0111\u1ea7u t\u01b0 v\u1edbi nhi\u1ec1u ki\u1ebfn th\u1ee9c nh\u1ea5t c\u00f3 th\u1ec3.<\/p>\n","protected":false},"excerpt":{"rendered":"<p>V\u00ec sao b\u1ea1n c\u1ea7n c\u00e1c m\u1eb9o giao d\u1ecbch n\u00e0y? Nh\u1eefng b\u01b0\u1edbc \u0111\u1ea7u ti\u00ean c\u1ee7a b\u1ea1n tr\u00ean n\u1ec1n t\u1ea3ng eToro r\u1ea5t quan tr\u1ecdng. V\u00ec v\u1eady, ch\u00fang t\u00f4i \u0111\u00e3 so\u1ea1n th\u1ea3o nh\u1eefng m\u1eb9o giao d\u1ecbch v\u00e0 \u0111\u1ea7u t\u01b0 h\u00e0ng \u0111\u1ea7u \u0111\u1ec3 gi\u00fap b\u1ea1n l\u00e0m quen v\u1edbi nh\u1eefng c\u00f4ng c\u1ee5 v\u00e0 t\u00ednh n\u0103ng kh\u00e1c nhau \u0111\u01b0\u1ee3c cung c\u1ea5p.&hellip;<\/p>\n","protected":false},"author":1,"featured_media":0,"parent":36056,"menu_order":1471,"comment_status":"closed","ping_status":"closed","template":"","meta":{"_acf_changed":false,"inline_featured_image":false,"sticky_cta_settings":"","footnotes":""},"asset_type":[],"class_list":["post-36276","page","type-page","status-publish","hentry"],"acf":[],"yoast_head":"<title>M\u1eb9o Giao d\u1ecbch v\u00e0 \u0110\u1ea7u t\u01b0 - eToro<\/title>\n<meta name=\"robots\" content=\"noindex\" \/>\n<meta property=\"og:locale\" content=\"vi_VN\" \/>\n<meta property=\"og:type\" content=\"article\" \/>\n<meta property=\"og:title\" content=\"M\u1eb9o Giao d\u1ecbch v\u00e0 \u0110\u1ea7u t\u01b0 - eToro\" \/>\n<meta property=\"og:description\" content=\"V\u00ec sao b\u1ea1n c\u1ea7n c\u00e1c m\u1eb9o giao d\u1ecbch n\u00e0y? Nh\u1eefng b\u01b0\u1edbc \u0111\u1ea7u ti\u00ean c\u1ee7a b\u1ea1n tr\u00ean n\u1ec1n t\u1ea3ng eToro r\u1ea5t quan tr\u1ecdng. V\u00ec v\u1eady, ch\u00fang t\u00f4i \u0111\u00e3 so\u1ea1n th\u1ea3o nh\u1eefng m\u1eb9o giao d\u1ecbch v\u00e0 \u0111\u1ea7u t\u01b0 h\u00e0ng \u0111\u1ea7u \u0111\u1ec3 gi\u00fap b\u1ea1n l\u00e0m quen v\u1edbi nh\u1eefng c\u00f4ng c\u1ee5 v\u00e0 t\u00ednh n\u0103ng kh\u00e1c nhau \u0111\u01b0\u1ee3c cung c\u1ea5p.&hellip;\" \/>\n<meta property=\"og:url\" content=\"https:\/\/www.etoro.com\/vi-vn\/wp-json\/wp\/v2\/pages\/36276\" \/>\n<meta property=\"og:site_name\" content=\"eToro\" \/>\n<meta property=\"article:publisher\" content=\"https:\/\/www.facebook.com\/eToro\/\" \/>\n<meta property=\"article:modified_time\" content=\"2022-12-28T09:16:24+00:00\" \/>\n<meta property=\"og:image\" content=\"https:\/\/www.etoro.com\/wp-content\/uploads\/2019\/12\/etoro_logo_social_share1.png\" \/>\n\t<meta property=\"og:image:width\" content=\"240\" \/>\n\t<meta property=\"og:image:height\" content=\"240\" \/>\n\t<meta property=\"og:image:type\" content=\"image\/png\" \/>\n<meta name=\"twitter:card\" content=\"summary_large_image\" \/>\n<meta name=\"twitter:site\" content=\"@eToro\" \/>\n<meta name=\"twitter:label1\" content=\"\u01af\u1edbc t\u00ednh th\u1eddi gian \u0111\u1ecdc\" \/>\n\t<meta name=\"twitter:data1\" content=\"6 ph\u00fat\" \/>\n<script type=\"application\/ld+json\" class=\"yoast-schema-graph\">{\"@context\":\"https:\/\/schema.org\",\"@graph\":[{\"@type\":\"WebPage\",\"@id\":\"https:\/\/www.etoro.com\/vi-vn\/trading\/tips\/\",\"url\":\"https:\/\/www.etoro.com\/vi-vn\/trading\/tips\/\",\"name\":\"M\u1eb9o Giao d\u1ecbch v\u00e0 \u0110\u1ea7u t\u01b0 - eToro\",\"isPartOf\":{\"@id\":\"https:\/\/www.etoro.com\/vi-vn\/#website\"},\"datePublished\":\"2017-10-24T07:23:14+00:00\",\"dateModified\":\"2022-12-28T09:16:24+00:00\",\"breadcrumb\":{\"@id\":\"https:\/\/www.etoro.com\/vi-vn\/trading\/tips\/#breadcrumb\"},\"inLanguage\":\"vi\",\"potentialAction\":[{\"@type\":\"ReadAction\",\"target\":[\"https:\/\/www.etoro.com\/vi-vn\/trading\/tips\/\"]}]},{\"@type\":\"BreadcrumbList\",\"@id\":\"https:\/\/www.etoro.com\/vi-vn\/trading\/tips\/#breadcrumb\",\"itemListElement\":[{\"@type\":\"ListItem\",\"position\":1,\"name\":\"Trang ch\u1ee7\",\"item\":\"https:\/\/www.etoro.com\/vi-vn\/\"},{\"@type\":\"ListItem\",\"position\":2,\"name\":\"Giao d\u1ecbch\",\"item\":\"https:\/\/www.etoro.com\/vi-vn\/trading\/\"},{\"@type\":\"ListItem\",\"position\":3,\"name\":\"M\u1eb9o Giao d\u1ecbch v\u00e0 \u0110\u1ea7u t\u01b0\"}]},{\"@type\":\"WebSite\",\"@id\":\"https:\/\/www.etoro.com\/vi-vn\/#website\",\"url\":\"https:\/\/www.etoro.com\/vi-vn\/\",\"name\":\"eToro\",\"description\":\"\",\"publisher\":{\"@id\":\"https:\/\/www.etoro.com\/vi-vn\/#organization\"},\"potentialAction\":[{\"@type\":\"SearchAction\",\"target\":{\"@type\":\"EntryPoint\",\"urlTemplate\":\"https:\/\/www.etoro.com\/vi-vn\/?s={search_term_string}\"},\"query-input\":{\"@type\":\"PropertyValueSpecification\",\"valueRequired\":true,\"valueName\":\"search_term_string\"}}],\"inLanguage\":\"vi\"},[]]}<\/script>","yoast_head_json":{"title":"M\u1eb9o Giao d\u1ecbch v\u00e0 \u0110\u1ea7u t\u01b0 - eToro","robots":{"index":"noindex"},"og_locale":"vi_VN","og_type":"article","og_title":"M\u1eb9o Giao d\u1ecbch v\u00e0 \u0110\u1ea7u t\u01b0 - eToro","og_description":"V\u00ec sao b\u1ea1n c\u1ea7n c\u00e1c m\u1eb9o giao d\u1ecbch n\u00e0y? Nh\u1eefng b\u01b0\u1edbc \u0111\u1ea7u ti\u00ean c\u1ee7a b\u1ea1n tr\u00ean n\u1ec1n t\u1ea3ng eToro r\u1ea5t quan tr\u1ecdng. V\u00ec v\u1eady, ch\u00fang t\u00f4i \u0111\u00e3 so\u1ea1n th\u1ea3o nh\u1eefng m\u1eb9o giao d\u1ecbch v\u00e0 \u0111\u1ea7u t\u01b0 h\u00e0ng \u0111\u1ea7u \u0111\u1ec3 gi\u00fap b\u1ea1n l\u00e0m quen v\u1edbi nh\u1eefng c\u00f4ng c\u1ee5 v\u00e0 t\u00ednh n\u0103ng kh\u00e1c nhau \u0111\u01b0\u1ee3c cung c\u1ea5p.&hellip;","og_url":"https:\/\/www.etoro.com\/vi-vn\/wp-json\/wp\/v2\/pages\/36276","og_site_name":"eToro","article_publisher":"https:\/\/www.facebook.com\/eToro\/","article_modified_time":"2022-12-28T09:16:24+00:00","og_image":[{"width":240,"height":240,"url":"https:\/\/www.etoro.com\/wp-content\/uploads\/2019\/12\/etoro_logo_social_share1.png","type":"image\/png"}],"twitter_card":"summary_large_image","twitter_site":"@eToro","twitter_misc":{"\u01af\u1edbc t\u00ednh th\u1eddi gian \u0111\u1ecdc":"6 ph\u00fat"},"schema":{"@context":"https:\/\/schema.org","@graph":[{"@type":"WebPage","@id":"https:\/\/www.etoro.com\/vi-vn\/trading\/tips\/","url":"https:\/\/www.etoro.com\/vi-vn\/trading\/tips\/","name":"M\u1eb9o Giao d\u1ecbch v\u00e0 \u0110\u1ea7u t\u01b0 - eToro","isPartOf":{"@id":"https:\/\/www.etoro.com\/vi-vn\/#website"},"datePublished":"2017-10-24T07:23:14+00:00","dateModified":"2022-12-28T09:16:24+00:00","breadcrumb":{"@id":"https:\/\/www.etoro.com\/vi-vn\/trading\/tips\/#breadcrumb"},"inLanguage":"vi","potentialAction":[{"@type":"ReadAction","target":["https:\/\/www.etoro.com\/vi-vn\/trading\/tips\/"]}]},{"@type":"BreadcrumbList","@id":"https:\/\/www.etoro.com\/vi-vn\/trading\/tips\/#breadcrumb","itemListElement":[{"@type":"ListItem","position":1,"name":"Trang ch\u1ee7","item":"https:\/\/www.etoro.com\/vi-vn\/"},{"@type":"ListItem","position":2,"name":"Giao d\u1ecbch","item":"https:\/\/www.etoro.com\/vi-vn\/trading\/"},{"@type":"ListItem","position":3,"name":"M\u1eb9o Giao d\u1ecbch v\u00e0 \u0110\u1ea7u t\u01b0"}]},{"@type":"WebSite","@id":"https:\/\/www.etoro.com\/vi-vn\/#website","url":"https:\/\/www.etoro.com\/vi-vn\/","name":"eToro","description":"","publisher":{"@id":"https:\/\/www.etoro.com\/vi-vn\/#organization"},"potentialAction":[{"@type":"SearchAction","target":{"@type":"EntryPoint","urlTemplate":"https:\/\/www.etoro.com\/vi-vn\/?s={search_term_string}"},"query-input":{"@type":"PropertyValueSpecification","valueRequired":true,"valueName":"search_term_string"}}],"inLanguage":"vi"},[]]}},"_links":{"self":[{"href":"https:\/\/www.etoro.com\/vi-vn\/wp-json\/wp\/v2\/pages\/36276"}],"collection":[{"href":"https:\/\/www.etoro.com\/vi-vn\/wp-json\/wp\/v2\/pages"}],"about":[{"href":"https:\/\/www.etoro.com\/vi-vn\/wp-json\/wp\/v2\/types\/page"}],"author":[{"embeddable":true,"href":"https:\/\/www.etoro.com\/vi-vn\/wp-json\/wp\/v2\/users\/1"}],"replies":[{"embeddable":true,"href":"https:\/\/www.etoro.com\/vi-vn\/wp-json\/wp\/v2\/comments?post=36276"}],"version-history":[{"count":0,"href":"https:\/\/www.etoro.com\/vi-vn\/wp-json\/wp\/v2\/pages\/36276\/revisions"}],"up":[{"embeddable":true,"href":"https:\/\/www.etoro.com\/vi-vn\/wp-json\/wp\/v2\/pages\/36056"}],"wp:attachment":[{"href":"https:\/\/www.etoro.com\/vi-vn\/wp-json\/wp\/v2\/media?parent=36276"}],"wp:term":[{"taxonomy":"asset_type","embeddable":true,"href":"https:\/\/www.etoro.com\/vi-vn\/wp-json\/wp\/v2\/asset_type?post=36276"}],"curies":[{"name":"wp","href":"https:\/\/api.w.org\/{rel}","templated":true}]}}