{"id":664091,"date":"2023-06-14T10:45:54","date_gmt":"2023-06-14T07:45:54","guid":{"rendered":"https:\/\/www.etoro.com\/crypto\/wallet-fees\/"},"modified":"2026-04-06T11:45:45","modified_gmt":"2026-04-06T08:45:45","slug":"fees","status":"publish","type":"page","link":"https:\/\/www.etoro.com\/vi-vn\/crypto\/wallet\/fees\/","title":{"rendered":"Wallet fees"},"content":{"rendered":"\n<section class=\"wp-block-group wp-block-group-boxed\"><div class=\"wp-block-group-inner is-layout-flow wp-block-group-is-layout-flow\">\n<div class=\"wp-block-columns are-vertically-aligned-top wp-block-columns-1 is-layout-flex wp-container-core-columns-is-layout-1 wp-block-columns-is-layout-flex\">\n<div class=\"wp-block-column is-layout-flow wp-block-column-is-layout-flow\">\n<h3 class=\"wp-block-heading\"><strong>Ph\u00ed \u0111\u1ed1i v\u1edbi giao d\u1ecbch g\u1eedi\/nh\u1eadn<\/strong><\/h3>\n\n\n\n<p>S\u1ebd \u00e1p d\u1ee5ng ph\u00ed khi b\u1ea1n chuy\u1ec3n ti\u1ec1n \u0111i\u1ec7n t\u1eed c\u1ee7a m\u00ecnh v\u00e0o v\u00ed ti\u1ec1n \u0111i\u1ec7n t\u1eed eToro V\u00ed ti\u1ec1n \u0111i\u1ec7n t\u1eed.<\/p>\n\n\n\n<ul class=\"wp-block-list wp-block-list wp-block-list-circle\">\n<li>N\u1ebfu b\u1ea1n chuy\u1ec3n ti\u1ec1n \u0111i\u1ec7n t\u1eed t\u1eeb n\u1ec1n t\u1ea3ng eToro, b\u1ea1n s\u1ebd ph\u1ea3i tr\u1ea3 ph\u00ed 2%.<\/li>\n\n\n\n<li>N\u1ebfu b\u1ea1n chuy\u1ec3n ti\u1ec1n \u0111i\u1ec7n t\u1eed t\u1eeb ho\u1eb7c \u0111\u1ebfn m\u1ed9t ngu\u1ed3n b\u00ean ngo\u00e0i, eToro s\u1ebd kh\u00f4ng t\u00ednh ph\u00ed b\u1ea1n. Ph\u00ed duy nh\u1ea5t \u0111\u01b0\u1ee3c \u00e1p d\u1ee5ng l\u00e0 ph\u00ed blockchain.<\/li>\n<\/ul>\n\n\n\n<p>L\u01b0u \u00fd: Ph\u00ed c\u00f3 m\u1ee9c gi\u1edbi h\u1ea1n t\u1ed1i thi\u1ec3u\/t\u1ed1i \u0111a, chi ti\u1ebft <a href=\"https:\/\/www.etoro.com\/vi-vn\/crypto\/coin-transfer\/\" target=\"_blank\" rel=\"noreferrer noopener\">t\u1ea1i \u0111\u00e2y<\/a>.<\/p>\n\n\n\n<h3 class=\"wp-block-heading\"><strong>H\u1ea1n m\u1ee9c \u0111\u1ed1i v\u1edbi giao d\u1ecbch g\u1eedi<\/strong><\/h3>\n\n\n\n<p>C\u00e1c lo\u1ea1i t\u00e0i s\u1ea3n m\u00e3 ho\u00e1 \u0111\u01b0\u1ee3c h\u1ed7 tr\u1ee3 tr\u00ean eToro c\u00f3 h\u1ea1n m\u1ee9c giao d\u1ecbch t\u1ed1i \u0111a l\u00e0 50.000 USD\/giao d\u1ecbch v\u00e0 h\u1ea1n m\u1ee9c t\u1ed1i \u0111a t\u1ed5ng th\u1ec3 l\u00e0 200.000 USD\/ng\u00e0y.<\/p>\n\n\n\n<h3 class=\"wp-block-heading\"><strong>B\u00e1n ti\u1ec1n \u0111i\u1ec7n t\u1eed cho GBP\/EUR\/AUD<\/strong><\/h3>\n\n\n\n<p>S\u1ebd thu ph\u00ed khi b\u1ea1n b\u00e1n ti\u1ec1n \u0111i\u1ec7n t\u1eed l\u1ea5y GBP, EUR, AUD ho\u1eb7c USD tr\u00ean eToro crypto wallet.<\/p>\n\n\n\n<p>B\u1ea1n s\u1ebd \u0111\u01b0\u1ee3c hi\u1ec3n th\u1ecb m\u1ee9c ph\u00ed \u01b0\u1edbc t\u00ednh tr\u01b0\u1edbc khi ho\u00e0n t\u1ea5t giao d\u1ecbch b\u00e1n.<\/p>\n\n\n\n<p>Gi\u1ea3m gi\u00e1 cho Club:<\/p>\n\n\n\n<figure class=\"wp-block-table\"><div class=\"wp-block-table-content\"><div class=\"wp-block-table-content-nav wp-block-table-content-nav-left\"><div class=\"wp-block-table-content-nav-arrow wp-block-table-content-nav-arrow-left\"><\/div><\/div><div class=\"wp-block-table-content-nav wp-block-table-content-nav-right\"><div class=\"wp-block-table-content-nav-arrow wp-block-table-content-nav-arrow-right\"><\/div><\/div><div class=\"wp-block-table-content-table\"><table class=\"has-fixed-layout\"><thead><tr><th class=\"has-text-align-center\" data-align=\"center\"><strong>Silver<\/strong><\/th><th class=\"has-text-align-center\" data-align=\"center\"><strong>Gold &amp; Platinum<\/strong><\/th><th class=\"has-text-align-center\" data-align=\"center\"><strong>Platinum+ &amp; Diamond<\/strong><\/th><\/tr><\/thead><tbody><tr><td class=\"has-text-align-center\" data-align=\"center\">1%<\/td><td class=\"has-text-align-center\" data-align=\"center\">gi\u1ea3m&nbsp;20% (0.8%)<\/td><td class=\"has-text-align-center\" data-align=\"center\">gi\u1ea3m&nbsp;40% (0.6%)<\/td><\/tr><\/tbody><\/table><\/div><\/div><\/figure>\n\n\n\n<p><a href=\"https:\/\/www.etoro.com\/vi-vn\/trading\/fees\/\">trang ph\u00ed eToro<\/a><\/p>\n\n\n\n<h3 class=\"wp-block-heading\"><strong>T\u1ea1o v\u00ed XRP<\/strong><\/h3>\n\n\n\n<p>Hi\u1ec7n t\u1ea1i, vi\u1ec7c m\u1edf v\u00ed XRP l\u00e0 m\u1ed9t ph\u1ea7n c\u1ee7a quy tr\u00ecnh chuy\u1ec3n ti\u1ec1n v\u00e0 ch\u00fang t\u00f4i kh\u00f4ng thu ph\u00ed t\u1ea1o v\u00ed XRP.<\/p>\n\n\n\n<h3 class=\"wp-block-heading\"><strong>T\u1ea1o v\u00ed XLM<\/strong><\/h3>\n\n\n\n<p>Stellar blockchain y\u00eau c\u1ea7u m\u1ed9t kho\u1ea3n ti\u1ec1n n\u1ea1p t\u1ed1i thi\u1ec3u l\u00e0 2,5 XLM (b\u1ea1n kh\u00f4ng th\u1ec3 giao d\u1ecbch kho\u1ea3n ti\u1ec1n n\u00e0y) \u0111\u1ec3 k\u00edch ho\u1ea1t v\u00ed XLM. V\u00ed s\u1ebd \u0111\u01b0\u1ee3c k\u00edch ho\u1ea1t sau khi n\u1ea1p ti\u1ec1n v\u00e0 b\u1ea1n s\u1ebd c\u00f3 th\u1ec3 th\u1ea5y v\u00ed tr\u00ean Stellar blockchain.<\/p>\n\n\n\n<h3 class=\"wp-block-heading\"><strong>T\u1ea1o v\u00ed ETH<\/strong><\/h3>\n\n\n\n<p>Hi\u1ec7n t\u1ea1i, vi\u1ec7c m\u1edf v\u00ed ETH l\u00e0 m\u1ed9t ph\u1ea7n c\u1ee7a quy tr\u00ecnh chuy\u1ec3n ti\u1ec1n v\u00e0 ch\u00fang t\u00f4i kh\u00f4ng thu ph\u00ed t\u1ea1o v\u00ed ETH. Token ERC20 \u0111\u01b0\u1ee3c h\u1ed7 tr\u1ee3 cho ng\u01b0\u1eddi d\u00f9ng \u0111\u00e3 c\u00f3 v\u00ed n\u00e0y.<\/p>\n\n\n\n<p>Hi\u1ec7n kh\u00f4ng th\u1ec3 t\u1ea1o v\u00ed ERC20 m\u1edbi.<\/p>\n\n\n\n<p>Xem \u0111i\u1ec1u kho\u1ea3n v\u00e0 \u0111i\u1ec1u ki\u1ec7n c\u1ee7a v\u00ed <a class=\"link\" href=\"https:\/\/www.etoro.com\/customer-service\/terms-conditions\/#etoro-money:~:text=eToro%20Money%20crypto%20wallet\">t\u1ea1i \u0111\u00e2y<\/a>.<\/p>\n\n\n\n<p>V\u00ed n\u00e0y do eToroX Limited (\u201ceToroX\u201d) cung c\u1ea5p, m\u1ed9t c\u00f4ng ty tr\u00e1ch nhi\u1ec7m h\u1eefu h\u1ea1n \u0111\u01b0\u1ee3c th\u00e0nh l\u1eadp t\u1ea1i Gibraltar v\u1edbi m\u00e3 s\u1ed1 c\u00f4ng ty l\u00e0 116348 v\u00e0 c\u00f3 tr\u1ee5 s\u1edf ch\u00ednh t\u1ea1i 57\/63 Line Wall Road, Gibraltar. eToroX l\u00e0 nh\u00e0 cung c\u1ea5p DLT \u0111\u01b0\u1ee3c \u1ee6y ban D\u1ecbch v\u1ee5 T\u00e0i ch\u00ednh Gibraltar qu\u1ea3n l\u00fd v\u00e0 c\u1ea5p ph\u00e9p theo \u0110\u1ea1o lu\u1eadt D\u1ecbch v\u1ee5 \u1ee6y th\u00e1c T\u00e0i ch\u00ednh v\u00e0 \u0110\u1ea7u t\u01b0 v\u1edbi s\u1ed1 gi\u1ea5y ph\u00e9p FSC1333B.<\/p>\n<\/div>\n<\/div>\n<\/div><\/section>\n","protected":false},"excerpt":{"rendered":"<p>Ph\u00ed \u0111\u1ed1i v\u1edbi giao d\u1ecbch g\u1eedi\/nh\u1eadn S\u1ebd \u00e1p d\u1ee5ng ph\u00ed khi b\u1ea1n chuy\u1ec3n ti\u1ec1n \u0111i\u1ec7n t\u1eed c\u1ee7a m\u00ecnh v\u00e0o v\u00ed ti\u1ec1n \u0111i\u1ec7n t\u1eed eToro V\u00ed ti\u1ec1n \u0111i\u1ec7n t\u1eed. L\u01b0u \u00fd: Ph\u00ed c\u00f3 m\u1ee9c gi\u1edbi h\u1ea1n t\u1ed1i thi\u1ec3u\/t\u1ed1i \u0111a, chi ti\u1ebft t\u1ea1i \u0111\u00e2y. H\u1ea1n m\u1ee9c \u0111\u1ed1i v\u1edbi giao d\u1ecbch g\u1eedi C\u00e1c lo\u1ea1i t\u00e0i s\u1ea3n m\u00e3 ho\u00e1&hellip;<\/p>\n","protected":false},"author":75,"featured_media":623893,"parent":129086,"menu_order":0,"comment_status":"closed","ping_status":"closed","template":"","meta":{"_acf_changed":false,"inline_featured_image":false,"sticky_cta_settings":"","footnotes":""},"asset_type":[],"class_list":["post-664091","page","type-page","status-publish","has-post-thumbnail","hentry"],"acf":[],"yoast_head":"<title>Ph\u00ed c\u1ee7a v\u00ed ti\u1ec1n m\u00e3 ho\u00e1 eToro<\/title>\n<meta name=\"description\" content=\"Gi\u1ea3i th\u00edch to\u00e0n di\u1ec7n v\u1ec1 ph\u00ed c\u1ee7a v\u00ed ti\u1ec1n m\u00e3 ho\u00e1 eToro, bao g\u1ed3m ph\u00ed chuy\u1ec3n \u0111\u1ed5i, h\u1ea1n m\u1ee9c c\u1ee7a giao d\u1ecbch g\u1eedi ti\u1ec1n v\u00e0 c\u00e1c v\u1ea5n \u0111\u1ec1 chung\/ri\u00eang v\u1ec1 vi\u1ec7c t\u1ea1o v\u00ed.\" \/>\n<meta name=\"robots\" content=\"noindex\" \/>\n<meta property=\"og:locale\" content=\"vi_VN\" \/>\n<meta property=\"og:type\" content=\"article\" \/>\n<meta property=\"og:title\" content=\"Ph\u00ed c\u1ee7a v\u00ed ti\u1ec1n m\u00e3 ho\u00e1 eToro\" \/>\n<meta property=\"og:description\" content=\"Gi\u1ea3i th\u00edch to\u00e0n di\u1ec7n v\u1ec1 ph\u00ed c\u1ee7a v\u00ed ti\u1ec1n m\u00e3 ho\u00e1 eToro, bao g\u1ed3m ph\u00ed chuy\u1ec3n \u0111\u1ed5i, h\u1ea1n m\u1ee9c c\u1ee7a giao d\u1ecbch g\u1eedi ti\u1ec1n v\u00e0 c\u00e1c v\u1ea5n \u0111\u1ec1 chung\/ri\u00eang v\u1ec1 vi\u1ec7c t\u1ea1o v\u00ed.\" \/>\n<meta property=\"og:url\" content=\"https:\/\/www.etoro.com\/vi-vn\/wp-json\/wp\/v2\/pages\/664091\" \/>\n<meta property=\"og:site_name\" content=\"eToro\" \/>\n<meta property=\"article:publisher\" content=\"https:\/\/www.facebook.com\/eToro\/\" \/>\n<meta property=\"article:modified_time\" content=\"2026-04-06T08:45:45+00:00\" \/>\n<meta property=\"og:image\" content=\"https:\/\/www.etoro.com\/wp-content\/uploads\/2023\/06\/Wallet-fees.jpg\" \/>\n\t<meta property=\"og:image:width\" content=\"1200\" \/>\n\t<meta property=\"og:image:height\" content=\"630\" \/>\n\t<meta property=\"og:image:type\" content=\"image\/jpeg\" \/>\n<meta name=\"twitter:card\" content=\"summary_large_image\" \/>\n<meta name=\"twitter:site\" content=\"@eToro\" \/>\n<meta name=\"twitter:label1\" content=\"\u01af\u1edbc t\u00ednh th\u1eddi gian \u0111\u1ecdc\" \/>\n\t<meta name=\"twitter:data1\" content=\"3 ph\u00fat\" \/>\n<script type=\"application\/ld+json\" class=\"yoast-schema-graph\">{\"@context\":\"https:\/\/schema.org\",\"@graph\":[{\"@type\":\"WebPage\",\"@id\":\"https:\/\/www.etoro.com\/vi-vn\/crypto\/wallet\/fees\/\",\"url\":\"https:\/\/www.etoro.com\/vi-vn\/crypto\/wallet\/fees\/\",\"name\":\"Ph\u00ed c\u1ee7a v\u00ed ti\u1ec1n m\u00e3 ho\u00e1 eToro\",\"isPartOf\":{\"@id\":\"https:\/\/www.etoro.com\/vi-vn\/#website\"},\"primaryImageOfPage\":{\"@id\":\"https:\/\/www.etoro.com\/vi-vn\/crypto\/wallet\/fees\/#primaryimage\"},\"image\":{\"@id\":\"https:\/\/www.etoro.com\/vi-vn\/crypto\/wallet\/fees\/#primaryimage\"},\"thumbnailUrl\":\"https:\/\/www.etoro.com\/wp-content\/uploads\/2023\/06\/Wallet-fees.jpg\",\"datePublished\":\"2023-06-14T07:45:54+00:00\",\"dateModified\":\"2026-04-06T08:45:45+00:00\",\"description\":\"Gi\u1ea3i th\u00edch to\u00e0n di\u1ec7n v\u1ec1 ph\u00ed c\u1ee7a v\u00ed ti\u1ec1n m\u00e3 ho\u00e1 eToro, bao g\u1ed3m ph\u00ed chuy\u1ec3n \u0111\u1ed5i, h\u1ea1n m\u1ee9c c\u1ee7a giao d\u1ecbch g\u1eedi ti\u1ec1n v\u00e0 c\u00e1c v\u1ea5n \u0111\u1ec1 chung\/ri\u00eang v\u1ec1 vi\u1ec7c t\u1ea1o v\u00ed.\",\"breadcrumb\":{\"@id\":\"https:\/\/www.etoro.com\/vi-vn\/crypto\/wallet\/fees\/#breadcrumb\"},\"inLanguage\":\"vi\",\"potentialAction\":[{\"@type\":\"ReadAction\",\"target\":[\"https:\/\/www.etoro.com\/vi-vn\/crypto\/wallet\/fees\/\"]}]},{\"@type\":\"ImageObject\",\"inLanguage\":\"vi\",\"@id\":\"https:\/\/www.etoro.com\/vi-vn\/crypto\/wallet\/fees\/#primaryimage\",\"url\":\"https:\/\/www.etoro.com\/wp-content\/uploads\/2023\/06\/Wallet-fees.jpg\",\"contentUrl\":\"https:\/\/www.etoro.com\/wp-content\/uploads\/2023\/06\/Wallet-fees.jpg\",\"width\":1200,\"height\":630,\"caption\":\"Wallet Fees\"},{\"@type\":\"BreadcrumbList\",\"@id\":\"https:\/\/www.etoro.com\/vi-vn\/crypto\/wallet\/fees\/#breadcrumb\",\"itemListElement\":[{\"@type\":\"ListItem\",\"position\":1,\"name\":\"Trang ch\u1ee7\",\"item\":\"https:\/\/www.etoro.com\/vi-vn\/\"},{\"@type\":\"ListItem\",\"position\":2,\"name\":\"One-stop crypto\",\"item\":\"https:\/\/www.etoro.com\/vi-vn\/crypto\/\"},{\"@type\":\"ListItem\",\"position\":3,\"name\":\"Wallet\",\"item\":\"https:\/\/www.etoro.com\/vi-vn\/crypto\/wallet\/\"},{\"@type\":\"ListItem\",\"position\":4,\"name\":\"Wallet fees\"}]},{\"@type\":\"WebSite\",\"@id\":\"https:\/\/www.etoro.com\/vi-vn\/#website\",\"url\":\"https:\/\/www.etoro.com\/vi-vn\/\",\"name\":\"eToro\",\"description\":\"\",\"publisher\":{\"@id\":\"https:\/\/www.etoro.com\/vi-vn\/#organization\"},\"potentialAction\":[{\"@type\":\"SearchAction\",\"target\":{\"@type\":\"EntryPoint\",\"urlTemplate\":\"https:\/\/www.etoro.com\/vi-vn\/?s={search_term_string}\"},\"query-input\":{\"@type\":\"PropertyValueSpecification\",\"valueRequired\":true,\"valueName\":\"search_term_string\"}}],\"inLanguage\":\"vi\"},[]]}<\/script>","yoast_head_json":{"title":"Ph\u00ed c\u1ee7a v\u00ed ti\u1ec1n m\u00e3 ho\u00e1 eToro","description":"Gi\u1ea3i th\u00edch to\u00e0n di\u1ec7n v\u1ec1 ph\u00ed c\u1ee7a v\u00ed ti\u1ec1n m\u00e3 ho\u00e1 eToro, bao g\u1ed3m ph\u00ed chuy\u1ec3n \u0111\u1ed5i, h\u1ea1n m\u1ee9c c\u1ee7a giao d\u1ecbch g\u1eedi ti\u1ec1n v\u00e0 c\u00e1c v\u1ea5n \u0111\u1ec1 chung\/ri\u00eang v\u1ec1 vi\u1ec7c t\u1ea1o v\u00ed.","robots":{"index":"noindex"},"og_locale":"vi_VN","og_type":"article","og_title":"Ph\u00ed c\u1ee7a v\u00ed ti\u1ec1n m\u00e3 ho\u00e1 eToro","og_description":"Gi\u1ea3i th\u00edch to\u00e0n di\u1ec7n v\u1ec1 ph\u00ed c\u1ee7a v\u00ed ti\u1ec1n m\u00e3 ho\u00e1 eToro, bao g\u1ed3m ph\u00ed chuy\u1ec3n \u0111\u1ed5i, h\u1ea1n m\u1ee9c c\u1ee7a giao d\u1ecbch g\u1eedi ti\u1ec1n v\u00e0 c\u00e1c v\u1ea5n \u0111\u1ec1 chung\/ri\u00eang v\u1ec1 vi\u1ec7c t\u1ea1o v\u00ed.","og_url":"https:\/\/www.etoro.com\/vi-vn\/wp-json\/wp\/v2\/pages\/664091","og_site_name":"eToro","article_publisher":"https:\/\/www.facebook.com\/eToro\/","article_modified_time":"2026-04-06T08:45:45+00:00","og_image":[{"width":1200,"height":630,"url":"https:\/\/www.etoro.com\/wp-content\/uploads\/2023\/06\/Wallet-fees.jpg","type":"image\/jpeg"}],"twitter_card":"summary_large_image","twitter_site":"@eToro","twitter_misc":{"\u01af\u1edbc t\u00ednh th\u1eddi gian \u0111\u1ecdc":"3 ph\u00fat"},"schema":{"@context":"https:\/\/schema.org","@graph":[{"@type":"WebPage","@id":"https:\/\/www.etoro.com\/vi-vn\/crypto\/wallet\/fees\/","url":"https:\/\/www.etoro.com\/vi-vn\/crypto\/wallet\/fees\/","name":"Ph\u00ed c\u1ee7a v\u00ed ti\u1ec1n m\u00e3 ho\u00e1 eToro","isPartOf":{"@id":"https:\/\/www.etoro.com\/vi-vn\/#website"},"primaryImageOfPage":{"@id":"https:\/\/www.etoro.com\/vi-vn\/crypto\/wallet\/fees\/#primaryimage"},"image":{"@id":"https:\/\/www.etoro.com\/vi-vn\/crypto\/wallet\/fees\/#primaryimage"},"thumbnailUrl":"https:\/\/www.etoro.com\/wp-content\/uploads\/2023\/06\/Wallet-fees.jpg","datePublished":"2023-06-14T07:45:54+00:00","dateModified":"2026-04-06T08:45:45+00:00","description":"Gi\u1ea3i th\u00edch to\u00e0n di\u1ec7n v\u1ec1 ph\u00ed c\u1ee7a v\u00ed ti\u1ec1n m\u00e3 ho\u00e1 eToro, bao g\u1ed3m ph\u00ed chuy\u1ec3n \u0111\u1ed5i, h\u1ea1n m\u1ee9c c\u1ee7a giao d\u1ecbch g\u1eedi ti\u1ec1n v\u00e0 c\u00e1c v\u1ea5n \u0111\u1ec1 chung\/ri\u00eang v\u1ec1 vi\u1ec7c t\u1ea1o v\u00ed.","breadcrumb":{"@id":"https:\/\/www.etoro.com\/vi-vn\/crypto\/wallet\/fees\/#breadcrumb"},"inLanguage":"vi","potentialAction":[{"@type":"ReadAction","target":["https:\/\/www.etoro.com\/vi-vn\/crypto\/wallet\/fees\/"]}]},{"@type":"ImageObject","inLanguage":"vi","@id":"https:\/\/www.etoro.com\/vi-vn\/crypto\/wallet\/fees\/#primaryimage","url":"https:\/\/www.etoro.com\/wp-content\/uploads\/2023\/06\/Wallet-fees.jpg","contentUrl":"https:\/\/www.etoro.com\/wp-content\/uploads\/2023\/06\/Wallet-fees.jpg","width":1200,"height":630,"caption":"Wallet Fees"},{"@type":"BreadcrumbList","@id":"https:\/\/www.etoro.com\/vi-vn\/crypto\/wallet\/fees\/#breadcrumb","itemListElement":[{"@type":"ListItem","position":1,"name":"Trang ch\u1ee7","item":"https:\/\/www.etoro.com\/vi-vn\/"},{"@type":"ListItem","position":2,"name":"One-stop crypto","item":"https:\/\/www.etoro.com\/vi-vn\/crypto\/"},{"@type":"ListItem","position":3,"name":"Wallet","item":"https:\/\/www.etoro.com\/vi-vn\/crypto\/wallet\/"},{"@type":"ListItem","position":4,"name":"Wallet fees"}]},{"@type":"WebSite","@id":"https:\/\/www.etoro.com\/vi-vn\/#website","url":"https:\/\/www.etoro.com\/vi-vn\/","name":"eToro","description":"","publisher":{"@id":"https:\/\/www.etoro.com\/vi-vn\/#organization"},"potentialAction":[{"@type":"SearchAction","target":{"@type":"EntryPoint","urlTemplate":"https:\/\/www.etoro.com\/vi-vn\/?s={search_term_string}"},"query-input":{"@type":"PropertyValueSpecification","valueRequired":true,"valueName":"search_term_string"}}],"inLanguage":"vi"},[]]}},"_links":{"self":[{"href":"https:\/\/www.etoro.com\/vi-vn\/wp-json\/wp\/v2\/pages\/664091"}],"collection":[{"href":"https:\/\/www.etoro.com\/vi-vn\/wp-json\/wp\/v2\/pages"}],"about":[{"href":"https:\/\/www.etoro.com\/vi-vn\/wp-json\/wp\/v2\/types\/page"}],"author":[{"embeddable":true,"href":"https:\/\/www.etoro.com\/vi-vn\/wp-json\/wp\/v2\/users\/75"}],"replies":[{"embeddable":true,"href":"https:\/\/www.etoro.com\/vi-vn\/wp-json\/wp\/v2\/comments?post=664091"}],"version-history":[{"count":0,"href":"https:\/\/www.etoro.com\/vi-vn\/wp-json\/wp\/v2\/pages\/664091\/revisions"}],"up":[{"embeddable":true,"href":"https:\/\/www.etoro.com\/vi-vn\/wp-json\/wp\/v2\/pages\/129086"}],"wp:featuredmedia":[{"embeddable":true,"href":"https:\/\/www.etoro.com\/vi-vn\/wp-json\/wp\/v2\/media\/623893"}],"wp:attachment":[{"href":"https:\/\/www.etoro.com\/vi-vn\/wp-json\/wp\/v2\/media?parent=664091"}],"wp:term":[{"taxonomy":"asset_type","embeddable":true,"href":"https:\/\/www.etoro.com\/vi-vn\/wp-json\/wp\/v2\/asset_type?post=664091"}],"curies":[{"name":"wp","href":"https:\/\/api.w.org\/{rel}","templated":true}]}}