{"id":674736,"date":"2023-07-26T16:17:58","date_gmt":"2023-07-26T13:17:58","guid":{"rendered":"https:\/\/www.etoro.com\/customer-service\/terms-conditions\/trading-restriction\/"},"modified":"2023-10-19T18:13:15","modified_gmt":"2023-10-19T15:13:15","slug":"trading-restriction","status":"publish","type":"page","link":"https:\/\/www.etoro.com\/vi-vn\/customer-service\/terms-conditions\/trading-restriction\/","title":{"rendered":"C\u1eadp nh\u1eadt"},"content":{"rendered":"\n<section class=\"wp-block-group wp-block-group-boxed has-white-background-color has-background\"><div class=\"wp-block-group-inner is-layout-flow wp-block-group-is-layout-flow\">\n<div class=\"wp-block-columns are-vertically-aligned-top wp-block-columns-1 wp-block-columns-size-14 is-layout-flex wp-container-core-columns-is-layout-1 wp-block-columns-is-layout-flex\">\n<div class=\"wp-block-column wp-block-column-align-desktop-center wp-block-column-align-mobile-left is-layout-flow wp-block-column-is-layout-flow\">\n<h2 class=\"wp-block-heading has-text-align-center\">C\u00e1c h\u1ea1n ch\u1ebf khi giao d\u1ecbch ti\u1ec1n m\u00e3 ho\u00e1<\/h2>\n\n\n\n<p class=\"has-text-align-center\">Do kh\u1ea3 n\u0103ng thua l\u1ed7, C\u01a1 quan qu\u1ea3n l\u00fd t\u00e0i ch\u00ednh (FCA) coi kho\u1ea3n \u0111\u1ea7u t\u01b0 n\u00e0y l\u00e0 m\u1ed9t kho\u1ea3n \u0111\u1ea7u t\u01b0 r\u1ee7i ro cao.<\/p>\n<\/div>\n<\/div>\n<\/div><\/section>\n\n\n\n<section class=\"wp-block-group wp-block-group-boxed\"><div class=\"wp-block-group-inner is-layout-flow wp-block-group-is-layout-flow\">\n<div class=\"wp-block-columns are-vertically-aligned-top wp-block-columns-1 wp-block-columns-size-14 is-layout-flex wp-container-core-columns-is-layout-2 wp-block-columns-is-layout-flex\">\n<div class=\"wp-block-column is-layout-flow wp-block-column-is-layout-flow\">\n<h2 class=\"wp-block-heading\">Nh\u1eefng <strong>r\u1ee7i ro ch\u00ednh <\/strong>l\u00e0 g\u00ec?<\/h2>\n\n\n\n<h3 class=\"wp-block-heading\">1. B\u1ea1n c\u00f3 th\u1ec3 m\u1ea5t to\u00e0n b\u1ed9 s\u1ed1 ti\u1ec1n \u0111\u1ea7u t\u01b0<\/h3>\n\n\n\n<ul class=\"wp-block-list wp-block-list-circle\">\n<li>H\u1ea7u h\u1ebft c\u00e1c t\u00e0i s\u1ea3n m\u00e3 ho\u00e1 c\u00f3 \u0111\u1ed9 bi\u1ebfn \u0111\u1ed9ng m\u1ea1nh, gi\u00e1 tr\u1ecb c\u1ee7a ch\u00fang c\u00f3 th\u1ec3 gi\u1ea3m mau ch\u00f3ng nh\u01b0 khi t\u0103ng. B\u1ea1n n\u00ean s\u1eb5n s\u00e0ng \u0111\u1ec3 m\u1ea5t to\u00e0n b\u1ed9 s\u1ed1 ti\u1ec1n \u0111\u1ea7u t\u01b0 v\u00e0o t\u00e0i s\u1ea3n m\u00e3 ho\u00e1.<\/li>\n\n\n\n<li>Th\u1ecb tr\u01b0\u1eddng t\u00e0i s\u1ea3n m\u00e3 ho\u00e1 ph\u1ea7n l\u1edbn kh\u00f4ng \u0111\u01b0\u1ee3c qu\u1ea3n l\u00fd. B\u1ea1n c\u00f3 th\u1ec3 b\u1ecb m\u1ea5t ti\u1ec1n ho\u1eb7c t\u00e0i s\u1ea3n m\u00e3 ho\u00e1 m\u00ecnh \u0111\u00e3 mua do r\u1ee7i ro \u0111\u1ebfn t\u1eeb c\u00e1c cu\u1ed9c t\u1ea5n c\u00f4ng m\u1ea1ng, t\u1ed9i ph\u1ea1m t\u00e0i ch\u00ednh v\u00e0 c\u00f4ng ty ph\u00e1 s\u1ea3n.<\/li>\n<\/ul>\n<\/div>\n<\/div>\n<\/div><\/section>\n\n\n\n<section class=\"wp-block-group wp-block-group-boxed has-white-background-color has-background\"><div class=\"wp-block-group-inner is-layout-flow wp-block-group-is-layout-flow\">\n<div class=\"wp-block-columns are-vertically-aligned-top wp-block-columns-1 wp-block-columns-size-14 is-layout-flex wp-container-core-columns-is-layout-3 wp-block-columns-is-layout-flex\">\n<div class=\"wp-block-column is-layout-flow wp-block-column-is-layout-flow\">\n<h3 class=\"wp-block-heading\">2. B\u1ea1n \u0111\u1eebng cho r\u1eb1ng m\u00ecnh s\u1ebd \u0111\u01b0\u1ee3c b\u1ea3o v\u1ec7 n\u1ebfu c\u00f3 s\u1ef1 c\u1ed1 x\u1ea3y ra<\/h3>\n\n\n\n<ul class=\"wp-block-list wp-block-list-circle\">\n<li>Ch\u01b0\u01a1ng tr\u00ecnh b\u1ed3i th\u01b0\u1eddng d\u1ecbch v\u1ee5 t\u00e0i ch\u00ednh (FSCS) kh\u00f4ng b\u1ea3o v\u1ec7 lo\u1ea1i h\u00ecnh \u0111\u1ea7u t\u01b0 n\u00e0y v\u00ec lo\u1ea1i h\u00ecnh n\u00e0y kh\u00f4ng n\u1eb1m trong m\u1ee5c &#8220;c\u00e1c lo\u1ea1i h\u00ecnh \u0111\u1ea7u t\u01b0 \u0111\u00e3 n\u00eau&#8221; (specified investment) theo quy \u0111\u1ecbnh c\u1ee7a V\u01b0\u01a1ng qu\u1ed1c Anh. N\u00f3i c\u00e1ch kh\u00e1c, lo\u1ea1i h\u00ecnh \u0111\u1ea7u t\u01b0 n\u00e0y kh\u00f4ng \u0111\u01b0\u1ee3c c\u00f4ng nh\u1eadn l\u00e0 lo\u1ea1i h\u00ecnh m\u00e0 FSCS c\u00f3 th\u1ec3 b\u1ea3o v\u1ec7. T\u00ecm hi\u1ec3u th\u00eam b\u1eb1ng c\u00e1ch s\u1eed d\u1ee5ng tr\u00ecnh ki\u1ec3m tra ch\u01b0\u01a1ng tr\u00ecnh b\u1ea3o v\u1ec7 \u0111\u1ea7u t\u01b0 FSCS t\u1ea1i \u0111\u00e2y. [<a href=\"https:\/\/www.fscs.org.uk\/check\/investment-protection-checker\" rel=\"nofollow noopener noreferrer\" >https:\/\/www.fscs.org.uk\/check\/investment-protection-checker<\/a>].<\/li>\n\n\n\n<li>D\u1ecbch v\u1ee5 thanh tra t\u00e0i ch\u00ednh (FOS) s\u1ebd kh\u00f4ng th\u1ec3 xem x\u00e9t c\u00e1c khi\u1ebfu n\u1ea1i li\u00ean quan \u0111\u1ebfn c\u00f4ng ty n\u00e0y ho\u1eb7c ch\u01b0\u01a1ng tr\u00ecnh B\u1ea3o v\u1ec7 c\u1ee7a D\u1ecbch v\u1ee5 Thanh tra T\u00e0i ch\u00ednh (FOS) s\u1ebd kh\u00f4ng chi tr\u1ea3 trong tr\u01b0\u1eddng h\u1ee3p hi\u1ec7u su\u1ea5t \u0111\u1ea7u t\u01b0 k\u00e9m. N\u1ebfu b\u1ea1n g\u1eedi khi\u1ebfu n\u1ea1i v\u1ec1 m\u1ed9t c\u00f4ng ty \u0111\u01b0\u1ee3c FCA qu\u1ea3n l\u00fd, FOS c\u00f3 th\u1ec3 xem x\u00e9t khi\u1ebfu n\u1ea1i \u0111\u00f3. T\u00ecm hi\u1ec3u th\u00eam v\u1ec1 ch\u01b0\u01a1ng tr\u00ecnh b\u1ea3o v\u1ec7 c\u1ee7a FOS t\u1ea1i \u0111\u00e2y. [<a href=\"https:\/\/www.financial-ombudsman.org.uk\/consumers\" rel=\"nofollow noopener noreferrer\" >https:\/\/www.financial-ombudsman.org.uk\/consumers<\/a>].<\/li>\n<\/ul>\n<\/div>\n<\/div>\n<\/div><\/section>\n\n\n\n<section class=\"wp-block-group wp-block-group-boxed\"><div class=\"wp-block-group-inner is-layout-flow wp-block-group-is-layout-flow\">\n<div class=\"wp-block-columns are-vertically-aligned-top wp-block-columns-1 wp-block-columns-size-14 is-layout-flex wp-container-core-columns-is-layout-4 wp-block-columns-is-layout-flex\">\n<div class=\"wp-block-column is-layout-flow wp-block-column-is-layout-flow\">\n<h3 class=\"wp-block-heading\">3. B\u1ea1n c\u00f3 th\u1ec3 s\u1ebd kh\u00f4ng b\u00e1n \u0111\u01b0\u1ee3c kho\u1ea3n \u0111\u1ea7u t\u01b0 c\u1ee7a m\u00ecnh khi c\u1ea7n<\/h3>\n\n\n\n<ul class=\"wp-block-list wp-block-list-circle\">\n<li>Kh\u00f4ng c\u00f3 \u0111i\u1ec1u g\u00ec \u0111\u1ea3m b\u1ea3o b\u1ea1n c\u00f3 th\u1ec3 d\u1ec5 d\u00e0ng b\u00e1n c\u00e1c kho\u1ea3n \u0111\u1ea7u t\u01b0 t\u00e0i s\u1ea3n m\u00e3 ho\u00e1 t\u1ea1i b\u1ea5t k\u1ef3 th\u1eddi \u0111i\u1ec3m n\u00e0o. Kh\u1ea3 n\u0103ng b\u00e1n \u0111\u01b0\u1ee3c m\u1ed9t t\u00e0i s\u1ea3n m\u00e3 ho\u00e1 ph\u1ee5 thu\u1ed9c v\u00e0o nhi\u1ec1u y\u1ebfu t\u1ed1 kh\u00e1c nhau, bao g\u1ed3m c\u1ea3 cung v\u00e0 c\u1ea7u tr\u00ean th\u1ecb tr\u01b0\u1eddng t\u1ea1i th\u1eddi \u0111i\u1ec3m \u0111\u00f3.<\/li>\n\n\n\n<li>C\u00e1c l\u1ed7i v\u1eadn h\u00e0nh nh\u01b0 l\u1ed7i c\u00f4ng ngh\u1ec7, t\u1ea5n c\u00f4ng m\u1ea1ng v\u00e0 tr\u1ed9n l\u1eabn ngu\u1ed3n ti\u1ec1n c\u00f3 th\u1ec3 g\u00e2y ra s\u1ef1 ch\u1eadm tr\u1ec5, b\u1ea1n c\u00f3 th\u1ec3 kh\u00f4ng b\u00e1n \u0111\u01b0\u1ee3c t\u00e0i s\u1ea3n m\u00e3 ho\u00e1 c\u1ee7a m\u00ecnh v\u00e0o l\u00fac c\u1ea7n thi\u1ebft.<\/li>\n<\/ul>\n<\/div>\n<\/div>\n<\/div><\/section>\n\n\n\n<section class=\"wp-block-group wp-block-group-boxed has-white-background-color has-background\"><div class=\"wp-block-group-inner is-layout-flow wp-block-group-is-layout-flow\">\n<div class=\"wp-block-columns are-vertically-aligned-top wp-block-columns-1 wp-block-columns-size-14 is-layout-flex wp-container-core-columns-is-layout-5 wp-block-columns-is-layout-flex\">\n<div class=\"wp-block-column is-layout-flow wp-block-column-is-layout-flow\">\n<h3 class=\"wp-block-heading\">4. \u0110\u1ea7u t\u01b0 v\u00e0o t\u00e0i s\u1ea3n m\u00e3 ho\u00e1 c\u00f3 th\u1ec3 ph\u1ee9c t\u1ea1p<\/h3>\n\n\n\n<ul class=\"wp-block-list wp-block-list-circle\">\n<li>\u0110\u1ea7u t\u01b0 v\u00e0o t\u00e0i s\u1ea3n m\u00e3 ho\u00e1 c\u00f3 th\u1ec3 ph\u1ee9c t\u1ea1p, b\u1ea1n c\u00f3 th\u1ec3 kh\u00f4ng hi\u1ec3u \u0111\u01b0\u1ee3c nh\u1eefng r\u1ee7i ro li\u00ean quan \u0111\u1ebfn kho\u1ea3n \u0111\u1ea7u t\u01b0 n\u00e0y.<\/li>\n\n\n\n<li>B\u1ea1n n\u00ean t\u1ef1 nghi\u00ean c\u1ee9u tr\u01b0\u1edbc khi \u0111\u1ea7u t\u01b0. N\u1ebfu \u0111i\u1ec1u g\u00ec \u0111\u00f3 nghe c\u00f3 v\u1ebb t\u1ed1t \u0111\u1ebfn m\u1ee9c kh\u00f3 tin, th\u00ec kh\u1ea3 n\u0103ng cao c\u00f3 g\u00ec \u0111\u00f3 kh\u00f4ng \u1ed5n.<\/li>\n<\/ul>\n<\/div>\n<\/div>\n<\/div><\/section>\n\n\n\n<section class=\"wp-block-group wp-block-group-boxed\"><div class=\"wp-block-group-inner is-layout-flow wp-block-group-is-layout-flow\">\n<div class=\"wp-block-columns are-vertically-aligned-top wp-block-columns-1 wp-block-columns-size-14 is-layout-flex wp-container-core-columns-is-layout-6 wp-block-columns-is-layout-flex\">\n<div class=\"wp-block-column is-layout-flow wp-block-column-is-layout-flow\">\n<h3 class=\"wp-block-heading\">5. \u0110\u1eebng b\u1ecf h\u1ebft tr\u1ee9ng v\u00e0o m\u1ed9t r\u1ed5<\/h3>\n\n\n\n<ul class=\"wp-block-list wp-block-list-circle\">\n<li>\u0110\u1eb7t h\u1ebft ti\u1ec1n v\u00e0o m\u1ed9t lo\u1ea1i h\u00ecnh \u0111\u1ea7u t\u01b0 duy nh\u1ea5t l\u00e0 r\u1ea5t r\u1ee7i ro. H\u00e3y ph\u00e2n b\u1ed5 ti\u1ec1n c\u1ee7a b\u1ea1n v\u00e0o c\u00e1c kho\u1ea3n \u0111\u1ea7u t\u01b0 kh\u00e1c nhau, \u0111i\u1ec1u n\u00e0y gi\u00fap b\u1ea1n \u00edt ph\u1ee5 thu\u1ed9c v\u00e0o duy nh\u1ea5t m\u1ed9t kho\u1ea3n \u0111\u1ea7u t\u01b0 n\u00e0o.<\/li>\n\n\n\n<li>M\u1ed9t quy t\u1eafc chung l\u00e0 kh\u00f4ng \u0111\u1eb7t qu\u00e1 10% v\u1ed1n v\u00e0o c\u00e1c kho\u1ea3n \u0111\u1ea7u t\u01b0 r\u1ee7i ro cao. [<a href=\"https:\/\/www.fca.org.uk\/investsmart\/5-questions-ask-you-invest\" rel=\"nofollow noopener noreferrer\" >https:\/\/www.fca.org.uk\/investsmart\/5-questions-ask-you-invest<\/a>]<\/li>\n<\/ul>\n\n\n\n<p class=\"is-style-default\">N\u1ebfu b\u1ea1n mu\u1ed1n t\u00ecm hi\u1ec3u th\u00eam v\u1ec1 c\u00e1ch t\u1ef1 b\u1ea3o v\u1ec7 m\u00ecnh, h\u00e3y truy c\u1eadp trang web c\u1ee7a FCA. [<a href=\"https:\/\/www.fca.org.uk\/investsmart\" rel=\"nofollow noopener noreferrer\" >https:\/\/www.fca.org.uk\/investsmart<\/a>]<\/p>\n\n\n\n<p class=\"is-style-default\">\u0110\u1ec3 bi\u1ebft th\u00eam th\u00f4ng tin v\u1ec1 t\u00e0i s\u1ea3n m\u00e3 ho\u00e1, h\u00e3y truy c\u1eadp trang web c\u1ee7a FCA. [<a href=\"https:\/\/www.fca.org.uk\/investsmart\/crypto-basics\" rel=\"nofollow noopener noreferrer\" >https:\/\/www.fca.org.uk\/investsmart\/crypto-basics<\/a>]<\/p>\n<\/div>\n<\/div>\n<\/div><\/section>\n","protected":false},"excerpt":{"rendered":"<p>C\u00e1c h\u1ea1n ch\u1ebf khi giao d\u1ecbch ti\u1ec1n m\u00e3 ho\u00e1 Do kh\u1ea3 n\u0103ng thua l\u1ed7, C\u01a1 quan qu\u1ea3n l\u00fd t\u00e0i ch\u00ednh (FCA) coi kho\u1ea3n \u0111\u1ea7u t\u01b0 n\u00e0y l\u00e0 m\u1ed9t kho\u1ea3n \u0111\u1ea7u t\u01b0 r\u1ee7i ro cao. Nh\u1eefng r\u1ee7i ro ch\u00ednh l\u00e0 g\u00ec? 1. B\u1ea1n c\u00f3 th\u1ec3 m\u1ea5t to\u00e0n b\u1ed9 s\u1ed1 ti\u1ec1n \u0111\u1ea7u t\u01b0 2. B\u1ea1n \u0111\u1eebng cho&hellip;<\/p>\n","protected":false},"author":119,"featured_media":673691,"parent":34852,"menu_order":0,"comment_status":"closed","ping_status":"closed","template":"","meta":{"_acf_changed":false,"inline_featured_image":false,"sticky_cta_settings":"","footnotes":""},"asset_type":[],"class_list":["post-674736","page","type-page","status-publish","has-post-thumbnail","hentry"],"acf":[],"yoast_head":"<title>C\u1eadp nh\u1eadt - eToro<\/title>\n<meta name=\"robots\" content=\"noindex\" \/>\n<meta property=\"og:locale\" content=\"vi_VN\" \/>\n<meta property=\"og:type\" content=\"article\" \/>\n<meta property=\"og:title\" content=\"C\u1eadp nh\u1eadt - eToro\" \/>\n<meta property=\"og:description\" content=\"C\u00e1c h\u1ea1n ch\u1ebf khi giao d\u1ecbch ti\u1ec1n m\u00e3 ho\u00e1 Do kh\u1ea3 n\u0103ng thua l\u1ed7, C\u01a1 quan qu\u1ea3n l\u00fd t\u00e0i ch\u00ednh (FCA) coi kho\u1ea3n \u0111\u1ea7u t\u01b0 n\u00e0y l\u00e0 m\u1ed9t kho\u1ea3n \u0111\u1ea7u t\u01b0 r\u1ee7i ro cao. Nh\u1eefng r\u1ee7i ro ch\u00ednh l\u00e0 g\u00ec? 1. B\u1ea1n c\u00f3 th\u1ec3 m\u1ea5t to\u00e0n b\u1ed9 s\u1ed1 ti\u1ec1n \u0111\u1ea7u t\u01b0 2. B\u1ea1n \u0111\u1eebng cho&hellip;\" \/>\n<meta property=\"og:url\" content=\"https:\/\/www.etoro.com\/vi-vn\/wp-json\/wp\/v2\/pages\/674736\" \/>\n<meta property=\"og:site_name\" content=\"eToro\" \/>\n<meta property=\"article:publisher\" content=\"https:\/\/www.facebook.com\/eToro\/\" \/>\n<meta property=\"article:modified_time\" content=\"2023-10-19T15:13:15+00:00\" \/>\n<meta property=\"og:image\" content=\"https:\/\/www.etoro.com\/wp-content\/uploads\/2023\/08\/Featured-image-1200x630-1.png\" \/>\n\t<meta property=\"og:image:width\" content=\"1200\" \/>\n\t<meta property=\"og:image:height\" content=\"630\" \/>\n\t<meta property=\"og:image:type\" content=\"image\/png\" \/>\n<meta name=\"twitter:card\" content=\"summary_large_image\" \/>\n<meta name=\"twitter:site\" content=\"@eToro\" \/>\n<meta name=\"twitter:label1\" content=\"\u01af\u1edbc t\u00ednh th\u1eddi gian \u0111\u1ecdc\" \/>\n\t<meta name=\"twitter:data1\" content=\"5 ph\u00fat\" \/>\n<script type=\"application\/ld+json\" class=\"yoast-schema-graph\">{\"@context\":\"https:\/\/schema.org\",\"@graph\":[{\"@type\":\"WebPage\",\"@id\":\"https:\/\/www.etoro.com\/vi-vn\/customer-service\/terms-conditions\/trading-restriction\/\",\"url\":\"https:\/\/www.etoro.com\/vi-vn\/customer-service\/terms-conditions\/trading-restriction\/\",\"name\":\"C\u1eadp nh\u1eadt - eToro\",\"isPartOf\":{\"@id\":\"https:\/\/www.etoro.com\/vi-vn\/#website\"},\"primaryImageOfPage\":{\"@id\":\"https:\/\/www.etoro.com\/vi-vn\/customer-service\/terms-conditions\/trading-restriction\/#primaryimage\"},\"image\":{\"@id\":\"https:\/\/www.etoro.com\/vi-vn\/customer-service\/terms-conditions\/trading-restriction\/#primaryimage\"},\"thumbnailUrl\":\"https:\/\/www.etoro.com\/wp-content\/uploads\/2023\/08\/Featured-image-1200x630-1.png\",\"datePublished\":\"2023-07-26T13:17:58+00:00\",\"dateModified\":\"2023-10-19T15:13:15+00:00\",\"breadcrumb\":{\"@id\":\"https:\/\/www.etoro.com\/vi-vn\/customer-service\/terms-conditions\/trading-restriction\/#breadcrumb\"},\"inLanguage\":\"vi\",\"potentialAction\":[{\"@type\":\"ReadAction\",\"target\":[\"https:\/\/www.etoro.com\/vi-vn\/customer-service\/terms-conditions\/trading-restriction\/\"]}]},{\"@type\":\"ImageObject\",\"inLanguage\":\"vi\",\"@id\":\"https:\/\/www.etoro.com\/vi-vn\/customer-service\/terms-conditions\/trading-restriction\/#primaryimage\",\"url\":\"https:\/\/www.etoro.com\/wp-content\/uploads\/2023\/08\/Featured-image-1200x630-1.png\",\"contentUrl\":\"https:\/\/www.etoro.com\/wp-content\/uploads\/2023\/08\/Featured-image-1200x630-1.png\",\"width\":1200,\"height\":630,\"caption\":\"Trading Update\"},{\"@type\":\"BreadcrumbList\",\"@id\":\"https:\/\/www.etoro.com\/vi-vn\/customer-service\/terms-conditions\/trading-restriction\/#breadcrumb\",\"itemListElement\":[{\"@type\":\"ListItem\",\"position\":1,\"name\":\"Trang ch\u1ee7\",\"item\":\"https:\/\/www.etoro.com\/vi-vn\/\"},{\"@type\":\"ListItem\",\"position\":2,\"name\":\"D\u1ecbch v\u1ee5 Kh\u00e1ch h\u00e0ng\",\"item\":\"https:\/\/www.etoro.com\/vi-vn\/customer-service\/\"},{\"@type\":\"ListItem\",\"position\":3,\"name\":\"\u0110i\u1ec1u kho\u1ea3n v\u00e0 \u0110i\u1ec1u ki\u1ec7n\",\"item\":\"https:\/\/www.etoro.com\/vi-vn\/customer-service\/terms-conditions\/\"},{\"@type\":\"ListItem\",\"position\":4,\"name\":\"C\u1eadp nh\u1eadt\"}]},{\"@type\":\"WebSite\",\"@id\":\"https:\/\/www.etoro.com\/vi-vn\/#website\",\"url\":\"https:\/\/www.etoro.com\/vi-vn\/\",\"name\":\"eToro\",\"description\":\"\",\"publisher\":{\"@id\":\"https:\/\/www.etoro.com\/vi-vn\/#organization\"},\"potentialAction\":[{\"@type\":\"SearchAction\",\"target\":{\"@type\":\"EntryPoint\",\"urlTemplate\":\"https:\/\/www.etoro.com\/vi-vn\/?s={search_term_string}\"},\"query-input\":{\"@type\":\"PropertyValueSpecification\",\"valueRequired\":true,\"valueName\":\"search_term_string\"}}],\"inLanguage\":\"vi\"},[]]}<\/script>","yoast_head_json":{"title":"C\u1eadp nh\u1eadt - eToro","robots":{"index":"noindex"},"og_locale":"vi_VN","og_type":"article","og_title":"C\u1eadp nh\u1eadt - eToro","og_description":"C\u00e1c h\u1ea1n ch\u1ebf khi giao d\u1ecbch ti\u1ec1n m\u00e3 ho\u00e1 Do kh\u1ea3 n\u0103ng thua l\u1ed7, C\u01a1 quan qu\u1ea3n l\u00fd t\u00e0i ch\u00ednh (FCA) coi kho\u1ea3n \u0111\u1ea7u t\u01b0 n\u00e0y l\u00e0 m\u1ed9t kho\u1ea3n \u0111\u1ea7u t\u01b0 r\u1ee7i ro cao. Nh\u1eefng r\u1ee7i ro ch\u00ednh l\u00e0 g\u00ec? 1. B\u1ea1n c\u00f3 th\u1ec3 m\u1ea5t to\u00e0n b\u1ed9 s\u1ed1 ti\u1ec1n \u0111\u1ea7u t\u01b0 2. B\u1ea1n \u0111\u1eebng cho&hellip;","og_url":"https:\/\/www.etoro.com\/vi-vn\/wp-json\/wp\/v2\/pages\/674736","og_site_name":"eToro","article_publisher":"https:\/\/www.facebook.com\/eToro\/","article_modified_time":"2023-10-19T15:13:15+00:00","og_image":[{"width":1200,"height":630,"url":"https:\/\/www.etoro.com\/wp-content\/uploads\/2023\/08\/Featured-image-1200x630-1.png","type":"image\/png"}],"twitter_card":"summary_large_image","twitter_site":"@eToro","twitter_misc":{"\u01af\u1edbc t\u00ednh th\u1eddi gian \u0111\u1ecdc":"5 ph\u00fat"},"schema":{"@context":"https:\/\/schema.org","@graph":[{"@type":"WebPage","@id":"https:\/\/www.etoro.com\/vi-vn\/customer-service\/terms-conditions\/trading-restriction\/","url":"https:\/\/www.etoro.com\/vi-vn\/customer-service\/terms-conditions\/trading-restriction\/","name":"C\u1eadp nh\u1eadt - eToro","isPartOf":{"@id":"https:\/\/www.etoro.com\/vi-vn\/#website"},"primaryImageOfPage":{"@id":"https:\/\/www.etoro.com\/vi-vn\/customer-service\/terms-conditions\/trading-restriction\/#primaryimage"},"image":{"@id":"https:\/\/www.etoro.com\/vi-vn\/customer-service\/terms-conditions\/trading-restriction\/#primaryimage"},"thumbnailUrl":"https:\/\/www.etoro.com\/wp-content\/uploads\/2023\/08\/Featured-image-1200x630-1.png","datePublished":"2023-07-26T13:17:58+00:00","dateModified":"2023-10-19T15:13:15+00:00","breadcrumb":{"@id":"https:\/\/www.etoro.com\/vi-vn\/customer-service\/terms-conditions\/trading-restriction\/#breadcrumb"},"inLanguage":"vi","potentialAction":[{"@type":"ReadAction","target":["https:\/\/www.etoro.com\/vi-vn\/customer-service\/terms-conditions\/trading-restriction\/"]}]},{"@type":"ImageObject","inLanguage":"vi","@id":"https:\/\/www.etoro.com\/vi-vn\/customer-service\/terms-conditions\/trading-restriction\/#primaryimage","url":"https:\/\/www.etoro.com\/wp-content\/uploads\/2023\/08\/Featured-image-1200x630-1.png","contentUrl":"https:\/\/www.etoro.com\/wp-content\/uploads\/2023\/08\/Featured-image-1200x630-1.png","width":1200,"height":630,"caption":"Trading Update"},{"@type":"BreadcrumbList","@id":"https:\/\/www.etoro.com\/vi-vn\/customer-service\/terms-conditions\/trading-restriction\/#breadcrumb","itemListElement":[{"@type":"ListItem","position":1,"name":"Trang ch\u1ee7","item":"https:\/\/www.etoro.com\/vi-vn\/"},{"@type":"ListItem","position":2,"name":"D\u1ecbch v\u1ee5 Kh\u00e1ch h\u00e0ng","item":"https:\/\/www.etoro.com\/vi-vn\/customer-service\/"},{"@type":"ListItem","position":3,"name":"\u0110i\u1ec1u kho\u1ea3n v\u00e0 \u0110i\u1ec1u ki\u1ec7n","item":"https:\/\/www.etoro.com\/vi-vn\/customer-service\/terms-conditions\/"},{"@type":"ListItem","position":4,"name":"C\u1eadp nh\u1eadt"}]},{"@type":"WebSite","@id":"https:\/\/www.etoro.com\/vi-vn\/#website","url":"https:\/\/www.etoro.com\/vi-vn\/","name":"eToro","description":"","publisher":{"@id":"https:\/\/www.etoro.com\/vi-vn\/#organization"},"potentialAction":[{"@type":"SearchAction","target":{"@type":"EntryPoint","urlTemplate":"https:\/\/www.etoro.com\/vi-vn\/?s={search_term_string}"},"query-input":{"@type":"PropertyValueSpecification","valueRequired":true,"valueName":"search_term_string"}}],"inLanguage":"vi"},[]]}},"_links":{"self":[{"href":"https:\/\/www.etoro.com\/vi-vn\/wp-json\/wp\/v2\/pages\/674736"}],"collection":[{"href":"https:\/\/www.etoro.com\/vi-vn\/wp-json\/wp\/v2\/pages"}],"about":[{"href":"https:\/\/www.etoro.com\/vi-vn\/wp-json\/wp\/v2\/types\/page"}],"author":[{"embeddable":true,"href":"https:\/\/www.etoro.com\/vi-vn\/wp-json\/wp\/v2\/users\/119"}],"replies":[{"embeddable":true,"href":"https:\/\/www.etoro.com\/vi-vn\/wp-json\/wp\/v2\/comments?post=674736"}],"version-history":[{"count":0,"href":"https:\/\/www.etoro.com\/vi-vn\/wp-json\/wp\/v2\/pages\/674736\/revisions"}],"up":[{"embeddable":true,"href":"https:\/\/www.etoro.com\/vi-vn\/wp-json\/wp\/v2\/pages\/34852"}],"wp:featuredmedia":[{"embeddable":true,"href":"https:\/\/www.etoro.com\/vi-vn\/wp-json\/wp\/v2\/media\/673691"}],"wp:attachment":[{"href":"https:\/\/www.etoro.com\/vi-vn\/wp-json\/wp\/v2\/media?parent=674736"}],"wp:term":[{"taxonomy":"asset_type","embeddable":true,"href":"https:\/\/www.etoro.com\/vi-vn\/wp-json\/wp\/v2\/asset_type?post=674736"}],"curies":[{"name":"wp","href":"https:\/\/api.w.org\/{rel}","templated":true}]}}