{"id":942939,"date":"2025-03-20T13:42:40","date_gmt":"2025-03-20T11:42:40","guid":{"rendered":"https:\/\/www.etoro.com\/?page_id=942939"},"modified":"2026-01-19T10:39:27","modified_gmt":"2026-01-19T08:39:27","slug":"policy","status":"publish","type":"page","link":"https:\/\/www.etoro.com\/vi-vn\/editorial\/policy\/","title":{"rendered":"Academy Editorial Policies"},"content":{"rendered":"\n<h2 class=\"wp-block-heading\">Gi\u1edbi thi\u1ec7u<\/h2>\n\n\n\n<p>M\u1ee5c \u0111\u00edch c\u1ee7a Ch\u00ednh s\u00e1ch bi\u00ean t\u1eadp n\u00e0y l\u00e0 \u0111\u1ec3 n\u00eau r\u00f5 nh\u1eefng nguy\u00ean t\u1eafc n\u1ec1n t\u1ea3ng cho vi\u1ec7c t\u1ea1o v\u00e0 ph\u1ed5 bi\u1ebfn n\u1ed9i dung trong <a href=\"https:\/\/www.etoro.com\/academy\/\" target=\"_blank\" rel=\"noreferrer noopener\">H\u1ecdc vi\u1ec7n eToro<\/a>. Ch\u00ednh s\u00e1ch n\u00e0y c\u00f3 vai tr\u00f2 duy tr\u00ec s\u1ef1 trung th\u1ef1c, \u0111\u1ed9 tin c\u1eady v\u00e0 ch\u1ea5t l\u01b0\u1ee3ng t\u1ed5ng th\u1ec3 c\u1ee7a th\u00f4ng tin m\u00e0 ch\u00fang t\u00f4i cung c\u1ea5p cho ng\u01b0\u1eddi d\u00f9ng.<\/p>\n\n\n\n<figure class=\"wp-block-image size-full\"><img loading=\"lazy\" decoding=\"async\" width=\"756\" height=\"400\" src=\"https:\/\/www.etoro.com\/wp-content\/uploads\/2024\/09\/Academy-Editorial-Policy_Intro-Illustration.png\" alt=\"\" class=\"wp-image-934548 wp-image-desktop\" srcset=\"https:\/\/www.etoro.com\/wp-content\/uploads\/2024\/09\/Academy-Editorial-Policy_Intro-Illustration.png 756w, https:\/\/www.etoro.com\/wp-content\/uploads\/2024\/09\/Academy-Editorial-Policy_Intro-Illustration-300x159.png 300w\" sizes=\"(max-width: 756px) 100vw, 756px\" \/><\/figure>\n\n\n\n<h2 class=\"wp-block-heading\">Nhi\u1ec7m v\u1ee5 c\u1ee7a Ch\u00ednh s\u00e1ch bi\u00ean t\u1eadp<\/h2>\n\n\n\n<p>M\u1eb7c d\u00f9 th\u00f4ng tin ng\u1eadp tr\u00e0n tr\u00ean Internet, vi\u1ec7c ch\u1ecdn l\u1ecdc th\u00f4ng tin ch\u00ednh x\u00e1c l\u00e0 m\u1ed9t c\u00f4ng vi\u1ec7c t\u1ed1n s\u1ee9c v\u00e0 kh\u00f4ng h\u1ec1 d\u1ec5 d\u00e0ng. \u0110\u00f3 l\u00e0 l\u00fd do v\u00ec sao H\u1ecdc vi\u1ec7n eToro c\u1ee7a ch\u00fang t\u00f4i \u00e1p d\u1ee5ng c\u00e1ch ti\u1ebfp c\u1eadn c\u00f3 c\u1ea5u tr\u00fac, theo t\u1eebng b\u01b0\u1edbc \u0111\u1ec3 \u0111\u1ea3m b\u1ea3o c\u00e1c nh\u00e0 \u0111\u1ea7u t\u01b0 kh\u00f4ng ch\u1ec9 nh\u1eadn \u0111\u01b0\u1ee3c th\u00f4ng tin m\u00e0 c\u00f2n ph\u00e1t tri\u1ec3n \u0111\u01b0\u1ee3c ki\u1ebfn th\u1ee9c v\u00e0 hi\u1ec3u bi\u1ebft th\u1ef1c s\u1ef1 trong to\u00e0n b\u1ed9 qu\u00e1 tr\u00ecnh h\u1ecdc t\u1eadp.<\/p>\n\n\n\n<p>M\u1ee5c ti\u00eau c\u1ee7a ch\u00fang t\u00f4i l\u00e0 cung c\u1ea5p cho \u0111\u1ed9c gi\u1ea3 n\u1ed9i dung ch\u00ednh x\u00e1c, \u0111\u00e1ng tin c\u1eady, th\u00fa v\u1ecb v\u00e0 mang t\u00ednh gi\u00e1o d\u1ee5c. Ch\u00ednh s\u00e1ch n\u00e0y nh\u1eb1m \u0111\u1ea3m b\u1ea3o quy tr\u00ecnh s\u00e1ng t\u1ea1o n\u1ed9i dung c\u1ee7a ch\u00fang t\u00f4i gi\u00fap m\u1edf r\u1ed9ng s\u1ef1 hi\u1ec3u bi\u1ebft c\u1ee7a \u0111\u1ed9c gi\u1ea3 c\u0169ng nh\u01b0 t\u1ea1o ra m\u1ed9t kh\u00f4ng gian h\u1ecdc t\u1eadp v\u00e0 tin t\u01b0\u1edfng.<\/p>\n\n\n\n<h2 class=\"wp-block-heading\">Ph\u1ea1m vi (C\u00e1c lo\u1ea1i n\u1ed9i dung \u00e1p d\u1ee5ng ch\u00ednh s\u00e1ch n\u00e0y)<\/h2>\n\n\n\n<p>Ch\u00ednh s\u00e1ch n\u00e0y \u00e1p d\u1ee5ng cho c\u00e1c h\u00ecnh th\u1ee9c n\u1ed9i dung nh\u01b0 kho\u00e1 h\u1ecdc, b\u00e0i vi\u1ebft, h\u01b0\u1edbng d\u1eabn, h\u1ed9i th\u1ea3o tr\u1ef1c tuy\u1ebfn, podcast, v\u00e0 c\u00e1c t\u00e0i li\u1ec7u gi\u00e1o d\u1ee5c kh\u00e1c \u0111\u01b0\u1ee3c xu\u1ea5t b\u1ea3n b\u1edfi H\u1ecdc vi\u1ec7n eToro. Ch\u00ednh s\u00e1ch n\u00e0y b\u1ea3o \u0111\u1ea3m r\u1eb1ng m\u1ed7i n\u1ed9i dung xu\u1ea5t b\u1ea3n \u0111\u1ec1u \u0111\u00e1p \u1ee9ng \u0111\u01b0\u1ee3c c\u00e1c ti\u00eau chu\u1ea9n xu\u1ea5t s\u1eafc m\u00e0 ch\u00fang t\u00f4i thi\u1ebft l\u1eadp.<\/p>\n\n\n\n<figure class=\"wp-block-image size-full\"><img loading=\"lazy\" decoding=\"async\" width=\"756\" height=\"400\" src=\"https:\/\/www.etoro.com\/wp-content\/uploads\/2024\/09\/Academy-Editorial-Policy_Style-Illustration.png\" alt=\"\" class=\"wp-image-934572 wp-image-desktop\" srcset=\"https:\/\/www.etoro.com\/wp-content\/uploads\/2024\/09\/Academy-Editorial-Policy_Style-Illustration.png 756w, https:\/\/www.etoro.com\/wp-content\/uploads\/2024\/09\/Academy-Editorial-Policy_Style-Illustration-300x159.png 300w\" sizes=\"(max-width: 756px) 100vw, 756px\" \/><\/figure>\n\n\n\n<h2 class=\"wp-block-heading\">Ti\u00eau chu\u1ea9n n\u1ed9i dung<\/h2>\n\n\n\n<h3 class=\"wp-block-heading\">Ch\u00ednh x\u00e1c v\u00e0 \u0111\u00e1ng tin c\u1eady<\/h3>\n\n\n\n<p>Ch\u00fang t\u00f4i cam k\u1ebft cung c\u1ea5p n\u1ed9i dung ch\u00ednh x\u00e1c th\u1ef1c t\u1ebf v\u00e0 c\u00f3 th\u1ec3 ki\u1ec3m ch\u1ee9ng \u0111\u01b0\u1ee3c. eToro \u00e1p d\u1ee5ng nhi\u1ec1u quy tr\u00ecnh ki\u1ec3m tra d\u1eef li\u1ec7u \u0111\u1ec3 ki\u1ec3m tra th\u00f4ng tin tr\u01b0\u1edbc khi xu\u1ea5t b\u1ea3n nh\u1eb1m \u0111\u1ea3m b\u1ea3o s\u1ef1 \u0111\u00e1ng tin c\u1ee7a n\u1ed9i dung ch\u00fang t\u00f4i.<\/p>\n\n\n\n<h3 class=\"wp-block-heading\">Tr\u00edch d\u1eabn v\u00e0 l\u1ea5y ngu\u1ed3n<\/h3>\n\n\n\n<p>Minh b\u1ea1ch trong vi\u1ec7c d\u1eabn ngu\u1ed3n l\u00e0 n\u1ec1n t\u1ea3ng c\u1ee7a s\u1ef1 trung th\u1ef1c trong bi\u00ean t\u1eadp c\u1ee7a ch\u00fang t\u00f4i. T\u1ea5t c\u1ea3 n\u1ed9i dung \u0111\u1ec1u c\u00f3 ph\u1ea7n tr\u00edch d\u1eabn v\u00e0 c\u00f4ng nh\u1eadn ngu\u1ed3n g\u1ed1c, gi\u00fap ng\u01b0\u1eddi \u0111\u1ecdc x\u00e1c minh v\u00e0 kh\u00e1m ph\u00e1 th\u00eam.<\/p>\n\n\n\n<h3 class=\"wp-block-heading\">Kh\u00e1ch quan v\u00e0 c\u00f4ng b\u1eb1ng<\/h3>\n\n\n\n<p>N\u1ed9i dung c\u1ee7a ch\u00fang t\u00f4i h\u01b0\u1edbng \u0111\u1ebfn vi\u1ec7c cung c\u1ea5p th\u00f4ng tin c\u00e2n b\u1eb1ng v\u00e0 kh\u00f4ng thi\u00ean v\u1ecb, kh\u00f4ng ch\u1ecbu \u1ea3nh h\u01b0\u1edfng c\u1ee7a c\u00e1c y\u1ebfu t\u1ed1 b\u00ean ngo\u00e0i ho\u1eb7c thi\u00ean ki\u1ebfn \u200b\u200bc\u00e1 nh\u00e2n, gi\u00fap c\u00e1c \u0111\u1ed9c gi\u1ea3 nh\u1eadn \u0111\u01b0\u1ee3c th\u00f4ng tin kh\u00e1ch quan \u0111\u1ec3 \u0111\u01b0a ra quy\u1ebft \u0111\u1ecbnh c\u1ee7a ri\u00eang m\u00ecnh .<\/p>\n\n\n\n<h3 class=\"wp-block-heading\">\u0110\u1ea1o \u0111\u1ee9c<\/h3>\n\n\n\n<p>Ch\u00fang t\u00f4i tu\u00e2n th\u1ee7 c\u00e1c ti\u00eau chu\u1ea9n \u0111\u1ea1o \u0111\u1ee9c cao nh\u1ea5t, \u0111\u1ea3m b\u1ea3o r\u1eb1ng n\u1ed9i dung c\u1ee7a ch\u00fang t\u00f4i kh\u00f4ng vi ph\u1ea1m quy\u1ec1n ri\u00eang t\u01b0, b\u1ea3n quy\u1ec1n ho\u1eb7c c\u00e1c ti\u00eau chu\u1ea9n ph\u00e1p l\u00fd kh\u00e1c. Nh\u1eefng ti\u00eau chu\u1ea9n n\u00e0y c\u0169ng l\u00e0 kim ch\u1ec9 nam x\u00e1c \u0111\u1ecbnh c\u00e1ch ch\u00fang t\u00f4i t\u01b0\u01a1ng t\u00e1c v\u1edbi c\u00e1c ngu\u1ed3n v\u00e0 nh\u00e0 cung c\u1ea5p n\u1ed9i dung b\u00ean th\u1ee9 ba.<\/p>\n\n\n\n<h3 class=\"wp-block-heading\">N\u1ed9i dung c\u1ee7a b\u00ean th\u1ee9 ba<\/h3>\n\n\n\n<p>N\u1ed9i dung do nh\u00e0 cung c\u1ea5p b\u00ean th\u1ee9 ba t\u1ea1o ra s\u1ebd \u0111\u01b0\u1ee3c eToro ghi r\u00f5 ngu\u1ed3n v\u00e0 xem x\u00e9t c\u1ea9n th\u1eadn \u0111\u1ec3 \u0111\u1ea3m b\u1ea3o n\u1ed9i dung \u0111\u00f3 ph\u00f9 h\u1ee3p v\u1edbi ch\u00ednh s\u00e1ch v\u00e0 ti\u00eau chu\u1ea9n c\u1ee7a ch\u00fang t\u00f4i.<\/p>\n\n\n\n<h2 class=\"wp-block-heading\">Phong c\u00e1ch v\u00e0 nguy\u00ean t\u1eafc vi\u1ebft<\/h2>\n\n\n\n<h3 class=\"wp-block-heading\">R\u00f5 r\u00e0ng v\u00e0 d\u1ec5 hi\u1ec3u<\/h3>\n\n\n\n<p>S\u1ef1 d\u1ec5 hi\u1ec3u c\u1ee7a n\u1ed9i dung c\u1ee7a ch\u00fang t\u00f4i l\u00e0 t\u1ed1i quan tr\u1ecdng. Ch\u00fang t\u00f4i c\u1ed1 g\u1eafng gi\u1eef cho n\u1ed9i d\u1ee5ng c\u1ee7a m\u00ecnh r\u00f5 r\u00e0ng v\u00e0 \u0111\u01a1n gi\u1ea3n \u0111\u1ec3 \u0111\u1ea3m b\u1ea3o r\u1eb1ng \u0111\u1ed9c gi\u1ea3 \u1edf m\u1ecdi tr\u00ecnh \u0111\u1ed9 \u0111\u1ec1u c\u00f3 th\u1ec3 hi\u1ec3u \u0111\u01b0\u1ee3c t\u00e0i li\u1ec7u gi\u00e1o d\u1ee5c c\u1ee7a ch\u00fang t\u00f4i.<\/p>\n\n\n\n<h3 class=\"wp-block-heading\">T\u00f4ng gi\u1ecdng c\u1ee7a H\u1ecdc vi\u1ec7n eToro<\/h3>\n\n\n\n<p>Ch\u00fang t\u00f4i c\u00f3 t\u00f4ng gi\u1ecdng chuy\u00ean nghi\u1ec7p nh\u01b0ng g\u1ea7n g\u0169i, ph\u1ea3n \u00e1nh \u0111\u00fang nh\u1eefng gi\u00e1 tr\u1ecb c\u1ee7a eToro. N\u1ed9i dung c\u1ee7a ch\u00fang t\u00f4i lu\u00f4n truy\u1ec1n t\u1ea3i tr\u1ef1c ti\u1ebfp \u0111\u1ebfn ng\u01b0\u1eddi \u0111\u1ecdc, giao ti\u1ebfp v\u1edbi h\u1ecd m\u1ed9t c\u00e1ch t\u00f4n tr\u1ecdng v\u00e0 truy\u1ec1n \u0111\u1ea1t n\u1ed9i dung c\u00f3 \u00fd ngh\u0129a.<\/p>\n\n\n\n<h3 class=\"wp-block-heading is-style-default\">Cam k\u1ebft v\u1ec1 h\u1ed7 tr\u1ee3 ti\u1ebfp c\u1eadn v\u00e0 t\u00ednh ho\u00e0 nh\u1eadp<\/h3>\n\n\n\n<p>Ch\u00fang t\u00f4i cam k\u1ebft cung c\u1ea5p n\u1ed9i dung d\u1ec5 ti\u1ebfp c\u1eadn v\u00e0 ho\u00e0 nh\u1eadp, coi tr\u1ecdng c\u00e1c quan \u0111i\u1ec3m kh\u00e1c bi\u1ec7t v\u00e0 \u0111\u1ea3m b\u1ea3o r\u1eb1ng m\u1ecdi ng\u01b0\u1eddi \u0111\u1ec1u c\u00f3 th\u1ec3 s\u1eed d\u1ee5ng t\u00e0i li\u1ec7u c\u1ee7a ch\u00fang t\u00f4i qua c\u00e1c ph\u01b0\u01a1ng ti\u1ec7n \u00e2m thanh, video v\u00e0 v\u0103n b\u1ea3n, m\u1ecdi l\u00fac, m\u1ecdi n\u01a1i.<\/p>\n\n\n\n<h3 class=\"wp-block-heading\">Xung \u0111\u1ed9t l\u1ee3i \u00edch<\/h3>\n\n\n\n<p>Vi\u1ec7c minh b\u1ea1ch v\u1ec1 c\u00e1c xung \u0111\u1ed9t l\u1ee3i \u00edch ti\u1ec1m \u1ea9n l\u00e0 \u0111i\u1ec1u c\u1ea7n thi\u1ebft \u0111\u1ec3 duy tr\u00ec ni\u1ec1m tin c\u1ee7a \u0111\u1ed9c gi\u1ea3. M\u1ecdi xung \u0111\u1ed9t \u0111\u1ec1u s\u1ebd \u0111\u01b0\u1ee3c ti\u1ebft l\u1ed9 r\u00f5 \u200b\u200br\u00e0ng \u0111\u1ec3 b\u1ea3o v\u1ec7 s\u1ef1 trung th\u1ef1c c\u1ee7a n\u1ed9i dung ch\u00fang t\u00f4i.<\/p>\n\n\n\n<h2 class=\"wp-block-heading\">G\u1eb7p g\u1ee1 \u0111\u1ed9i ng\u0169 bi\u00ean t\u1eadp<\/h2>\n\n\n\n<p>\u0110\u1eb1ng sau n\u1ed9i dung chuy\u00ean s\u00e2u v\u00e0 h\u1eefu \u00edch t\u1ea1i H\u1ecdc vi\u1ec7n eToro l\u00e0 m\u1ed9t \u0111\u1ed9i ng\u0169 bi\u00ean t\u1eadp vi\u00ean v\u00e0 chuy\u00ean gia gi\u00e0u kinh nghi\u1ec7m. M\u1ed7i th\u00e0nh vi\u00ean \u0111\u1ec1u c\u00f3 m\u1ed9t b\u1ed9 k\u1ef9 n\u0103ng \u0111\u1ed9c \u0111\u00e1o v\u00e0 ni\u1ec1m \u0111am m\u00ea gi\u00e1o d\u1ee5c, gi\u00fap \u0111\u1ea3m b\u1ea3o r\u1eb1ng n\u1ed9i dung c\u1ee7a ch\u00fang t\u00f4i kh\u00f4ng ch\u1ec9 ch\u00ednh x\u00e1c m\u00e0 c\u00f2n h\u1ea5p d\u1eabn.<\/p>\n\n\n\n<p>Chuy\u00ean m\u00f4n c\u1ee7a h\u1ecd d\u00e0n tr\u1ea3i tr\u00ean nhi\u1ec1u l\u0129nh v\u1ef1c t\u00e0i ch\u00ednh, c\u00f4ng ngh\u1ec7 v\u00e0 s\u01b0 ph\u1ea1m, ph\u1ea3n \u00e1nh cam k\u1ebft c\u1ee7a ch\u00fang t\u00f4i v\u1ec1 ch\u1ea5t l\u01b0\u1ee3ng v\u00e0 t\u00ednh \u0111a d\u1ea1ng trong c\u00e1c t\u00e0i li\u1ec7u gi\u00e1o d\u1ee5c c\u1ee7a m\u00ecnh. \u0110\u1ec3 t\u00ecm hi\u1ec3u th\u00eam th\u00f4ng tin v\u1ec1 c\u00e1c chuy\u00ean gia n\u00e0y, h\u00e3y truy c\u1eadp trang t\u1ed5ng quan chi ti\u1ebft v\u1ec1 \u0111\u1ed9i ng\u0169 c\u1ee7a ch\u00fang t\u00f4i.<\/p>\n\n\n\n<figure class=\"wp-block-image size-full\"><img loading=\"lazy\" decoding=\"async\" width=\"756\" height=\"308\" src=\"https:\/\/www.etoro.com\/wp-content\/uploads\/2026\/01\/image-1.png\" alt=\"\" class=\"wp-image-1209097 wp-image-desktop\" srcset=\"https:\/\/www.etoro.com\/wp-content\/uploads\/2026\/01\/image-1.png 756w, https:\/\/www.etoro.com\/wp-content\/uploads\/2026\/01\/image-1-300x122.png 300w\" sizes=\"(max-width: 756px) 100vw, 756px\" \/><\/figure>\n\n\n\n<h2 class=\"wp-block-heading\">C\u1eadp nh\u1eadt v\u00e0 S\u1eeda \u0111\u1ed5i<\/h2>\n\n\n\n<p>\u0110\u1ec3 duy tr\u00ec t\u00ednh ph\u00f9 h\u1ee3p v\u00e0 ch\u00ednh x\u00e1c c\u1ee7a n\u1ed9i dung, ch\u00fang t\u00f4i c\u1eadp nh\u1eadt v\u00e0 s\u1eeda \u0111\u1ed5i n\u1ed9i dung theo m\u1ed9t quy tr\u00ecnh c\u00f3 c\u1ea5u tr\u00fac. \u0110i\u1ec1u n\u00e0y \u0111\u1ea3m b\u1ea3o r\u1eb1ng t\u00e0i li\u1ec7u c\u1ee7a ch\u00fang t\u00f4i lu\u00f4n m\u1edbi c\u0169ng nh\u01b0 ph\u00f9 h\u1ee3p v\u1edbi c\u00e1c ti\u00eau chu\u1ea9n v\u00e0 th\u00f4ng l\u1ec7 m\u1edbi nh\u1ea5t ng\u00e0nh.<\/p>\n\n\n\n<p>T\u00f3m l\u1ea1i, ch\u00ednh s\u00e1ch bi\u00ean t\u1eadp n\u00e0y \u0111\u01b0\u1ee3c thi\u1ebft k\u1ebf \u0111\u1ec3 \u0111\u1ea3m b\u1ea3o r\u1eb1ng n\u1ed9i dung \u0111\u01b0\u1ee3c t\u1ea1o v\u00e0 chia s\u1ebb tr\u00ean H\u1ecdc vi\u1ec7n eToro tu\u00e2n th\u1ee7 c\u00e1c ti\u00eau chu\u1ea9n cao nh\u1ea5t v\u1ec1 ch\u1ea5t l\u01b0\u1ee3ng, t\u00ednh trung th\u1ef1c v\u00e0 t\u00ednh minh b\u1ea1ch. B\u1eb1ng vi\u1ec7c \u00e1p d\u1ee5ng c\u00e1c nguy\u00ean t\u1eafc n\u00e0y, ch\u00fang t\u00f4i nh\u1eafm \u0111\u1ebfn vi\u1ec7c t\u1ea1o ra m\u1ed9t m\u00f4i tr\u01b0\u1eddng h\u1ecdc t\u1eadp \u0111\u00e1ng tin c\u1eady v\u00e0 nhi\u1ec1u th\u00f4ng tin cho c\u1ed9ng \u0111\u1ed3ng c\u1ee7a m\u00ecnh.<\/p>\n\n\n\n<p class=\"is-style-heading-3\">Tuy\u00ean b\u1ed1 mi\u1ec5n tr\u1eeb tr\u00e1ch nhi\u1ec7m v\u00e0 s\u1ef1 \u0111\u1ea3m b\u1ea3o<\/p>\n\n\n\n<p>M\u1ecdi nh\u1eadn x\u00e9t, \u00fd ki\u1ebfn \u200b\u200bv\u00e0 ph\u00e2n t\u00edch \u0111\u01b0\u1ee3c n\u00eau trong n\u1ed9i dung c\u1ee7a eToro ch\u1ec9 nh\u1eb1m m\u1ee5c \u0111\u00edch cung c\u1ea5p th\u00f4ng tin v\u00e0 kh\u00f4ng \u0111\u01b0\u1ee3c coi l\u00e0 l\u1eddi khuy\u00ean \u0111\u1ea7u t\u01b0. <\/p>\n\n\n\n<p>eToro kh\u00f4ng khuy\u1ebfn ngh\u1ecb \u0111\u1ea7u t\u01b0 v\u00e0o b\u1ea5t k\u1ef3 t\u00e0i s\u1ea3n ho\u1eb7c \u00e1p d\u1ee5ng b\u1ea5t k\u1ef3 chi\u1ebfn l\u01b0\u1ee3c \u0111\u1ea7u t\u01b0 c\u1ee5 th\u1ec3 n\u00e0o. Quan \u0111i\u1ec3m v\u00e0 chi\u1ebfn l\u01b0\u1ee3c \u0111\u01b0\u1ee3c m\u00f4 t\u1ea3 trong n\u1ed9i dung c\u1ee7a ch\u00fang t\u00f4i c\u00f3 th\u1ec3 kh\u00f4ng ph\u00f9 h\u1ee3p v\u1edbi m\u1ed9t s\u1ed1 nh\u00e0 \u0111\u1ea7u t\u01b0. V\u00ec \u0111i\u1ec1u ki\u1ec7n th\u1ecb tr\u01b0\u1eddng v\u00e0 kinh t\u1ebf c\u00f3 th\u1ec3 thay \u0111\u1ed5i nhanh ch\u00f3ng, m\u1ecdi nh\u1eadn x\u00e9t, \u00fd ki\u1ebfn \u200b\u200bv\u00e0 ph\u00e2n t\u00edch c\u00f3 trong n\u1ed9i dung c\u1ee7a ch\u00fang t\u00f4i \u0111\u1ec1u d\u1ef1a tr\u00ean d\u1eef ki\u1ec7n t\u00ednh \u0111\u1ebfn ng\u00e0y \u0111\u0103ng b\u00e0i v\u00e0 c\u00f3 th\u1ec3 thay \u0111\u1ed5i m\u00e0 kh\u00f4ng c\u1ea7n th\u00f4ng b\u00e1o. <\/p>\n\n\n\n<p>Tuy lu\u00f4n c\u1ed1 g\u1eafng h\u1ebft s\u1ee9c \u0111\u1ec3 cung c\u1ea5p th\u00f4ng tin \u0111\u00e1ng tin c\u1eady, nh\u01b0ng ch\u00fang t\u00f4i kh\u00f4ng \u0111\u1ea3m b\u1ea3o t\u00ednh ch\u00ednh x\u00e1c c\u1ee7a th\u00f4ng tin \u0111\u00f3. T\u00e0i li\u1ec7u n\u00e0y kh\u00f4ng nh\u1eb1m m\u1ee5c \u0111\u00edch ph\u00e2n t\u00edch to\u00e0n di\u1ec7n m\u1ecdi s\u1ef1 ki\u1ec7n quan tr\u1ecdng li\u00ean quan \u0111\u1ebfn m\u1ed9t qu\u1ed1c gia, khu v\u1ef1c, th\u1ecb tr\u01b0\u1eddng, ng\u00e0nh, kho\u1ea3n \u0111\u1ea7u t\u01b0 ho\u1eb7c chi\u1ebfn l\u01b0\u1ee3c n\u00e0o.<\/p>\n","protected":false},"excerpt":{"rendered":"<p>Gi\u1edbi thi\u1ec7u M\u1ee5c \u0111\u00edch c\u1ee7a Ch\u00ednh s\u00e1ch bi\u00ean t\u1eadp n\u00e0y l\u00e0 \u0111\u1ec3 n\u00eau r\u00f5 nh\u1eefng nguy\u00ean t\u1eafc n\u1ec1n t\u1ea3ng cho vi\u1ec7c t\u1ea1o v\u00e0 ph\u1ed5 bi\u1ebfn n\u1ed9i dung trong H\u1ecdc vi\u1ec7n eToro. Ch\u00ednh s\u00e1ch n\u00e0y c\u00f3 vai tr\u00f2 duy tr\u00ec s\u1ef1 trung th\u1ef1c, \u0111\u1ed9 tin c\u1eady v\u00e0 ch\u1ea5t l\u01b0\u1ee3ng t\u1ed5ng th\u1ec3 c\u1ee7a th\u00f4ng tin m\u00e0 ch\u00fang&hellip;<\/p>\n","protected":false},"author":127,"featured_media":0,"parent":944090,"menu_order":0,"comment_status":"closed","ping_status":"closed","template":"","meta":{"_acf_changed":true,"inline_featured_image":false,"sticky_cta_settings":"","footnotes":""},"asset_type":[],"class_list":["post-942939","page","type-page","status-publish","hentry"],"acf":[],"yoast_head":"<title>Ch\u00ednh s\u00e1ch bi\u00ean t\u1eadp c\u1ee7a H\u1ecdc vi\u1ec7n eToro<\/title>\n<meta name=\"description\" content=\"T\u00e0i nguy\u00ean gi\u00e1o d\u1ee5c c\u1ee7a eToro v\u1ec1 vi\u1ec7c \u0111\u1ea7u t\u01b0 tu\u00e2n th\u1ee7 c\u00e1c ti\u00eau chu\u1ea9n ch\u1ea5t l\u01b0\u1ee3ng cao nh\u1ea5t. Nh\u1eefng nguy\u00ean t\u1eafc n\u00e0y gi\u00fap t\u1ea1o ra m\u1ed9t m\u00f4i tr\u01b0\u1eddng h\u1ecdc t\u1eadp \u0111\u00e1ng tin c\u1eady cho c\u1ed9ng \u0111\u1ed3ng c\u1ee7a ch\u00fang t\u00f4i.\" \/>\n<meta name=\"robots\" content=\"noindex\" \/>\n<meta property=\"og:locale\" content=\"vi_VN\" \/>\n<meta property=\"og:type\" content=\"article\" \/>\n<meta property=\"og:title\" content=\"Ch\u00ednh s\u00e1ch bi\u00ean t\u1eadp c\u1ee7a H\u1ecdc vi\u1ec7n eToro\" \/>\n<meta property=\"og:description\" content=\"T\u00e0i nguy\u00ean gi\u00e1o d\u1ee5c c\u1ee7a eToro v\u1ec1 vi\u1ec7c \u0111\u1ea7u t\u01b0 tu\u00e2n th\u1ee7 c\u00e1c ti\u00eau chu\u1ea9n ch\u1ea5t l\u01b0\u1ee3ng cao nh\u1ea5t. Nh\u1eefng nguy\u00ean t\u1eafc n\u00e0y gi\u00fap t\u1ea1o ra m\u1ed9t m\u00f4i tr\u01b0\u1eddng h\u1ecdc t\u1eadp \u0111\u00e1ng tin c\u1eady cho c\u1ed9ng \u0111\u1ed3ng c\u1ee7a ch\u00fang t\u00f4i.\" \/>\n<meta property=\"og:url\" content=\"https:\/\/www.etoro.com\/vi-vn\/wp-json\/wp\/v2\/pages\/942939\" \/>\n<meta property=\"og:site_name\" content=\"eToro\" \/>\n<meta property=\"article:publisher\" content=\"https:\/\/www.facebook.com\/eToro\/\" \/>\n<meta property=\"article:modified_time\" content=\"2026-01-19T08:39:27+00:00\" \/>\n<meta property=\"og:image\" content=\"https:\/\/www.etoro.com\/wp-content\/uploads\/2024\/09\/Academy-Editorial-Policy_Intro-Illustration.png\" \/>\n\t<meta property=\"og:image:width\" content=\"756\" \/>\n\t<meta property=\"og:image:height\" content=\"400\" \/>\n\t<meta property=\"og:image:type\" content=\"image\/png\" \/>\n<meta name=\"twitter:card\" content=\"summary_large_image\" \/>\n<meta name=\"twitter:site\" content=\"@eToro\" \/>\n<meta name=\"twitter:label1\" content=\"\u01af\u1edbc t\u00ednh th\u1eddi gian \u0111\u1ecdc\" \/>\n\t<meta name=\"twitter:data1\" content=\"10 ph\u00fat\" \/>\n<script type=\"application\/ld+json\" class=\"yoast-schema-graph\">{\"@context\":\"https:\/\/schema.org\",\"@graph\":[{\"@type\":\"WebPage\",\"@id\":\"https:\/\/www.etoro.com\/vi-vn\/editorial\/policy\/\",\"url\":\"https:\/\/www.etoro.com\/vi-vn\/editorial\/policy\/\",\"name\":\"Ch\u00ednh s\u00e1ch bi\u00ean t\u1eadp c\u1ee7a H\u1ecdc vi\u1ec7n eToro\",\"isPartOf\":{\"@id\":\"https:\/\/www.etoro.com\/vi-vn\/#website\"},\"primaryImageOfPage\":{\"@id\":\"https:\/\/www.etoro.com\/vi-vn\/editorial\/policy\/#primaryimage\"},\"image\":{\"@id\":\"https:\/\/www.etoro.com\/vi-vn\/editorial\/policy\/#primaryimage\"},\"thumbnailUrl\":\"https:\/\/www.etoro.com\/wp-content\/uploads\/2024\/09\/Academy-Editorial-Policy_Intro-Illustration.png\",\"datePublished\":\"2025-03-20T11:42:40+00:00\",\"dateModified\":\"2026-01-19T08:39:27+00:00\",\"description\":\"T\u00e0i nguy\u00ean gi\u00e1o d\u1ee5c c\u1ee7a eToro v\u1ec1 vi\u1ec7c \u0111\u1ea7u t\u01b0 tu\u00e2n th\u1ee7 c\u00e1c ti\u00eau chu\u1ea9n ch\u1ea5t l\u01b0\u1ee3ng cao nh\u1ea5t. Nh\u1eefng nguy\u00ean t\u1eafc n\u00e0y gi\u00fap t\u1ea1o ra m\u1ed9t m\u00f4i tr\u01b0\u1eddng h\u1ecdc t\u1eadp \u0111\u00e1ng tin c\u1eady cho c\u1ed9ng \u0111\u1ed3ng c\u1ee7a ch\u00fang t\u00f4i.\",\"breadcrumb\":{\"@id\":\"https:\/\/www.etoro.com\/vi-vn\/editorial\/policy\/#breadcrumb\"},\"inLanguage\":\"vi\",\"potentialAction\":[{\"@type\":\"ReadAction\",\"target\":[\"https:\/\/www.etoro.com\/vi-vn\/editorial\/policy\/\"]}]},{\"@type\":\"ImageObject\",\"inLanguage\":\"vi\",\"@id\":\"https:\/\/www.etoro.com\/vi-vn\/editorial\/policy\/#primaryimage\",\"url\":\"https:\/\/www.etoro.com\/wp-content\/uploads\/2024\/09\/Academy-Editorial-Policy_Intro-Illustration.png\",\"contentUrl\":\"https:\/\/www.etoro.com\/wp-content\/uploads\/2024\/09\/Academy-Editorial-Policy_Intro-Illustration.png\"},{\"@type\":\"BreadcrumbList\",\"@id\":\"https:\/\/www.etoro.com\/vi-vn\/editorial\/policy\/#breadcrumb\",\"itemListElement\":[{\"@type\":\"ListItem\",\"position\":1,\"name\":\"Trang ch\u1ee7\",\"item\":\"https:\/\/www.etoro.com\/vi-vn\/\"},{\"@type\":\"ListItem\",\"position\":2,\"name\":\"Editorial\",\"item\":\"https:\/\/www.etoro.com\/vi-vn\/?page_id=944090\"},{\"@type\":\"ListItem\",\"position\":3,\"name\":\"Academy Editorial Policies\"}]},{\"@type\":\"WebSite\",\"@id\":\"https:\/\/www.etoro.com\/vi-vn\/#website\",\"url\":\"https:\/\/www.etoro.com\/vi-vn\/\",\"name\":\"eToro\",\"description\":\"\",\"publisher\":{\"@id\":\"https:\/\/www.etoro.com\/vi-vn\/#organization\"},\"potentialAction\":[{\"@type\":\"SearchAction\",\"target\":{\"@type\":\"EntryPoint\",\"urlTemplate\":\"https:\/\/www.etoro.com\/vi-vn\/?s={search_term_string}\"},\"query-input\":{\"@type\":\"PropertyValueSpecification\",\"valueRequired\":true,\"valueName\":\"search_term_string\"}}],\"inLanguage\":\"vi\"},[]]}<\/script>","yoast_head_json":{"title":"Ch\u00ednh s\u00e1ch bi\u00ean t\u1eadp c\u1ee7a H\u1ecdc vi\u1ec7n eToro","description":"T\u00e0i nguy\u00ean gi\u00e1o d\u1ee5c c\u1ee7a eToro v\u1ec1 vi\u1ec7c \u0111\u1ea7u t\u01b0 tu\u00e2n th\u1ee7 c\u00e1c ti\u00eau chu\u1ea9n ch\u1ea5t l\u01b0\u1ee3ng cao nh\u1ea5t. Nh\u1eefng nguy\u00ean t\u1eafc n\u00e0y gi\u00fap t\u1ea1o ra m\u1ed9t m\u00f4i tr\u01b0\u1eddng h\u1ecdc t\u1eadp \u0111\u00e1ng tin c\u1eady cho c\u1ed9ng \u0111\u1ed3ng c\u1ee7a ch\u00fang t\u00f4i.","robots":{"index":"noindex"},"og_locale":"vi_VN","og_type":"article","og_title":"Ch\u00ednh s\u00e1ch bi\u00ean t\u1eadp c\u1ee7a H\u1ecdc vi\u1ec7n eToro","og_description":"T\u00e0i nguy\u00ean gi\u00e1o d\u1ee5c c\u1ee7a eToro v\u1ec1 vi\u1ec7c \u0111\u1ea7u t\u01b0 tu\u00e2n th\u1ee7 c\u00e1c ti\u00eau chu\u1ea9n ch\u1ea5t l\u01b0\u1ee3ng cao nh\u1ea5t. Nh\u1eefng nguy\u00ean t\u1eafc n\u00e0y gi\u00fap t\u1ea1o ra m\u1ed9t m\u00f4i tr\u01b0\u1eddng h\u1ecdc t\u1eadp \u0111\u00e1ng tin c\u1eady cho c\u1ed9ng \u0111\u1ed3ng c\u1ee7a ch\u00fang t\u00f4i.","og_url":"https:\/\/www.etoro.com\/vi-vn\/wp-json\/wp\/v2\/pages\/942939","og_site_name":"eToro","article_publisher":"https:\/\/www.facebook.com\/eToro\/","article_modified_time":"2026-01-19T08:39:27+00:00","og_image":[{"width":756,"height":400,"url":"https:\/\/www.etoro.com\/wp-content\/uploads\/2024\/09\/Academy-Editorial-Policy_Intro-Illustration.png","type":"image\/png"}],"twitter_card":"summary_large_image","twitter_site":"@eToro","twitter_misc":{"\u01af\u1edbc t\u00ednh th\u1eddi gian \u0111\u1ecdc":"10 ph\u00fat"},"schema":{"@context":"https:\/\/schema.org","@graph":[{"@type":"WebPage","@id":"https:\/\/www.etoro.com\/vi-vn\/editorial\/policy\/","url":"https:\/\/www.etoro.com\/vi-vn\/editorial\/policy\/","name":"Ch\u00ednh s\u00e1ch bi\u00ean t\u1eadp c\u1ee7a H\u1ecdc vi\u1ec7n eToro","isPartOf":{"@id":"https:\/\/www.etoro.com\/vi-vn\/#website"},"primaryImageOfPage":{"@id":"https:\/\/www.etoro.com\/vi-vn\/editorial\/policy\/#primaryimage"},"image":{"@id":"https:\/\/www.etoro.com\/vi-vn\/editorial\/policy\/#primaryimage"},"thumbnailUrl":"https:\/\/www.etoro.com\/wp-content\/uploads\/2024\/09\/Academy-Editorial-Policy_Intro-Illustration.png","datePublished":"2025-03-20T11:42:40+00:00","dateModified":"2026-01-19T08:39:27+00:00","description":"T\u00e0i nguy\u00ean gi\u00e1o d\u1ee5c c\u1ee7a eToro v\u1ec1 vi\u1ec7c \u0111\u1ea7u t\u01b0 tu\u00e2n th\u1ee7 c\u00e1c ti\u00eau chu\u1ea9n ch\u1ea5t l\u01b0\u1ee3ng cao nh\u1ea5t. Nh\u1eefng nguy\u00ean t\u1eafc n\u00e0y gi\u00fap t\u1ea1o ra m\u1ed9t m\u00f4i tr\u01b0\u1eddng h\u1ecdc t\u1eadp \u0111\u00e1ng tin c\u1eady cho c\u1ed9ng \u0111\u1ed3ng c\u1ee7a ch\u00fang t\u00f4i.","breadcrumb":{"@id":"https:\/\/www.etoro.com\/vi-vn\/editorial\/policy\/#breadcrumb"},"inLanguage":"vi","potentialAction":[{"@type":"ReadAction","target":["https:\/\/www.etoro.com\/vi-vn\/editorial\/policy\/"]}]},{"@type":"ImageObject","inLanguage":"vi","@id":"https:\/\/www.etoro.com\/vi-vn\/editorial\/policy\/#primaryimage","url":"https:\/\/www.etoro.com\/wp-content\/uploads\/2024\/09\/Academy-Editorial-Policy_Intro-Illustration.png","contentUrl":"https:\/\/www.etoro.com\/wp-content\/uploads\/2024\/09\/Academy-Editorial-Policy_Intro-Illustration.png"},{"@type":"BreadcrumbList","@id":"https:\/\/www.etoro.com\/vi-vn\/editorial\/policy\/#breadcrumb","itemListElement":[{"@type":"ListItem","position":1,"name":"Trang ch\u1ee7","item":"https:\/\/www.etoro.com\/vi-vn\/"},{"@type":"ListItem","position":2,"name":"Editorial","item":"https:\/\/www.etoro.com\/vi-vn\/?page_id=944090"},{"@type":"ListItem","position":3,"name":"Academy Editorial Policies"}]},{"@type":"WebSite","@id":"https:\/\/www.etoro.com\/vi-vn\/#website","url":"https:\/\/www.etoro.com\/vi-vn\/","name":"eToro","description":"","publisher":{"@id":"https:\/\/www.etoro.com\/vi-vn\/#organization"},"potentialAction":[{"@type":"SearchAction","target":{"@type":"EntryPoint","urlTemplate":"https:\/\/www.etoro.com\/vi-vn\/?s={search_term_string}"},"query-input":{"@type":"PropertyValueSpecification","valueRequired":true,"valueName":"search_term_string"}}],"inLanguage":"vi"},[]]}},"_links":{"self":[{"href":"https:\/\/www.etoro.com\/vi-vn\/wp-json\/wp\/v2\/pages\/942939"}],"collection":[{"href":"https:\/\/www.etoro.com\/vi-vn\/wp-json\/wp\/v2\/pages"}],"about":[{"href":"https:\/\/www.etoro.com\/vi-vn\/wp-json\/wp\/v2\/types\/page"}],"author":[{"embeddable":true,"href":"https:\/\/www.etoro.com\/vi-vn\/wp-json\/wp\/v2\/users\/127"}],"replies":[{"embeddable":true,"href":"https:\/\/www.etoro.com\/vi-vn\/wp-json\/wp\/v2\/comments?post=942939"}],"version-history":[{"count":0,"href":"https:\/\/www.etoro.com\/vi-vn\/wp-json\/wp\/v2\/pages\/942939\/revisions"}],"up":[{"embeddable":true,"href":"https:\/\/www.etoro.com\/vi-vn\/wp-json\/wp\/v2\/pages\/944090"}],"wp:attachment":[{"href":"https:\/\/www.etoro.com\/vi-vn\/wp-json\/wp\/v2\/media?parent=942939"}],"wp:term":[{"taxonomy":"asset_type","embeddable":true,"href":"https:\/\/www.etoro.com\/vi-vn\/wp-json\/wp\/v2\/asset_type?post=942939"}],"curies":[{"name":"wp","href":"https:\/\/api.w.org\/{rel}","templated":true}]}}